{"id":1271,"date":"2026-03-31T10:22:25","date_gmt":"2026-03-31T10:22:25","guid":{"rendered":"https:\/\/undeterred.eu\/?page_id=1271"},"modified":"2026-04-08T19:54:23","modified_gmt":"2026-04-08T19:54:23","slug":"ethics-data-protection","status":"publish","type":"page","link":"https:\/\/undeterred.eu\/ca\/our-approach\/ethics-data-protection\/","title":{"rendered":"\u00c8tica i protecci\u00f3 de dades"},"content":{"rendered":"\n<p>La investigaci\u00f3 sobre la discriminaci\u00f3 requereix la confian\u00e7a de qui la pateix. El marc \u00e8tic de UNDETERRED no \u00e9s un exercici de compliment, sin\u00f3 un comprom\u00eds fonamental, integrat en cada fase del treball de camp.<\/p>\n\n\n\n<hr class=\"wp-block-separator has-alpha-channel-opacity\"\/>\n\n\n\n<h2 class=\"wp-block-heading\" id=\"our-commitments\">Els nostres compromisos<\/h2>\n\n\n\n<p><strong>Consentiment informat<\/strong><br>Cada participant est\u00e0 totalment informat de la naturalesa de la investigaci\u00f3, de com s\u2019utilitzaran les seves dades i del seu dret a retirar-se en qualsevol moment.<br><br><strong>Anonimitzaci\u00f3<\/strong><br>Totes les dades d\u2019entrevistes i enquestes s\u00f3n sistem\u00e0ticament anonimitzades. Cap individu pot ser identificat en cap publicaci\u00f3 o resultat.<br><br><strong>Compliment del RGPD<\/strong><br>El projecte funciona en completa conformitat amb la normativa europea de protecci\u00f3 de dades en els quatre contextos nacionals.<br><br><strong>Allotjament segur de dades<\/strong><br>Totes les dades d&#8217;investigaci\u00f3 s\u2019emmagatzemen a <strong>Huma-Num<\/strong>, la infraestructura acad\u00e8mica nacional francesa per a la recerca en humanitats i ci\u00e8ncies socials.<\/p>\n\n\n\n<hr class=\"wp-block-separator has-alpha-channel-opacity\"\/>\n\n\n\n<h2 class=\"wp-block-heading\" id=\"governance\">Governan\u00e7a<\/h2>\n\n\n\n<p>La supervisi\u00f3 \u00e8tica \u00e9s pilotada per la&nbsp;<strong>University of Bordeaux (LACES)<\/strong>&nbsp;sota&nbsp;<strong>WP6<\/strong>, garantint l\u2019aplicaci\u00f3 coherent dels est\u00e0ndards \u00e8tics en totes les institucions i llocs de recerca socis.<\/p>\n","protected":false},"excerpt":{"rendered":"<p>La investigaci\u00f3 sobre la discriminaci\u00f3 requereix la confian\u00e7a de qui la pateix. El marc \u00e8tic de UNDETERRED no \u00e9s un exercici de compliment, sin\u00f3 un comprom\u00eds fonamental, integrat en cada fase del treball de camp. Els nostres compromisos Consentiment informatCada participant est\u00e0 totalment informat de la naturalesa de la investigaci\u00f3, de com s\u2019utilitzaran les seves [&hellip;]<\/p>\n","protected":false},"author":1,"featured_media":0,"parent":439,"menu_order":0,"comment_status":"closed","ping_status":"closed","template":"","meta":{"_acf_changed":false,"_gspb_post_css":"","footnotes":""},"class_list":["post-1271","page","type-page","status-publish","hentry"],"acf":[],"mb":[],"mfb_rest_fields":["title"],"_links":{"self":[{"href":"https:\/\/undeterred.eu\/ca\/wp-json\/wp\/v2\/pages\/1271","targetHints":{"allow":["GET"]}}],"collection":[{"href":"https:\/\/undeterred.eu\/ca\/wp-json\/wp\/v2\/pages"}],"about":[{"href":"https:\/\/undeterred.eu\/ca\/wp-json\/wp\/v2\/types\/page"}],"author":[{"embeddable":true,"href":"https:\/\/undeterred.eu\/ca\/wp-json\/wp\/v2\/users\/1"}],"replies":[{"embeddable":true,"href":"https:\/\/undeterred.eu\/ca\/wp-json\/wp\/v2\/comments?post=1271"}],"version-history":[{"count":8,"href":"https:\/\/undeterred.eu\/ca\/wp-json\/wp\/v2\/pages\/1271\/revisions"}],"predecessor-version":[{"id":2070,"href":"https:\/\/undeterred.eu\/ca\/wp-json\/wp\/v2\/pages\/1271\/revisions\/2070"}],"up":[{"embeddable":true,"href":"https:\/\/undeterred.eu\/ca\/wp-json\/wp\/v2\/pages\/439"}],"wp:attachment":[{"href":"https:\/\/undeterred.eu\/ca\/wp-json\/wp\/v2\/media?parent=1271"}],"curies":[{"name":"wp","href":"https:\/\/api.w.org\/{rel}","templated":true}]}}