{"id":1277,"date":"2026-03-31T10:26:19","date_gmt":"2026-03-31T10:26:19","guid":{"rendered":"https:\/\/undeterred.eu\/?page_id=1277"},"modified":"2026-04-08T19:56:34","modified_gmt":"2026-04-08T19:56:34","slug":"deliverables","status":"publish","type":"page","link":"https:\/\/undeterred.eu\/ca\/our-research\/deliverables\/","title":{"rendered":"Entregables"},"content":{"rendered":"\n<p>Durant la preparaci\u00f3 d&#8217;UNDETERRED, el consorci va identificar quins entregables reportarien millor sobre el proc\u00e9s de les activitats del projecte. Aquests entregables poden ser p\u00fablics o confidencials i hauran de ser validats per la Comissi\u00f3 Europea per ser considerats v\u00e0lids.<br><br>Com a part de la idea de difusi\u00f3, posarem a disposici\u00f3 els sumaris executius dels entregables que han estat aprovats per la Comissi\u00f3 Europea. <strong>Els primers entregables seran accessibles despr\u00e9s del primer Inform de Seguiment Peri\u00f2dic, no abans de juny de 2024.<\/strong><br><br>Descobreix m\u00e9s sobre el treball d&#8217;UNDETERRED dut a terme en els diferents paquets de treball i els entregables produ\u00efts fins ara. Tamb\u00e9 ser\u00e0 possible descarregar el text complet dels entregables p\u00fablics.<\/p>\n\n\n\n<hr class=\"wp-block-separator has-text-color has-alpha-channel-opacity has-background\" style=\"width: 50%; max-width: 100%;background-color:#f0f0f0;color:#f0f0f0\"\/>\n\n\n\n<h2 class=\"wp-block-heading has-text-color\" id=\"work-package-1-map-and-data-collect\" style=\"color:#004494\">Paquet de Treball 1: Mapa i recopilaci\u00f3 de dades<\/h2>\n\n\n\n<div class=\"wp-block-group is-layout-constrained wp-container-core-group-is-layout-5170895d wp-block-group-is-layout-constrained\" style=\"margin-top:var(--wp--preset--spacing--40);margin-bottom:var(--wp--preset--spacing--40);padding-right:var(--wp--preset--spacing--50);padding-left:var(--wp--preset--spacing--50)\">\n<p class=\"has-ti-accent-mid-color has-text-color has-small-font-size\"><em>Liderat per la Universitat d&#8217;Amsterdam<\/em><\/p>\n\n\n\n<p>Recopilar dades sobre els contextos socioecon\u00f2mics de les ciutats.<\/p>\n<\/div>\n\n\n\n<ul style=\"margin-top:var(--wp--preset--spacing--40);margin-right:0;margin-bottom:var(--wp--preset--spacing--40);margin-left:0;padding-top:0;padding-right:0;padding-bottom:0;padding-left:0\" class=\"wp-block-list is-style-tw-arrow\">\n<li><a>D1.1 Base de dades en brut a partir de les enquestes (no disponible per a la difusi\u00f3 p\u00fablica)<\/a><\/li>\n\n\n\n<li><a href=\"https:\/\/ec.europa.eu\/research\/participants\/documents\/downloadPublic?documentIds=080166e508254c7a&#038;appId=PPGMS\">D1.2 <strong>Informe sobre els contextos socioecon\u00f2mics de les ciutats<\/strong><\/a><\/li>\n\n\n\n<li><a>D1.3 Informe comparatiu entre ciutats<\/a><\/li>\n\n\n\n<li><a>D1.4 Actes del col\u00b7loqui<\/a><\/li>\n<\/ul>\n\n\n\n<hr class=\"wp-block-separator has-text-color has-alpha-channel-opacity has-background\" style=\"width: 50%; max-width: 100%;background-color:#f0f0f0;color:#f0f0f0\"\/>\n\n\n\n<h2 class=\"wp-block-heading has-text-color\" id=\"work-package-2-enhance-knowledge-on-systemic-discrimination\" style=\"color:#004494\">Paquet de Treball 2: Millorar el coneixement sobre la discriminaci\u00f3 sist\u00e8mica<\/h2>\n\n\n\n<div class=\"wp-block-group is-layout-constrained wp-container-core-group-is-layout-04798fec wp-block-group-is-layout-constrained\" style=\"margin-top:var(--wp--preset--spacing--40);margin-bottom:var(--wp--preset--spacing--40);padding-right:var(--wp--preset--spacing--50);padding-left:var(--wp--preset--spacing--50)\">\n<p class=\"has-ti-accent-mid-color has-text-color has-small-font-size\"><em>Liderat per la Universitat de Lausana<\/em><\/p>\n\n\n\n<p>Desenvolupar un coneixement basat en mecanismes no intencionats.<\/p>\n<\/div>\n\n\n\n<ul style=\"margin-top:var(--wp--preset--spacing--40);margin-right:0;margin-bottom:var(--wp--preset--spacing--40);margin-left:0;padding-top:0;padding-right:0;padding-bottom:0;padding-left:0\" class=\"wp-block-list is-style-tw-arrow\">\n<li><a>D2.1 Actes del segon col\u00b7loqui<\/a><\/li>\n<\/ul>\n\n\n\n<hr class=\"wp-block-separator has-text-color has-alpha-channel-opacity has-background\" style=\"width: 50%; max-width: 100%;background-color:#f0f0f0;color:#f0f0f0\"\/>\n\n\n\n<h2 class=\"wp-block-heading has-text-color\" id=\"work-package-3-experiment-validating-and-testing\" style=\"color:#004494\">Paquet de Treball 3: Experimentar, validar i provar<\/h2>\n\n\n\n<div class=\"wp-block-group is-layout-constrained wp-container-core-group-is-layout-5170895d wp-block-group-is-layout-constrained\" style=\"margin-top:var(--wp--preset--spacing--40);margin-bottom:var(--wp--preset--spacing--40);padding-right:var(--wp--preset--spacing--50);padding-left:var(--wp--preset--spacing--50)\">\n<p class=\"has-ti-accent-mid-color has-text-color has-small-font-size\"><em>Liderat per la Universitat Aut\u00f2noma de Barcelona<\/em><\/p>\n\n\n\n<p>Provar i avaluar la tipologia<\/p>\n<\/div>\n\n\n\n<ul style=\"margin-top:var(--wp--preset--spacing--40);margin-right:0;margin-bottom:var(--wp--preset--spacing--40);margin-left:0;padding-top:0;padding-right:0;padding-bottom:0;padding-left:0\" class=\"wp-block-list is-style-tw-arrow\">\n<li><a>D3.3 Model i definici\u00f3 (Validaci\u00f3)<\/a><\/li>\n\n\n\n<li><a>D3.5 El nou disseny co-constru\u00eft<\/a><\/li>\n\n\n\n<li><a>D3.6 Guia de bones pr\u00e0ctiques per a la lluita contra les discriminacions sist\u00e8mics<\/a><\/li>\n\n\n\n<li><a>D3.8 Informe preliminar sobre la validaci\u00f3 del model i la definici\u00f3<\/a><\/li>\n<\/ul>\n\n\n\n<hr class=\"wp-block-separator has-text-color has-alpha-channel-opacity has-background\" style=\"width: 50%; max-width: 100%;background-color:#f0f0f0;color:#f0f0f0\"\/>\n\n\n\n<h2 class=\"wp-block-heading has-text-color\" id=\"work-package-4-disseminate-and-promote-the-results\" style=\"color:#004494\">Paquet de Treball 4: Difondre i promoure els resultats<\/h2>\n\n\n\n<div class=\"wp-block-group is-layout-constrained wp-container-core-group-is-layout-5170895d wp-block-group-is-layout-constrained\" style=\"margin-top:var(--wp--preset--spacing--40);margin-bottom:var(--wp--preset--spacing--40);padding-right:var(--wp--preset--spacing--50);padding-left:var(--wp--preset--spacing--50)\">\n<p class=\"has-ti-accent-mid-color has-text-color has-small-font-size\"><em>Liderat per la Universitat de Bucarest<\/em><\/p>\n\n\n\n<p>Difondre els resultats de la recerca<\/p>\n<\/div>\n\n\n\n<ul style=\"margin-top:var(--wp--preset--spacing--40);margin-right:0;margin-bottom:var(--wp--preset--spacing--40);margin-left:0;padding-top:0;padding-right:0;padding-bottom:0;padding-left:0\" class=\"wp-block-list is-style-tw-arrow\">\n<li><a>D4.1 Primer film documental &#8211; Expressions culturals roman\u00eds a Barcelona<\/a><\/li>\n\n\n\n<li><a>D4.2 Exposici\u00f3 itinerant<\/a><\/li>\n\n\n\n<li><a>D4.3 Responsabilitat Social Corporativa + guia<\/a><\/li>\n\n\n\n<li><a>D4.7 Marc per a l&#8217;exposici\u00f3 itinerant<\/a><\/li>\n\n\n\n<li><a>D4.6 Segon film documental &#8211; Els resultats del projecte &#8220;undeterred&#8221; en v\u00eddeo<\/a><\/li>\n<\/ul>\n\n\n\n<hr class=\"wp-block-separator has-text-color has-alpha-channel-opacity has-background\" style=\"width: 50%; max-width: 100%;background-color:#f0f0f0;color:#f0f0f0\"\/>\n\n\n\n<h2 class=\"wp-block-heading has-text-color\" id=\"work-package-5-project-and-data-management\" style=\"color:#004494\">Paquet de Treball 5: Gesti\u00f3 del projecte i de les dades<\/h2>\n\n\n\n<div class=\"wp-block-group is-layout-constrained wp-container-core-group-is-layout-17ebec01 wp-block-group-is-layout-constrained\" style=\"margin-top:var(--wp--preset--spacing--40);margin-bottom:var(--wp--preset--spacing--40);padding-right:var(--wp--preset--spacing--50);padding-left:var(--wp--preset--spacing--50)\">\n<p class=\"has-ti-accent-mid-color has-text-color has-small-font-size\"><em>Liderat per la Universitat de Burdeus<\/em><\/p>\n\n\n\n<p>Gestionar les dades quantitatives del projecte<\/p>\n<\/div>\n\n\n\n<ul style=\"margin-top:var(--wp--preset--spacing--40);margin-right:0;margin-bottom:var(--wp--preset--spacing--40);margin-left:0;padding-top:0;padding-right:0;padding-bottom:0;padding-left:0\" class=\"wp-block-list is-style-tw-arrow\">\n<li><a>D.5.2 Informe sobre els resultats estad\u00edstics de les enquestes<\/a><\/li>\n\n\n\n<li><a>D.5.3 Informe sobre els resultats estad\u00edstics de les enquestes i sobre els perfils de vulnerabilitat<\/a><\/li>\n\n\n\n<li><a>D.5.4 Resultats de l&#8217;\u00edndex de discriminaci\u00f3 sist\u00e8mica<\/a><\/li>\n\n\n\n<li><a>D.5.5 Estudis econom\u00e8trics sobre empreses<\/a><\/li>\n\n\n\n<li><a>D.5.6 Recomanacions de pol\u00edtica p\u00fablica<\/a><\/li>\n\n\n\n<li><a>D.5.7 Informe de progr\u00e9s sobre el m\u00e8tode de c\u00e0lcul i els primers resultats<\/a><\/li>\n<\/ul>\n\n\n\n<hr class=\"wp-block-separator has-text-color has-alpha-channel-opacity has-background\" style=\"width: 50%; max-width: 100%;background-color:#f0f0f0;color:#f0f0f0\"\/>\n\n\n\n<h2 class=\"wp-block-heading has-text-color\" id=\"work-package-6-ethical-requirements-for-research\" style=\"color:#004494\">Paquet de Treball 6: Requisits \u00e8tics per a la recerca<\/h2>\n\n\n\n<div class=\"wp-block-group is-layout-constrained wp-container-core-group-is-layout-04798fec wp-block-group-is-layout-constrained\" style=\"margin-top:var(--wp--preset--spacing--40);margin-bottom:var(--wp--preset--spacing--40);padding-right:var(--wp--preset--spacing--50);padding-left:var(--wp--preset--spacing--50)\">\n<p class=\"has-ti-accent-mid-color has-text-color has-small-font-size\" style=\"margin-top:0;margin-bottom:0;padding-top:0;padding-bottom:0\"><em>Liderat per la Universitat de Burdeus<\/em><\/p>\n\n\n\n<p>L&#8217;objectiu \u00e9s garantir que es compleixen els requisits \u00e8tics de la recerca.<\/p>\n<\/div>\n","protected":false},"excerpt":{"rendered":"<p>Durant la preparaci\u00f3 d&#8217;UNDETERRED, el consorci va identificar quins entregables reportarien millor sobre el proc\u00e9s de les activitats del projecte. Aquests entregables poden ser p\u00fablics o confidencials i hauran de ser validats per la Comissi\u00f3 Europea per ser considerats v\u00e0lids. Com a part de la idea de difusi\u00f3, posarem a disposici\u00f3 els sumaris executius dels [&hellip;]<\/p>\n","protected":false},"author":1,"featured_media":0,"parent":441,"menu_order":0,"comment_status":"closed","ping_status":"closed","template":"","meta":{"_acf_changed":false,"_gspb_post_css":"","footnotes":""},"class_list":["post-1277","page","type-page","status-publish","hentry"],"acf":[],"mb":[],"mfb_rest_fields":["title"],"_links":{"self":[{"href":"https:\/\/undeterred.eu\/ca\/wp-json\/wp\/v2\/pages\/1277","targetHints":{"allow":["GET"]}}],"collection":[{"href":"https:\/\/undeterred.eu\/ca\/wp-json\/wp\/v2\/pages"}],"about":[{"href":"https:\/\/undeterred.eu\/ca\/wp-json\/wp\/v2\/types\/page"}],"author":[{"embeddable":true,"href":"https:\/\/undeterred.eu\/ca\/wp-json\/wp\/v2\/users\/1"}],"replies":[{"embeddable":true,"href":"https:\/\/undeterred.eu\/ca\/wp-json\/wp\/v2\/comments?post=1277"}],"version-history":[{"count":11,"href":"https:\/\/undeterred.eu\/ca\/wp-json\/wp\/v2\/pages\/1277\/revisions"}],"predecessor-version":[{"id":2072,"href":"https:\/\/undeterred.eu\/ca\/wp-json\/wp\/v2\/pages\/1277\/revisions\/2072"}],"up":[{"embeddable":true,"href":"https:\/\/undeterred.eu\/ca\/wp-json\/wp\/v2\/pages\/441"}],"wp:attachment":[{"href":"https:\/\/undeterred.eu\/ca\/wp-json\/wp\/v2\/media?parent=1277"}],"curies":[{"name":"wp","href":"https:\/\/api.w.org\/{rel}","templated":true}]}}