{"id":1279,"date":"2026-03-31T10:26:51","date_gmt":"2026-03-31T10:26:51","guid":{"rendered":"https:\/\/undeterred.eu\/?page_id=1279"},"modified":"2026-04-08T19:58:38","modified_gmt":"2026-04-08T19:58:38","slug":"key-findings","status":"publish","type":"page","link":"https:\/\/undeterred.eu\/ca\/our-research\/key-findings\/","title":{"rendered":"Conclusions principals"},"content":{"rendered":"\n<h2 class=\"wp-block-heading\" id=\"preliminary-findings-presented-at-imiscoe-2025-par\" style=\"margin-top:var(--wp--preset--spacing--50);margin-bottom:var(--wp--preset--spacing--50)\">Conclusions preliminars&nbsp;<em>(presentades a IMISCOE 2025, Par\u00eds \u2014 juliol 2025)<\/em><\/h2>\n\n\n\n<p>Investigadors dels equips d&#8217;Amsterdam, Bucarest i Bordeaux van presentar els primers resultats a la confer\u00e8ncia anual IMISCOE a Par\u00eds (1-4 de juliol de 2025), dins del taller&nbsp;<em>&#8220;Investigant i combatent la discriminaci\u00f3 sist\u00e8mica a nivell local&#8221;<\/em>.<\/p>\n\n\n\n<div class=\"wp-block-group is-layout-constrained wp-container-core-group-is-layout-11c1ca01 wp-block-group-is-layout-constrained\" style=\"padding-right:var(--wp--preset--spacing--50);padding-left:var(--wp--preset--spacing--50)\">\n<p>Temes clau presentats:<\/p>\n\n\n\n<ul class=\"wp-block-list is-style-default\">\n<li><strong>Acc\u00e9s a l&#8217;assist\u00e8ncia sanit\u00e0ria a Bucarest<\/strong> \u2014 Filtres invisibles que estructuren l&#8217;acc\u00e9s a l&#8217;atenci\u00f3, examinats a trav\u00e9s d&#8217;una lectura creuada de les percepcions institucionals i les desigualtats viscudes&nbsp;<em>(Simona Necula, Ovidiu Oltean, Marian Ursan)<\/em><\/li>\n\n\n\n<li><strong>Discriminaci\u00f3 contra les poblacions musulmanes a Amsterdam<\/strong> \u2014 Formes de discriminaci\u00f3 que afecten les persones musulmanes, inclosos mecanismes involuntaris en contextos institucionals&nbsp;<em>(Marcel Maussen, Yamina Meziani)<\/em><\/li>\n\n\n\n<li><strong>Resultats de l&#8217;enquesta sobre les experi\u00e8ncies viscudes de discriminaci\u00f3 sist\u00e8mica<\/strong> \u2014 Primeres troballes quantitatives entre categories de responents&nbsp;<em>(Anatolie Co\u0219ciug)<\/em><\/li>\n\n\n\n<li><strong>Barreres sanit\u00e0ries per a joves de minories \u00e8tniques i or\u00edgens migratoris<\/strong>\u00a0<em>(Simona Necula, Ovidiu Oltean)<\/em><\/li>\n\n\n\n<li><strong>Din\u00e0miques de confian\u00e7a en les relacions investigador-responent<\/strong> en l&#8217;estudi de la discriminaci\u00f3&nbsp;<em>(Corina Tulbure, Anatolie Co\u0219ciug)<\/em><\/li>\n<\/ul>\n<\/div>\n\n\n\n<hr class=\"wp-block-separator has-alpha-channel-opacity\"\/>\n\n\n\n<h2 class=\"wp-block-heading\" id=\"findings-in-higher-education-bucharest-2024\" style=\"margin-top:var(--wp--preset--spacing--50);margin-bottom:var(--wp--preset--spacing--50)\">Troballes en educaci\u00f3 superior&nbsp;<em>(Bucarest, 2024)<\/em><\/h2>\n\n\n\n<p>La recerca realitzada a la Universitat de Bucarest va documentar&nbsp;<strong>la discriminaci\u00f3 involunt\u00e0ria a qu\u00e8 s&#8217;enfronten els estudiants amb or\u00edgens migratoris i no migratoris<\/strong>, destacant q\u00fcestions d&#8217;identitat i inclusivitat en els entorns acad\u00e8mics. Aquest treball va contribuir directament a la guia pr\u00e0ctica&nbsp;<em>&#8220;Combatent la discriminaci\u00f3 a les universitats&#8221;<\/em>, publicada el 10 de desembre de 2025.<\/p>\n","protected":false},"excerpt":{"rendered":"<p>Conclusions preliminars&nbsp;(presentades a IMISCOE 2025, Par\u00eds \u2014 juliol 2025) Investigadors dels equips d&#8217;Amsterdam, Bucarest i Bordeaux van presentar els primers resultats a la confer\u00e8ncia anual IMISCOE a Par\u00eds (1-4 de juliol de 2025), dins del taller&nbsp;&#8220;Investigant i combatent la discriminaci\u00f3 sist\u00e8mica a nivell local&#8221;. Temes clau presentats: Troballes en educaci\u00f3 superior&nbsp;(Bucarest, 2024) La recerca realitzada [&hellip;]<\/p>\n","protected":false},"author":1,"featured_media":0,"parent":441,"menu_order":0,"comment_status":"closed","ping_status":"closed","template":"","meta":{"_acf_changed":false,"_gspb_post_css":"","footnotes":""},"class_list":["post-1279","page","type-page","status-publish","hentry"],"acf":[],"mb":[],"mfb_rest_fields":["title"],"_links":{"self":[{"href":"https:\/\/undeterred.eu\/ca\/wp-json\/wp\/v2\/pages\/1279","targetHints":{"allow":["GET"]}}],"collection":[{"href":"https:\/\/undeterred.eu\/ca\/wp-json\/wp\/v2\/pages"}],"about":[{"href":"https:\/\/undeterred.eu\/ca\/wp-json\/wp\/v2\/types\/page"}],"author":[{"embeddable":true,"href":"https:\/\/undeterred.eu\/ca\/wp-json\/wp\/v2\/users\/1"}],"replies":[{"embeddable":true,"href":"https:\/\/undeterred.eu\/ca\/wp-json\/wp\/v2\/comments?post=1279"}],"version-history":[{"count":8,"href":"https:\/\/undeterred.eu\/ca\/wp-json\/wp\/v2\/pages\/1279\/revisions"}],"predecessor-version":[{"id":2073,"href":"https:\/\/undeterred.eu\/ca\/wp-json\/wp\/v2\/pages\/1279\/revisions\/2073"}],"up":[{"embeddable":true,"href":"https:\/\/undeterred.eu\/ca\/wp-json\/wp\/v2\/pages\/441"}],"wp:attachment":[{"href":"https:\/\/undeterred.eu\/ca\/wp-json\/wp\/v2\/media?parent=1279"}],"curies":[{"name":"wp","href":"https:\/\/api.w.org\/{rel}","templated":true}]}}