{"id":1281,"date":"2026-03-31T10:27:09","date_gmt":"2026-03-31T10:27:09","guid":{"rendered":"https:\/\/undeterred.eu\/?page_id=1281"},"modified":"2026-04-08T20:00:04","modified_gmt":"2026-04-08T20:00:04","slug":"connected-projects","status":"publish","type":"page","link":"https:\/\/undeterred.eu\/ca\/our-research\/connected-projects\/","title":{"rendered":"Projectes Connectats"},"content":{"rendered":"\n<p><strong>Organisme finan\u00e7ador:<\/strong>&nbsp;Unitat Executiva per al Finan\u00e7ament de l&#8217;Educaci\u00f3 Superior, Recerca, Desenvolupament i Innovaci\u00f3 \u2013 UEFISCDI (Ministeri roman\u00e8s de Recerca)<\/p>\n\n\n\n<div class=\"wp-block-group is-layout-constrained wp-container-core-group-is-layout-378b07c0 wp-block-group-is-layout-constrained\" style=\"margin-top:var(--wp--preset--spacing--50);margin-bottom:var(--wp--preset--spacing--50);padding-top:0;padding-right:var(--wp--preset--spacing--50);padding-bottom:0;padding-left:var(--wp--preset--spacing--50)\">\n<p><strong>Finan\u00e7ament:&nbsp;<\/strong>244,598.00 RON \/ \u2243 50.000 \u20ac<\/p>\n\n\n\n<p><strong>Durada:<\/strong>\u00a0Novembre 2023 &#8211;\u00a0Desembre 2025<\/p>\n\n\n\n<p>La recerca del projecte Undeterred sobre les desigualtats que enfronten els estudiants en educaci\u00f3, ocupaci\u00f3, salut i habitatge ens ha fet adonar que hi havia poca informaci\u00f3 disponible sobre aquest tema a la Universitat de Bucarest.. Per contrarestar els efectes de la discriminaci\u00f3 sist\u00e8mica, els estudiants han d&#8217;entendre primer plenament el significat, l&#8217;abast i les implicacions d\u2019aquest fenomen mitjan\u00e7ant informaci\u00f3 precisa i completa. A trav\u00e9s d\u2019aquest projecte pretenem:<\/p>\n\n\n\n<ol class=\"wp-block-list\">\n<li>Realitzar investigacions per documentar i diagnosticar el fenomen de la discriminaci\u00f3 en l&#8217;entorn universitari i, conseg\u00fcentment, desenvolupar estrat\u00e8gies i metodologies apropiades i rellevants per tal de desenvolupar les pol\u00edtiques universit\u00e0ries sobre diversitat i igualtat d&#8217;oportunitats;<\/li>\n\n\n\n<li>Crear una eina institucional \u00fatil per als estudiants de la Universitat de Bucarest, una guia en l\u00ednia d&#8217;\u00fas f\u00e0cil que contindr\u00e0 informaci\u00f3 essencial per identificar, comprendre i actuar per combatre la discriminaci\u00f3. La guia en l\u00ednia estar\u00e0 disponible en roman\u00e8s, angl\u00e8s i franc\u00e8s, i ser\u00e0 constantment actualitzada i accessible mitjan\u00e7ant un codi QR. Tamb\u00e9 pot ser replicada i adaptada a les necessitats d&#8217;altres universitats de Romania.<\/li>\n<\/ol>\n\n\n\n<p>-> <a href=\"http:\/\/www.nodiscriminationub.org\/\" target=\"_blank\" rel=\"noreferrer noopener\">Lloc web del projecte<\/a><\/p>\n<\/div>\n","protected":false},"excerpt":{"rendered":"<p>Organisme finan\u00e7ador:&nbsp;Unitat Executiva per al Finan\u00e7ament de l&#8217;Educaci\u00f3 Superior, Recerca, Desenvolupament i Innovaci\u00f3 \u2013 UEFISCDI (Ministeri roman\u00e8s de Recerca) Finan\u00e7ament:&nbsp;244,598.00 RON \/ \u2243 50.000 \u20ac Durada:\u00a0Novembre 2023 &#8211;\u00a0Desembre 2025 La recerca del projecte Undeterred sobre les desigualtats que enfronten els estudiants en educaci\u00f3, ocupaci\u00f3, salut i habitatge ens ha fet adonar que hi havia poca [&hellip;]<\/p>\n","protected":false},"author":1,"featured_media":0,"parent":441,"menu_order":0,"comment_status":"closed","ping_status":"closed","template":"","meta":{"_acf_changed":false,"_gspb_post_css":"","footnotes":""},"class_list":["post-1281","page","type-page","status-publish","hentry"],"acf":[],"mb":[],"mfb_rest_fields":["title"],"_links":{"self":[{"href":"https:\/\/undeterred.eu\/ca\/wp-json\/wp\/v2\/pages\/1281","targetHints":{"allow":["GET"]}}],"collection":[{"href":"https:\/\/undeterred.eu\/ca\/wp-json\/wp\/v2\/pages"}],"about":[{"href":"https:\/\/undeterred.eu\/ca\/wp-json\/wp\/v2\/types\/page"}],"author":[{"embeddable":true,"href":"https:\/\/undeterred.eu\/ca\/wp-json\/wp\/v2\/users\/1"}],"replies":[{"embeddable":true,"href":"https:\/\/undeterred.eu\/ca\/wp-json\/wp\/v2\/comments?post=1281"}],"version-history":[{"count":7,"href":"https:\/\/undeterred.eu\/ca\/wp-json\/wp\/v2\/pages\/1281\/revisions"}],"predecessor-version":[{"id":2075,"href":"https:\/\/undeterred.eu\/ca\/wp-json\/wp\/v2\/pages\/1281\/revisions\/2075"}],"up":[{"embeddable":true,"href":"https:\/\/undeterred.eu\/ca\/wp-json\/wp\/v2\/pages\/441"}],"wp:attachment":[{"href":"https:\/\/undeterred.eu\/ca\/wp-json\/wp\/v2\/media?parent=1281"}],"curies":[{"name":"wp","href":"https:\/\/api.w.org\/{rel}","templated":true}]}}