{"id":1285,"date":"2026-03-31T10:29:42","date_gmt":"2026-03-31T10:29:42","guid":{"rendered":"https:\/\/undeterred.eu\/?page_id=1285"},"modified":"2026-04-08T20:01:32","modified_gmt":"2026-04-08T20:01:32","slug":"policy-tools-recommendations","status":"publish","type":"page","link":"https:\/\/undeterred.eu\/ca\/impact-policy\/policy-tools-recommendations\/","title":{"rendered":"Eines i recomanacions de pol\u00edtiques"},"content":{"rendered":"\n<p>Les eines de pol\u00edtica d&#8217;UNDETERRED es co-construeixen amb les institucions que les utilitzaran \u2014 no es dissenyen en un buit i es lliuren. Cada resultat respon a una necessitat real identificada a trav\u00e9s del proc\u00e9s de recerca.<\/p>\n\n\n\n<hr class=\"wp-block-separator has-alpha-channel-opacity\"\/>\n\n\n\n<h2 class=\"wp-block-heading\" id=\"published-tools\">Eines publicades<\/h2>\n\n\n\n<h3 class=\"wp-block-heading\" id=\"combating-discrimination-in-universities--buchares\"><em>Combatent la discriminaci\u00f3 a les universitats<\/em>&nbsp;\u2014 Bucarest, desembre 2025<\/h3>\n\n\n\n<p>Llan\u00e7at el&nbsp;<strong>10 de desembre de 2025<\/strong>&nbsp;\u2014 Dia Internacional dels Drets Humans \u2014 aquesta guia pr\u00e0ctica va ser produ\u00efda pel Centre de Recerca&nbsp;<em>&#8220;Fonaments de la Modernitat Europea&#8221;<\/em>&nbsp;(FME), el Centre de Pol\u00edtiques d&#8217;Oportunitats Iguals (CPES), el Centre FILIA i el Centre d&#8217;Estudis Migratoris Comparatius de la Universitat de Bucarest.<br><br>La guia est\u00e0 dirigida a la comunitat estudiantil i proporciona orientaci\u00f3 clara i accessible per identificar, comprendre i desafiar la discriminaci\u00f3 en els entorns universitaris. Est\u00e0 disponible en&nbsp;<strong>roman\u00e8s, angl\u00e8s i franc\u00e8s<\/strong>.<br><br>La Universitat de Bucarest es va convertir en la primera universitat romanesa a proporcionar als estudiants una eina d&#8217;aquest tipus.<\/p>\n\n\n\n<div class=\"wp-block-group is-layout-constrained wp-block-group-is-layout-constrained\">\n<p>\u2192&nbsp;<a rel=\"noreferrer noopener\" target=\"_blank\" href=\"https:\/\/nodiscriminationub.org\/ghid\/\">Accediu a la guia<\/a><\/p>\n<\/div>\n\n\n\n<h2 class=\"wp-block-heading\" id=\"in-development\">En desenvolupament<\/h2>\n\n\n\n<p>Eines de pol\u00edtica co-dissenyades amb els socis no acad\u00e8mics d&#8217;UNDETERRED estan actualment en desenvolupament com a part del&nbsp;<strong>WP3<\/strong>, incloent recomanacions per a:<\/p>\n\n\n\n<ul class=\"wp-block-list\">\n<li><strong>Habitatge<\/strong>&nbsp;\u2014 en col\u00b7laboraci\u00f3 amb URHAJ Nouvelle-Aquitaine i Bordeaux M\u00e9tropole<\/li>\n\n\n\n<li><strong>Treball<\/strong>&nbsp;\u2014 en col\u00b7laboraci\u00f3 amb CCI Bordeaux Gironde<\/li>\n\n\n\n<li><strong>Salut i educaci\u00f3<\/strong>\u00a0\u2014 entre els quatre socis de la ciutat<\/li>\n<\/ul>\n","protected":false},"excerpt":{"rendered":"<p>Les eines de pol\u00edtica d&#8217;UNDETERRED es co-construeixen amb les institucions que les utilitzaran \u2014 no es dissenyen en un buit i es lliuren. Cada resultat respon a una necessitat real identificada a trav\u00e9s del proc\u00e9s de recerca. Eines publicades Combatent la discriminaci\u00f3 a les universitats&nbsp;\u2014 Bucarest, desembre 2025 Llan\u00e7at el&nbsp;10 de desembre de 2025&nbsp;\u2014 Dia [&hellip;]<\/p>\n","protected":false},"author":1,"featured_media":0,"parent":443,"menu_order":0,"comment_status":"closed","ping_status":"closed","template":"","meta":{"_acf_changed":false,"_gspb_post_css":"","footnotes":""},"class_list":["post-1285","page","type-page","status-publish","hentry"],"acf":[],"mb":[],"mfb_rest_fields":["title"],"_links":{"self":[{"href":"https:\/\/undeterred.eu\/ca\/wp-json\/wp\/v2\/pages\/1285","targetHints":{"allow":["GET"]}}],"collection":[{"href":"https:\/\/undeterred.eu\/ca\/wp-json\/wp\/v2\/pages"}],"about":[{"href":"https:\/\/undeterred.eu\/ca\/wp-json\/wp\/v2\/types\/page"}],"author":[{"embeddable":true,"href":"https:\/\/undeterred.eu\/ca\/wp-json\/wp\/v2\/users\/1"}],"replies":[{"embeddable":true,"href":"https:\/\/undeterred.eu\/ca\/wp-json\/wp\/v2\/comments?post=1285"}],"version-history":[{"count":10,"href":"https:\/\/undeterred.eu\/ca\/wp-json\/wp\/v2\/pages\/1285\/revisions"}],"predecessor-version":[{"id":2077,"href":"https:\/\/undeterred.eu\/ca\/wp-json\/wp\/v2\/pages\/1285\/revisions\/2077"}],"up":[{"embeddable":true,"href":"https:\/\/undeterred.eu\/ca\/wp-json\/wp\/v2\/pages\/443"}],"wp:attachment":[{"href":"https:\/\/undeterred.eu\/ca\/wp-json\/wp\/v2\/media?parent=1285"}],"curies":[{"name":"wp","href":"https:\/\/api.w.org\/{rel}","templated":true}]}}