{"id":1291,"date":"2026-03-31T10:31:23","date_gmt":"2026-03-31T10:31:23","guid":{"rendered":"https:\/\/undeterred.eu\/?page_id=1291"},"modified":"2026-04-08T20:04:48","modified_gmt":"2026-04-08T20:04:48","slug":"training-resources","status":"publish","type":"page","link":"https:\/\/undeterred.eu\/ca\/impact-policy\/training-resources\/","title":{"rendered":"Formaci\u00f3 i recursos"},"content":{"rendered":"\n<p>UNDETERRED produeix materials pr\u00e0ctics per a professionals i practicants que treballen di\u00e0riament amb les poblacions m\u00e9s afectades per la discriminaci\u00f3 sist\u00e8mica \u2014 educadors juvenils, responsables de recursos humans, professionals sanitaris, personal universitari.<\/p>\n\n\n\n<hr class=\"wp-block-separator has-alpha-channel-opacity\"\/>\n\n\n\n<h2 class=\"wp-block-heading\" id=\"available-resources\">Recursos disponibles<\/h2>\n\n\n\n<h3 class=\"wp-block-heading\" id=\"combating-discrimination-in-universities--buchares\">Combatre la discriminaci\u00f3 a les universitats \u2014 Bucarest, desembre 2025<\/h3>\n\n\n\n<p>Una guia pr\u00e0ctica per a estudiants i personal universitari per identificar i desafiar la discriminaci\u00f3 en entorns acad\u00e8mics. Disponible en roman\u00e8s, angl\u00e8s i franc\u00e8s.<\/p>\n\n\n\n<div class=\"wp-block-group is-layout-constrained wp-block-group-is-layout-constrained\">\n<p><strong>\u2192\u00a0<a href=\"https:\/\/nodiscriminationub.org\/ghid\/\" target=\"_blank\" rel=\"noreferrer noopener\">Accedeix a la guia<\/a><\/strong><\/p>\n<\/div>\n\n\n\n<h2 class=\"wp-block-heading\" id=\"woto-bootcamp-workshop--bordeaux-january-2026\">Taller Bootcamp WOTO \u2014 Bordeus, gener 2026<\/h2>\n\n\n\n<p>Un taller participatiu sobre la discriminaci\u00f3 sist\u00e8mica impartit al <em>Working Together Against Racism and Sexism<\/em> Bootcamp Europeu, facilitat per <strong>Lydia Boudlal<\/strong> (URHAJ Nouvelle-Aquitaine) i <strong>Hachem Benissa<\/strong> (University of Bordeaux).<br><br>La sessi\u00f3 va reunir joves i educadors juvenils de Fran\u00e7a, B\u00e8lgica, Espanya i It\u00e0lia, explorant com emergeix la discriminaci\u00f3 en contextos institucionals quotidians i com afecta les traject\u00f2ries vitals dels joves.<\/p>\n\n\n\n<h2 class=\"wp-block-heading\" id=\"summer-school--neptun-romania-july-2024\">Escola d&#8217;estiu \u2014 Neptun, Romania, juliol 2024<\/h2>\n\n\n\n<p>Membres de l&#8217;equip UNDETERRED van contribuir a l&#8217;escola d&#8217;estiu <em>&#8220;Grups de risc i serveis de suport social&#8221;<\/em>, organitzada per l&#8217;Associaci\u00f3 Carusel i la Universitat de Bucarest. Les sessions van tractar la discriminaci\u00f3 sist\u00e8mica, les pol\u00edtiques antidiscriminaci\u00f3, els drets de les minories i la igualtat de g\u00e8nere.<\/p>\n\n\n\n<hr class=\"wp-block-separator has-alpha-channel-opacity\"\/>\n\n\n\n<blockquote class=\"wp-block-quote is-layout-flow wp-block-quote-is-layout-flow\">\n<p><em>Es publicaran m\u00e9s recursos de formaci\u00f3 aqu\u00ed a mesura que es desenvolupi a trav\u00e9s del WP3 i WP4.<\/em><\/p>\n<\/blockquote>\n","protected":false},"excerpt":{"rendered":"<p>UNDETERRED produeix materials pr\u00e0ctics per a professionals i practicants que treballen di\u00e0riament amb les poblacions m\u00e9s afectades per la discriminaci\u00f3 sist\u00e8mica \u2014 educadors juvenils, responsables de recursos humans, professionals sanitaris, personal universitari. Recursos disponibles Combatre la discriminaci\u00f3 a les universitats \u2014 Bucarest, desembre 2025 Una guia pr\u00e0ctica per a estudiants i personal universitari per identificar [&hellip;]<\/p>\n","protected":false},"author":1,"featured_media":0,"parent":443,"menu_order":0,"comment_status":"closed","ping_status":"closed","template":"","meta":{"_acf_changed":false,"_gspb_post_css":"","footnotes":""},"class_list":["post-1291","page","type-page","status-publish","hentry"],"acf":[],"mb":[],"mfb_rest_fields":["title"],"_links":{"self":[{"href":"https:\/\/undeterred.eu\/ca\/wp-json\/wp\/v2\/pages\/1291","targetHints":{"allow":["GET"]}}],"collection":[{"href":"https:\/\/undeterred.eu\/ca\/wp-json\/wp\/v2\/pages"}],"about":[{"href":"https:\/\/undeterred.eu\/ca\/wp-json\/wp\/v2\/types\/page"}],"author":[{"embeddable":true,"href":"https:\/\/undeterred.eu\/ca\/wp-json\/wp\/v2\/users\/1"}],"replies":[{"embeddable":true,"href":"https:\/\/undeterred.eu\/ca\/wp-json\/wp\/v2\/comments?post=1291"}],"version-history":[{"count":8,"href":"https:\/\/undeterred.eu\/ca\/wp-json\/wp\/v2\/pages\/1291\/revisions"}],"predecessor-version":[{"id":2082,"href":"https:\/\/undeterred.eu\/ca\/wp-json\/wp\/v2\/pages\/1291\/revisions\/2082"}],"up":[{"embeddable":true,"href":"https:\/\/undeterred.eu\/ca\/wp-json\/wp\/v2\/pages\/443"}],"wp:attachment":[{"href":"https:\/\/undeterred.eu\/ca\/wp-json\/wp\/v2\/media?parent=1291"}],"curies":[{"name":"wp","href":"https:\/\/api.w.org\/{rel}","templated":true}]}}