{"id":1293,"date":"2026-03-31T10:33:10","date_gmt":"2026-03-31T10:33:10","guid":{"rendered":"https:\/\/undeterred.eu\/?page_id=1293"},"modified":"2026-04-08T20:06:58","modified_gmt":"2026-04-08T20:06:58","slug":"our-ecosystem","status":"publish","type":"page","link":"https:\/\/undeterred.eu\/ca\/our-ecosystem\/","title":{"rendered":"El nostre Ecosistema"},"content":{"rendered":"\n<p>UNDETERRED reuneix <strong>dotze organitzacions s\u00f2cies<\/strong> \u2014 vuit institucions acad\u00e8miques i quatre socis no acad\u00e8mics \u2014 units al voltant d&#8217;un comprom\u00eds compartit: fer visible la discriminaci\u00f3 sist\u00e8mica i desactivar-la.<\/p>\n\n\n\n<h2 class=\"wp-block-heading\" id=\"academic-partners\">S\u00f2cies acad\u00e8miques<\/h2>\n\n\n\n<p>Equips de recerca de set universitats de sis pa\u00efsos:<\/p>\n\n\n\n<figure class=\"wp-block-table\"><table class=\"has-fixed-layout\"><thead><tr><th class=\"has-text-align-left\" data-align=\"left\">Instituci\u00f3<\/th><th class=\"has-text-align-left\" data-align=\"left\">Pa\u00eds<\/th><th class=\"has-text-align-left\" data-align=\"left\">Rol<\/th><\/tr><\/thead><tbody><tr><td><strong>University of Amsterdam<\/strong><\/td><td>\ud83c\uddf3\ud83c\uddf1 Netherlands<\/td><td>WP1 Lead \u2014 Map &#038; Data Collect<\/td><\/tr><tr><td><strong>University of Utrecht<\/strong><\/td><td>\ud83c\uddf3\ud83c\uddf1 Netherlands<\/td><td>Partner de recerca<\/td><\/tr><tr><td><strong>Universitat Pompeu Fabra, Barcelona<\/strong><\/td><td>\ud83c\uddea\ud83c\uddf8 Spain<\/td><td>WP3 Lead \u2014 Experiments de camp<\/td><\/tr><tr><td><strong>University of Bordeaux<\/strong>&nbsp;(LACES + BSE)<\/td><td>\ud83c\uddeb\ud83c\uddf7 France<\/td><td>Coordinador del projecte \u2014 WP5 &#038; WP6<\/td><\/tr><tr><td><strong>University of Bucharest<\/strong><\/td><td>\ud83c\uddf7\ud83c\uddf4 Romania<\/td><td>WP4 Lead \u2014 Difusi\u00f3<\/td><\/tr><tr><td><strong>University of Lausanne<\/strong><\/td><td>\ud83c\udde8\ud83c\udded Switzerland<\/td><td>WP2 Lead \u2014 Coneixement<\/td><\/tr><tr><td><strong>Universit\u00e9 Laval<\/strong><\/td><td>\ud83c\udde8\ud83c\udde6 Qu\u00e9bec<\/td><td>Partner de recerca<\/td><\/tr><\/tbody><\/table><\/figure>\n\n\n\n<div class=\"wp-block-buttons is-layout-flex wp-block-buttons-is-layout-flex\">\n<div class=\"wp-block-button is-style-fill is-style-fill--1\"><a class=\"wp-block-button__link wp-element-button\" href=\"https:\/\/undeterred.eu\/our-ecosystem\/academic-partners\/\">S\u00f2cies Acad\u00e8miques\u2192<\/a><\/div>\n<\/div>\n\n\n\n<h2 class=\"wp-block-heading\" id=\"non-academic-partners\">S\u00f2cies no acad\u00e8miques<\/h2>\n\n\n\n<p>Amb seu a Bordeaux, aquestes organitzacions estan integrades en el proc\u00e9s de recerca com a co-dissenyadors \u2014 no com a receptors:<\/p>\n\n\n\n<figure class=\"wp-block-table\"><table class=\"has-fixed-layout\"><thead><tr><th class=\"has-text-align-left\" data-align=\"left\">Organitzaci\u00f3<\/th><th class=\"has-text-align-left\" data-align=\"left\">\u00c0rea<\/th><\/tr><\/thead><tbody><tr><td><strong>Bordeaux M\u00e9tropole<\/strong>&nbsp;\u2014 Dept. Urban Solidarity<\/td><td>Pol\u00edtica urbana i social<\/td><\/tr><tr><td><strong>CCI Bordeaux Gironde<\/strong><\/td><td>Ocupaci\u00f3 i negocis<\/td><\/tr><tr><td><strong>URHAJ Nouvelle-Aquitaine<\/strong><\/td><td>Habitatge i suport juvenil<\/td><\/tr><\/tbody><\/table><\/figure>\n\n\n\n<div class=\"wp-block-buttons is-layout-flex wp-block-buttons-is-layout-flex\">\n<div class=\"wp-block-button is-style-fill is-style-fill--2\"><a class=\"wp-block-button__link wp-element-button\" href=\"https:\/\/undeterred.eu\/our-ecosystem\/non-academic-partners\/\">S\u00f2cies No Acad\u00e8miques \u2192<\/a><\/div>\n<\/div>\n\n\n\n<h2 class=\"wp-block-heading\" id=\"the-people-behind-the-research\">Les persones darrere de la recerca<\/h2>\n\n\n\n<p><a href=\"https:\/\/undeterred.eu\/our-ecosystem\/the-team\/\" data-type=\"page\" data-id=\"1299\">\u2192\u00a0<strong>L&#8217;Equip<\/strong><\/a><br><a href=\"https:\/\/undeterred.eu\/our-ecosystem\/advisory-board\/\" data-type=\"page\" data-id=\"1301\">\u2192\u00a0<strong>Consell Assessor<\/strong><\/a><\/p>\n","protected":false},"excerpt":{"rendered":"<p>UNDETERRED reuneix dotze organitzacions s\u00f2cies \u2014 vuit institucions acad\u00e8miques i quatre socis no acad\u00e8mics \u2014 units al voltant d&#8217;un comprom\u00eds compartit: fer visible la discriminaci\u00f3 sist\u00e8mica i desactivar-la. S\u00f2cies acad\u00e8miques Equips de recerca de set universitats de sis pa\u00efsos: Instituci\u00f3 Pa\u00eds Rol University of Amsterdam \ud83c\uddf3\ud83c\uddf1 Netherlands WP1 Lead \u2014 Map &#038; Data Collect University [&hellip;]<\/p>\n","protected":false},"author":1,"featured_media":0,"parent":0,"menu_order":0,"comment_status":"closed","ping_status":"closed","template":"","meta":{"_acf_changed":false,"_gspb_post_css":"","footnotes":""},"class_list":["post-1293","page","type-page","status-publish","hentry"],"acf":[],"mb":[],"mfb_rest_fields":["title"],"_links":{"self":[{"href":"https:\/\/undeterred.eu\/ca\/wp-json\/wp\/v2\/pages\/1293","targetHints":{"allow":["GET"]}}],"collection":[{"href":"https:\/\/undeterred.eu\/ca\/wp-json\/wp\/v2\/pages"}],"about":[{"href":"https:\/\/undeterred.eu\/ca\/wp-json\/wp\/v2\/types\/page"}],"author":[{"embeddable":true,"href":"https:\/\/undeterred.eu\/ca\/wp-json\/wp\/v2\/users\/1"}],"replies":[{"embeddable":true,"href":"https:\/\/undeterred.eu\/ca\/wp-json\/wp\/v2\/comments?post=1293"}],"version-history":[{"count":7,"href":"https:\/\/undeterred.eu\/ca\/wp-json\/wp\/v2\/pages\/1293\/revisions"}],"predecessor-version":[{"id":2084,"href":"https:\/\/undeterred.eu\/ca\/wp-json\/wp\/v2\/pages\/1293\/revisions\/2084"}],"wp:attachment":[{"href":"https:\/\/undeterred.eu\/ca\/wp-json\/wp\/v2\/media?parent=1293"}],"curies":[{"name":"wp","href":"https:\/\/api.w.org\/{rel}","templated":true}]}}