{"id":1305,"date":"2026-03-31T10:35:36","date_gmt":"2026-03-31T10:35:36","guid":{"rendered":"https:\/\/undeterred.eu\/?page_id=1305"},"modified":"2026-04-08T20:10:40","modified_gmt":"2026-04-08T20:10:40","slug":"field-reports","status":"publish","type":"page","link":"https:\/\/undeterred.eu\/ca\/stories-events\/field-reports\/","title":{"rendered":"Informes de camp"},"content":{"rendered":"\n<p>Els informes de camp s\u00f3n relats des del terreny, escrits per investigadors i socis que estan immersos directament als barris, institucions i comunitats al centre de la recerca d&#8217;UNDETERRED.<br><br>No s\u00f3n documents acad\u00e8mics. S\u00f3n relats en primera persona i honestos sobre com \u00e9s el treball de camp: els trobades, les sorpreses, la complexitat d&#8217;estudiar la discriminaci\u00f3 des de dins.<\/p>\n\n\n\n<hr class=\"wp-block-separator has-alpha-channel-opacity\"\/>\n\n\n\n<h2 class=\"wp-block-heading\" id=\"what-youll-find-here\">Qu\u00e8 trobar\u00e0s aqu\u00ed<\/h2>\n\n\n\n<ul class=\"wp-block-list\">\n<li>Enviaments des de les quatre ciutats de recerca \u2014 Bordeaux, Barcelona, Bucarest, Lausana<\/li>\n\n\n\n<li>Retrats dels barris i institucions on t\u00e9 lloc la recerca<\/li>\n\n\n\n<li>Reflexions sobre el m\u00e8tode \u2014 qu\u00e8 significa estudiar la discriminaci\u00f3, com es construeix la confian\u00e7a amb els participants<\/li>\n\n\n\n<li>Relats anonimitzats d&#8217;experi\u00e8ncies viscudes recollides durant entrevistes i grups de discussi\u00f3<\/li>\n<\/ul>\n\n\n\n<hr class=\"wp-block-separator has-alpha-channel-opacity\"\/>\n\n\n\n<p><a href=\"https:\/\/undeterred.eu\/category\/news\/\" data-type=\"category\" data-id=\"21\">\u2192\u00a0<strong>Segueix les nostres darreres not\u00edcies<\/strong><\/a><br><a href=\"\/event\">\u2192\u00a0<strong>Consulta tots els esdeveniments propers<\/strong><\/a><\/p>\n","protected":false},"excerpt":{"rendered":"<p>Els informes de camp s\u00f3n relats des del terreny, escrits per investigadors i socis que estan immersos directament als barris, institucions i comunitats al centre de la recerca d&#8217;UNDETERRED. No s\u00f3n documents acad\u00e8mics. S\u00f3n relats en primera persona i honestos sobre com \u00e9s el treball de camp: els trobades, les sorpreses, la complexitat d&#8217;estudiar la [&hellip;]<\/p>\n","protected":false},"author":1,"featured_media":0,"parent":1303,"menu_order":0,"comment_status":"closed","ping_status":"closed","template":"","meta":{"_acf_changed":false,"_gspb_post_css":"","footnotes":""},"class_list":["post-1305","page","type-page","status-publish","hentry"],"acf":[],"mb":[],"mfb_rest_fields":["title"],"_links":{"self":[{"href":"https:\/\/undeterred.eu\/ca\/wp-json\/wp\/v2\/pages\/1305","targetHints":{"allow":["GET"]}}],"collection":[{"href":"https:\/\/undeterred.eu\/ca\/wp-json\/wp\/v2\/pages"}],"about":[{"href":"https:\/\/undeterred.eu\/ca\/wp-json\/wp\/v2\/types\/page"}],"author":[{"embeddable":true,"href":"https:\/\/undeterred.eu\/ca\/wp-json\/wp\/v2\/users\/1"}],"replies":[{"embeddable":true,"href":"https:\/\/undeterred.eu\/ca\/wp-json\/wp\/v2\/comments?post=1305"}],"version-history":[{"count":6,"href":"https:\/\/undeterred.eu\/ca\/wp-json\/wp\/v2\/pages\/1305\/revisions"}],"predecessor-version":[{"id":2093,"href":"https:\/\/undeterred.eu\/ca\/wp-json\/wp\/v2\/pages\/1305\/revisions\/2093"}],"up":[{"embeddable":true,"href":"https:\/\/undeterred.eu\/ca\/wp-json\/wp\/v2\/pages\/1303"}],"wp:attachment":[{"href":"https:\/\/undeterred.eu\/ca\/wp-json\/wp\/v2\/media?parent=1305"}],"curies":[{"name":"wp","href":"https:\/\/api.w.org\/{rel}","templated":true}]}}