{"id":1307,"date":"2026-03-31T10:36:00","date_gmt":"2026-03-31T10:36:00","guid":{"rendered":"https:\/\/undeterred.eu\/?page_id=1307"},"modified":"2026-05-15T12:11:50","modified_gmt":"2026-05-15T12:11:50","slug":"about","status":"publish","type":"page","link":"https:\/\/undeterred.eu\/ca\/about\/","title":{"rendered":"Sobre el Projecte + Cronologia"},"content":{"rendered":"\n<h2 class=\"wp-block-heading\" id=\"what-is-undeterred\">Qu\u00e8 \u00e9s UNDETERRED?<\/h2>\n\n\n\n<p><strong>UNDETERRED \u2014 Discriminaci\u00f3 involunt\u00e0ria detectada i racisme revelat i desactivat<\/strong> \u00e9s un programa de recerca-acci\u00f3 finan\u00e7at per la Uni\u00f3 Europea en el marc de l&#8217;<strong>Horitz\u00f3 Europa<\/strong> (Subvenci\u00f3 n\u00fam. 101095020).<br><br>El projecte investiga els mecanismes de discriminaci\u00f3 involunt\u00e0ria que pateixen els joves de 18 a 35 anys en quatre \u00e0mbits clau: habitatge, salut, ocupaci\u00f3 i educaci\u00f3. La seva hip\u00f2tesi: que part de la discriminaci\u00f3 que pateixen aquestes poblacions prov\u00e9 de normes, regles i pr\u00e0ctiques institucionals que mai no es q\u00fcestionen, fins i tot quan s\u00f3n legals.<br><br>El programa t\u00e9 tres objectius principals:<\/p>\n\n\n\n<ul class=\"wp-block-list\">\n<li><strong>Detectar<\/strong> les regles, procediments, normes i pr\u00e0ctiques que condueixen a la discriminaci\u00f3<\/li>\n\n\n\n<li><strong>Revelar<\/strong> els processos involuntaris que produeixen desigualtats d&#8217;acc\u00e9s i oportunitats en les institucions<\/li>\n\n\n\n<li><strong>Desactivar<\/strong> aquests processos co-dissenyant i experimentant amb solucions concretes juntament amb socis no acad\u00e8mics<\/li>\n<\/ul>\n\n\n\n<hr class=\"wp-block-separator has-alpha-channel-opacity\"\/>\n\n\n\n<h2 class=\"wp-block-heading\" id=\"the-consortium\">El consorci<\/h2>\n\n\n\n<p>El projecte est\u00e0 coordinat per <strong>Fabien Sabatier<\/strong> (professor, Universitat de Bordeus) i <strong>Hachem Benissa<\/strong> (investigador postdoctoral, Universitat de Bordeus).<\/p>\n\n\n\n<p>Aconsegueix reunir equips de recerca de set universitats de sis pa\u00efsos, juntament amb socis no acad\u00e8mics a Bordeus:<\/p>\n\n\n\n<ul class=\"wp-block-list\">\n<li><strong>Socis acad\u00e8mics:<\/strong> Universitats d&#8217;Amsterdam, Utrecht, Barcelona (UPF), Bordeus, Bucarest, i Laval (Quebec)<\/li>\n\n\n\n<li><strong>Socis no acad\u00e8mics:<\/strong> Bordeaux M\u00e9tropole, CCI Bordeaux Gironde, URHAJ Nouvelle-Aquitaine i associacions que donen suport a les poblacions immigrants<\/li>\n<\/ul>\n\n\n\n<h2 class=\"wp-block-heading\" id=\"project-timeline\">Cronologia del projecte<\/h2>\n\n\n\n<figure class=\"wp-block-table is-style-tw-border-h-inner\"><table><thead><tr><th class=\"has-text-align-left\" data-align=\"left\">Per\u00edode<\/th><th class=\"has-text-align-left\" data-align=\"left\">Fase<\/th><\/tr><\/thead><tbody><tr><td><strong>Juny 2023<\/strong><\/td><td>Inici oficial del projecte \u2014 Bordeus<\/td><\/tr><tr><td><strong>Abril \u2013 Setembre 2023<\/strong><\/td><td>Enquestes en l\u00ednia \u2014 estudiants i residents del barri en 4 ciutats<\/td><\/tr><tr><td><strong>Setembre 2023<\/strong><\/td><td>Reuni\u00f3 d\u2019experts legals \u2014 Bordeus<\/td><\/tr><tr><td><strong>Abril 2024 \u2013 Abril 2025<\/strong><\/td><td>Entrevistes en profunditat \u2014 joves adults, empresaris, serveis p\u00fablics<\/td><\/tr><tr><td><strong>Setembre 2024 \u2013 Abril 2026<\/strong><\/td><td>Grups de discussi\u00f3 en 4 ciutats<\/td><\/tr><tr><td><strong>Desembre 2025<\/strong><\/td><td>Llan\u00e7ament de&nbsp;<em>&#8220;Combatre la discriminaci\u00f3 a les universitats&#8221;<\/em>&nbsp;\u2014 Bucarest<\/td><\/tr><tr><td><strong>2024 \u2013 2026<\/strong><\/td><td>Experiments de camp WP3 \u2014 pilotatges co-dissenyats en 4 ciutats<\/td><\/tr><tr><td><strong>2023 \u2013 2027<\/strong><\/td><td>Difusi\u00f3 cont\u00ednua (WP4)<\/td><\/tr><\/tbody><\/table><\/figure>\n\n\n\n<hr class=\"wp-block-separator has-alpha-channel-opacity\"\/>\n\n\n\n<p><strong>Durada:<\/strong>&nbsp;2023 \u2013 2027<br><strong>Finan\u00e7ament:<\/strong>&nbsp;Uni\u00f3 Europea \u2014 Horitz\u00f3 Europa \u2014 Subvenci\u00f3 n\u00fam. 101095020<\/p>\n\n\n\n<div class=\"wp-block-group is-layout-constrained wp-block-group-is-layout-constrained\">\n<p>\u2192&nbsp;<strong><a href=\"https:\/\/undeterred.eu\/about\/funding-horizon-europe\/\" data-type=\"page\" data-id=\"1309\">Finan\u00e7ament i Horitz\u00f3 Europa<\/a><\/strong><br>\u2192&nbsp;<strong><a href=\"https:\/\/undeterred.eu\/contact\/\" data-type=\"page\" data-id=\"466\">Contacte<\/a><\/strong><\/p>\n<\/div>\n","protected":false},"excerpt":{"rendered":"<p>Qu\u00e8 \u00e9s UNDETERRED? UNDETERRED \u2014 Discriminaci\u00f3 involunt\u00e0ria detectada i racisme revelat i desactivat \u00e9s un programa de recerca-acci\u00f3 finan\u00e7at per la Uni\u00f3 Europea en el marc de l&#8217;Horitz\u00f3 Europa (Subvenci\u00f3 n\u00fam. 101095020). El projecte investiga els mecanismes de discriminaci\u00f3 involunt\u00e0ria que pateixen els joves de 18 a 35 anys en quatre \u00e0mbits clau: habitatge, salut, [&hellip;]<\/p>\n","protected":false},"author":1,"featured_media":0,"parent":0,"menu_order":0,"comment_status":"closed","ping_status":"closed","template":"","meta":{"_acf_changed":false,"_gspb_post_css":"","footnotes":""},"class_list":["post-1307","page","type-page","status-publish","hentry"],"acf":[],"mb":[],"mfb_rest_fields":["title"],"_links":{"self":[{"href":"https:\/\/undeterred.eu\/ca\/wp-json\/wp\/v2\/pages\/1307","targetHints":{"allow":["GET"]}}],"collection":[{"href":"https:\/\/undeterred.eu\/ca\/wp-json\/wp\/v2\/pages"}],"about":[{"href":"https:\/\/undeterred.eu\/ca\/wp-json\/wp\/v2\/types\/page"}],"author":[{"embeddable":true,"href":"https:\/\/undeterred.eu\/ca\/wp-json\/wp\/v2\/users\/1"}],"replies":[{"embeddable":true,"href":"https:\/\/undeterred.eu\/ca\/wp-json\/wp\/v2\/comments?post=1307"}],"version-history":[{"count":28,"href":"https:\/\/undeterred.eu\/ca\/wp-json\/wp\/v2\/pages\/1307\/revisions"}],"predecessor-version":[{"id":2457,"href":"https:\/\/undeterred.eu\/ca\/wp-json\/wp\/v2\/pages\/1307\/revisions\/2457"}],"wp:attachment":[{"href":"https:\/\/undeterred.eu\/ca\/wp-json\/wp\/v2\/media?parent=1307"}],"curies":[{"name":"wp","href":"https:\/\/api.w.org\/{rel}","templated":true}]}}