{"id":1309,"date":"2026-03-31T10:36:16","date_gmt":"2026-03-31T10:36:16","guid":{"rendered":"https:\/\/undeterred.eu\/?page_id=1309"},"modified":"2026-04-08T20:14:15","modified_gmt":"2026-04-08T20:14:15","slug":"funding-horizon-europe","status":"publish","type":"page","link":"https:\/\/undeterred.eu\/ca\/about\/funding-horizon-europe\/","title":{"rendered":"Finan\u00e7ament i Horizon Europe"},"content":{"rendered":"\n<h2 class=\"wp-block-heading\" id=\"horizon-europe\">Horizon Europe<\/h2>\n\n\n\n<p>Horizon Europe \u00e9s el programa clau de finan\u00e7ament de la Uni\u00f3 Europea per a la recerca i la innovaci\u00f3, que funciona del 2021 al 2027 amb un pressupost de 95,5 mil milions d&#8217;euros. Dona suport a projectes que aborden grans reptes socials i enforteixen la base cient\u00edfica i tecnol\u00f2gica de la UE.<br><br>UNDETERRED est\u00e0 finan\u00e7at dins del <strong>Cl\u00faster 2 d&#8217;Horizon Europe \u2014 Cultura, Creativitat i Societat Inclusiva<\/strong>, que dona suport a la recerca sobre democr\u00e0cia, patrimoni cultural, desigualtats socials i inclusi\u00f3.<\/p>\n\n\n\n<hr class=\"wp-block-separator has-alpha-channel-opacity\"\/>\n\n\n\n<h2 class=\"wp-block-heading\" id=\"grant-details\">Detalls de la subvenci\u00f3<\/h2>\n\n\n\n<figure class=\"wp-block-table is-style-tw-border-h-inner\"><table class=\"has-fixed-layout\"><tbody><tr><td><strong>Programa<\/strong><\/td><td>Horizon Europe<\/td><\/tr><tr><td><strong>Contracte de la subvenci\u00f3<\/strong><\/td><td>N\u00b0 101095020<\/td><\/tr><tr><td><strong>Acr\u00f2nim del projecte<\/strong><\/td><td>UNDETERRED<\/td><\/tr><tr><td><strong>Durada<\/strong><\/td><td>2023 \u2013 2027<\/td><\/tr><tr><td><strong>Instituci\u00f3 coordinadora<\/strong><\/td><td>University of Bordeaux<\/td><\/tr><\/tbody><\/table><\/figure>\n\n\n\n<hr class=\"wp-block-separator has-alpha-channel-opacity\"\/>\n\n\n\n<h2 class=\"wp-block-heading\" id=\"legal-mention\">Av\u00eds legal<\/h2>\n\n\n\n<blockquote class=\"wp-block-quote is-layout-flow wp-block-quote-is-layout-flow\" style=\"padding-top:var(--wp--preset--spacing--50);padding-right:var(--wp--preset--spacing--50);padding-bottom:var(--wp--preset--spacing--50);padding-left:var(--wp--preset--spacing--50)\">\n<p><em>Aquest projecte ha rebut finan\u00e7ament del programa de recerca i innovaci\u00f3 Horizon Europe de la Uni\u00f3 Europea sota el contracte de subvenci\u00f3 N\u00b0 101095020.<\/em><br><em>Les opinions i punts de vista expressats s\u00f3n exclusivament de l&#8217;autor(s) i no reflecteixen necess\u00e0riament els de la Uni\u00f3 Europea ni de l&#8217;Ag\u00e8ncia Executiva Europea de Recerca (REA). Ni la Uni\u00f3 Europea ni l&#8217;autoritat concedent en poden ser responsabilitzats.<\/em><\/p>\n<\/blockquote>\n","protected":false},"excerpt":{"rendered":"<p>Horizon Europe Horizon Europe \u00e9s el programa clau de finan\u00e7ament de la Uni\u00f3 Europea per a la recerca i la innovaci\u00f3, que funciona del 2021 al 2027 amb un pressupost de 95,5 mil milions d&#8217;euros. Dona suport a projectes que aborden grans reptes socials i enforteixen la base cient\u00edfica i tecnol\u00f2gica de la UE. UNDETERRED [&hellip;]<\/p>\n","protected":false},"author":1,"featured_media":0,"parent":1307,"menu_order":0,"comment_status":"closed","ping_status":"closed","template":"","meta":{"_acf_changed":false,"_gspb_post_css":"","footnotes":""},"class_list":["post-1309","page","type-page","status-publish","hentry"],"acf":[],"mb":[],"mfb_rest_fields":["title"],"_links":{"self":[{"href":"https:\/\/undeterred.eu\/ca\/wp-json\/wp\/v2\/pages\/1309","targetHints":{"allow":["GET"]}}],"collection":[{"href":"https:\/\/undeterred.eu\/ca\/wp-json\/wp\/v2\/pages"}],"about":[{"href":"https:\/\/undeterred.eu\/ca\/wp-json\/wp\/v2\/types\/page"}],"author":[{"embeddable":true,"href":"https:\/\/undeterred.eu\/ca\/wp-json\/wp\/v2\/users\/1"}],"replies":[{"embeddable":true,"href":"https:\/\/undeterred.eu\/ca\/wp-json\/wp\/v2\/comments?post=1309"}],"version-history":[{"count":7,"href":"https:\/\/undeterred.eu\/ca\/wp-json\/wp\/v2\/pages\/1309\/revisions"}],"predecessor-version":[{"id":2098,"href":"https:\/\/undeterred.eu\/ca\/wp-json\/wp\/v2\/pages\/1309\/revisions\/2098"}],"up":[{"embeddable":true,"href":"https:\/\/undeterred.eu\/ca\/wp-json\/wp\/v2\/pages\/1307"}],"wp:attachment":[{"href":"https:\/\/undeterred.eu\/ca\/wp-json\/wp\/v2\/media?parent=1309"}],"curies":[{"name":"wp","href":"https:\/\/api.w.org\/{rel}","templated":true}]}}