{"id":1312,"date":"2026-03-31T10:42:44","date_gmt":"2026-03-31T10:42:44","guid":{"rendered":"https:\/\/undeterred.eu\/?page_id=1312"},"modified":"2026-05-05T11:35:53","modified_gmt":"2026-05-05T11:35:53","slug":"the-challenge","status":"publish","type":"page","link":"https:\/\/undeterred.eu\/ca\/the-challenge\/","title":{"rendered":"El repte"},"content":{"rendered":"\n<p>Cada dia, a ciutats d&#8217;arreu d&#8217;Europa, els joves es troben amb barreres que ells no han creat \u2014 i que ning\u00fa, oficialment, va tenir la intenci\u00f3 de construir. No s\u00f3n murs d&#8217;hostilitat oberta. S\u00f3n els murs de procediments, h\u00e0bits, normes no q\u00fcestionades. S\u00f3n els murs de la discriminaci\u00f3 sist\u00e8mica i no intencionada.<\/p>\n\n\n\n<hr class=\"wp-block-separator has-alpha-channel-opacity\"\/>\n\n\n\n<h2 class=\"wp-block-heading\" id=\"what-is-unintentional-discrimination\">La discriminaci\u00f3 no intencionada \u00e9s quan una persona o organitzaci\u00f3 aplica pol\u00edtiques, pr\u00e0ctiques o normes que semblen neutres per\u00f2 que tenen un efecte advers i desproporcionat sobre un grup espec\u00edfic sense justificaci\u00f3 leg\u00edtima. Aix\u00f2 pot oc\u00f3rrer sense que l&#8217;individu o organitzaci\u00f3 sigui conscient de l&#8217;impacte discriminatori que les seves accions poden tenir. \u00c9s important identificar i corregir aquests biaixos per fomentar la igualtat i evitar violacions dels drets humans.<\/h2>\n\n\n\n<p>La discriminaci\u00f3 no sempre \u00e9s el producte d&#8217;un prejudici conscient. Les normes, regles i pr\u00e0ctiques institucionals \u2014 fins i tot les que compleixen legalment \u2014 poden produir profundes desigualtats sense que ning\u00fa prengui mai la decisi\u00f3 deliberada de discriminar.<\/p>\n\n\n\n<p>Els joves d&#8217;origen immigrant i de minories nacionals a Europa s&#8217;enfronten cada dia a aquests mecanismes invisibles: una sol\u00b7licitud d&#8217;habitatge rebutjada perqu\u00e8 les garanties requerides s\u00f3n impossibles de proporcionar, una cita m\u00e8dica m\u00e9s dif\u00edcil d&#8217;accedir a causa de les barreres ling\u00fc\u00edstiques, un proc\u00e9s &#8220;est\u00e0ndard&#8221; de l&#8217;empleador que subtilment filtra certs perfils.<\/p>\n\n\n\n<p>Aquestes normes, procediments i pr\u00e0ctiques no examinades perpetuen desigualtats racials, \u00e8tniques i religioses \u2014 no per intenci\u00f3, sin\u00f3 per in\u00e8rcia. Aix\u00f2 \u00e9s precisament el que les fa tan dif\u00edcils de detectar i tan urgents d&#8217;abordar.<\/p>\n\n\n\n<div class=\"wp-block-group alignfull is-layout-flow wp-container-core-group-is-layout-417c9d31 wp-block-group-is-layout-flow\" style=\"margin-top:var(--wp--preset--spacing--50);margin-bottom:var(--wp--preset--spacing--50);padding-top:var(--wp--preset--spacing--70);padding-right:var(--wp--preset--spacing--70);padding-bottom:var(--wp--preset--spacing--70);padding-left:var(--wp--preset--spacing--70)\">\n<blockquote class=\"wp-block-quote is-layout-flow wp-block-quote-is-layout-flow\">\n<p><em>La hip\u00f2tesi defensada pel projecte \u00e9s que part de la discriminaci\u00f3 que pateixen els joves d&#8217;or\u00edgens immigrants \u00e9s deguda a les normes, pr\u00e0ctiques i regles vigents en les institucions \u2014encara que siguin legals\u2014 que mai s\u00f3n q\u00fcestionades pels diversos actors, o mai s\u00f3n combatudes.<\/em><\/p>\n<\/blockquote>\n<\/div>\n\n\n\n<hr class=\"wp-block-separator has-alpha-channel-opacity\"\/>\n\n\n\n<h2 class=\"wp-block-heading\" id=\"four-sectors-where-barriers-run-deepest\">Quatre sectors on les barreres s\u00f3n m\u00e9s profundes<\/h2>\n\n\n\n<p>UNDETERRED es concentra en quatre camps claus on la discriminaci\u00f3 sistem\u00e0tica determina les traject\u00f2ries de la vida dels joves.<a rel=\"noreferrer noopener\" target=\"_blank\" href=\"https:\/\/www.bse.u-bordeaux.fr\/en\/research\/project-europe-undeterred\/\">La Universitat de Bordeaux, tamb\u00e9 coneguda com a Universit\u00e9 de Bordeaux en franc\u00e8s.<\/a><\/p>\n\n\n\n<ul class=\"wp-block-list\">\n<li>Casa<strong>Habitatge<\/strong>\u2014 Garanties impossibles de proporcionar, criteris de selecci\u00f3 impl\u00edcits, denegaci\u00f3 d&#8217;acc\u00e9s a l&#8217;habitatge social en la pr\u00e0ctica.<\/li>\n\n\n\n<li>La icona d&#8217;una maleta suele representar el treball o els negocis. Si tens alguna frase o text relacionat que vols que tradueixi, estar\u00e9 encantat d&#8217;ajudar-te!<strong>Ocupaci\u00f3<\/strong>\u2014 Processos de selecci\u00f3 que filtren silenciosament per nom, origen o adre\u00e7a<\/li>\n\n\n\n<li>hospital<strong>Salut<\/strong>\u2014 Barreres ling\u00fc\u00edstiques i administratives que fan que l&#8217;acc\u00e9s a l&#8217;atenci\u00f3 sigui desigual.<\/li>\n\n\n\n<li>\ud83c\udf93 en catal\u00e0 es tradueix com &#8220;graduaci\u00f3&#8221; o &#8220;toc d&#8217;estudiant&#8221;, depenent del context en qu\u00e8 s&#8217;usi. Si necessites una traducci\u00f3 m\u00e9s espec\u00edfica o en un context diferent, digue&#8217;m-ho!<strong>Educaci\u00f3<\/strong>\u2014 Obstacles institucionals que limiten les oportunitats acad\u00e8miques per a estudiants de minories i migrants<\/li>\n<\/ul>\n\n\n\n<hr class=\"wp-block-separator has-alpha-channel-opacity\"\/>\n\n\n\n<h2 class=\"wp-block-heading\" id=\"who-is-most-affected\">Qui est\u00e0 m\u00e9s afectat?<\/h2>\n\n\n\n<p>UNDETERRED es centra en<strong>joves adults entre 18 i 35 anys<\/strong>\u2014 un per\u00edode decisiu de la vida durant el qual l&#8217;acc\u00e9s a l&#8217;habitatge, la feina, l&#8217;atenci\u00f3 sanit\u00e0ria i l&#8217;educaci\u00f3 modela les traject\u00f2ries a llarg termini.<br><br>El projecte es centra espec\u00edficament en<strong>joves de fons immigrant i de poblacions de minoria nacional<\/strong>a trav\u00e9s de quatre ciutats europees: Bordeus, Barcelona, Bucarest i Lausana. Aquestes s\u00f3n persones que naveguen per institucions que no estan dissenyades pensant en elles, i que suporten el cost d&#8217;aquesta omissi\u00f3 cada dia.<\/p>\n\n\n\n<hr class=\"wp-block-separator has-alpha-channel-opacity\"\/>\n\n\n\n<h2 class=\"wp-block-heading\" id=\"why-this-matters-now\">Per qu\u00e8 aix\u00f2 \u00e9s important ara<\/h2>\n\n\n\n<p>Proporcionar-nos els mitjans per combatre la discriminaci\u00f3 significa triar no construir murs \u2014 en un context a mitj\u00e0 i llarg termini on les din\u00e0miques de migraci\u00f3 no canviaran. Si volem preservar societats obertes, necessitem assumir el repte d&#8217;actualitzar els sistemes que configuren la vida quotidiana de les persones.<br><br>UNDETERRED es va construir sobre la convicci\u00f3 que<strong>all\u00f2 que \u00e9s invisible es pot fer visible<\/strong>\u2014 i que el que \u00e9s visible es pot canviar.<\/p>\n\n\n\n<hr class=\"wp-block-separator has-alpha-channel-opacity\"\/>\n\n\n\n<div class=\"wp-block-columns alignwide tw-cols-stack-md-2 is-layout-flex wp-container-core-columns-is-layout-c5b92faa wp-block-columns-is-layout-flex\" style=\"margin-top:var(--wp--preset--spacing--60);margin-bottom:var(--wp--preset--spacing--60)\">\n<div class=\"wp-block-column has-border-color has-ti-bg-background-color has-background is-layout-flow wp-container-core-column-is-layout-dd24f509 wp-block-column-is-layout-flow\" style=\"border-color:rgba(13, 33, 64, 0.08);border-width:1px;border-top-left-radius:30px;border-top-right-radius:30px;border-bottom-left-radius:30px;border-bottom-right-radius:30px;padding-top:var(--wp--preset--spacing--50);padding-right:var(--wp--preset--spacing--50);padding-bottom:var(--wp--preset--spacing--50);padding-left:var(--wp--preset--spacing--50)\">\n<div class=\"wp-block-group is-content-justification-space-between is-nowrap is-layout-flex wp-container-core-group-is-layout-ed947458 wp-block-group-is-layout-flex\" style=\"margin-top:0;margin-bottom:0;padding-top:0;padding-right:0;padding-bottom:0;padding-left:0\">\n<span class=\"gsbp-6bfe325\">&#127968;<\/span>\n\n\n\n<p class=\"has-muted-25-opacity-color has-text-color has-playfair-display-font-family has-huge-font-size\" style=\"margin-top:0;margin-bottom:0;padding-top:0;padding-bottom:0;font-style:normal;font-weight:900;line-height:1\">01<\/p>\n<\/div>\n\n\n\n<h4 class=\"wp-block-heading\" id=\"first-item-8\"><a href=\"https:\/\/undeterred.eu\/the-challenge\/the-four-cities\/\" data-type=\"page\" data-id=\"1318\" target=\"_blank\" rel=\"noreferrer noopener\">Les quatre ciutats<\/a><\/h4>\n\n\n\n<p>Bordeaux, Barcelona, Bucarest, Lausanne \u2014 quatre ciutats, quatre realitats, un repte compartit.<\/p>\n\n\n\n<p class=\"tw-link-no-underline has-link-color has-x-small-font-size wp-elements-03de157f4627830b4c49d56d42786edc\" style=\"font-style:normal;font-weight:600;letter-spacing:0.1em;text-decoration:none\"><a href=\"https:\/\/undeterred.eu\/the-challenge\/the-four-cities\/\" data-type=\"page\" data-id=\"1318\">Explora \u2192<\/a><a href=\"#\"><\/a><\/p>\n<\/div>\n\n\n\n<div class=\"wp-block-column has-border-color has-ti-bg-background-color has-background is-layout-flow wp-container-core-column-is-layout-dd24f509 wp-block-column-is-layout-flow\" style=\"border-color:rgba(13, 33, 64, 0.08);border-width:1px;border-top-left-radius:30px;border-top-right-radius:30px;border-bottom-left-radius:30px;border-bottom-right-radius:30px;padding-top:var(--wp--preset--spacing--50);padding-right:var(--wp--preset--spacing--50);padding-bottom:var(--wp--preset--spacing--50);padding-left:var(--wp--preset--spacing--50)\">\n<div class=\"wp-block-group is-content-justification-space-between is-nowrap is-layout-flex wp-container-core-group-is-layout-ed947458 wp-block-group-is-layout-flex\" style=\"margin-top:0;margin-bottom:0;padding-top:0;padding-right:0;padding-bottom:0;padding-left:0\">\n<span class=\"gsbp-08069ee\">&#127973;<\/span>\n\n\n\n<p class=\"has-muted-25-opacity-color has-text-color has-playfair-display-font-family has-huge-font-size\" style=\"margin-top:0;margin-bottom:0;padding-top:0;padding-bottom:0;font-style:normal;font-weight:900;line-height:1\">02<\/p>\n<\/div>\n\n\n\n<h4 class=\"wp-block-heading\" id=\"first-item-8\"><a href=\"https:\/\/undeterred.eu\/the-challenge\/four-key-fields\/\" data-type=\"page\" data-id=\"1314\" target=\"_blank\" rel=\"noreferrer noopener\">Quatre camps clau<\/a><\/h4>\n\n\n\n<p>Habitatge, ocupaci\u00f3, salut, educaci\u00f3: descobreix on impacten m\u00e9s fort les barreres invisibles.<\/p>\n\n\n\n<p class=\"tw-link-no-underline has-link-color has-x-small-font-size wp-elements-c74ddd04ee5da05cb9922c6807a96df2\" style=\"font-style:normal;font-weight:600;letter-spacing:0.1em;text-decoration:none\"><a href=\"https:\/\/undeterred.eu\/the-challenge\/four-key-fields\/\" data-type=\"page\" data-id=\"1314\">Explora \u2192<\/a><a href=\"#\"><\/a><\/p>\n<\/div>\n\n\n\n<div class=\"wp-block-column has-border-color has-ti-bg-background-color has-background is-layout-flow wp-container-core-column-is-layout-dd24f509 wp-block-column-is-layout-flow\" style=\"border-color:rgba(13, 33, 64, 0.08);border-width:1px;border-top-left-radius:30px;border-top-right-radius:30px;border-bottom-left-radius:30px;border-bottom-right-radius:30px;padding-top:var(--wp--preset--spacing--50);padding-right:var(--wp--preset--spacing--50);padding-bottom:var(--wp--preset--spacing--50);padding-left:var(--wp--preset--spacing--50)\">\n<div class=\"wp-block-group is-content-justification-space-between is-nowrap is-layout-flex wp-container-core-group-is-layout-ed947458 wp-block-group-is-layout-flex\" style=\"margin-top:0;margin-bottom:0;padding-top:0;padding-right:0;padding-bottom:0;padding-left:0\">\n<span class=\"gsbp-2697016\">&#128188;<\/span>\n\n\n\n<p class=\"has-muted-25-opacity-color has-text-color has-playfair-display-font-family has-huge-font-size\" style=\"margin-top:0;margin-bottom:0;padding-top:0;padding-bottom:0;font-style:normal;font-weight:900;line-height:1\">03<\/p>\n<\/div>\n\n\n\n<h4 class=\"wp-block-heading\" id=\"first-item-8\"><a href=\"https:\/\/undeterred.eu\/the-challenge\/young-adults-18-35\/\" data-type=\"page\" data-id=\"1316\" target=\"_blank\" rel=\"noreferrer noopener\">Joves adults 18\u201335<\/a><\/h4>\n\n\n\n<p>Coneixeu les persones que es troben al centre de la nostra recerca \u2014 i enteneu per qu\u00e8 aquesta d\u00e8cada canvia tot.<\/p>\n\n\n\n<p class=\"tw-link-no-underline has-link-color has-x-small-font-size wp-elements-f465c83db850836d5c4298319c1b7b5f\" style=\"font-style:normal;font-weight:600;letter-spacing:0.1em;text-decoration:none\"><a href=\"https:\/\/undeterred.eu\/the-challenge\/young-adults-18-35\/\" data-type=\"page\" data-id=\"1316\">Explora<\/a><a href=\"#\"><\/a><\/p>\n<\/div>\n<\/div>\n","protected":false},"excerpt":{"rendered":"<p>Cada dia, a ciutats d&#8217;arreu d&#8217;Europa, els joves es troben amb barreres que ells no han creat \u2014 i que ning\u00fa, oficialment, va tenir la intenci\u00f3 de construir. No s\u00f3n murs d&#8217;hostilitat oberta. S\u00f3n els murs de procediments, h\u00e0bits, normes no q\u00fcestionades. S\u00f3n els murs de la discriminaci\u00f3 sist\u00e8mica i no intencionada. La discriminaci\u00f3 no [&hellip;]<\/p>\n","protected":false},"author":1,"featured_media":0,"parent":0,"menu_order":0,"comment_status":"closed","ping_status":"closed","template":"","meta":{"_acf_changed":false,"_gspb_post_css":"","footnotes":""},"class_list":["post-1312","page","type-page","status-publish","hentry"],"acf":[],"mb":[],"mfb_rest_fields":["title"],"_links":{"self":[{"href":"https:\/\/undeterred.eu\/ca\/wp-json\/wp\/v2\/pages\/1312","targetHints":{"allow":["GET"]}}],"collection":[{"href":"https:\/\/undeterred.eu\/ca\/wp-json\/wp\/v2\/pages"}],"about":[{"href":"https:\/\/undeterred.eu\/ca\/wp-json\/wp\/v2\/types\/page"}],"author":[{"embeddable":true,"href":"https:\/\/undeterred.eu\/ca\/wp-json\/wp\/v2\/users\/1"}],"replies":[{"embeddable":true,"href":"https:\/\/undeterred.eu\/ca\/wp-json\/wp\/v2\/comments?post=1312"}],"version-history":[{"count":37,"href":"https:\/\/undeterred.eu\/ca\/wp-json\/wp\/v2\/pages\/1312\/revisions"}],"predecessor-version":[{"id":2372,"href":"https:\/\/undeterred.eu\/ca\/wp-json\/wp\/v2\/pages\/1312\/revisions\/2372"}],"wp:attachment":[{"href":"https:\/\/undeterred.eu\/ca\/wp-json\/wp\/v2\/media?parent=1312"}],"curies":[{"name":"wp","href":"https:\/\/api.w.org\/{rel}","templated":true}]}}