{"id":1314,"date":"2026-03-31T10:42:58","date_gmt":"2026-03-31T10:42:58","guid":{"rendered":"https:\/\/undeterred.eu\/?page_id=1314"},"modified":"2026-04-08T20:17:29","modified_gmt":"2026-04-08T20:17:29","slug":"four-key-fields","status":"publish","type":"page","link":"https:\/\/undeterred.eu\/ca\/the-challenge\/four-key-fields\/","title":{"rendered":"Quatre camps clau"},"content":{"rendered":"\n<p>La discriminaci\u00f3 no funciona en un sol lloc. Travessa els sistemes que organitzen la vida di\u00e0ria: les institucions i els processos que haurien d&#8217;ajudar tothom, per\u00f2 no arriben a tothom per igual.<br><br>UNDETERRED investiga quatre sectors clau on la discriminaci\u00f3 involunt\u00e0ria modela les oportunitats \u2014 i limita el futur \u2014 dels joves d&#8217;origen immigrant i de les minories nacionals<\/p>\n\n\n\n<div class=\"wp-block-group alignfull has-ti-bg-background-color has-background is-layout-constrained wp-container-core-group-is-layout-b91ec625 wp-block-group-is-layout-constrained\" style=\"padding-top:var(--wp--preset--spacing--50);padding-right:var(--wp--preset--spacing--60);padding-bottom:var(--wp--preset--spacing--50);padding-left:var(--wp--preset--spacing--60)\">\n<div class=\"wp-block-columns alignwide tw-cols-stack-md is-layout-flex wp-container-core-columns-is-layout-d3092bbb wp-block-columns-is-layout-flex\" style=\"margin-top:0;margin-bottom:0;padding-top:0;padding-right:0;padding-bottom:0;padding-left:0\">\n<div class=\"wp-block-column is-vertically-aligned-top is-layout-flow wp-block-column-is-layout-flow\">\n<h2 class=\"wp-block-heading\" id=\"housing\">Habitatge<\/h2>\n\n\n\n<p>Una llar no \u00e9s nom\u00e9s un sostre. \u00c9s un fonament per a tot el que ve despr\u00e9s. Per\u00f2 per a molts joves, el cam\u00ed cap a un habitatge estable est\u00e0 bloquejat molt abans que comenci.<br><br>Les normes rarament s\u00f3n obertament discriminatoris. Per\u00f2 els requisits dels avaladors, els criteris de selecci\u00f3, les expectatives impl\u00edcites incrustades als processos de sol\u00b7licitud \u2014 tot aix\u00f2 crea filtres invisibles. Els joves d&#8217;origen immigrant s\u00f3n desproporcionadament exclosos, no per qui s\u00f3n oficialment, sin\u00f3 perqu\u00e8 el sistema no va ser dissenyat pensant en ells.<br><br>UNDETERRED examina aquests mecanismes institucionals en els serveis d&#8217;habitatge social i el mercat de lloguer privat a les quatre ciutats, per entendre&nbsp;<strong>on les normes creen barreres \u2014 i com es poden redissenyar aquestes barreres<\/strong>.<\/p>\n<\/div>\n\n\n\n<div class=\"wp-block-column is-layout-flow wp-block-column-is-layout-flow\" style=\"flex-basis:350px\">\n<figure class=\"wp-block-image size-large is-resized is-style-default\" style=\"margin-top:0;margin-bottom:0\"><img loading=\"lazy\" decoding=\"async\" width=\"679\" height=\"1024\" src=\"https:\/\/undeterred.eu\/wp-content\/uploads\/2026\/04\/w32nc3iov4q-679x1024.jpg\" alt=\"low angle photo of high-rise building\" class=\"wp-image-1590\" style=\"aspect-ratio:1;object-fit:cover;width:350px\" srcset=\"https:\/\/undeterred.eu\/wp-content\/uploads\/2026\/04\/w32nc3iov4q-679x1024.jpg 679w, https:\/\/undeterred.eu\/wp-content\/uploads\/2026\/04\/w32nc3iov4q-199x300.jpg 199w, https:\/\/undeterred.eu\/wp-content\/uploads\/2026\/04\/w32nc3iov4q-768x1158.jpg 768w, https:\/\/undeterred.eu\/wp-content\/uploads\/2026\/04\/w32nc3iov4q.jpg 796w\" sizes=\"auto, (max-width: 679px) 100vw, 679px\" \/><\/figure>\n<\/div>\n<\/div>\n<\/div>\n\n\n\n<hr class=\"wp-block-separator has-alpha-channel-opacity\"\/>\n\n\n\n<div class=\"wp-block-group alignfull is-layout-constrained wp-block-group-is-layout-constrained\">\n<div class=\"wp-block-columns alignwide tw-cols-stack-md is-layout-flex wp-container-core-columns-is-layout-d3092bbb wp-block-columns-is-layout-flex\" style=\"margin-top:0;margin-bottom:0;padding-top:0;padding-right:0;padding-bottom:0;padding-left:0\">\n<div class=\"wp-block-column is-layout-flow wp-block-column-is-layout-flow\" style=\"flex-basis:350px\">\n<figure class=\"wp-block-image size-large is-resized is-style-default\" style=\"margin-top:0;margin-bottom:0\"><img loading=\"lazy\" decoding=\"async\" width=\"619\" height=\"1024\" src=\"https:\/\/undeterred.eu\/wp-content\/uploads\/2026\/04\/wpvemgfv4w0-619x1024.jpg\" alt=\"man grinding metal tool in industrial machinery\" class=\"wp-image-1596\" style=\"aspect-ratio:1;object-fit:cover;width:350px\" srcset=\"https:\/\/undeterred.eu\/wp-content\/uploads\/2026\/04\/wpvemgfv4w0-619x1024.jpg 619w, https:\/\/undeterred.eu\/wp-content\/uploads\/2026\/04\/wpvemgfv4w0-181x300.jpg 181w, https:\/\/undeterred.eu\/wp-content\/uploads\/2026\/04\/wpvemgfv4w0.jpg 725w\" sizes=\"auto, (max-width: 619px) 100vw, 619px\" \/><\/figure>\n<\/div>\n\n\n\n<div class=\"wp-block-column is-vertically-aligned-top is-layout-flow wp-block-column-is-layout-flow\">\n<h2 class=\"wp-block-heading\" id=\"employment\">Ocupaci\u00f3<\/h2>\n\n\n\n<p>Un grau. Un CV. Una carta de presentaci\u00f3. I tot i aix\u00ed, una porta que no s&#8217;obre.<br><br>Al mercat laboral, la discriminaci\u00f3 involunt\u00e0ria sovint es mostra clarament: en el proc\u00e9s de selecci\u00f3 &#8220;est\u00e0ndard&#8221;, en els criteris d&#8217;ascens, en les expectatives no escrites de la cultura laboral. Noms, codis postals i or\u00edgens es converteixen en proxies \u2014 mai expresats, rarament reconeguts.<br><br>UNDETERRED treballa directament amb empreses i responsables de recursos humans per&nbsp;<strong>detectar, anomenar i desmuntar les pr\u00e0ctiques que eliminen silenciosament el talent<\/strong>&nbsp;\u2014 no per mal\u00edcia, sin\u00f3 per costum.<\/p>\n<\/div>\n<\/div>\n<\/div>\n\n\n\n<hr class=\"wp-block-separator has-alpha-channel-opacity\"\/>\n\n\n\n<div class=\"wp-block-group alignfull has-ti-bg-background-color has-background is-layout-constrained wp-container-core-group-is-layout-b91ec625 wp-block-group-is-layout-constrained\" style=\"padding-top:var(--wp--preset--spacing--50);padding-right:var(--wp--preset--spacing--60);padding-bottom:var(--wp--preset--spacing--50);padding-left:var(--wp--preset--spacing--60)\">\n<div class=\"wp-block-columns alignwide tw-cols-stack-md is-layout-flex wp-container-core-columns-is-layout-d3092bbb wp-block-columns-is-layout-flex\" style=\"margin-top:0;margin-bottom:0;padding-top:0;padding-right:0;padding-bottom:0;padding-left:0\">\n<div class=\"wp-block-column is-vertically-aligned-top is-layout-flow wp-block-column-is-layout-flow\">\n<h2 class=\"wp-block-heading\" id=\"health\">Salut<\/h2>\n\n\n\n<p>L\u2019atenci\u00f3 sanit\u00e0ria hauria de ser universal. A la pr\u00e0ctica, l\u2019acc\u00e9s \u00e9s desigual.<br><br>Les barreres ling\u00fc\u00edstiques, el desconeixement dels procediments administratius, la manca d\u2019informaci\u00f3 sobre drets \u2014 no s\u00f3n fracassos individuals. S\u00f3n llacunes sist\u00e8micas que s\u2019acumulen en patrons d\u2019exclusi\u00f3. Per als joves que naveguen per un sistema sanitari que no ha estat dissenyat per a ells, les conseq\u00fc\u00e8ncies poden ser greus.<br><br>UNDETERRED descriu aquestes disparitats a les quatre ciutats, basant-se en les experi\u00e8ncies de pacients, treballadors sanitaris i actors institucionals, per entendre&nbsp;<strong>on falla el sistema \u2014 i com seria un disseny m\u00e9s equitatiu<\/strong>.<\/p>\n<\/div>\n\n\n\n<div class=\"wp-block-column is-layout-flow wp-block-column-is-layout-flow\" style=\"flex-basis:350px\">\n<figure class=\"wp-block-image size-large is-resized is-style-default\" style=\"margin-top:0;margin-bottom:0\"><img loading=\"lazy\" decoding=\"async\" width=\"1024\" height=\"1024\" src=\"https:\/\/undeterred.eu\/wp-content\/uploads\/2026\/04\/4gcqrf3-f2i-1024x1024.jpg\" alt=\"woman wearing black sports bra\" class=\"wp-image-1599\" style=\"aspect-ratio:1;object-fit:cover;width:350px\" srcset=\"https:\/\/undeterred.eu\/wp-content\/uploads\/2026\/04\/4gcqrf3-f2i-1024x1024.jpg 1024w, https:\/\/undeterred.eu\/wp-content\/uploads\/2026\/04\/4gcqrf3-f2i-300x300.jpg 300w, https:\/\/undeterred.eu\/wp-content\/uploads\/2026\/04\/4gcqrf3-f2i-150x150.jpg 150w, https:\/\/undeterred.eu\/wp-content\/uploads\/2026\/04\/4gcqrf3-f2i-768x768.jpg 768w, https:\/\/undeterred.eu\/wp-content\/uploads\/2026\/04\/4gcqrf3-f2i-120x120.jpg 120w, https:\/\/undeterred.eu\/wp-content\/uploads\/2026\/04\/4gcqrf3-f2i.jpg 1200w\" sizes=\"auto, (max-width: 1024px) 100vw, 1024px\" \/><\/figure>\n<\/div>\n<\/div>\n<\/div>\n\n\n\n<hr class=\"wp-block-separator has-alpha-channel-opacity\"\/>\n\n\n\n<div class=\"wp-block-group alignfull is-layout-constrained wp-block-group-is-layout-constrained\">\n<div class=\"wp-block-columns alignwide tw-cols-stack-md is-layout-flex wp-container-core-columns-is-layout-d3092bbb wp-block-columns-is-layout-flex\" style=\"margin-top:0;margin-bottom:0;padding-top:0;padding-right:0;padding-bottom:0;padding-left:0\">\n<div class=\"wp-block-column is-layout-flow wp-block-column-is-layout-flow\" style=\"flex-basis:350px\">\n<figure class=\"wp-block-image size-large is-resized is-style-default\" style=\"margin-top:0;margin-bottom:0\"><img loading=\"lazy\" decoding=\"async\" width=\"1024\" height=\"683\" src=\"https:\/\/undeterred.eu\/wp-content\/uploads\/2026\/04\/o5emzfdxedg-1024x683.jpg\" alt=\"boy writing on printer paper near girl\" class=\"wp-image-1610\" style=\"aspect-ratio:1;object-fit:cover;width:350px\" srcset=\"https:\/\/undeterred.eu\/wp-content\/uploads\/2026\/04\/o5emzfdxedg-1024x683.jpg 1024w, https:\/\/undeterred.eu\/wp-content\/uploads\/2026\/04\/o5emzfdxedg-300x200.jpg 300w, https:\/\/undeterred.eu\/wp-content\/uploads\/2026\/04\/o5emzfdxedg-768x512.jpg 768w, https:\/\/undeterred.eu\/wp-content\/uploads\/2026\/04\/o5emzfdxedg-1536x1024.jpg 1536w, https:\/\/undeterred.eu\/wp-content\/uploads\/2026\/04\/o5emzfdxedg.jpg 1600w\" sizes=\"auto, (max-width: 1024px) 100vw, 1024px\" \/><\/figure>\n<\/div>\n\n\n\n<div class=\"wp-block-column is-vertically-aligned-top is-layout-flow wp-block-column-is-layout-flow\">\n<h2 class=\"wp-block-heading\" id=\"education\">Educaci\u00f3<\/h2>\n\n\n\n<p>L\u2019educaci\u00f3 es presenta com el gran igualador. Per\u00f2 l\u2019acc\u00e9s a aquest igualador \u00e9s desigual.<br><br>Des dels processos d\u2019admissi\u00f3 universit\u00e0ria fins a la vida al campus, els joves d\u2019origen minoritari o immigrant s\u2019enfronten a obstacles que els seus iguals gaireb\u00e9 no perceben: traves administratives, normes culturals impl\u00edcites, llacunes en el suport institucional. No sempre s\u00f3n visibles, per\u00f2 els seus efectes s\u2019acumulen amb el temps.<br><br>UNDETERRED investiga aquestes din\u00e0miques a les universitats de Bordeaux, Barcelona, Bucarest i Lausana \u2014 perqu\u00e8&nbsp;<strong>entendre com s\u2019autoengendra la desigualtat a l\u2019educaci\u00f3 superior \u00e9s una condici\u00f3 pr\u00e8via per transformar-la<\/strong>.<\/p>\n<\/div>\n<\/div>\n<\/div>\n\n\n\n<hr class=\"wp-block-separator has-alpha-channel-opacity\"\/>\n\n\n\n<h2 class=\"wp-block-heading\" id=\"the-cumulative-effect\">L\u2019efecte acumulatiu<\/h2>\n\n\n\n<p>Aquests quatre sectors no estan a\u00efllats. Estan profundament interconnectats.<br><br>Les dificultats per accedir a l\u2019educaci\u00f3 porten a dificultats per accedir a l\u2019ocupaci\u00f3. La precarietat laboral fa m\u00e9s dif\u00edcil trobar un habitatge estable. La inestabilitat de l\u2019habitatge t\u00e9 conseq\u00fc\u00e8ncies directes sobre la salut. I la mala salut tanca portes tant a l\u2019educaci\u00f3 com a la feina.<br><br>UNDETERRED pren seriosament aquesta&nbsp;<strong>dimensi\u00f3 acumulativa<\/strong>&nbsp;\u2014 perqu\u00e8 la discriminaci\u00f3 sist\u00e8mica no \u00e9s una s\u00e8rie d\u2019incidents individuals, sin\u00f3 una cadena que cal entendre globalment per poder trencar-la.<\/p>\n","protected":false},"excerpt":{"rendered":"<p>La discriminaci\u00f3 no funciona en un sol lloc. Travessa els sistemes que organitzen la vida di\u00e0ria: les institucions i els processos que haurien d&#8217;ajudar tothom, per\u00f2 no arriben a tothom per igual. UNDETERRED investiga quatre sectors clau on la discriminaci\u00f3 involunt\u00e0ria modela les oportunitats \u2014 i limita el futur \u2014 dels joves d&#8217;origen immigrant i [&hellip;]<\/p>\n","protected":false},"author":1,"featured_media":0,"parent":1312,"menu_order":0,"comment_status":"closed","ping_status":"closed","template":"","meta":{"_acf_changed":false,"_gspb_post_css":"","footnotes":""},"class_list":["post-1314","page","type-page","status-publish","hentry"],"acf":[],"mb":[],"mfb_rest_fields":["title"],"_links":{"self":[{"href":"https:\/\/undeterred.eu\/ca\/wp-json\/wp\/v2\/pages\/1314","targetHints":{"allow":["GET"]}}],"collection":[{"href":"https:\/\/undeterred.eu\/ca\/wp-json\/wp\/v2\/pages"}],"about":[{"href":"https:\/\/undeterred.eu\/ca\/wp-json\/wp\/v2\/types\/page"}],"author":[{"embeddable":true,"href":"https:\/\/undeterred.eu\/ca\/wp-json\/wp\/v2\/users\/1"}],"replies":[{"embeddable":true,"href":"https:\/\/undeterred.eu\/ca\/wp-json\/wp\/v2\/comments?post=1314"}],"version-history":[{"count":30,"href":"https:\/\/undeterred.eu\/ca\/wp-json\/wp\/v2\/pages\/1314\/revisions"}],"predecessor-version":[{"id":2101,"href":"https:\/\/undeterred.eu\/ca\/wp-json\/wp\/v2\/pages\/1314\/revisions\/2101"}],"up":[{"embeddable":true,"href":"https:\/\/undeterred.eu\/ca\/wp-json\/wp\/v2\/pages\/1312"}],"wp:attachment":[{"href":"https:\/\/undeterred.eu\/ca\/wp-json\/wp\/v2\/media?parent=1314"}],"curies":[{"name":"wp","href":"https:\/\/api.w.org\/{rel}","templated":true}]}}