{"id":1318,"date":"2026-03-31T10:43:31","date_gmt":"2026-03-31T10:43:31","guid":{"rendered":"https:\/\/undeterred.eu\/?page_id=1318"},"modified":"2026-04-08T20:22:19","modified_gmt":"2026-04-08T20:22:19","slug":"the-four-cities","status":"publish","type":"page","link":"https:\/\/undeterred.eu\/ca\/the-challenge\/the-four-cities\/","title":{"rendered":"Les quatre ciutats"},"content":{"rendered":"\n<p>La discriminaci\u00f3 sist\u00e8mica no \u00e9s igual a tot arreu. Est\u00e0 marcada per les hist\u00f2ries locals, les geografies urbanes, els patrons migratoris i les cultures institucionals. Per aix\u00f2 UNDETERRED va decidir no centrar-se en una sola ciutat, sin\u00f3 construir coneixement a trav\u00e9s de quatre ciutats, simult\u00e0niament, utilitzant els mateixos m\u00e8todes i les mateixes preguntes.<br><br><strong>Bordeus \u00b7 Barcelona \u00b7 Bucarest \u00b7 Lausana<\/strong> \u2014 quatre ciutats europees, cadascuna amb un perfil distintiu, cadascuna oferint un angle diferent sobre el mateix repte: com produeixen les institucions la desigualtat sense voler-ho?<a href=\"https:\/\/www.bse.u-bordeaux.fr\/en\/research\/project-europe-undeterred\/\" target=\"_blank\" rel=\"noreferrer noopener\">bse.u-bordeaux<\/a><\/p>\n\n\n\n<hr class=\"wp-block-separator has-alpha-channel-opacity\"\/>\n\n\n\n<h2 class=\"wp-block-heading\" id=\"bordeaux\">Bordeaux<\/h2>\n\n\n\n<p>Una metr\u00f2poli francesa de mida mitjana que est\u00e0 experimentant una r\u00e0pida transformaci\u00f3, Bordeus \u00e9s al mateix temps una ciutat amb una riquesa creixent i desigualtats espacials que s\u2019aprofundeixen. Els seus barris obrers \u2014 molts dels quals acullen grans poblacions d&#8217;origen immigrant \u2014 han estat al centre de debats sobre la segregaci\u00f3 urbana, la discriminaci\u00f3 en l&#8217;habitatge i l&#8217;ocupaci\u00f3 i l&#8217;acc\u00e9s desigual als serveis p\u00fablics.<br><br>Bordeus tamb\u00e9 \u00e9s la ciutat coordinadora del projecte UNDETERRED, seu de la <a href=\"https:\/\/laces.u-bordeaux.fr\/undeterred\/\" target=\"_blank\" rel=\"noreferrer noopener\">unitat de recerca LACES<\/a> de la Universitat de Bordeus, dirigida pel coordinador cient\u00edfic Fabien Sabatier. La metr\u00f2poli de Bordeaux M\u00e9tropole \u00e9s un soci directament no acad\u00e8mic del projecte.<\/p>\n\n\n\n<p><em>Soci local clau: Bordeaux M\u00e9tropole \u00b7 URHAJ Nouvelle-Aquitaine<\/em><\/p>\n\n\n\n<hr class=\"wp-block-separator has-alpha-channel-opacity\"\/>\n\n\n\n<h2 class=\"wp-block-heading\" id=\"barcelona\">Barcelona<\/h2>\n\n\n\n<p>Una de les ciutats m\u00e9s diverses i din\u00e0miques d&#8217;Europa, Barcelona t\u00e9 una llarga hist\u00f2ria de migraci\u00f3 \u2014 des de la migraci\u00f3 interna espanyola del segle XX fins a noves onades d&#8217;arribada des de Llatinoam\u00e8rica, l&#8217;\u00c0frica del Nord i l&#8217;\u00c0frica Subsahariana. Tamb\u00e9 \u00e9s una ciutat on les q\u00fcestions de discriminaci\u00f3 s\u2019entrecreuen amb q\u00fcestions d&#8217;identitat i nacionalitat d&#8217;una manera particularment complexa.<br><br>L&#8217;equip de recerca de Barcelona est\u00e0 basat a la <strong>Universitat Aut\u00f2noma de Barcelona<\/strong>, dirigida per la Dra. S\u00f2nia Parella, i se centra en les experi\u00e8ncies dels joves en barris urbans espec\u00edfics i entorns universitaris.<\/p>\n\n\n\n<p><em>Soci local clau: Universitat Aut\u00f2noma de Barcelona (UAB)<\/em><\/p>\n\n\n\n<hr class=\"wp-block-separator has-alpha-channel-opacity\"\/>\n\n\n\n<h2 class=\"wp-block-heading\" id=\"bucharest\">Bucarest<\/h2>\n\n\n\n<p>Bucarest representa una perspectiva distintiva i crucial dins del consorci: la d&#8217;un pa\u00eds d&#8217;arribada emergent. Romania ja no \u00e9s nom\u00e9s un pa\u00eds d\u2019emigraci\u00f3 \u2014 s&#8217;ha convertit en un lloc al qual arriben migrants, on les minories nacionals tenen hist\u00f2ries llargues i on les respostes institucionals a la diversitat encara s\u2019estan desenvolupant.<br><br>L&#8217;equip de Bucarest, basat a la <strong>Universitat de Bucarest<\/strong>, aporta experi\u00e8ncia en inclusi\u00f3 roman\u00ed, acc\u00e9s a la sanitat, gesti\u00f3 migrat\u00f2ria i discriminaci\u00f3 universit\u00e0ria. El seu treball va produir un dels primers resultats concrets del projecte: la guia pr\u00e0ctica <em>&#8220;Combatir la discriminaci\u00f3 a les universitats&#8221;<\/em>, publicada el Dia Internacional dels Drets Humans, el 10 de desembre de 2025.<\/p>\n\n\n\n<p><em>Soci local clau: University of Bucharest \u2014 Research Center FME \u00b7 FILIA Center \u00b7 CPES<\/em><\/p>\n\n\n\n<hr class=\"wp-block-separator has-alpha-channel-opacity\"\/>\n\n\n\n<h2 class=\"wp-block-heading\" id=\"lausanne\">Lausana<\/h2>\n\n\n\n<p>Lausana ofereix una altra perspectiva: la d\u2019una ciutat su\u00efssa petita i molt internacional, on una part significativa de la poblaci\u00f3 ha nascut a l\u2019estranger i on la tensi\u00f3 entre les proteccions legals formals i l&#8217;experi\u00e8ncia quotidiana \u00e9s especialment visible.<br><br>El context pol\u00edtic i legal espec\u00edfic de Su\u00efssa \u2014 amb la seva estructura federal, la seva democr\u00e0cia directa i els seus estats de resid\u00e8ncia en capes \u2014 crea formes distintives de discriminaci\u00f3 institucional que complementen i contrasten amb les observades a les altres tres ciutats.<\/p>\n\n\n\n<p><em>Soci local clau: University of Lausanne<\/em><\/p>\n\n\n\n<hr class=\"wp-block-separator has-alpha-channel-opacity\"\/>\n\n\n\n<h2 class=\"wp-block-heading\" id=\"what-makes-this-comparison-powerful\">Qu\u00e8 fa que aquesta comparaci\u00f3 sigui potent<\/h2>\n\n\n\n<p>Les quatre ciutats no es van triar a l\u2019atzar. En conjunt representen una varietat de marcs legals nacionals, escales urbanes, hist\u00f2ries migrat\u00f2ries i cultures institucionals.<br><br>Realitzar les mateixes enquestes, les mateixes entrevistes i les mateixes an\u00e0lisis institucionals a trav\u00e9s de les quatre ciutats permet a UNDETERRED distingir qu\u00e8 \u00e9s <strong>espec\u00edfic del context<\/strong> i qu\u00e8 \u00e9s <strong>sist\u00e8mic<\/strong>, qu\u00e8 \u00e9s una peculiaritat local i qu\u00e8 \u00e9s un patr\u00f3 europeu.<\/p>\n\n\n\n<p>Aquesta dimensi\u00f3 comparativa est\u00e0 al centre de la contribuci\u00f3 cient\u00edfica del projecte: <strong>mostrar que la discriminaci\u00f3 invisible no \u00e9s una excepci\u00f3, sin\u00f3 una regla \u2014 a trav\u00e9s de fronteres, sectors i ciutats.<\/strong><\/p>\n","protected":false},"excerpt":{"rendered":"<p>La discriminaci\u00f3 sist\u00e8mica no \u00e9s igual a tot arreu. Est\u00e0 marcada per les hist\u00f2ries locals, les geografies urbanes, els patrons migratoris i les cultures institucionals. Per aix\u00f2 UNDETERRED va decidir no centrar-se en una sola ciutat, sin\u00f3 construir coneixement a trav\u00e9s de quatre ciutats, simult\u00e0niament, utilitzant els mateixos m\u00e8todes i les mateixes preguntes. Bordeus \u00b7 [&hellip;]<\/p>\n","protected":false},"author":1,"featured_media":0,"parent":1312,"menu_order":0,"comment_status":"closed","ping_status":"closed","template":"","meta":{"_acf_changed":false,"_gspb_post_css":"","footnotes":""},"class_list":["post-1318","page","type-page","status-publish","hentry"],"acf":[],"mb":[],"mfb_rest_fields":["title"],"_links":{"self":[{"href":"https:\/\/undeterred.eu\/ca\/wp-json\/wp\/v2\/pages\/1318","targetHints":{"allow":["GET"]}}],"collection":[{"href":"https:\/\/undeterred.eu\/ca\/wp-json\/wp\/v2\/pages"}],"about":[{"href":"https:\/\/undeterred.eu\/ca\/wp-json\/wp\/v2\/types\/page"}],"author":[{"embeddable":true,"href":"https:\/\/undeterred.eu\/ca\/wp-json\/wp\/v2\/users\/1"}],"replies":[{"embeddable":true,"href":"https:\/\/undeterred.eu\/ca\/wp-json\/wp\/v2\/comments?post=1318"}],"version-history":[{"count":8,"href":"https:\/\/undeterred.eu\/ca\/wp-json\/wp\/v2\/pages\/1318\/revisions"}],"predecessor-version":[{"id":2108,"href":"https:\/\/undeterred.eu\/ca\/wp-json\/wp\/v2\/pages\/1318\/revisions\/2108"}],"up":[{"embeddable":true,"href":"https:\/\/undeterred.eu\/ca\/wp-json\/wp\/v2\/pages\/1312"}],"wp:attachment":[{"href":"https:\/\/undeterred.eu\/ca\/wp-json\/wp\/v2\/media?parent=1318"}],"curies":[{"name":"wp","href":"https:\/\/api.w.org\/{rel}","templated":true}]}}