{"id":1336,"date":"2026-03-31T13:45:13","date_gmt":"2026-03-31T13:45:13","guid":{"rendered":"https:\/\/undeterred.eu\/legal-notices\/"},"modified":"2026-04-08T20:22:43","modified_gmt":"2026-04-08T20:22:43","slug":"legal-notices","status":"publish","type":"page","link":"https:\/\/undeterred.eu\/ca\/legal-notices\/","title":{"rendered":"Avisos legals"},"content":{"rendered":"\n<div class=\"wp-block-group is-layout-constrained wp-container-core-group-is-layout-8ffb9a3e wp-block-group-is-layout-constrained\" style=\"padding-top:var(--wp--preset--spacing--50);padding-right:0;padding-bottom:var(--wp--preset--spacing--50);padding-left:0\">\n<h2 class=\"wp-block-heading\" id=\"website-publisher\">Editor del lloc web<\/h2>\n\n\n\n<p>Aquest lloc web \u00e9s publicat per la\u00a0<strong>University of Bordeaux<\/strong>, instituci\u00f3 coordinadora del projecte UNDETERRED.<br><br><strong>University of Bordeaux<\/strong><br>6 Av. L\u00e9on Duguit,<br>33600 Pessac, Fran\u00e7a<\/p>\n\n\n\n<hr class=\"wp-block-separator has-alpha-channel-opacity\"\/>\n\n\n\n<h2 class=\"wp-block-heading\" id=\"project-coordinator\">Coordinador del projecte<\/h2>\n\n\n\n<p><strong>Fabien Sabatier<\/strong><br>Coordinador cient\u00edfic \u2014 UNDETERRED<br>LACES UR 7437 \u2014 Laboratoire Cultures, \u00c9ducation, Soci\u00e9t\u00e9s<br>University of Bordeaux<\/p>\n\n\n\n<hr class=\"wp-block-separator has-alpha-channel-opacity\"\/>\n\n\n\n<h2 class=\"wp-block-heading\" id=\"hosting\">Allotjament<\/h2>\n\n\n\n<p>Aquest lloc web \u00e9s allotjat per Infomaniak Network SA, Rue Eug\u00e8ne Marziano 25 &#8211; 1227 Les Acacias (GE)<\/p>\n\n\n\n<hr class=\"wp-block-separator has-alpha-channel-opacity\"\/>\n\n\n\n<h2 class=\"wp-block-heading\" id=\"funding\">Finan\u00e7ament<\/h2>\n\n\n\n<p>Aquest projecte ha rebut finan\u00e7ament del programa de recerca i innovaci\u00f3 Horitz\u00f3 Europa de la Uni\u00f3 Europea sota l&#8217;acord de subvenci\u00f3 N\u00fam. 101095020.<br>Les opinions i punts de vista expressats s\u00f3n exclusivament dels autoria(s) i no reflecteixen necess\u00e0riament els de la Uni\u00f3 Europea ni de l&#8217;Ag\u00e8ncia Executiva Europea de Recerca (REA). Ni la Uni\u00f3 Europea ni l&#8217;autoritat subvencionadora poden ser considerades responsables d&#8217;aquests.<\/p>\n\n\n\n<hr class=\"wp-block-separator has-alpha-channel-opacity\"\/>\n\n\n\n<h2 class=\"wp-block-heading\" id=\"intellectual-property\">Propietat intel\u00b7lectual<\/h2>\n\n\n\n<p>Tots els continguts d&#8217;aquest lloc web \u2014 textos, imatges, gr\u00e0fics i documents \u2014 s\u00f3n propietat del consorci UNDETERRED tret que s&#8217;indiqui el contrari. La reproducci\u00f3 est\u00e0 permesa per a fins no comercials, sempre que s&#8217;acrediti clarament la font.<br>Les publicacions cient\u00edfiques i els productes finals poden estar subjectes a les seves pr\u00f2pies condicions de llic\u00e8ncia, indicades a les p\u00e0gines corresponents.<\/p>\n\n\n\n<hr class=\"wp-block-separator has-alpha-channel-opacity\"\/>\n\n\n\n<h2 class=\"wp-block-heading\" id=\"privacy--data-protection\">Privadesa i protecci\u00f3 de dades<\/h2>\n\n\n\n<p>Per a informaci\u00f3 sobre com gestionem les dades personals, consulteu la nostra\u00a0<strong><a href=\"https:\/\/undeterred.eu\/privacy-policy\/\" data-type=\"page\" data-id=\"3\" target=\"_blank\" rel=\"noreferrer noopener\">Pol\u00edtica de privadesa<\/a><\/strong>.<\/p>\n<\/div>\n","protected":false},"excerpt":{"rendered":"<p>Editor del lloc web Aquest lloc web \u00e9s publicat per la\u00a0University of Bordeaux, instituci\u00f3 coordinadora del projecte UNDETERRED. University of Bordeaux6 Av. L\u00e9on Duguit,33600 Pessac, Fran\u00e7a Coordinador del projecte Fabien SabatierCoordinador cient\u00edfic \u2014 UNDETERREDLACES UR 7437 \u2014 Laboratoire Cultures, \u00c9ducation, Soci\u00e9t\u00e9sUniversity of Bordeaux Allotjament Aquest lloc web \u00e9s allotjat per Infomaniak Network SA, Rue Eug\u00e8ne [&hellip;]<\/p>\n","protected":false},"author":1,"featured_media":0,"parent":0,"menu_order":0,"comment_status":"closed","ping_status":"closed","template":"","meta":{"_acf_changed":false,"_gspb_post_css":"","footnotes":""},"class_list":["post-1336","page","type-page","status-publish","hentry"],"acf":[],"mb":[],"mfb_rest_fields":["title"],"_links":{"self":[{"href":"https:\/\/undeterred.eu\/ca\/wp-json\/wp\/v2\/pages\/1336","targetHints":{"allow":["GET"]}}],"collection":[{"href":"https:\/\/undeterred.eu\/ca\/wp-json\/wp\/v2\/pages"}],"about":[{"href":"https:\/\/undeterred.eu\/ca\/wp-json\/wp\/v2\/types\/page"}],"author":[{"embeddable":true,"href":"https:\/\/undeterred.eu\/ca\/wp-json\/wp\/v2\/users\/1"}],"replies":[{"embeddable":true,"href":"https:\/\/undeterred.eu\/ca\/wp-json\/wp\/v2\/comments?post=1336"}],"version-history":[{"count":7,"href":"https:\/\/undeterred.eu\/ca\/wp-json\/wp\/v2\/pages\/1336\/revisions"}],"predecessor-version":[{"id":2109,"href":"https:\/\/undeterred.eu\/ca\/wp-json\/wp\/v2\/pages\/1336\/revisions\/2109"}],"wp:attachment":[{"href":"https:\/\/undeterred.eu\/ca\/wp-json\/wp\/v2\/media?parent=1336"}],"curies":[{"name":"wp","href":"https:\/\/api.w.org\/{rel}","templated":true}]}}