{"id":3,"date":"2026-02-24T16:28:48","date_gmt":"2026-02-24T16:28:48","guid":{"rendered":"https:\/\/undeterred.eu\/?page_id=3"},"modified":"2026-04-08T19:46:50","modified_gmt":"2026-04-08T19:46:50","slug":"privacy-policy","status":"publish","type":"page","link":"https:\/\/undeterred.eu\/ca\/privacy-policy\/","title":{"rendered":"Pol\u00edtica de privacitat"},"content":{"rendered":"\n<h2 class=\"wp-block-heading\" id=\"who-we-are\">Qui som<\/h2>\n\n\n\n<p>Aquest lloc web \u00e9s gestionat per l&#8217;equip del projecte UNDETERRED, coordinat per la&nbsp;<strong>Universitat de Bord\u00e8u<\/strong>. L&#8217;adre\u00e7a del nostre lloc web \u00e9s: <strong>https:\/\/undeterred.eu<\/strong> <br>UNDETERRED \u00e9s un programa d&#8217;investigaci\u00f3-acci\u00f3 finan\u00e7at per la Uni\u00f3 Europea dins del marc d&#8217;Horizon Europe (Subvenci\u00f3 n\u00fam. 101095020).<br>Per a qualsevol consulta relacionada amb la privacitat, si us plau <a href=\"https:\/\/undeterred.eu\/contact\/\" data-type=\"page\" data-id=\"466\">contacteu amb nosaltres<\/a>&nbsp;<\/p>\n\n\n\n<h2 class=\"wp-block-heading\" id=\"data-we-collect\">Dades que recopilem<\/h2>\n\n\n\n<div class=\"wp-block-group is-layout-constrained wp-container-core-group-is-layout-11c1ca01 wp-block-group-is-layout-constrained\" style=\"padding-right:var(--wp--preset--spacing--50);padding-left:var(--wp--preset--spacing--50)\">\n<h3 class=\"wp-block-heading\" id=\"contact-form\">Formulari de contacte<\/h3>\n\n\n\n<p>Quan utilitzeu el nostre formulari de contacte, recopilem el vostre nom, adre\u00e7a electr\u00f2nica i el contingut del vostre missatge. Aquestes dades s&#8217;utilitzen \u00fanicament per respondre a la vostra consulta i no es comparteixen amb tercers.<\/p>\n\n\n\n<h3 class=\"wp-block-heading\" id=\"comments\">Comentaris<\/h3>\n\n\n\n<p>Si el lloc inclou una opci\u00f3 de comentaris, quan els visitants deixen comentaris recopilem les dades mostrades al formulari de comentaris, juntament amb l&#8217;adre\u00e7a IP del visitant i la cadena d&#8217;agent d&#8217;usuari del navegador per a finalitats de detecci\u00f3 de correu brossa.<\/p>\n\n\n\n<h3 class=\"wp-block-heading\" id=\"media\">Mitjans<\/h3>\n\n\n\n<p>Si pugeu imatges al lloc web, eviteu pujar imatges amb dades d&#8217;ubicaci\u00f3 incrustades (EXIF GPS). Els visitants del lloc web poden descarregar i extreure qualsevol dada d&#8217;ubicaci\u00f3 de les imatges al lloc web.<\/p>\n<\/div>\n\n\n\n<h2 class=\"wp-block-heading\" id=\"cookies\">Cookies<\/h2>\n\n\n\n<p>Aquest lloc pot utilitzar cookies per als seg\u00fcents prop\u00f2sits:<\/p>\n\n\n\n<ul class=\"wp-block-list\">\n<li><strong>Cookies funcionals<\/strong>&nbsp;\u2014 per recordar les vostres prefer\u00e8ncies i opcions de visualitzaci\u00f3<\/li>\n\n\n\n<li><strong>Cookies de sessi\u00f3<\/strong>&nbsp;\u2014 cookies temporals que es descarten quan tanqueu el navegador, utilitzades per verificar la compatibilitat b\u00e0sica del navegador<\/li>\n<\/ul>\n\n\n\n<p>No utilitzem cookies publicit\u00e0ries ni de seguiment conductual.<\/p>\n\n\n\n<h2 class=\"wp-block-heading\" id=\"embedded-content\">Contingut integrat<\/h2>\n\n\n\n<p>Les p\u00e0gines d&#8217;aquest lloc poden incloure contingut integrat (v\u00eddeos, mapes, documents, etc.). El contingut integrat d&#8217;altres llocs web es comporta com si el visitant hagu\u00e9s visitat aquests llocs directament. Aquests llocs poden recopilar dades sobre vosaltres, utilitzar cookies i controlar la vostra interacci\u00f3 amb aquest contingut.<\/p>\n\n\n\n<hr class=\"wp-block-separator has-alpha-channel-opacity\"\/>\n\n\n\n<h2 class=\"wp-block-heading\" id=\"research-data\">Dades de recerca<\/h2>\n\n\n\n<p>Les dades de recerca d&#8217;UNDETERRED (entrevistes, enquestes, grups de discussi\u00f3) es recopilen i processen separadament d&#8217;aquest lloc web, sota protocols \u00e8tics estrictes i plena conformitat amb el GDPR. Totes les dades de recerca s\u00f3n anonimitzades i emmagatzemades de manera segura a la infraestructura acad\u00e8mica&nbsp;<strong>Huma-Num<\/strong>.<\/p>\n\n\n\n<p>\u2192 Vegeu la nostra&nbsp;<strong><a href=\"https:\/\/undeterred.eu\/our-approach\/ethics-data-protection\/\" data-type=\"page\" data-id=\"1271\" target=\"_blank\" rel=\"noreferrer noopener\">p\u00e0gina d&#8217;\u00c8tica i Protecci\u00f3 de Dades<\/a><\/strong>&nbsp;per als detalls complets.<\/p>\n\n\n\n<hr class=\"wp-block-separator has-alpha-channel-opacity\"\/>\n\n\n\n<h2 class=\"wp-block-heading\" id=\"how-long-we-retain-your-data\">Quant de temps conservem les vostres dades<\/h2>\n\n\n\n<p>Les presentacions del formulari de contacte es conserven nom\u00e9s durant el temps necessari per respondre a la vostra consulta. No es conserven m\u00e9s enll\u00e0 d&#8217;aquest per\u00edode tret que sigui necessari per a finalitats legals o administratives.<\/p>\n\n\n\n<hr class=\"wp-block-separator has-alpha-channel-opacity\"\/>\n\n\n\n<h2 class=\"wp-block-heading\" id=\"your-rights\">Els vostres drets<\/h2>\n\n\n\n<p>D&#8217;acord amb el GDPR, teniu dret a accedir, corregir o sol\u00b7licitar la supressi\u00f3 de qualsevol dada personal que tinguem sobre vosaltres. Per exercir aquests drets, contacteu amb nosaltres mitjan\u00e7ant el nostre&nbsp;<strong><a href=\"https:\/\/undeterred.eu\/contact\/\" data-type=\"page\" data-id=\"466\" target=\"_blank\" rel=\"noreferrer noopener\">formulari de contacte<\/a><\/strong>.<\/p>\n\n\n\n<hr class=\"wp-block-separator has-alpha-channel-opacity\"\/>\n\n\n\n<h2 class=\"wp-block-heading\" id=\"where-your-data-is-sent\">On s&#8217;envien les vostres dades<\/h2>\n\n\n\n<p>Dades del formulari de contacte s\u00f3n processades exclusivament per l&#8217;equip del projecte UNDETERRED. No es ven ni es transfereix cap dada personal a tercers.<\/p>\n","protected":false},"excerpt":{"rendered":"<p>Qui som Aquest lloc web \u00e9s gestionat per l&#8217;equip del projecte UNDETERRED, coordinat per la&nbsp;Universitat de Bord\u00e8u. L&#8217;adre\u00e7a del nostre lloc web \u00e9s: https:\/\/undeterred.eu UNDETERRED \u00e9s un programa d&#8217;investigaci\u00f3-acci\u00f3 finan\u00e7at per la Uni\u00f3 Europea dins del marc d&#8217;Horizon Europe (Subvenci\u00f3 n\u00fam. 101095020).Per a qualsevol consulta relacionada amb la privacitat, si us plau contacteu amb nosaltres&nbsp; [&hellip;]<\/p>\n","protected":false},"author":1,"featured_media":0,"parent":0,"menu_order":0,"comment_status":"closed","ping_status":"closed","template":"","meta":{"_acf_changed":false,"_gspb_post_css":"","footnotes":""},"class_list":["post-3","page","type-page","status-publish","hentry"],"acf":[],"mb":[],"mfb_rest_fields":["title"],"_links":{"self":[{"href":"https:\/\/undeterred.eu\/ca\/wp-json\/wp\/v2\/pages\/3","targetHints":{"allow":["GET"]}}],"collection":[{"href":"https:\/\/undeterred.eu\/ca\/wp-json\/wp\/v2\/pages"}],"about":[{"href":"https:\/\/undeterred.eu\/ca\/wp-json\/wp\/v2\/types\/page"}],"author":[{"embeddable":true,"href":"https:\/\/undeterred.eu\/ca\/wp-json\/wp\/v2\/users\/1"}],"replies":[{"embeddable":true,"href":"https:\/\/undeterred.eu\/ca\/wp-json\/wp\/v2\/comments?post=3"}],"version-history":[{"count":11,"href":"https:\/\/undeterred.eu\/ca\/wp-json\/wp\/v2\/pages\/3\/revisions"}],"predecessor-version":[{"id":2058,"href":"https:\/\/undeterred.eu\/ca\/wp-json\/wp\/v2\/pages\/3\/revisions\/2058"}],"wp:attachment":[{"href":"https:\/\/undeterred.eu\/ca\/wp-json\/wp\/v2\/media?parent=3"}],"curies":[{"name":"wp","href":"https:\/\/api.w.org\/{rel}","templated":true}]}}