{"id":441,"date":"2026-03-02T11:45:10","date_gmt":"2026-03-02T11:45:10","guid":{"rendered":"https:\/\/undeterred.eu\/?page_id=441"},"modified":"2026-04-08T19:49:01","modified_gmt":"2026-04-08T19:49:01","slug":"our-research","status":"publish","type":"page","link":"https:\/\/undeterred.eu\/ca\/our-research\/","title":{"rendered":"La nostra recerca"},"content":{"rendered":"\n<p style=\"margin-top:var(--wp--preset--spacing--50);margin-right:var(--wp--preset--spacing--50);margin-bottom:var(--wp--preset--spacing--50);margin-left:var(--wp--preset--spacing--50)\">La recerca d&#8217;UNDETERRED s&#8217;estructura al voltant de <strong>6 Paquets de Treball<\/strong>, cadascun abordant una fase distincta del projecte, des de la recopilaci\u00f3 de dades fins a la difusi\u00f3. Junts, formen una cadena cont\u00ednua des de l&#8217;evid\u00e8ncia fins a l&#8217;acci\u00f3.<\/p>\n\n\n\n<div class=\"wp-block-group has-ti-bg-alt-background-color has-background is-content-justification-left is-layout-constrained wp-container-core-group-is-layout-d0c82cf6 wp-block-group-is-layout-constrained\" style=\"padding-top:var(--wp--preset--spacing--40);padding-right:var(--wp--preset--spacing--60);padding-bottom:var(--wp--preset--spacing--40);padding-left:var(--wp--preset--spacing--60)\">\n<div class=\"wp-block-group is-nowrap is-layout-flex wp-container-core-group-is-layout-6c531013 wp-block-group-is-layout-flex\">\n<div class=\"wp-block-group is-layout-constrained wp-block-group-is-layout-constrained\" style=\"padding-top:0;padding-bottom:0\">\n<h6 class=\"wp-block-heading has-ti-bg-color has-ti-accent-background-color has-text-color has-background has-playfair-display-font-family has-small-font-size\" id=\"1\" style=\"border-top-left-radius:100%;border-top-right-radius:100%;border-bottom-left-radius:100%;border-bottom-right-radius:100%;padding-top:var(--wp--preset--spacing--50);padding-right:var(--wp--preset--spacing--50);padding-bottom:var(--wp--preset--spacing--50);padding-left:var(--wp--preset--spacing--50);font-style:normal;font-weight:700;line-height:0.5\">1<\/h6>\n<\/div>\n\n\n\n<div class=\"wp-block-group is-vertical is-layout-flex wp-container-core-group-is-layout-2d78de46 wp-block-group-is-layout-flex\" style=\"margin-top:var(--wp--preset--spacing--30);margin-bottom:var(--wp--preset--spacing--30);padding-top:0;padding-bottom:0\">\n<h4 class=\"wp-block-heading\" id=\"map-collect-wp1\">Mapping i recopilaci\u00f3 (WP1)<\/h4>\n\n\n\n<p class=\"has-ti-accent-mid-color has-text-color has-small-font-size\">Recollida de dades socioecon\u00f2miques a les ciutats s\u00f2cies per comprendre els contextos de discriminaci\u00f3 locals.<\/p>\n<\/div>\n<\/div>\n\n\n\n<div class=\"wp-block-group is-nowrap is-layout-flex wp-container-core-group-is-layout-1f4dc4e1 wp-block-group-is-layout-flex\" style=\"min-height:0px;margin-top:0;margin-bottom:0;padding-top:0;padding-right:var(--wp--preset--spacing--50);padding-bottom:0;padding-left:var(--wp--preset--spacing--50)\">\n<hr class=\"wp-block-separator has-alpha-channel-opacity is-style-default is-vertical\" style=\"width: 1px; max-width: 100%;height: 2em;margin-top:var(--wp--preset--spacing--20);margin-bottom:var(--wp--preset--spacing--20)\"\/>\n<\/div>\n\n\n\n<div class=\"wp-block-group is-nowrap is-layout-flex wp-container-core-group-is-layout-6c531013 wp-block-group-is-layout-flex\">\n<div class=\"wp-block-group is-layout-constrained wp-block-group-is-layout-constrained\" style=\"padding-top:0;padding-bottom:0\">\n<h6 class=\"wp-block-heading has-ti-bg-color has-ti-accent-background-color has-text-color has-background has-playfair-display-font-family has-small-font-size\" id=\"1\" style=\"border-top-left-radius:100%;border-top-right-radius:100%;border-bottom-left-radius:100%;border-bottom-right-radius:100%;padding-top:var(--wp--preset--spacing--50);padding-right:var(--wp--preset--spacing--50);padding-bottom:var(--wp--preset--spacing--50);padding-left:var(--wp--preset--spacing--50);font-style:normal;font-weight:700;line-height:0.5\">2<\/h6>\n<\/div>\n\n\n\n<div class=\"wp-block-group is-vertical is-layout-flex wp-container-core-group-is-layout-2d78de46 wp-block-group-is-layout-flex\" style=\"margin-top:var(--wp--preset--spacing--30);margin-bottom:var(--wp--preset--spacing--30);padding-top:0;padding-bottom:0\">\n<h4 class=\"wp-block-heading\" id=\"map-collect-wp1\">An\u00e0lisi i comprensi\u00f3 (WP2)<\/h4>\n\n\n\n<p class=\"has-ti-accent-mid-color has-text-color has-small-font-size\">Construcci\u00f3 de coneixement emp\u00edric sobre els mecanismes de discriminaci\u00f3 sist\u00e8mics i no intencionats.<\/p>\n<\/div>\n<\/div>\n\n\n\n<div class=\"wp-block-group is-nowrap is-layout-flex wp-container-core-group-is-layout-1f4dc4e1 wp-block-group-is-layout-flex\" style=\"min-height:0px;margin-top:0;margin-bottom:0;padding-top:0;padding-right:var(--wp--preset--spacing--50);padding-bottom:0;padding-left:var(--wp--preset--spacing--50)\">\n<hr class=\"wp-block-separator has-alpha-channel-opacity is-style-default is-vertical\" style=\"width: 1px; max-width: 100%;height: 2em;margin-top:var(--wp--preset--spacing--20);margin-bottom:var(--wp--preset--spacing--20)\"\/>\n<\/div>\n\n\n\n<div class=\"wp-block-group is-nowrap is-layout-flex wp-container-core-group-is-layout-6c531013 wp-block-group-is-layout-flex\">\n<div class=\"wp-block-group is-layout-constrained wp-block-group-is-layout-constrained\" style=\"padding-top:0;padding-bottom:0\">\n<h6 class=\"wp-block-heading has-ti-bg-color has-ti-accent-background-color has-text-color has-background has-playfair-display-font-family has-small-font-size\" id=\"1\" style=\"border-top-left-radius:100%;border-top-right-radius:100%;border-bottom-left-radius:100%;border-bottom-right-radius:100%;padding-top:var(--wp--preset--spacing--50);padding-right:var(--wp--preset--spacing--50);padding-bottom:var(--wp--preset--spacing--50);padding-left:var(--wp--preset--spacing--50);font-style:normal;font-weight:700;line-height:0.5\">3<\/h6>\n<\/div>\n\n\n\n<div class=\"wp-block-group is-vertical is-layout-flex wp-container-core-group-is-layout-2d78de46 wp-block-group-is-layout-flex\" style=\"margin-top:var(--wp--preset--spacing--30);margin-bottom:var(--wp--preset--spacing--30);padding-top:0;padding-bottom:0\">\n<h4 class=\"wp-block-heading\" id=\"map-collect-wp1\">Experimentaci\u00f3 i prova (WP3)<\/h4>\n\n\n\n<p class=\"has-ti-accent-mid-color has-text-color has-small-font-size\">Co-disseny i prova en camp de solucions amb socis institucionals i joves.<\/p>\n<\/div>\n<\/div>\n\n\n\n<div class=\"wp-block-group is-nowrap is-layout-flex wp-container-core-group-is-layout-1f4dc4e1 wp-block-group-is-layout-flex\" style=\"min-height:0px;margin-top:0;margin-bottom:0;padding-top:0;padding-right:var(--wp--preset--spacing--50);padding-bottom:0;padding-left:var(--wp--preset--spacing--50)\">\n<hr class=\"wp-block-separator has-alpha-channel-opacity is-style-default is-vertical\" style=\"width: 1px; max-width: 100%;height: 2em;margin-top:var(--wp--preset--spacing--20);margin-bottom:var(--wp--preset--spacing--20)\"\/>\n<\/div>\n\n\n\n<div class=\"wp-block-group is-nowrap is-layout-flex wp-container-core-group-is-layout-6c531013 wp-block-group-is-layout-flex\">\n<div class=\"wp-block-group is-layout-constrained wp-block-group-is-layout-constrained\" style=\"padding-top:0;padding-bottom:0\">\n<h6 class=\"wp-block-heading has-ti-bg-color has-ti-accent-background-color has-text-color has-background has-playfair-display-font-family has-small-font-size\" id=\"1\" style=\"border-top-left-radius:100%;border-top-right-radius:100%;border-bottom-left-radius:100%;border-bottom-right-radius:100%;padding-top:var(--wp--preset--spacing--50);padding-right:var(--wp--preset--spacing--50);padding-bottom:var(--wp--preset--spacing--50);padding-left:var(--wp--preset--spacing--50);font-style:normal;font-weight:700;line-height:0.5\">4<\/h6>\n<\/div>\n\n\n\n<div class=\"wp-block-group is-vertical is-layout-flex wp-container-core-group-is-layout-2d78de46 wp-block-group-is-layout-flex\" style=\"margin-top:var(--wp--preset--spacing--30);margin-bottom:var(--wp--preset--spacing--30);padding-top:0;padding-bottom:0\">\n<h4 class=\"wp-block-heading\" id=\"map-collect-wp1\">Difusi\u00f3 i impacte (WP4)<\/h4>\n\n\n\n<p class=\"has-ti-accent-mid-color has-text-color has-small-font-size\">Compartir resultats \u00e0mpliament per influir en la pol\u00edtica i la pr\u00e0ctica a tota Europa.<\/p>\n<\/div>\n<\/div>\n\n\n\n<div class=\"wp-block-group is-nowrap is-layout-flex wp-container-core-group-is-layout-1f4dc4e1 wp-block-group-is-layout-flex\" style=\"min-height:0px;margin-top:0;margin-bottom:0;padding-top:0;padding-right:var(--wp--preset--spacing--50);padding-bottom:0;padding-left:var(--wp--preset--spacing--50)\">\n<hr class=\"wp-block-separator has-alpha-channel-opacity is-style-default is-vertical\" style=\"width: 1px; max-width: 100%;height: 2em;margin-top:var(--wp--preset--spacing--20);margin-bottom:var(--wp--preset--spacing--20)\"\/>\n<\/div>\n\n\n\n<div class=\"wp-block-group is-nowrap is-layout-flex wp-container-core-group-is-layout-6c531013 wp-block-group-is-layout-flex\">\n<div class=\"wp-block-group is-layout-constrained wp-block-group-is-layout-constrained\" style=\"padding-top:0;padding-bottom:0\">\n<h6 class=\"wp-block-heading has-ti-bg-color has-ti-accent-background-color has-text-color has-background has-playfair-display-font-family has-small-font-size\" id=\"1\" style=\"border-top-left-radius:100%;border-top-right-radius:100%;border-bottom-left-radius:100%;border-bottom-right-radius:100%;padding-top:var(--wp--preset--spacing--50);padding-right:var(--wp--preset--spacing--50);padding-bottom:var(--wp--preset--spacing--50);padding-left:var(--wp--preset--spacing--50);font-style:normal;font-weight:700;line-height:0.5\">5<\/h6>\n<\/div>\n\n\n\n<div class=\"wp-block-group is-vertical is-layout-flex wp-container-core-group-is-layout-2d78de46 wp-block-group-is-layout-flex\" style=\"margin-top:var(--wp--preset--spacing--30);margin-bottom:var(--wp--preset--spacing--30);padding-top:0;padding-bottom:0\">\n<h4 class=\"wp-block-heading\" id=\"map-collect-wp1\">Gesti\u00f3 del projecte i de les dades (WP5)<\/h4>\n\n\n\n<p class=\"has-ti-accent-mid-color has-text-color has-small-font-size\">Gesti\u00f3 de les dades quantitatives del projecte<\/p>\n<\/div>\n<\/div>\n\n\n\n<div class=\"wp-block-group is-nowrap is-layout-flex wp-container-core-group-is-layout-1f4dc4e1 wp-block-group-is-layout-flex\" style=\"min-height:0px;margin-top:0;margin-bottom:0;padding-top:0;padding-right:var(--wp--preset--spacing--50);padding-bottom:0;padding-left:var(--wp--preset--spacing--50)\">\n<hr class=\"wp-block-separator has-alpha-channel-opacity is-style-default is-vertical\" style=\"width: 1px; max-width: 100%;height: 2em;margin-top:var(--wp--preset--spacing--20);margin-bottom:var(--wp--preset--spacing--20)\"\/>\n<\/div>\n\n\n\n<div class=\"wp-block-group is-nowrap is-layout-flex wp-container-core-group-is-layout-6c531013 wp-block-group-is-layout-flex\">\n<div class=\"wp-block-group is-layout-constrained wp-block-group-is-layout-constrained\" style=\"padding-top:0;padding-bottom:0\">\n<h6 class=\"wp-block-heading has-ti-bg-color has-ti-accent-background-color has-text-color has-background has-playfair-display-font-family has-small-font-size\" id=\"1\" style=\"border-top-left-radius:100%;border-top-right-radius:100%;border-bottom-left-radius:100%;border-bottom-right-radius:100%;padding-top:var(--wp--preset--spacing--50);padding-right:var(--wp--preset--spacing--50);padding-bottom:var(--wp--preset--spacing--50);padding-left:var(--wp--preset--spacing--50);font-style:normal;font-weight:700;line-height:0.5\">6<\/h6>\n<\/div>\n\n\n\n<div class=\"wp-block-group is-vertical is-layout-flex wp-container-core-group-is-layout-2d78de46 wp-block-group-is-layout-flex\" style=\"margin-top:var(--wp--preset--spacing--30);margin-bottom:var(--wp--preset--spacing--30);padding-top:0;padding-bottom:0\">\n<h4 class=\"wp-block-heading\" id=\"map-collect-wp1\">Requisits \u00e8tics per a la recerca (WP6)<\/h4>\n\n\n\n<p class=\"has-ti-accent-mid-color has-text-color has-small-font-size\">L&#8217;objectiu \u00e9s assegurar que es compleixin els requisits \u00e8tics de la recerca.<\/p>\n<\/div>\n<\/div>\n<\/div>\n\n\n\n<h2 class=\"wp-block-heading\" id=\"explore-the-research-outputs\">Explora els resultats de la recerca<\/h2>\n\n\n\n<p><strong><a href=\"https:\/\/undeterred.eu\/our-research\/deliverables\/\" data-type=\"page\" data-id=\"1277\">Productes \u2192<\/a><\/strong><\/p>\n\n\n\n<p><strong><a href=\"https:\/\/undeterred.eu\/category\/publication\/\" data-type=\"category\" data-id=\"30\">Publicacions \u2192<\/a><\/strong><\/p>\n\n\n\n<p><strong><a href=\"https:\/\/undeterred.eu\/our-research\/key-findings\/\" data-type=\"page\" data-id=\"1279\">Conclusions clau \u2192<\/a><\/strong><\/p>\n\n\n\n<p><strong><a href=\"https:\/\/undeterred.eu\/our-research\/connected-projects\/\" data-type=\"page\" data-id=\"1281\">Projectes connectats \u2192<\/a><\/strong><\/p>\n","protected":false},"excerpt":{"rendered":"<p>La recerca d&#8217;UNDETERRED s&#8217;estructura al voltant de 6 Paquets de Treball, cadascun abordant una fase distincta del projecte, des de la recopilaci\u00f3 de dades fins a la difusi\u00f3. Junts, formen una cadena cont\u00ednua des de l&#8217;evid\u00e8ncia fins a l&#8217;acci\u00f3. 1 Mapping i recopilaci\u00f3 (WP1) Recollida de dades socioecon\u00f2miques a les ciutats s\u00f2cies per comprendre els [&hellip;]<\/p>\n","protected":false},"author":1,"featured_media":0,"parent":0,"menu_order":0,"comment_status":"closed","ping_status":"closed","template":"","meta":{"_acf_changed":false,"_gspb_post_css":"","footnotes":""},"class_list":["post-441","page","type-page","status-publish","hentry"],"acf":[],"mb":[],"mfb_rest_fields":["title"],"_links":{"self":[{"href":"https:\/\/undeterred.eu\/ca\/wp-json\/wp\/v2\/pages\/441","targetHints":{"allow":["GET"]}}],"collection":[{"href":"https:\/\/undeterred.eu\/ca\/wp-json\/wp\/v2\/pages"}],"about":[{"href":"https:\/\/undeterred.eu\/ca\/wp-json\/wp\/v2\/types\/page"}],"author":[{"embeddable":true,"href":"https:\/\/undeterred.eu\/ca\/wp-json\/wp\/v2\/users\/1"}],"replies":[{"embeddable":true,"href":"https:\/\/undeterred.eu\/ca\/wp-json\/wp\/v2\/comments?post=441"}],"version-history":[{"count":24,"href":"https:\/\/undeterred.eu\/ca\/wp-json\/wp\/v2\/pages\/441\/revisions"}],"predecessor-version":[{"id":2061,"href":"https:\/\/undeterred.eu\/ca\/wp-json\/wp\/v2\/pages\/441\/revisions\/2061"}],"wp:attachment":[{"href":"https:\/\/undeterred.eu\/ca\/wp-json\/wp\/v2\/media?parent=441"}],"curies":[{"name":"wp","href":"https:\/\/api.w.org\/{rel}","templated":true}]}}