{"id":443,"date":"2026-03-02T11:45:21","date_gmt":"2026-03-02T11:45:21","guid":{"rendered":"https:\/\/undeterred.eu\/?page_id=443"},"modified":"2026-04-08T19:50:29","modified_gmt":"2026-04-08T19:50:29","slug":"impact-policy","status":"publish","type":"page","link":"https:\/\/undeterred.eu\/ca\/impact-policy\/","title":{"rendered":"Impacte i Pol\u00edtica"},"content":{"rendered":"\n<h2 class=\"wp-block-heading\" id=\"from-evidence-to-action\">De l&#8217;evid\u00e8ncia a l&#8217;acci\u00f3.<\/h2>\n\n\n\n<p>Comprendre la discriminaci\u00f3 sist\u00e8mica no \u00e9s suficient. UNDETERRED est\u00e0 creat per produir un canvi \u2014 en les institucions, en les pol\u00edtiques, en les pr\u00e0ctiques.<\/p>\n\n\n\n<hr class=\"wp-block-separator has-alpha-channel-opacity is-style-default\"\/>\n\n\n\n<h2 class=\"wp-block-heading\" id=\"three-pillars-of-impact\">Tres pilars de l&#8217;impacte<\/h2>\n\n\n\n<div class=\"wp-block-columns alignwide tw-cols-stack-md-2 is-layout-flex wp-container-core-columns-is-layout-c5b92faa wp-block-columns-is-layout-flex\" style=\"margin-top:var(--wp--preset--spacing--60);margin-bottom:var(--wp--preset--spacing--60)\">\n<div class=\"wp-block-column has-border-color has-ti-bg-color has-muted-25-opacity-background-color has-text-color has-background is-layout-flow wp-container-core-column-is-layout-dd24f509 wp-block-column-is-layout-flow\" style=\"border-color:rgba(13, 33, 64, 0.08);border-width:1px;border-top-left-radius:30px;border-top-right-radius:30px;border-bottom-left-radius:30px;border-bottom-right-radius:30px;padding-top:var(--wp--preset--spacing--50);padding-right:var(--wp--preset--spacing--50);padding-bottom:var(--wp--preset--spacing--50);padding-left:var(--wp--preset--spacing--50)\">\n<div class=\"wp-block-group is-content-justification-space-between is-nowrap is-layout-flex wp-container-core-group-is-layout-ed947458 wp-block-group-is-layout-flex\" style=\"margin-top:0;margin-bottom:0;padding-top:0;padding-right:0;padding-bottom:0;padding-left:0\">\n<div class=\"wp-block-group has-border-navy-background-color has-background has-large-font-size wp-container-content-58efb684 is-layout-constrained wp-container-core-group-is-layout-da604d14 wp-block-group-is-layout-constrained\" style=\"border-top-left-radius:10px;border-top-right-radius:10px;border-bottom-left-radius:10px;border-bottom-right-radius:10px;min-height:2.5em;padding-top:0;padding-right:0;padding-bottom:0;padding-left:0\">\n<p class=\"has-text-align-center has-x-large-font-size\">\ud83c\udfdb\ufe0f<\/p>\n<\/div>\n<\/div>\n\n\n\n<h3 class=\"wp-block-heading\" id=\"first-item-8\">Eines pol\u00edtiques<\/h3>\n\n\n\n<p class=\"has-muted-color has-text-color has-x-small-font-size\">Recomanacions co-constru\u00efdes i guies pr\u00e0ctiques per a institucions i responsables de decisions \u2014 dissenyades per a ser utilitzades directament, no arxivades.<\/p>\n\n\n\n<p class=\"tw-link-no-underline has-link-color has-x-small-font-size wp-elements-285f6f56a863579933cc5d3b90daadf5\" style=\"font-style:normal;font-weight:600;letter-spacing:0.1em;text-decoration:none\"><a href=\"https:\/\/undeterred.eu\/impact-policy\/policy-tools-recommendations\/\" data-type=\"page\" data-id=\"1285\">Veure recursos \u2192<\/a><a href=\"#\"><\/a><\/p>\n<\/div>\n\n\n\n<div class=\"wp-block-column has-border-color has-ti-bg-color has-muted-25-opacity-background-color has-text-color has-background is-layout-flow wp-container-core-column-is-layout-dd24f509 wp-block-column-is-layout-flow\" style=\"border-color:rgba(13, 33, 64, 0.08);border-width:1px;border-top-left-radius:30px;border-top-right-radius:30px;border-bottom-left-radius:30px;border-bottom-right-radius:30px;padding-top:var(--wp--preset--spacing--50);padding-right:var(--wp--preset--spacing--50);padding-bottom:var(--wp--preset--spacing--50);padding-left:var(--wp--preset--spacing--50)\">\n<div class=\"wp-block-group is-content-justification-space-between is-nowrap is-layout-flex wp-container-core-group-is-layout-ed947458 wp-block-group-is-layout-flex\" style=\"margin-top:0;margin-bottom:0;padding-top:0;padding-right:0;padding-bottom:0;padding-left:0\">\n<div class=\"wp-block-group has-border-navy-background-color has-background has-large-font-size wp-container-content-58efb684 is-layout-constrained wp-container-core-group-is-layout-da604d14 wp-block-group-is-layout-constrained\" style=\"border-top-left-radius:10px;border-top-right-radius:10px;border-bottom-left-radius:10px;border-bottom-right-radius:10px;min-height:2.5em;padding-top:0;padding-right:0;padding-bottom:0;padding-left:0\">\n<p class=\"has-text-align-center has-x-large-font-size\"><strong>\ud83d\udd2c<\/strong><\/p>\n<\/div>\n<\/div>\n\n\n\n<h3 class=\"wp-block-heading\" id=\"first-item-8\">Experiments de camp<\/h3>\n\n\n\n<p class=\"has-muted-color has-text-color has-x-small-font-size\">Proves pilot reals testades dins les organitzacions s\u00f2cies a les quatre ciutats \u2014 nous procediments, noves pr\u00e0ctiques, avaluades i refinades en context.<\/p>\n\n\n\n<p class=\"tw-link-no-underline has-link-color has-x-small-font-size wp-elements-da502de0ed6ba5dc1c926cb701bde026\" style=\"font-style:normal;font-weight:600;letter-spacing:0.1em;text-decoration:none\"><a href=\"https:\/\/undeterred.eu\/impact-policy\/field-experiments\/\" data-type=\"page\" data-id=\"1289\">Veure experiments \u2192<\/a><a href=\"#\"><\/a><\/p>\n<\/div>\n\n\n\n<div class=\"wp-block-column has-border-color has-ti-bg-color has-muted-25-opacity-background-color has-text-color has-background is-layout-flow wp-container-core-column-is-layout-dd24f509 wp-block-column-is-layout-flow\" style=\"border-color:rgba(13, 33, 64, 0.08);border-width:1px;border-top-left-radius:30px;border-top-right-radius:30px;border-bottom-left-radius:30px;border-bottom-right-radius:30px;padding-top:var(--wp--preset--spacing--50);padding-right:var(--wp--preset--spacing--50);padding-bottom:var(--wp--preset--spacing--50);padding-left:var(--wp--preset--spacing--50)\">\n<div class=\"wp-block-group is-content-justification-space-between is-nowrap is-layout-flex wp-container-core-group-is-layout-ed947458 wp-block-group-is-layout-flex\" style=\"margin-top:0;margin-bottom:0;padding-top:0;padding-right:0;padding-bottom:0;padding-left:0\">\n<div class=\"wp-block-group has-border-navy-background-color has-background has-large-font-size wp-container-content-58efb684 is-layout-constrained wp-container-core-group-is-layout-da604d14 wp-block-group-is-layout-constrained\" style=\"border-top-left-radius:10px;border-top-right-radius:10px;border-bottom-left-radius:10px;border-bottom-right-radius:10px;min-height:2.5em;padding-top:0;padding-right:0;padding-bottom:0;padding-left:0\">\n<p class=\"has-text-align-center has-x-large-font-size\"><strong><strong>\ud83d\udcda<\/strong><\/strong><\/p>\n<\/div>\n<\/div>\n\n\n\n<h3 class=\"wp-block-heading\" id=\"first-item-8\">Formaci\u00f3 i recursos<\/h3>\n\n\n\n<p class=\"has-muted-color has-text-color has-x-small-font-size\">Materials pr\u00e0ctics per a professionals i practicants que treballen al terreny amb les poblacions m\u00e9s afectades per la discriminaci\u00f3 sist\u00e8mica.<\/p>\n\n\n\n<p class=\"tw-link-no-underline has-link-color has-x-small-font-size wp-elements-a81d84a98f317ab0f19fa46060e03e04\" style=\"font-style:normal;font-weight:600;letter-spacing:0.1em;text-decoration:none\"><a href=\"https:\/\/undeterred.eu\/the-challenge\/the-four-cities\/\" data-type=\"page\" data-id=\"1318\">Descobrir ciutats \u2192<\/a><a href=\"#\"><\/a><\/p>\n<\/div>\n<\/div>\n\n\n\n<hr class=\"wp-block-separator has-alpha-channel-opacity is-style-default\"\/>\n\n\n\n<h2 class=\"wp-block-heading\" id=\"already-in-action\">Ja en acci\u00f3<\/h2>\n\n\n\n<p><strong>Desembre 2025 \u2014 Bucarest<\/strong><br>Llan\u00e7ament de&nbsp;<em>&#8220;Combatre la discriminaci\u00f3 a les universitats&#8221;<\/em>&nbsp;\u2014 la primera guia pr\u00e0ctica d&#8217;aquest tipus per a estudiants a Romania, disponible en roman\u00e8s, angl\u00e8s i franc\u00e8s. Publicada el Dia Internacional dels Drets Humans per la Universitat de Bucarest, en connexi\u00f3 directa amb la recerca d&#8217;UNDETERRED.<\/p>\n\n\n\n<p><strong>Gener 2026 \u2014 Burdeus<\/strong><br>Un taller d&#8217;UNDETERRED al&nbsp;<strong>WOTO European Bootcamp<\/strong>&nbsp;(<em>Treballant Junts contra el Racisme i el Sexisme<\/em>) va reunir joves i treballadors juvenils de Fran\u00e7a, B\u00e8lgica, Espanya i It\u00e0lia per explorar la discriminaci\u00f3 sist\u00e8mica a trav\u00e9s de m\u00e8todes participatius.<\/p>\n","protected":false},"excerpt":{"rendered":"<p>De l&#8217;evid\u00e8ncia a l&#8217;acci\u00f3. Comprendre la discriminaci\u00f3 sist\u00e8mica no \u00e9s suficient. UNDETERRED est\u00e0 creat per produir un canvi \u2014 en les institucions, en les pol\u00edtiques, en les pr\u00e0ctiques. Tres pilars de l&#8217;impacte \ud83c\udfdb\ufe0f Eines pol\u00edtiques Recomanacions co-constru\u00efdes i guies pr\u00e0ctiques per a institucions i responsables de decisions \u2014 dissenyades per a ser utilitzades directament, no [&hellip;]<\/p>\n","protected":false},"author":1,"featured_media":0,"parent":0,"menu_order":0,"comment_status":"closed","ping_status":"closed","template":"","meta":{"_acf_changed":false,"_gspb_post_css":"","footnotes":""},"class_list":["post-443","page","type-page","status-publish","hentry"],"acf":[],"mb":[],"mfb_rest_fields":["title"],"_links":{"self":[{"href":"https:\/\/undeterred.eu\/ca\/wp-json\/wp\/v2\/pages\/443","targetHints":{"allow":["GET"]}}],"collection":[{"href":"https:\/\/undeterred.eu\/ca\/wp-json\/wp\/v2\/pages"}],"about":[{"href":"https:\/\/undeterred.eu\/ca\/wp-json\/wp\/v2\/types\/page"}],"author":[{"embeddable":true,"href":"https:\/\/undeterred.eu\/ca\/wp-json\/wp\/v2\/users\/1"}],"replies":[{"embeddable":true,"href":"https:\/\/undeterred.eu\/ca\/wp-json\/wp\/v2\/comments?post=443"}],"version-history":[{"count":9,"href":"https:\/\/undeterred.eu\/ca\/wp-json\/wp\/v2\/pages\/443\/revisions"}],"predecessor-version":[{"id":2064,"href":"https:\/\/undeterred.eu\/ca\/wp-json\/wp\/v2\/pages\/443\/revisions\/2064"}],"wp:attachment":[{"href":"https:\/\/undeterred.eu\/ca\/wp-json\/wp\/v2\/media?parent=443"}],"curies":[{"name":"wp","href":"https:\/\/api.w.org\/{rel}","templated":true}]}}