{"id":1271,"date":"2026-03-31T10:22:25","date_gmt":"2026-03-31T10:22:25","guid":{"rendered":"https:\/\/undeterred.eu\/?page_id=1271"},"modified":"2026-04-08T19:54:23","modified_gmt":"2026-04-08T19:54:23","slug":"ethics-data-protection","status":"publish","type":"page","link":"https:\/\/undeterred.eu\/es\/our-approach\/ethics-data-protection\/","title":{"rendered":"\u00c9tica y protecci\u00f3n de datos"},"content":{"rendered":"\n<p>La investigaci\u00f3n sobre la discriminaci\u00f3n requiere la confianza de quienes la experimentan. El marco \u00e9tico de UNDETERRED no es un ejercicio de cumplimiento: es un compromiso fundamental, integrado en cada fase del trabajo de campo.<\/p>\n\n\n\n<hr class=\"wp-block-separator has-alpha-channel-opacity\"\/>\n\n\n\n<h2 class=\"wp-block-heading\" id=\"our-commitments\">Nuestros compromisos<\/h2>\n\n\n\n<p><strong>Consentimiento informado<\/strong><br>Cada participante est\u00e1 completamente informado sobre la naturaleza de la investigaci\u00f3n, c\u00f3mo se utilizar\u00e1n sus datos y su derecho a retirarse en cualquier momento.<br><br><strong>Anonimizaci\u00f3n<\/strong><br>Todos los datos de entrevistas y encuestas se anonimizan sistem\u00e1ticamente. Ning\u00fan individuo puede ser identificado en ninguna publicaci\u00f3n o resultado.<br><br><strong>Conformidad con el RGPD<\/strong><br>El proyecto opera en plena conformidad con las regulaciones europeas de protecci\u00f3n de datos en los cuatro contextos nacionales.<br><br><strong>Almacenamiento seguro de datos<\/strong><br>Todos los datos de la investigaci\u00f3n se almacenan en <strong>Huma-Num<\/strong>, la infraestructura acad\u00e9mica nacional francesa para las investigaciones en humanidades y ciencias sociales.<\/p>\n\n\n\n<hr class=\"wp-block-separator has-alpha-channel-opacity\"\/>\n\n\n\n<h2 class=\"wp-block-heading\" id=\"governance\">Gobernanza<\/h2>\n\n\n\n<p>La supervisi\u00f3n \u00e9tica es pilotada por la&nbsp;<strong>Universidad de Burdeos (LACES)<\/strong>&nbsp;bajo&nbsp;<strong>WP6<\/strong>, asegurando la aplicaci\u00f3n coherente de los est\u00e1ndares \u00e9ticos en todas las instituciones socias y sitios de investigaci\u00f3n.<\/p>\n","protected":false},"excerpt":{"rendered":"<p>La investigaci\u00f3n sobre la discriminaci\u00f3n requiere la confianza de quienes la experimentan. El marco \u00e9tico de UNDETERRED no es un ejercicio de cumplimiento: es un compromiso fundamental, integrado en cada fase del trabajo de campo. Nuestros compromisos Consentimiento informadoCada participante est\u00e1 completamente informado sobre la naturaleza de la investigaci\u00f3n, c\u00f3mo se utilizar\u00e1n sus datos y [&hellip;]<\/p>\n","protected":false},"author":1,"featured_media":0,"parent":439,"menu_order":0,"comment_status":"closed","ping_status":"closed","template":"","meta":{"_acf_changed":false,"_gspb_post_css":"","footnotes":""},"class_list":["post-1271","page","type-page","status-publish","hentry"],"acf":[],"mb":[],"mfb_rest_fields":["title"],"_links":{"self":[{"href":"https:\/\/undeterred.eu\/es\/wp-json\/wp\/v2\/pages\/1271","targetHints":{"allow":["GET"]}}],"collection":[{"href":"https:\/\/undeterred.eu\/es\/wp-json\/wp\/v2\/pages"}],"about":[{"href":"https:\/\/undeterred.eu\/es\/wp-json\/wp\/v2\/types\/page"}],"author":[{"embeddable":true,"href":"https:\/\/undeterred.eu\/es\/wp-json\/wp\/v2\/users\/1"}],"replies":[{"embeddable":true,"href":"https:\/\/undeterred.eu\/es\/wp-json\/wp\/v2\/comments?post=1271"}],"version-history":[{"count":8,"href":"https:\/\/undeterred.eu\/es\/wp-json\/wp\/v2\/pages\/1271\/revisions"}],"predecessor-version":[{"id":2070,"href":"https:\/\/undeterred.eu\/es\/wp-json\/wp\/v2\/pages\/1271\/revisions\/2070"}],"up":[{"embeddable":true,"href":"https:\/\/undeterred.eu\/es\/wp-json\/wp\/v2\/pages\/439"}],"wp:attachment":[{"href":"https:\/\/undeterred.eu\/es\/wp-json\/wp\/v2\/media?parent=1271"}],"curies":[{"name":"wp","href":"https:\/\/api.w.org\/{rel}","templated":true}]}}