{"id":1277,"date":"2026-03-31T10:26:19","date_gmt":"2026-03-31T10:26:19","guid":{"rendered":"https:\/\/undeterred.eu\/?page_id=1277"},"modified":"2026-04-08T19:56:34","modified_gmt":"2026-04-08T19:56:34","slug":"deliverables","status":"publish","type":"page","link":"https:\/\/undeterred.eu\/es\/our-research\/deliverables\/","title":{"rendered":"Entregables"},"content":{"rendered":"\n<p>Durante la preparaci\u00f3n de UNDETERRED, el consorcio identific\u00f3 qu\u00e9 entregables ser\u00edan los m\u00e1s adecuados para informar sobre el proceso de las actividades del proyecto. Estos entregables pueden ser p\u00fablicos o confidenciales y deber\u00e1n ser validados por la Comisi\u00f3n Europea para ser considerados v\u00e1lidos.<br><br>Como parte de la idea de difusi\u00f3n, pondremos a disposici\u00f3n los res\u00famenes ejecutivos de los entregables que hayan sido aprobados por la Comisi\u00f3n Europea. <strong>Los primeros entregables estar\u00e1n accesibles tras el primer Informe Peri\u00f3dico, no antes de junio de 2024.<\/strong><br><br>Descubra m\u00e1s sobre el trabajo realizado en UNDETERRED en los diferentes paquetes de trabajo y los entregables producidos hasta la fecha. Tambi\u00e9n ser\u00e1 posible descargar el texto completo de los entregables p\u00fablicos.<\/p>\n\n\n\n<hr class=\"wp-block-separator has-text-color has-alpha-channel-opacity has-background\" style=\"width: 50%; max-width: 100%;background-color:#f0f0f0;color:#f0f0f0\"\/>\n\n\n\n<h2 class=\"wp-block-heading has-text-color\" id=\"work-package-1-map-and-data-collect\" style=\"color:#004494\">Paquete de Trabajo 1: Mapear y recopilar datos<\/h2>\n\n\n\n<div class=\"wp-block-group is-layout-constrained wp-container-core-group-is-layout-5170895d wp-block-group-is-layout-constrained\" style=\"margin-top:var(--wp--preset--spacing--40);margin-bottom:var(--wp--preset--spacing--40);padding-right:var(--wp--preset--spacing--50);padding-left:var(--wp--preset--spacing--50)\">\n<p class=\"has-ti-accent-mid-color has-text-color has-small-font-size\"><em>Dirigido por la Universidad de Amsterdam<\/em><\/p>\n\n\n\n<p>Recopilar datos sobre los contextos socioecon\u00f3micos de las ciudades.<\/p>\n<\/div>\n\n\n\n<ul style=\"margin-top:var(--wp--preset--spacing--40);margin-right:0;margin-bottom:var(--wp--preset--spacing--40);margin-left:0;padding-top:0;padding-right:0;padding-bottom:0;padding-left:0\" class=\"wp-block-list is-style-tw-arrow\">\n<li><a>D1.1 Base de datos en bruto de las encuestas (no disponible para difusi\u00f3n p\u00fablica)<\/a><\/li>\n\n\n\n<li><a href=\"https:\/\/ec.europa.eu\/research\/participants\/documents\/downloadPublic?documentIds=080166e508254c7a&#038;appId=PPGMS\">D1.2 <strong>Informe sobre los contextos socioecon\u00f3micos de las ciudades<\/strong><\/a><\/li>\n\n\n\n<li><a>D1.3 Informe comparativo entre ciudades<\/a><\/li>\n\n\n\n<li><a>D1.4 Actas del coloquio<\/a><\/li>\n<\/ul>\n\n\n\n<hr class=\"wp-block-separator has-text-color has-alpha-channel-opacity has-background\" style=\"width: 50%; max-width: 100%;background-color:#f0f0f0;color:#f0f0f0\"\/>\n\n\n\n<h2 class=\"wp-block-heading has-text-color\" id=\"work-package-2-enhance-knowledge-on-systemic-discrimination\" style=\"color:#004494\">Paquete de Trabajo 2: Mejorar el conocimiento sobre la discriminaci\u00f3n sist\u00e9mica<\/h2>\n\n\n\n<div class=\"wp-block-group is-layout-constrained wp-container-core-group-is-layout-04798fec wp-block-group-is-layout-constrained\" style=\"margin-top:var(--wp--preset--spacing--40);margin-bottom:var(--wp--preset--spacing--40);padding-right:var(--wp--preset--spacing--50);padding-left:var(--wp--preset--spacing--50)\">\n<p class=\"has-ti-accent-mid-color has-text-color has-small-font-size\"><em>Dirigido por la Universidad de Lausana<\/em><\/p>\n\n\n\n<p>Desarrollar un conocimiento basado en mecanismos no intencionales.<\/p>\n<\/div>\n\n\n\n<ul style=\"margin-top:var(--wp--preset--spacing--40);margin-right:0;margin-bottom:var(--wp--preset--spacing--40);margin-left:0;padding-top:0;padding-right:0;padding-bottom:0;padding-left:0\" class=\"wp-block-list is-style-tw-arrow\">\n<li><a>D2.1 Actas del segundo coloquio<\/a><\/li>\n<\/ul>\n\n\n\n<hr class=\"wp-block-separator has-text-color has-alpha-channel-opacity has-background\" style=\"width: 50%; max-width: 100%;background-color:#f0f0f0;color:#f0f0f0\"\/>\n\n\n\n<h2 class=\"wp-block-heading has-text-color\" id=\"work-package-3-experiment-validating-and-testing\" style=\"color:#004494\">Paquete de Trabajo 3: Experimentar, validar y probar<\/h2>\n\n\n\n<div class=\"wp-block-group is-layout-constrained wp-container-core-group-is-layout-5170895d wp-block-group-is-layout-constrained\" style=\"margin-top:var(--wp--preset--spacing--40);margin-bottom:var(--wp--preset--spacing--40);padding-right:var(--wp--preset--spacing--50);padding-left:var(--wp--preset--spacing--50)\">\n<p class=\"has-ti-accent-mid-color has-text-color has-small-font-size\"><em>Dirigido por la Universidad Aut\u00f3noma de Barcelona<\/em><\/p>\n\n\n\n<p>Probar y evaluar la tipolog\u00eda<\/p>\n<\/div>\n\n\n\n<ul style=\"margin-top:var(--wp--preset--spacing--40);margin-right:0;margin-bottom:var(--wp--preset--spacing--40);margin-left:0;padding-top:0;padding-right:0;padding-bottom:0;padding-left:0\" class=\"wp-block-list is-style-tw-arrow\">\n<li><a>D3.3 Modelo y definici\u00f3n (Validaci\u00f3n)<\/a><\/li>\n\n\n\n<li><a>D3.5 El nuevo dise\u00f1o co-construido<\/a><\/li>\n\n\n\n<li><a>D3.6 Gu\u00eda de buenas pr\u00e1cticas para luchar contra las discriminaciones sist\u00e9micas<\/a><\/li>\n\n\n\n<li><a>D3.8 Informe preliminar sobre la validaci\u00f3n del modelo y la definici\u00f3n<\/a><\/li>\n<\/ul>\n\n\n\n<hr class=\"wp-block-separator has-text-color has-alpha-channel-opacity has-background\" style=\"width: 50%; max-width: 100%;background-color:#f0f0f0;color:#f0f0f0\"\/>\n\n\n\n<h2 class=\"wp-block-heading has-text-color\" id=\"work-package-4-disseminate-and-promote-the-results\" style=\"color:#004494\">Paquete de Trabajo 4: Difundir y promover los resultados<\/h2>\n\n\n\n<div class=\"wp-block-group is-layout-constrained wp-container-core-group-is-layout-5170895d wp-block-group-is-layout-constrained\" style=\"margin-top:var(--wp--preset--spacing--40);margin-bottom:var(--wp--preset--spacing--40);padding-right:var(--wp--preset--spacing--50);padding-left:var(--wp--preset--spacing--50)\">\n<p class=\"has-ti-accent-mid-color has-text-color has-small-font-size\"><em>Dirigido por la Universidad de Bucarest<\/em><\/p>\n\n\n\n<p>Difundir resultados de investigaci\u00f3n<\/p>\n<\/div>\n\n\n\n<ul style=\"margin-top:var(--wp--preset--spacing--40);margin-right:0;margin-bottom:var(--wp--preset--spacing--40);margin-left:0;padding-top:0;padding-right:0;padding-bottom:0;padding-left:0\" class=\"wp-block-list is-style-tw-arrow\">\n<li><a>D4.1 Primer documental &#8211; Expresiones culturales roman\u00edes en Barcelona<\/a><\/li>\n\n\n\n<li><a>D4.2 Exposici\u00f3n itinerante<\/a><\/li>\n\n\n\n<li><a>D4.3 Responsabilidad Social Corporativa + gu\u00eda<\/a><\/li>\n\n\n\n<li><a>D4.7 Marco para exposici\u00f3n itinerante<\/a><\/li>\n\n\n\n<li><a>D4.6 Segundo documental &#8211; Los resultados del proyecto \u00abundeterred\u00bb en v\u00eddeo<\/a><\/li>\n<\/ul>\n\n\n\n<hr class=\"wp-block-separator has-text-color has-alpha-channel-opacity has-background\" style=\"width: 50%; max-width: 100%;background-color:#f0f0f0;color:#f0f0f0\"\/>\n\n\n\n<h2 class=\"wp-block-heading has-text-color\" id=\"work-package-5-project-and-data-management\" style=\"color:#004494\">Paquete de Trabajo 5: Gesti\u00f3n del proyecto y de los datos<\/h2>\n\n\n\n<div class=\"wp-block-group is-layout-constrained wp-container-core-group-is-layout-17ebec01 wp-block-group-is-layout-constrained\" style=\"margin-top:var(--wp--preset--spacing--40);margin-bottom:var(--wp--preset--spacing--40);padding-right:var(--wp--preset--spacing--50);padding-left:var(--wp--preset--spacing--50)\">\n<p class=\"has-ti-accent-mid-color has-text-color has-small-font-size\"><em>Dirigido por la Universidad de Burdeos<\/em><\/p>\n\n\n\n<p>Gestionar los datos cuantitativos del proyecto<\/p>\n<\/div>\n\n\n\n<ul style=\"margin-top:var(--wp--preset--spacing--40);margin-right:0;margin-bottom:var(--wp--preset--spacing--40);margin-left:0;padding-top:0;padding-right:0;padding-bottom:0;padding-left:0\" class=\"wp-block-list is-style-tw-arrow\">\n<li><a>D.5.2 Informe sobre resultados estad\u00edsticos de las encuestas<\/a><\/li>\n\n\n\n<li><a>D.5.3 Informe sobre los resultados estad\u00edsticos de las encuestas y sobre perfiles de vulnerabilidad<\/a><\/li>\n\n\n\n<li><a>D.5.4 Resultados del \u00edndice de discriminaci\u00f3n sist\u00e9mica<\/a><\/li>\n\n\n\n<li><a>D.5.5 Estudios econom\u00e9tricos sobre empresas<\/a><\/li>\n\n\n\n<li><a>D.5.6 Recomendaciones de pol\u00edticas p\u00fablicas<\/a><\/li>\n\n\n\n<li><a>D.5.7 Informe de progreso sobre el m\u00e9todo de c\u00e1lculo y los primeros resultados<\/a><\/li>\n<\/ul>\n\n\n\n<hr class=\"wp-block-separator has-text-color has-alpha-channel-opacity has-background\" style=\"width: 50%; max-width: 100%;background-color:#f0f0f0;color:#f0f0f0\"\/>\n\n\n\n<h2 class=\"wp-block-heading has-text-color\" id=\"work-package-6-ethical-requirements-for-research\" style=\"color:#004494\">Paquete de Trabajo 6: Requerimientos \u00e9ticos para la investigaci\u00f3n<\/h2>\n\n\n\n<div class=\"wp-block-group is-layout-constrained wp-container-core-group-is-layout-04798fec wp-block-group-is-layout-constrained\" style=\"margin-top:var(--wp--preset--spacing--40);margin-bottom:var(--wp--preset--spacing--40);padding-right:var(--wp--preset--spacing--50);padding-left:var(--wp--preset--spacing--50)\">\n<p class=\"has-ti-accent-mid-color has-text-color has-small-font-size\" style=\"margin-top:0;margin-bottom:0;padding-top:0;padding-bottom:0\"><em>Dirigido por la Universidad de Burdeos<\/em><\/p>\n\n\n\n<p>El objetivo es asegurar que se cumplan los requerimientos \u00e9ticos de la investigaci\u00f3n.<\/p>\n<\/div>\n","protected":false},"excerpt":{"rendered":"<p>Durante la preparaci\u00f3n de UNDETERRED, el consorcio identific\u00f3 qu\u00e9 entregables ser\u00edan los m\u00e1s adecuados para informar sobre el proceso de las actividades del proyecto. Estos entregables pueden ser p\u00fablicos o confidenciales y deber\u00e1n ser validados por la Comisi\u00f3n Europea para ser considerados v\u00e1lidos. Como parte de la idea de difusi\u00f3n, pondremos a disposici\u00f3n los res\u00famenes [&hellip;]<\/p>\n","protected":false},"author":1,"featured_media":0,"parent":441,"menu_order":0,"comment_status":"closed","ping_status":"closed","template":"","meta":{"_acf_changed":false,"_gspb_post_css":"","footnotes":""},"class_list":["post-1277","page","type-page","status-publish","hentry"],"acf":[],"mb":[],"mfb_rest_fields":["title"],"_links":{"self":[{"href":"https:\/\/undeterred.eu\/es\/wp-json\/wp\/v2\/pages\/1277","targetHints":{"allow":["GET"]}}],"collection":[{"href":"https:\/\/undeterred.eu\/es\/wp-json\/wp\/v2\/pages"}],"about":[{"href":"https:\/\/undeterred.eu\/es\/wp-json\/wp\/v2\/types\/page"}],"author":[{"embeddable":true,"href":"https:\/\/undeterred.eu\/es\/wp-json\/wp\/v2\/users\/1"}],"replies":[{"embeddable":true,"href":"https:\/\/undeterred.eu\/es\/wp-json\/wp\/v2\/comments?post=1277"}],"version-history":[{"count":11,"href":"https:\/\/undeterred.eu\/es\/wp-json\/wp\/v2\/pages\/1277\/revisions"}],"predecessor-version":[{"id":2072,"href":"https:\/\/undeterred.eu\/es\/wp-json\/wp\/v2\/pages\/1277\/revisions\/2072"}],"up":[{"embeddable":true,"href":"https:\/\/undeterred.eu\/es\/wp-json\/wp\/v2\/pages\/441"}],"wp:attachment":[{"href":"https:\/\/undeterred.eu\/es\/wp-json\/wp\/v2\/media?parent=1277"}],"curies":[{"name":"wp","href":"https:\/\/api.w.org\/{rel}","templated":true}]}}