{"id":1279,"date":"2026-03-31T10:26:51","date_gmt":"2026-03-31T10:26:51","guid":{"rendered":"https:\/\/undeterred.eu\/?page_id=1279"},"modified":"2026-04-08T19:58:38","modified_gmt":"2026-04-08T19:58:38","slug":"key-findings","status":"publish","type":"page","link":"https:\/\/undeterred.eu\/es\/our-research\/key-findings\/","title":{"rendered":"Conclusiones clave"},"content":{"rendered":"\n<h2 class=\"wp-block-heading\" id=\"preliminary-findings-presented-at-imiscoe-2025-par\" style=\"margin-top:var(--wp--preset--spacing--50);margin-bottom:var(--wp--preset--spacing--50)\">Resultados preliminares&nbsp;<em>(presentados en IMISCOE 2025, Par\u00eds \u2014 julio 2025)<\/em><\/h2>\n\n\n\n<p>Investigadores de los equipos de \u00c1msterdam, Bucarest y Burdeos presentaron los primeros resultados en la conferencia anual IMISCOE en Par\u00eds (1\u20134 de julio de 2025), dentro del taller&nbsp;<em>\u00abInvestigando y combatiendo la discriminaci\u00f3n sist\u00e9mica a nivel local\u00bb<\/em>.<\/p>\n\n\n\n<div class=\"wp-block-group is-layout-constrained wp-container-core-group-is-layout-11c1ca01 wp-block-group-is-layout-constrained\" style=\"padding-right:var(--wp--preset--spacing--50);padding-left:var(--wp--preset--spacing--50)\">\n<p>Temas clave presentados:<\/p>\n\n\n\n<ul class=\"wp-block-list is-style-default\">\n<li><strong>Acceso a la atenci\u00f3n sanitaria en Bucarest<\/strong> \u2014 Filtros invisibles que estructuran el acceso a la atenci\u00f3n, examinados a trav\u00e9s de una lectura cruzada de percepciones institucionales y desigualdades vividas <em>(Simona Necula, Ovidiu Oltean, Marian Ursan)<\/em><\/li>\n\n\n\n<li><strong>Discriminaci\u00f3n contra las poblaciones musulmanas en \u00c1msterdam<\/strong> \u2014 Formas de discriminaci\u00f3n que afectan a las personas musulmanas, incluidos mecanismos no intencionados en contextos institucionales <em>(Marcel Maussen, Yamina Meziani)<\/em><\/li>\n\n\n\n<li><strong>Resultados de la encuesta sobre experiencias vividas de discriminaci\u00f3n sist\u00e9mica<\/strong> \u2014 Primeros hallazgos cuantitativos entre categor\u00edas de encuestados <em>(Anatolie Co\u0219ciug)<\/em><\/li>\n\n\n\n<li><strong>Barreras sanitarias para j\u00f3venes de minor\u00edas \u00e9tnicas y de antecedentes migratorios<\/strong> <em>(Simona Necula, Ovidiu Oltean)<\/em><\/li>\n\n\n\n<li><strong>Din\u00e1micas de confianza en las relaciones investigador-encuestado<\/strong> al estudiar la discriminaci\u00f3n <em>(Corina Tulbure, Anatolie Co\u0219ciug)<\/em><\/li>\n<\/ul>\n<\/div>\n\n\n\n<hr class=\"wp-block-separator has-alpha-channel-opacity\"\/>\n\n\n\n<h2 class=\"wp-block-heading\" id=\"findings-in-higher-education-bucharest-2024\" style=\"margin-top:var(--wp--preset--spacing--50);margin-bottom:var(--wp--preset--spacing--50)\">Resultados en educaci\u00f3n superior&nbsp;<em>(Bucarest, 2024)<\/em><\/h2>\n\n\n\n<p>La investigaci\u00f3n realizada en la Universidad de Bucarest document\u00f3&nbsp;<strong>discriminaci\u00f3n no intencionada enfrentada por estudiantes con antecedentes migratorios y no migratorios<\/strong>, arrojando luz sobre cuestiones de identidad e inclusi\u00f3n en entornos acad\u00e9micos. Este trabajo contribuy\u00f3 directamente a la gu\u00eda pr\u00e1ctica&nbsp;<em>\u00abCombatiendo la discriminaci\u00f3n en las universidades\u00bb<\/em>, publicada el 10 de diciembre de 2025.<\/p>\n","protected":false},"excerpt":{"rendered":"<p>Resultados preliminares&nbsp;(presentados en IMISCOE 2025, Par\u00eds \u2014 julio 2025) Investigadores de los equipos de \u00c1msterdam, Bucarest y Burdeos presentaron los primeros resultados en la conferencia anual IMISCOE en Par\u00eds (1\u20134 de julio de 2025), dentro del taller&nbsp;\u00abInvestigando y combatiendo la discriminaci\u00f3n sist\u00e9mica a nivel local\u00bb. Temas clave presentados: Resultados en educaci\u00f3n superior&nbsp;(Bucarest, 2024) La investigaci\u00f3n [&hellip;]<\/p>\n","protected":false},"author":1,"featured_media":0,"parent":441,"menu_order":0,"comment_status":"closed","ping_status":"closed","template":"","meta":{"_acf_changed":false,"_gspb_post_css":"","footnotes":""},"class_list":["post-1279","page","type-page","status-publish","hentry"],"acf":[],"mb":[],"mfb_rest_fields":["title"],"_links":{"self":[{"href":"https:\/\/undeterred.eu\/es\/wp-json\/wp\/v2\/pages\/1279","targetHints":{"allow":["GET"]}}],"collection":[{"href":"https:\/\/undeterred.eu\/es\/wp-json\/wp\/v2\/pages"}],"about":[{"href":"https:\/\/undeterred.eu\/es\/wp-json\/wp\/v2\/types\/page"}],"author":[{"embeddable":true,"href":"https:\/\/undeterred.eu\/es\/wp-json\/wp\/v2\/users\/1"}],"replies":[{"embeddable":true,"href":"https:\/\/undeterred.eu\/es\/wp-json\/wp\/v2\/comments?post=1279"}],"version-history":[{"count":8,"href":"https:\/\/undeterred.eu\/es\/wp-json\/wp\/v2\/pages\/1279\/revisions"}],"predecessor-version":[{"id":2073,"href":"https:\/\/undeterred.eu\/es\/wp-json\/wp\/v2\/pages\/1279\/revisions\/2073"}],"up":[{"embeddable":true,"href":"https:\/\/undeterred.eu\/es\/wp-json\/wp\/v2\/pages\/441"}],"wp:attachment":[{"href":"https:\/\/undeterred.eu\/es\/wp-json\/wp\/v2\/media?parent=1279"}],"curies":[{"name":"wp","href":"https:\/\/api.w.org\/{rel}","templated":true}]}}