{"id":1281,"date":"2026-03-31T10:27:09","date_gmt":"2026-03-31T10:27:09","guid":{"rendered":"https:\/\/undeterred.eu\/?page_id=1281"},"modified":"2026-04-08T20:00:04","modified_gmt":"2026-04-08T20:00:04","slug":"connected-projects","status":"publish","type":"page","link":"https:\/\/undeterred.eu\/es\/our-research\/connected-projects\/","title":{"rendered":"Proyectos Conectados"},"content":{"rendered":"\n<p><strong>Organismo financiador:<\/strong>&nbsp;Unidad Ejecutiva para la Financiaci\u00f3n de la Educaci\u00f3n Superior, Investigaci\u00f3n, Desarrollo e Innovaci\u00f3n \u2013 UEFISCDI (Ministerio Rumano de Investigaci\u00f3n)<\/p>\n\n\n\n<div class=\"wp-block-group is-layout-constrained wp-container-core-group-is-layout-378b07c0 wp-block-group-is-layout-constrained\" style=\"margin-top:var(--wp--preset--spacing--50);margin-bottom:var(--wp--preset--spacing--50);padding-top:0;padding-right:var(--wp--preset--spacing--50);padding-bottom:0;padding-left:var(--wp--preset--spacing--50)\">\n<p><strong>Financiaci\u00f3n:&nbsp;<\/strong>244,598.00 RON \/ \u2243 50.000 \u20ac<\/p>\n\n\n\n<p><strong>Duraci\u00f3n:<\/strong>\u00a0Noviembre 2023 &#8211;\u00a0Diciembre 2025<\/p>\n\n\n\n<p>La investigaci\u00f3n del proyecto Undeterred sobre las desigualdades que enfrentan los estudiantes en educaci\u00f3n, empleo, salud y vivienda llam\u00f3 nuestra atenci\u00f3n sobre el hecho de que hab\u00eda poca informaci\u00f3n disponible sobre el tema en la Universidad de Bucarest. Para contrarrestar los efectos de la discriminaci\u00f3n sist\u00e9mica, los estudiantes deben primero comprender plenamente el significado, el alcance y las implicaciones de este fen\u00f3meno a trav\u00e9s de informaci\u00f3n precisa y completa. A trav\u00e9s de este proyecto queremos:<\/p>\n\n\n\n<ol class=\"wp-block-list\">\n<li>Realizar investigaciones para documentar y diagnosticar el fen\u00f3meno de la discriminaci\u00f3n en el entorno universitario y, en consecuencia, desarrollar estrategias y metodolog\u00edas adecuadas y relevantes para desarrollar las pol\u00edticas de la universidad sobre diversidad e igualdad de oportunidades;<\/li>\n\n\n\n<li>Crear una herramienta institucional \u00fatil para los estudiantes de la Universidad de Bucarest, una gu\u00eda en l\u00ednea f\u00e1cil de usar que contendr\u00e1 informaci\u00f3n esencial para identificar, comprender y actuar para combatir la discriminaci\u00f3n. La gu\u00eda en l\u00ednea estar\u00e1 disponible en rumano, ingl\u00e9s y franc\u00e9s y se actualizar\u00e1 constantemente y ser\u00e1 accesible a trav\u00e9s de un c\u00f3digo QR. Tambi\u00e9n puede replicarse y adaptarse a las necesidades de otras universidades en Rumania.<\/li>\n<\/ol>\n\n\n\n<p>-> <a href=\"http:\/\/www.nodiscriminationub.org\/\" target=\"_blank\" rel=\"noreferrer noopener\">Sitio web del proyecto<\/a><\/p>\n<\/div>\n","protected":false},"excerpt":{"rendered":"<p>Organismo financiador:&nbsp;Unidad Ejecutiva para la Financiaci\u00f3n de la Educaci\u00f3n Superior, Investigaci\u00f3n, Desarrollo e Innovaci\u00f3n \u2013 UEFISCDI (Ministerio Rumano de Investigaci\u00f3n) Financiaci\u00f3n:&nbsp;244,598.00 RON \/ \u2243 50.000 \u20ac Duraci\u00f3n:\u00a0Noviembre 2023 &#8211;\u00a0Diciembre 2025 La investigaci\u00f3n del proyecto Undeterred sobre las desigualdades que enfrentan los estudiantes en educaci\u00f3n, empleo, salud y vivienda llam\u00f3 nuestra atenci\u00f3n sobre el hecho de [&hellip;]<\/p>\n","protected":false},"author":1,"featured_media":0,"parent":441,"menu_order":0,"comment_status":"closed","ping_status":"closed","template":"","meta":{"_acf_changed":false,"_gspb_post_css":"","footnotes":""},"class_list":["post-1281","page","type-page","status-publish","hentry"],"acf":[],"mb":[],"mfb_rest_fields":["title"],"_links":{"self":[{"href":"https:\/\/undeterred.eu\/es\/wp-json\/wp\/v2\/pages\/1281","targetHints":{"allow":["GET"]}}],"collection":[{"href":"https:\/\/undeterred.eu\/es\/wp-json\/wp\/v2\/pages"}],"about":[{"href":"https:\/\/undeterred.eu\/es\/wp-json\/wp\/v2\/types\/page"}],"author":[{"embeddable":true,"href":"https:\/\/undeterred.eu\/es\/wp-json\/wp\/v2\/users\/1"}],"replies":[{"embeddable":true,"href":"https:\/\/undeterred.eu\/es\/wp-json\/wp\/v2\/comments?post=1281"}],"version-history":[{"count":7,"href":"https:\/\/undeterred.eu\/es\/wp-json\/wp\/v2\/pages\/1281\/revisions"}],"predecessor-version":[{"id":2075,"href":"https:\/\/undeterred.eu\/es\/wp-json\/wp\/v2\/pages\/1281\/revisions\/2075"}],"up":[{"embeddable":true,"href":"https:\/\/undeterred.eu\/es\/wp-json\/wp\/v2\/pages\/441"}],"wp:attachment":[{"href":"https:\/\/undeterred.eu\/es\/wp-json\/wp\/v2\/media?parent=1281"}],"curies":[{"name":"wp","href":"https:\/\/api.w.org\/{rel}","templated":true}]}}