{"id":1285,"date":"2026-03-31T10:29:42","date_gmt":"2026-03-31T10:29:42","guid":{"rendered":"https:\/\/undeterred.eu\/?page_id=1285"},"modified":"2026-04-08T20:01:32","modified_gmt":"2026-04-08T20:01:32","slug":"policy-tools-recommendations","status":"publish","type":"page","link":"https:\/\/undeterred.eu\/es\/impact-policy\/policy-tools-recommendations\/","title":{"rendered":"Herramientas y Recomendaciones de Pol\u00edticas"},"content":{"rendered":"\n<p>Las herramientas de pol\u00edtica de UNDETERRED son co-construidas con las instituciones que las utilizar\u00e1n \u2014 no dise\u00f1adas en un vac\u00edo y entregadas. Cada resultado responde a una necesidad real identificada a trav\u00e9s del proceso de investigaci\u00f3n.<\/p>\n\n\n\n<hr class=\"wp-block-separator has-alpha-channel-opacity\"\/>\n\n\n\n<h2 class=\"wp-block-heading\" id=\"published-tools\">Herramientas publicadas<\/h2>\n\n\n\n<h3 class=\"wp-block-heading\" id=\"combating-discrimination-in-universities--buchares\"><em>Combatiendo la Discriminaci\u00f3n en las Universidades<\/em>&nbsp;\u2014 Bucarest, diciembre de 2025<\/h3>\n\n\n\n<p>Lanzado el&nbsp;<strong>10 de diciembre de 2025<\/strong>&nbsp;\u2014 D\u00eda Internacional de los Derechos Humanos \u2014 esta gu\u00eda pr\u00e1ctica fue producida por el Centro de Investigaci\u00f3n&nbsp;<em>\u00abFundamentos de la Modernidad Europea\u00bb<\/em>&nbsp;(FME), el Centro de Pol\u00edticas de Igualdad de Oportunidades (CPES), el Centro FILIA y el Centro de Estudios de Migraci\u00f3n Comparativa de la Universidad de Bucarest.<br><br>La gu\u00eda est\u00e1 dirigida a la comunidad estudiantil y proporciona orientaci\u00f3n clara y accesible sobre c\u00f3mo identificar, entender y desafiar la discriminaci\u00f3n en los entornos universitarios. Est\u00e1 disponible en&nbsp;<strong>rumano, ingl\u00e9s y franc\u00e9s<\/strong>.<br><br>La Universidad de Bucarest se convirti\u00f3 en la primera universidad rumana en proporcionar a los estudiantes una herramienta de este tipo.<\/p>\n\n\n\n<div class=\"wp-block-group is-layout-constrained wp-block-group-is-layout-constrained\">\n<p>\u2192&nbsp;<a rel=\"noreferrer noopener\" target=\"_blank\" href=\"https:\/\/nodiscriminationub.org\/ghid\/\">Acceder a la gu\u00eda<\/a><\/p>\n<\/div>\n\n\n\n<h2 class=\"wp-block-heading\" id=\"in-development\">En desarrollo<\/h2>\n\n\n\n<p>Las herramientas de pol\u00edtica co-dise\u00f1adas con los socios no acad\u00e9micos de UNDETERRED est\u00e1n actualmente en desarrollo como parte del&nbsp;<strong>WP3<\/strong>, incluyendo recomendaciones para:<\/p>\n\n\n\n<ul class=\"wp-block-list\">\n<li><strong>Vivienda<\/strong>&nbsp;\u2014 en colaboraci\u00f3n con URHAJ Nouvelle-Aquitaine y Bordeaux M\u00e9tropole<\/li>\n\n\n\n<li><strong>Empleo<\/strong>&nbsp;\u2014 en colaboraci\u00f3n con CCI Bordeaux Gironde<\/li>\n\n\n\n<li><strong>Salud y Educaci\u00f3n<\/strong>\u00a0\u2014 en las cuatro ciudades asociadas<\/li>\n<\/ul>\n","protected":false},"excerpt":{"rendered":"<p>Las herramientas de pol\u00edtica de UNDETERRED son co-construidas con las instituciones que las utilizar\u00e1n \u2014 no dise\u00f1adas en un vac\u00edo y entregadas. Cada resultado responde a una necesidad real identificada a trav\u00e9s del proceso de investigaci\u00f3n. Herramientas publicadas Combatiendo la Discriminaci\u00f3n en las Universidades&nbsp;\u2014 Bucarest, diciembre de 2025 Lanzado el&nbsp;10 de diciembre de 2025&nbsp;\u2014 D\u00eda [&hellip;]<\/p>\n","protected":false},"author":1,"featured_media":0,"parent":443,"menu_order":0,"comment_status":"closed","ping_status":"closed","template":"","meta":{"_acf_changed":false,"_gspb_post_css":"","footnotes":""},"class_list":["post-1285","page","type-page","status-publish","hentry"],"acf":[],"mb":[],"mfb_rest_fields":["title"],"_links":{"self":[{"href":"https:\/\/undeterred.eu\/es\/wp-json\/wp\/v2\/pages\/1285","targetHints":{"allow":["GET"]}}],"collection":[{"href":"https:\/\/undeterred.eu\/es\/wp-json\/wp\/v2\/pages"}],"about":[{"href":"https:\/\/undeterred.eu\/es\/wp-json\/wp\/v2\/types\/page"}],"author":[{"embeddable":true,"href":"https:\/\/undeterred.eu\/es\/wp-json\/wp\/v2\/users\/1"}],"replies":[{"embeddable":true,"href":"https:\/\/undeterred.eu\/es\/wp-json\/wp\/v2\/comments?post=1285"}],"version-history":[{"count":10,"href":"https:\/\/undeterred.eu\/es\/wp-json\/wp\/v2\/pages\/1285\/revisions"}],"predecessor-version":[{"id":2077,"href":"https:\/\/undeterred.eu\/es\/wp-json\/wp\/v2\/pages\/1285\/revisions\/2077"}],"up":[{"embeddable":true,"href":"https:\/\/undeterred.eu\/es\/wp-json\/wp\/v2\/pages\/443"}],"wp:attachment":[{"href":"https:\/\/undeterred.eu\/es\/wp-json\/wp\/v2\/media?parent=1285"}],"curies":[{"name":"wp","href":"https:\/\/api.w.org\/{rel}","templated":true}]}}