{"id":1289,"date":"2026-03-31T10:30:59","date_gmt":"2026-03-31T10:30:59","guid":{"rendered":"https:\/\/undeterred.eu\/?page_id=1289"},"modified":"2026-04-08T20:02:37","modified_gmt":"2026-04-08T20:02:37","slug":"field-experiments","status":"publish","type":"page","link":"https:\/\/undeterred.eu\/es\/impact-policy\/field-experiments\/","title":{"rendered":"Experimentos de campo"},"content":{"rendered":"\n<p>Los experimentos de campo son el n\u00facleo del WP3 \u2014 la fase donde el conocimiento se convierte en acci\u00f3n. Basado en la tipolog\u00eda de discriminaci\u00f3n desarrollada en WP2, UNDETERRED prueba cambios concretos dentro de organizaciones reales en las cuatro ciudades.<\/p>\n\n\n\n<h2 class=\"wp-block-heading\" id=\"the-principle\">El principio<\/h2>\n\n\n\n<p>Cada experimento se dise\u00f1a colaborativamente con una instituci\u00f3n que ya particip\u00f3 en la fase de investigaci\u00f3n \u2014 una universidad, un servicio de vivienda, un empleador, una administraci\u00f3n p\u00fablica. El objetivo es implementar y evaluar cambios espec\u00edficos en reglas, procedimientos o pr\u00e1cticas identificadas como causas de discriminaci\u00f3n no intencionada.<br><br>No son condiciones controladas de laboratorio. Organizaciones reales, limitaciones reales, cambio real.<\/p>\n\n\n\n<hr class=\"wp-block-separator has-alpha-channel-opacity\"\/>\n\n\n\n<h2 class=\"wp-block-heading\" id=\"barcelona-workshop--december-2025\">Taller en Barcelona \u2014 diciembre de 2025<\/h2>\n\n\n\n<p>Una sesi\u00f3n de trabajo de 4 d\u00edas en\u00a0<strong>Pompeu Fabra University<\/strong>\u00a0(2\u20135 de diciembre de 2025) reuni\u00f3 a equipos de investigaci\u00f3n de Burdeos, Barcelona, Bucarest y Qu\u00e9bec para preparar la transici\u00f3n de WP2 a WP3.<br><br>Resultados clave:<\/p>\n\n\n\n<ul class=\"wp-block-list\">\n<li>An\u00e1lisis de pruebas realizados sobre la tipolog\u00eda de discriminaci\u00f3n<\/li>\n\n\n\n<li>Acuerdo sobre un\u00a0<strong>glosario compartido<\/strong>\u00a0para asegurar una aplicaci\u00f3n coherente en todos los sitios asociados<\/li>\n\n\n\n<li>Confirmaci\u00f3n de que los experimentos ser\u00e1n\u00a0dise\u00f1ados espec\u00edficamente para el contexto y sector, en estrecha colaboraci\u00f3n con actores institucionales<\/li>\n<\/ul>\n\n\n\n<hr class=\"wp-block-separator has-alpha-channel-opacity\"\/>\n\n\n\n<h2 class=\"wp-block-heading\" id=\"status\">Estado<\/h2>\n\n\n\n<p>Actualmente se est\u00e1n dise\u00f1ando y lanzando los experimentos del WP3 en las cuatro ciudades.<\/p>\n\n\n\n<blockquote class=\"wp-block-quote is-layout-flow wp-block-quote-is-layout-flow\">\n<p><em>Esta p\u00e1gina se actualizar\u00e1 a medida que se implementen los pilotos y los resultados est\u00e9n disponibles.<\/em><\/p>\n<\/blockquote>\n\n\n\n<div class=\"wp-block-group is-layout-constrained wp-block-group-is-layout-constrained\">\n<p>\u2192\u00a0<strong><a href=\"https:\/\/undeterred.eu\/impact-policy\/policy-tools-recommendations\/\" data-type=\"page\" data-id=\"1285\">Ver nuestras Herramientas de Pol\u00edticas<\/a><\/strong><br>\u2192\u00a0<strong><a href=\"https:\/\/undeterred.eu\/impact-policy\/training-resources\/\" data-type=\"page\" data-id=\"1291\">Ver nuestros Recursos de Formaci\u00f3n<\/a><\/strong><\/p>\n<\/div>\n","protected":false},"excerpt":{"rendered":"<p>Los experimentos de campo son el n\u00facleo del WP3 \u2014 la fase donde el conocimiento se convierte en acci\u00f3n. Basado en la tipolog\u00eda de discriminaci\u00f3n desarrollada en WP2, UNDETERRED prueba cambios concretos dentro de organizaciones reales en las cuatro ciudades. El principio Cada experimento se dise\u00f1a colaborativamente con una instituci\u00f3n que ya particip\u00f3 en la [&hellip;]<\/p>\n","protected":false},"author":1,"featured_media":0,"parent":443,"menu_order":0,"comment_status":"closed","ping_status":"closed","template":"","meta":{"_acf_changed":false,"_gspb_post_css":"","footnotes":""},"class_list":["post-1289","page","type-page","status-publish","hentry"],"acf":[],"mb":[],"mfb_rest_fields":["title"],"_links":{"self":[{"href":"https:\/\/undeterred.eu\/es\/wp-json\/wp\/v2\/pages\/1289","targetHints":{"allow":["GET"]}}],"collection":[{"href":"https:\/\/undeterred.eu\/es\/wp-json\/wp\/v2\/pages"}],"about":[{"href":"https:\/\/undeterred.eu\/es\/wp-json\/wp\/v2\/types\/page"}],"author":[{"embeddable":true,"href":"https:\/\/undeterred.eu\/es\/wp-json\/wp\/v2\/users\/1"}],"replies":[{"embeddable":true,"href":"https:\/\/undeterred.eu\/es\/wp-json\/wp\/v2\/comments?post=1289"}],"version-history":[{"count":8,"href":"https:\/\/undeterred.eu\/es\/wp-json\/wp\/v2\/pages\/1289\/revisions"}],"predecessor-version":[{"id":2079,"href":"https:\/\/undeterred.eu\/es\/wp-json\/wp\/v2\/pages\/1289\/revisions\/2079"}],"up":[{"embeddable":true,"href":"https:\/\/undeterred.eu\/es\/wp-json\/wp\/v2\/pages\/443"}],"wp:attachment":[{"href":"https:\/\/undeterred.eu\/es\/wp-json\/wp\/v2\/media?parent=1289"}],"curies":[{"name":"wp","href":"https:\/\/api.w.org\/{rel}","templated":true}]}}