{"id":1291,"date":"2026-03-31T10:31:23","date_gmt":"2026-03-31T10:31:23","guid":{"rendered":"https:\/\/undeterred.eu\/?page_id=1291"},"modified":"2026-04-08T20:04:48","modified_gmt":"2026-04-08T20:04:48","slug":"training-resources","status":"publish","type":"page","link":"https:\/\/undeterred.eu\/es\/impact-policy\/training-resources\/","title":{"rendered":"Formaci\u00f3n y Recursos"},"content":{"rendered":"\n<p>UNDETERRED produce materiales pr\u00e1cticos para profesionales y trabajadores que trabajan a diario con las poblaciones m\u00e1s afectadas por la discriminaci\u00f3n sist\u00e9mica \u2014 trabajadores juveniles, gerentes de RRHH, profesionales de la salud, personal universitario.<\/p>\n\n\n\n<hr class=\"wp-block-separator has-alpha-channel-opacity\"\/>\n\n\n\n<h2 class=\"wp-block-heading\" id=\"available-resources\">Recursos disponibles<\/h2>\n\n\n\n<h3 class=\"wp-block-heading\" id=\"combating-discrimination-in-universities--buchares\">Combatiendo la discriminaci\u00f3n en universidades \u2014 Bucarest, diciembre de 2025<\/h3>\n\n\n\n<p>Una gu\u00eda pr\u00e1ctica para estudiantes y personal universitario sobre c\u00f3mo identificar y desafiar la discriminaci\u00f3n en entornos acad\u00e9micos. Disponible en rumano, ingl\u00e9s y franc\u00e9s.<\/p>\n\n\n\n<div class=\"wp-block-group is-layout-constrained wp-block-group-is-layout-constrained\">\n<p><strong>\u2192\u00a0<a href=\"https:\/\/nodiscriminationub.org\/ghid\/\" target=\"_blank\" rel=\"noreferrer noopener\">Acceder a la gu\u00eda<\/a><\/strong><\/p>\n<\/div>\n\n\n\n<h2 class=\"wp-block-heading\" id=\"woto-bootcamp-workshop--bordeaux-january-2026\">Taller Bootcamp WOTO \u2014 Burdeos, enero de 2026<\/h2>\n\n\n\n<p>Un taller participativo sobre la discriminaci\u00f3n sist\u00e9mica impartido en el <em>Bootcamp Europeo Trabajando juntos contra el racismo y el sexismo<\/em>, facilitado por <strong>Lydia Boudlal<\/strong> (URHAJ Nouvelle-Aquitaine) y <strong>Hachem Benissa<\/strong> (Universidad de Burdeos).<br><br>La sesi\u00f3n reuni\u00f3 a j\u00f3venes y trabajadores juveniles de Francia, B\u00e9lgica, Espa\u00f1a e Italia, explorando c\u00f3mo emerge la discriminaci\u00f3n en contextos institucionales cotidianos y c\u00f3mo afecta las trayectorias de vida de los j\u00f3venes.<\/p>\n\n\n\n<h2 class=\"wp-block-heading\" id=\"summer-school--neptun-romania-july-2024\">Escuela de verano \u2014 Neptun, Rumania, julio de 2024<\/h2>\n\n\n\n<p>Miembros del equipo UNDETERRED contribuyeron a la escuela de verano <em>\u00abGrupos de riesgo y servicios de apoyo social\u00bb<\/em>, organizada por la Asociaci\u00f3n Carusel y la Universidad de Bucarest. Las sesiones cubrieron discriminaci\u00f3n sist\u00e9mica, pol\u00edticas antidisciminaci\u00f3n, derechos de las minor\u00edas y igualdad de g\u00e9nero.<\/p>\n\n\n\n<hr class=\"wp-block-separator has-alpha-channel-opacity\"\/>\n\n\n\n<blockquote class=\"wp-block-quote is-layout-flow wp-block-quote-is-layout-flow\">\n<p><em>M\u00e1s recursos de formaci\u00f3n se publicar\u00e1n aqu\u00ed a medida que se desarrollen a trav\u00e9s de WP3 y WP4.<\/em><\/p>\n<\/blockquote>\n","protected":false},"excerpt":{"rendered":"<p>UNDETERRED produce materiales pr\u00e1cticos para profesionales y trabajadores que trabajan a diario con las poblaciones m\u00e1s afectadas por la discriminaci\u00f3n sist\u00e9mica \u2014 trabajadores juveniles, gerentes de RRHH, profesionales de la salud, personal universitario. Recursos disponibles Combatiendo la discriminaci\u00f3n en universidades \u2014 Bucarest, diciembre de 2025 Una gu\u00eda pr\u00e1ctica para estudiantes y personal universitario sobre c\u00f3mo [&hellip;]<\/p>\n","protected":false},"author":1,"featured_media":0,"parent":443,"menu_order":0,"comment_status":"closed","ping_status":"closed","template":"","meta":{"_acf_changed":false,"_gspb_post_css":"","footnotes":""},"class_list":["post-1291","page","type-page","status-publish","hentry"],"acf":[],"mb":[],"mfb_rest_fields":["title"],"_links":{"self":[{"href":"https:\/\/undeterred.eu\/es\/wp-json\/wp\/v2\/pages\/1291","targetHints":{"allow":["GET"]}}],"collection":[{"href":"https:\/\/undeterred.eu\/es\/wp-json\/wp\/v2\/pages"}],"about":[{"href":"https:\/\/undeterred.eu\/es\/wp-json\/wp\/v2\/types\/page"}],"author":[{"embeddable":true,"href":"https:\/\/undeterred.eu\/es\/wp-json\/wp\/v2\/users\/1"}],"replies":[{"embeddable":true,"href":"https:\/\/undeterred.eu\/es\/wp-json\/wp\/v2\/comments?post=1291"}],"version-history":[{"count":8,"href":"https:\/\/undeterred.eu\/es\/wp-json\/wp\/v2\/pages\/1291\/revisions"}],"predecessor-version":[{"id":2082,"href":"https:\/\/undeterred.eu\/es\/wp-json\/wp\/v2\/pages\/1291\/revisions\/2082"}],"up":[{"embeddable":true,"href":"https:\/\/undeterred.eu\/es\/wp-json\/wp\/v2\/pages\/443"}],"wp:attachment":[{"href":"https:\/\/undeterred.eu\/es\/wp-json\/wp\/v2\/media?parent=1291"}],"curies":[{"name":"wp","href":"https:\/\/api.w.org\/{rel}","templated":true}]}}