{"id":1293,"date":"2026-03-31T10:33:10","date_gmt":"2026-03-31T10:33:10","guid":{"rendered":"https:\/\/undeterred.eu\/?page_id=1293"},"modified":"2026-04-08T20:06:58","modified_gmt":"2026-04-08T20:06:58","slug":"our-ecosystem","status":"publish","type":"page","link":"https:\/\/undeterred.eu\/es\/our-ecosystem\/","title":{"rendered":"Nuestro Ecosistema"},"content":{"rendered":"\n<p>UNDETERRED re\u00fane a <strong>doce organizaciones socias<\/strong> \u2014 ocho instituciones acad\u00e9micas y cuatro socios no acad\u00e9micos \u2014 unidas por un compromiso compartido: hacer visible la discriminaci\u00f3n sist\u00e9mica y desactivarla.<\/p>\n\n\n\n<h2 class=\"wp-block-heading\" id=\"academic-partners\">Socios acad\u00e9micos<\/h2>\n\n\n\n<p>Equipos de investigaci\u00f3n de siete universidades en seis pa\u00edses:<\/p>\n\n\n\n<figure class=\"wp-block-table\"><table class=\"has-fixed-layout\"><thead><tr><th class=\"has-text-align-left\" data-align=\"left\">Instituci\u00f3n<\/th><th class=\"has-text-align-left\" data-align=\"left\">Pa\u00eds<\/th><th class=\"has-text-align-left\" data-align=\"left\">Rol<\/th><\/tr><\/thead><tbody><tr><td><strong>University of Amsterdam<\/strong><\/td><td>\ud83c\uddf3\ud83c\uddf1 Netherlands<\/td><td>WP1 Lead \u2014 Map &#038; Data Collect<\/td><\/tr><tr><td><strong>University of Utrecht<\/strong><\/td><td>\ud83c\uddf3\ud83c\uddf1 Netherlands<\/td><td>Research partner<\/td><\/tr><tr><td><strong>Universitat Pompeu Fabra, Barcelona<\/strong><\/td><td>\ud83c\uddea\ud83c\uddf8 Spain<\/td><td>WP3 Lead \u2014 Field Experiments<\/td><\/tr><tr><td><strong>University of Bordeaux<\/strong>&nbsp;(LACES + BSE)<\/td><td>\ud83c\uddeb\ud83c\uddf7 France<\/td><td>Project coordinator \u2014 WP5 &#038; WP6<\/td><\/tr><tr><td><strong>University of Bucharest<\/strong><\/td><td>\ud83c\uddf7\ud83c\uddf4 Romania<\/td><td>WP4 Lead \u2014 Dissemination<\/td><\/tr><tr><td><strong>University of Lausanne<\/strong><\/td><td>\ud83c\udde8\ud83c\udded Switzerland<\/td><td>WP2 Lead \u2014 Knowledge<\/td><\/tr><tr><td><strong>Universit\u00e9 Laval<\/strong><\/td><td>\ud83c\udde8\ud83c\udde6 Qu\u00e9bec<\/td><td>Research partner<\/td><\/tr><\/tbody><\/table><\/figure>\n\n\n\n<div class=\"wp-block-buttons is-layout-flex wp-block-buttons-is-layout-flex\">\n<div class=\"wp-block-button is-style-fill is-style-fill--1\"><a class=\"wp-block-button__link wp-element-button\" href=\"https:\/\/undeterred.eu\/our-ecosystem\/academic-partners\/\">Socios acad\u00e9micos\u2192<\/a><\/div>\n<\/div>\n\n\n\n<h2 class=\"wp-block-heading\" id=\"non-academic-partners\">Socios no acad\u00e9micos<\/h2>\n\n\n\n<p>Con sede en Burdeos, estas organizaciones est\u00e1n integradas en el proceso de investigaci\u00f3n como codise\u00f1adoras \u2014 no como receptoras:<\/p>\n\n\n\n<figure class=\"wp-block-table\"><table class=\"has-fixed-layout\"><thead><tr><th class=\"has-text-align-left\" data-align=\"left\">Organizaci\u00f3n<\/th><th class=\"has-text-align-left\" data-align=\"left\">\u00c1rea<\/th><\/tr><\/thead><tbody><tr><td><strong>Bordeaux M\u00e9tropole<\/strong>&nbsp;\u2014 Dept. Urban Solidarity<\/td><td>Pol\u00edtica urbana y social<\/td><\/tr><tr><td><strong>CCI Bordeaux Gironde<\/strong><\/td><td>Empleo y negocios<\/td><\/tr><tr><td><strong>URHAJ Nouvelle-Aquitaine<\/strong><\/td><td>Vivienda y apoyo a la juventud<\/td><\/tr><\/tbody><\/table><\/figure>\n\n\n\n<div class=\"wp-block-buttons is-layout-flex wp-block-buttons-is-layout-flex\">\n<div class=\"wp-block-button is-style-fill is-style-fill--2\"><a class=\"wp-block-button__link wp-element-button\" href=\"https:\/\/undeterred.eu\/our-ecosystem\/non-academic-partners\/\">Socios no acad\u00e9micos \u2192<\/a><\/div>\n<\/div>\n\n\n\n<h2 class=\"wp-block-heading\" id=\"the-people-behind-the-research\">Las personas detr\u00e1s de la investigaci\u00f3n<\/h2>\n\n\n\n<p><a href=\"https:\/\/undeterred.eu\/our-ecosystem\/the-team\/\" data-type=\"page\" data-id=\"1299\">\u2192\u00a0<strong>El Equipo<\/strong><\/a><br><a href=\"https:\/\/undeterred.eu\/our-ecosystem\/advisory-board\/\" data-type=\"page\" data-id=\"1301\">\u2192\u00a0<strong>Consejo Asesor<\/strong><\/a><\/p>\n","protected":false},"excerpt":{"rendered":"<p>UNDETERRED re\u00fane a doce organizaciones socias \u2014 ocho instituciones acad\u00e9micas y cuatro socios no acad\u00e9micos \u2014 unidas por un compromiso compartido: hacer visible la discriminaci\u00f3n sist\u00e9mica y desactivarla. Socios acad\u00e9micos Equipos de investigaci\u00f3n de siete universidades en seis pa\u00edses: Instituci\u00f3n Pa\u00eds Rol University of Amsterdam \ud83c\uddf3\ud83c\uddf1 Netherlands WP1 Lead \u2014 Map &#038; Data Collect University [&hellip;]<\/p>\n","protected":false},"author":1,"featured_media":0,"parent":0,"menu_order":0,"comment_status":"closed","ping_status":"closed","template":"","meta":{"_acf_changed":false,"_gspb_post_css":"","footnotes":""},"class_list":["post-1293","page","type-page","status-publish","hentry"],"acf":[],"mb":[],"mfb_rest_fields":["title"],"_links":{"self":[{"href":"https:\/\/undeterred.eu\/es\/wp-json\/wp\/v2\/pages\/1293","targetHints":{"allow":["GET"]}}],"collection":[{"href":"https:\/\/undeterred.eu\/es\/wp-json\/wp\/v2\/pages"}],"about":[{"href":"https:\/\/undeterred.eu\/es\/wp-json\/wp\/v2\/types\/page"}],"author":[{"embeddable":true,"href":"https:\/\/undeterred.eu\/es\/wp-json\/wp\/v2\/users\/1"}],"replies":[{"embeddable":true,"href":"https:\/\/undeterred.eu\/es\/wp-json\/wp\/v2\/comments?post=1293"}],"version-history":[{"count":7,"href":"https:\/\/undeterred.eu\/es\/wp-json\/wp\/v2\/pages\/1293\/revisions"}],"predecessor-version":[{"id":2084,"href":"https:\/\/undeterred.eu\/es\/wp-json\/wp\/v2\/pages\/1293\/revisions\/2084"}],"wp:attachment":[{"href":"https:\/\/undeterred.eu\/es\/wp-json\/wp\/v2\/media?parent=1293"}],"curies":[{"name":"wp","href":"https:\/\/api.w.org\/{rel}","templated":true}]}}