{"id":1305,"date":"2026-03-31T10:35:36","date_gmt":"2026-03-31T10:35:36","guid":{"rendered":"https:\/\/undeterred.eu\/?page_id=1305"},"modified":"2026-04-08T20:10:40","modified_gmt":"2026-04-08T20:10:40","slug":"field-reports","status":"publish","type":"page","link":"https:\/\/undeterred.eu\/es\/stories-events\/field-reports\/","title":{"rendered":"Informes de campo"},"content":{"rendered":"\n<p>Los informes de campo son relatos desde el terreno \u2014 escritos por investigadoras, investigadores y socios que est\u00e1n directamente inmersos en los vecindarios, instituciones y comunidades en el centro de la investigaci\u00f3n de UNDETERRED.<br><br>No son art\u00edculos acad\u00e9micos. Son relatos honestos en primera persona sobre c\u00f3mo es el trabajo de campo: los encuentros, las sorpresas, la complejidad de estudiar la discriminaci\u00f3n desde adentro.<\/p>\n\n\n\n<hr class=\"wp-block-separator has-alpha-channel-opacity\"\/>\n\n\n\n<h2 class=\"wp-block-heading\" id=\"what-youll-find-here\">Lo que encontrar\u00e1s aqu\u00ed<\/h2>\n\n\n\n<ul class=\"wp-block-list\">\n<li>Despachos desde las cuatro ciudades de investigaci\u00f3n \u2014 Burdeos, Barcelona, Bucarest, Lausana<\/li>\n\n\n\n<li>Retratos de vecindarios e instituciones donde se realiza la investigaci\u00f3n<\/li>\n\n\n\n<li>Reflexiones sobre el m\u00e9todo \u2014 qu\u00e9 significa estudiar la discriminaci\u00f3n, c\u00f3mo se construye la confianza con los participantes<\/li>\n\n\n\n<li>Relatos anonimados de experiencias vividas recogidas durante entrevistas y grupos focales<\/li>\n<\/ul>\n\n\n\n<hr class=\"wp-block-separator has-alpha-channel-opacity\"\/>\n\n\n\n<p><a href=\"https:\/\/undeterred.eu\/category\/news\/\" data-type=\"category\" data-id=\"21\">\u2192\u00a0<strong>Sigue nuestras \u00faltimas noticias<\/strong><\/a><br><a href=\"\/event\">\u2192\u00a0<strong>Ver todos los eventos pr\u00f3ximos<\/strong><\/a><\/p>\n","protected":false},"excerpt":{"rendered":"<p>Los informes de campo son relatos desde el terreno \u2014 escritos por investigadoras, investigadores y socios que est\u00e1n directamente inmersos en los vecindarios, instituciones y comunidades en el centro de la investigaci\u00f3n de UNDETERRED. No son art\u00edculos acad\u00e9micos. Son relatos honestos en primera persona sobre c\u00f3mo es el trabajo de campo: los encuentros, las sorpresas, [&hellip;]<\/p>\n","protected":false},"author":1,"featured_media":0,"parent":1303,"menu_order":0,"comment_status":"closed","ping_status":"closed","template":"","meta":{"_acf_changed":false,"_gspb_post_css":"","footnotes":""},"class_list":["post-1305","page","type-page","status-publish","hentry"],"acf":[],"mb":[],"mfb_rest_fields":["title"],"_links":{"self":[{"href":"https:\/\/undeterred.eu\/es\/wp-json\/wp\/v2\/pages\/1305","targetHints":{"allow":["GET"]}}],"collection":[{"href":"https:\/\/undeterred.eu\/es\/wp-json\/wp\/v2\/pages"}],"about":[{"href":"https:\/\/undeterred.eu\/es\/wp-json\/wp\/v2\/types\/page"}],"author":[{"embeddable":true,"href":"https:\/\/undeterred.eu\/es\/wp-json\/wp\/v2\/users\/1"}],"replies":[{"embeddable":true,"href":"https:\/\/undeterred.eu\/es\/wp-json\/wp\/v2\/comments?post=1305"}],"version-history":[{"count":6,"href":"https:\/\/undeterred.eu\/es\/wp-json\/wp\/v2\/pages\/1305\/revisions"}],"predecessor-version":[{"id":2093,"href":"https:\/\/undeterred.eu\/es\/wp-json\/wp\/v2\/pages\/1305\/revisions\/2093"}],"up":[{"embeddable":true,"href":"https:\/\/undeterred.eu\/es\/wp-json\/wp\/v2\/pages\/1303"}],"wp:attachment":[{"href":"https:\/\/undeterred.eu\/es\/wp-json\/wp\/v2\/media?parent=1305"}],"curies":[{"name":"wp","href":"https:\/\/api.w.org\/{rel}","templated":true}]}}