{"id":1307,"date":"2026-03-31T10:36:00","date_gmt":"2026-03-31T10:36:00","guid":{"rendered":"https:\/\/undeterred.eu\/?page_id=1307"},"modified":"2026-05-15T12:11:50","modified_gmt":"2026-05-15T12:11:50","slug":"about","status":"publish","type":"page","link":"https:\/\/undeterred.eu\/es\/about\/","title":{"rendered":"Sobre el Proyecto + Cronolog\u00eda"},"content":{"rendered":"\n<h2 class=\"wp-block-heading\" id=\"what-is-undeterred\">\u00bfQu\u00e9 es UNDETERRED?<\/h2>\n\n\n\n<p><strong>UNDETERRED \u2014 Discriminaci\u00f3n No Intencionada Detectada y Racismo Revelado y Desactivado<\/strong> es un programa de investigaci\u00f3n-acci\u00f3n financiado por la Uni\u00f3n Europea en el marco de <strong>Horizon Europe<\/strong> (Subvenci\u00f3n N\u00b0 101095020).<br><br>El proyecto investiga los mecanismos de discriminaci\u00f3n no intencionada que experimentan los j\u00f3venes de 18 a 35 a\u00f1os en cuatro campos clave: vivienda, salud, empleo y educaci\u00f3n. Su hip\u00f3tesis: que parte de la discriminaci\u00f3n sufrida por estas poblaciones se debe a normas, reglas y pr\u00e1cticas institucionales que nunca se cuestionan, incluso cuando son legales.<br><br>El programa tiene tres objetivos principales:<\/p>\n\n\n\n<ul class=\"wp-block-list\">\n<li><strong>Detectar<\/strong> las reglas, procedimientos, normas y pr\u00e1cticas que provocan discriminaci\u00f3n<\/li>\n\n\n\n<li><strong>Revelar<\/strong> los procesos no intencionados que generan desigualdades de acceso y oportunidades en las instituciones<\/li>\n\n\n\n<li><strong>Desactivar<\/strong> estos procesos mediante el co-dise\u00f1o y la experimentaci\u00f3n con soluciones concretas junto con socios no acad\u00e9micos<\/li>\n<\/ul>\n\n\n\n<hr class=\"wp-block-separator has-alpha-channel-opacity\"\/>\n\n\n\n<h2 class=\"wp-block-heading\" id=\"the-consortium\">El consorcio<\/h2>\n\n\n\n<p>El proyecto est\u00e1 coordinado por <strong>Fabien Sabatier<\/strong> (profesor de la Universidad de Burdeos) y <strong>Hachem Benissa<\/strong> (investigador posdoctoral de la Universidad de Burdeos).<\/p>\n\n\n\n<p>Re\u00fane a equipos de investigaci\u00f3n de siete universidades de seis pa\u00edses, adem\u00e1s de socios no acad\u00e9micos de Burdeos:<\/p>\n\n\n\n<ul class=\"wp-block-list\">\n<li><strong>Socios acad\u00e9micos:<\/strong> Universidades de \u00c1msterdam, Utrecht, Barcelona (UPF), Burdeos, Bucarest, y Laval (Quebec)<\/li>\n\n\n\n<li><strong>Socios no acad\u00e9micos:<\/strong> Bordeaux M\u00e9tropole, CCI Bordeaux Gironde, URHAJ Nouvelle-Aquitaine y asociaciones que apoyan a poblaciones inmigrantes<\/li>\n<\/ul>\n\n\n\n<h2 class=\"wp-block-heading\" id=\"project-timeline\">Cronolog\u00eda del Proyecto<\/h2>\n\n\n\n<figure class=\"wp-block-table is-style-tw-border-h-inner\"><table><thead><tr><th class=\"has-text-align-left\" data-align=\"left\">Periodo<\/th><th class=\"has-text-align-left\" data-align=\"left\">Fase<\/th><\/tr><\/thead><tbody><tr><td><strong>Junio 2023<\/strong><\/td><td>Lanzamiento oficial del proyecto \u2014 Burdeos<\/td><\/tr><tr><td><strong>Abril \u2013 Septiembre 2023<\/strong><\/td><td>Encuestas en l\u00ednea \u2014 estudiantes y residentes de barrios en 4 ciudades<\/td><\/tr><tr><td><strong>Septiembre 2023<\/strong><\/td><td>Reuni\u00f3n de expertos legales \u2014 Burdeos<\/td><\/tr><tr><td><strong>Abril 2024 \u2013 Abril 2025<\/strong><\/td><td>Entrevistas en profundidad \u2014 adultos j\u00f3venes, empleadores, servicios p\u00fablicos<\/td><\/tr><tr><td><strong>Septiembre 2024 \u2013 Abril 2026<\/strong><\/td><td>Grupos focales en 4 ciudades<\/td><\/tr><tr><td><strong>Diciembre 2025<\/strong><\/td><td>Lanzamiento de&nbsp;<em>\u00abCombatiendo la Discriminaci\u00f3n en las Universidades\u00bb<\/em>&nbsp;\u2014 Bucarest<\/td><\/tr><tr><td><strong>2024 \u2013 2026<\/strong><\/td><td>Experimentos de campo de WP3 \u2014 pilotos co-dise\u00f1ados en 4 ciudades<\/td><\/tr><tr><td><strong>2023 \u2013 2027<\/strong><\/td><td>Difusi\u00f3n continua (WP4)<\/td><\/tr><\/tbody><\/table><\/figure>\n\n\n\n<hr class=\"wp-block-separator has-alpha-channel-opacity\"\/>\n\n\n\n<p><strong>Duraci\u00f3n:<\/strong>&nbsp;2023 \u2013 2027<br><strong>Financiaci\u00f3n:<\/strong>&nbsp;Uni\u00f3n Europea \u2014 Horizon Europe \u2014 Subvenci\u00f3n N\u00b0 101095020<\/p>\n\n\n\n<div class=\"wp-block-group is-layout-constrained wp-block-group-is-layout-constrained\">\n<p>\u2192&nbsp;<strong><a href=\"https:\/\/undeterred.eu\/about\/funding-horizon-europe\/\" data-type=\"page\" data-id=\"1309\">Financiaci\u00f3n &#038; Horizon Europe<\/a><\/strong><br>\u2192&nbsp;<strong><a href=\"https:\/\/undeterred.eu\/contact\/\" data-type=\"page\" data-id=\"466\">Contacto<\/a><\/strong><\/p>\n<\/div>\n","protected":false},"excerpt":{"rendered":"<p>\u00bfQu\u00e9 es UNDETERRED? UNDETERRED \u2014 Discriminaci\u00f3n No Intencionada Detectada y Racismo Revelado y Desactivado es un programa de investigaci\u00f3n-acci\u00f3n financiado por la Uni\u00f3n Europea en el marco de Horizon Europe (Subvenci\u00f3n N\u00b0 101095020). El proyecto investiga los mecanismos de discriminaci\u00f3n no intencionada que experimentan los j\u00f3venes de 18 a 35 a\u00f1os en cuatro campos clave: [&hellip;]<\/p>\n","protected":false},"author":1,"featured_media":0,"parent":0,"menu_order":0,"comment_status":"closed","ping_status":"closed","template":"","meta":{"_acf_changed":false,"_gspb_post_css":"","footnotes":""},"class_list":["post-1307","page","type-page","status-publish","hentry"],"acf":[],"mb":[],"mfb_rest_fields":["title"],"_links":{"self":[{"href":"https:\/\/undeterred.eu\/es\/wp-json\/wp\/v2\/pages\/1307","targetHints":{"allow":["GET"]}}],"collection":[{"href":"https:\/\/undeterred.eu\/es\/wp-json\/wp\/v2\/pages"}],"about":[{"href":"https:\/\/undeterred.eu\/es\/wp-json\/wp\/v2\/types\/page"}],"author":[{"embeddable":true,"href":"https:\/\/undeterred.eu\/es\/wp-json\/wp\/v2\/users\/1"}],"replies":[{"embeddable":true,"href":"https:\/\/undeterred.eu\/es\/wp-json\/wp\/v2\/comments?post=1307"}],"version-history":[{"count":28,"href":"https:\/\/undeterred.eu\/es\/wp-json\/wp\/v2\/pages\/1307\/revisions"}],"predecessor-version":[{"id":2457,"href":"https:\/\/undeterred.eu\/es\/wp-json\/wp\/v2\/pages\/1307\/revisions\/2457"}],"wp:attachment":[{"href":"https:\/\/undeterred.eu\/es\/wp-json\/wp\/v2\/media?parent=1307"}],"curies":[{"name":"wp","href":"https:\/\/api.w.org\/{rel}","templated":true}]}}