{"id":1309,"date":"2026-03-31T10:36:16","date_gmt":"2026-03-31T10:36:16","guid":{"rendered":"https:\/\/undeterred.eu\/?page_id=1309"},"modified":"2026-04-08T20:14:15","modified_gmt":"2026-04-08T20:14:15","slug":"funding-horizon-europe","status":"publish","type":"page","link":"https:\/\/undeterred.eu\/es\/about\/funding-horizon-europe\/","title":{"rendered":"Financiaci\u00f3n y Horizonte Europa"},"content":{"rendered":"\n<h2 class=\"wp-block-heading\" id=\"horizon-europe\">Horizonte Europa<\/h2>\n\n\n\n<p>Horizonte Europa es el programa clave de financiaci\u00f3n de la Uni\u00f3n Europea para la investigaci\u00f3n y la innovaci\u00f3n, que se ejecuta desde 2021 hasta 2027 con un presupuesto de \u20ac95.5 mil millones. Apoya proyectos que abordan grandes desaf\u00edos sociales y fortalecen la base cient\u00edfica y tecnol\u00f3gica de la UE.<br><br>UNDETERRED est\u00e1 financiado bajo el <strong>Cl\u00faster 2 de Horizonte Europa \u2014 Cultura, Creatividad y Sociedad Inclusiva<\/strong>, que apoya la investigaci\u00f3n en democracia, patrimonio cultural, desigualdades sociales e inclusi\u00f3n.<\/p>\n\n\n\n<hr class=\"wp-block-separator has-alpha-channel-opacity\"\/>\n\n\n\n<h2 class=\"wp-block-heading\" id=\"grant-details\">Detalles de la subvenci\u00f3n<\/h2>\n\n\n\n<figure class=\"wp-block-table is-style-tw-border-h-inner\"><table class=\"has-fixed-layout\"><tbody><tr><td><strong>Programa<\/strong><\/td><td>Horizonte Europa<\/td><\/tr><tr><td><strong>Acuerdo de subvenci\u00f3n<\/strong><\/td><td>N\u00b0 101095020<\/td><\/tr><tr><td><strong>Acr\u00f3nimo del proyecto<\/strong><\/td><td>UNDETERRED<\/td><\/tr><tr><td><strong>Duraci\u00f3n<\/strong><\/td><td>2023 \u2013 2027<\/td><\/tr><tr><td><strong>Instituci\u00f3n coordinadora<\/strong><\/td><td>University of Bordeaux<\/td><\/tr><\/tbody><\/table><\/figure>\n\n\n\n<hr class=\"wp-block-separator has-alpha-channel-opacity\"\/>\n\n\n\n<h2 class=\"wp-block-heading\" id=\"legal-mention\">Menci\u00f3n legal<\/h2>\n\n\n\n<blockquote class=\"wp-block-quote is-layout-flow wp-block-quote-is-layout-flow\" style=\"padding-top:var(--wp--preset--spacing--50);padding-right:var(--wp--preset--spacing--50);padding-bottom:var(--wp--preset--spacing--50);padding-left:var(--wp--preset--spacing--50)\">\n<p><em>Este proyecto ha recibido financiaci\u00f3n del programa de investigaci\u00f3n e innovaci\u00f3n Horizonte Europa de la Uni\u00f3n Europea bajo el acuerdo de subvenci\u00f3n N\u00b0 101095020.<\/em><br><em>Las opiniones y puntos de vista expresados son \u00fanicamente de los autores y no reflejan necesariamente los de la Uni\u00f3n Europea ni de la Agencia Ejecutiva de Investigaci\u00f3n Europea (REA). Ni la Uni\u00f3n Europea ni la autoridad concedente pueden ser responsables de ellos.<\/em><\/p>\n<\/blockquote>\n","protected":false},"excerpt":{"rendered":"<p>Horizonte Europa Horizonte Europa es el programa clave de financiaci\u00f3n de la Uni\u00f3n Europea para la investigaci\u00f3n y la innovaci\u00f3n, que se ejecuta desde 2021 hasta 2027 con un presupuesto de \u20ac95.5 mil millones. Apoya proyectos que abordan grandes desaf\u00edos sociales y fortalecen la base cient\u00edfica y tecnol\u00f3gica de la UE. UNDETERRED est\u00e1 financiado bajo [&hellip;]<\/p>\n","protected":false},"author":1,"featured_media":0,"parent":1307,"menu_order":0,"comment_status":"closed","ping_status":"closed","template":"","meta":{"_acf_changed":false,"_gspb_post_css":"","footnotes":""},"class_list":["post-1309","page","type-page","status-publish","hentry"],"acf":[],"mb":[],"mfb_rest_fields":["title"],"_links":{"self":[{"href":"https:\/\/undeterred.eu\/es\/wp-json\/wp\/v2\/pages\/1309","targetHints":{"allow":["GET"]}}],"collection":[{"href":"https:\/\/undeterred.eu\/es\/wp-json\/wp\/v2\/pages"}],"about":[{"href":"https:\/\/undeterred.eu\/es\/wp-json\/wp\/v2\/types\/page"}],"author":[{"embeddable":true,"href":"https:\/\/undeterred.eu\/es\/wp-json\/wp\/v2\/users\/1"}],"replies":[{"embeddable":true,"href":"https:\/\/undeterred.eu\/es\/wp-json\/wp\/v2\/comments?post=1309"}],"version-history":[{"count":7,"href":"https:\/\/undeterred.eu\/es\/wp-json\/wp\/v2\/pages\/1309\/revisions"}],"predecessor-version":[{"id":2098,"href":"https:\/\/undeterred.eu\/es\/wp-json\/wp\/v2\/pages\/1309\/revisions\/2098"}],"up":[{"embeddable":true,"href":"https:\/\/undeterred.eu\/es\/wp-json\/wp\/v2\/pages\/1307"}],"wp:attachment":[{"href":"https:\/\/undeterred.eu\/es\/wp-json\/wp\/v2\/media?parent=1309"}],"curies":[{"name":"wp","href":"https:\/\/api.w.org\/{rel}","templated":true}]}}