{"id":1312,"date":"2026-03-31T10:42:44","date_gmt":"2026-03-31T10:42:44","guid":{"rendered":"https:\/\/undeterred.eu\/?page_id=1312"},"modified":"2026-05-05T11:35:53","modified_gmt":"2026-05-05T11:35:53","slug":"the-challenge","status":"publish","type":"page","link":"https:\/\/undeterred.eu\/es\/the-challenge\/","title":{"rendered":"El desaf\u00edo"},"content":{"rendered":"\n<p>Todos los d\u00edas, en ciudades de toda Europa, los j\u00f3venes se enfrentan a barreras que ellos no crearon y que nadie, oficialmente, pretend\u00eda construir. Estas no son las paredes de la hostilidad abierta. Son las paredes de los procedimientos, los h\u00e1bitos, las reglas incuestionables. Son las paredes de la discriminaci\u00f3n sist\u00e9mica, aunque no intencionada.<\/p>\n\n\n\n<hr class=\"wp-block-separator has-alpha-channel-opacity\"\/>\n\n\n\n<h2 class=\"wp-block-heading\" id=\"what-is-unintentional-discrimination\">\u00abUnintentional discrimination\u00bb refers to situations where policies, practices, or procedures that appear neutral actually disproportionately affect a particular group or individual negatively, without the intent to harm or discriminate. This type of discrimination is often rooted in societal structures and norms, and it can occur even when there is no conscious intention to treat someone unfairly based on their race, age, gender, disability, or other characteristics. It is sometimes also referred to as indirect discrimination.<\/h2>\n\n\n\n<p>La discriminaci\u00f3n no siempre es el producto de prejuicios conscientes. Las normas, reglas y pr\u00e1cticas institucionales, incluso aquellas que cumplen con la ley, pueden generar profundas desigualdades sin que nadie tome la decisi\u00f3n deliberada de discriminar.<\/p>\n\n\n\n<p>Los j\u00f3venes de origen inmigrante y minor\u00edas nacionales en Europa enfrentan estos mecanismos invisibles todos los d\u00edas: una solicitud de vivienda rechazada porque las garant\u00edas requeridas son imposibles de proporcionar, una cita m\u00e9dica que se complica por barreras ling\u00fc\u00edsticas, un proceso \u00abest\u00e1ndar\u00bb del empleador que silenciosamente filtra ciertos perfiles.<\/p>\n\n\n\n<p>Estas reglas, procedimientos y pr\u00e1cticas no examinados perpet\u00faan desigualdades raciales, \u00e9tnicas y religiosas \u2014 no intencionalmente, sino por inercia. Eso es precisamente lo que hace que sean tan dif\u00edciles de detectar y tan urgentes de abordar.<\/p>\n\n\n\n<div class=\"wp-block-group alignfull is-layout-flow wp-container-core-group-is-layout-417c9d31 wp-block-group-is-layout-flow\" style=\"margin-top:var(--wp--preset--spacing--50);margin-bottom:var(--wp--preset--spacing--50);padding-top:var(--wp--preset--spacing--70);padding-right:var(--wp--preset--spacing--70);padding-bottom:var(--wp--preset--spacing--70);padding-left:var(--wp--preset--spacing--70)\">\n<blockquote class=\"wp-block-quote is-layout-flow wp-block-quote-is-layout-flow\">\n<p><em>La hip\u00f3tesis defendida por el proyecto es que parte de la discriminaci\u00f3n que sufren los j\u00f3venes de origen inmigrante se debe a las normas, pr\u00e1cticas y reglas vigentes en las instituciones \u2014aunque sean legales\u2014 que nunca son cuestionadas por los diversos actores, o nunca son combatidas.<\/em><\/p>\n<\/blockquote>\n<\/div>\n\n\n\n<hr class=\"wp-block-separator has-alpha-channel-opacity\"\/>\n\n\n\n<h2 class=\"wp-block-heading\" id=\"four-sectors-where-barriers-run-deepest\">Cuatro sectores donde las barreras son m\u00e1s profundas<\/h2>\n\n\n\n<p>UNDETERRED se centra en cuatro \u00e1reas clave donde la discriminaci\u00f3n sist\u00e9mica moldea las trayectorias de la vida de los j\u00f3venes.<a rel=\"noreferrer noopener\" target=\"_blank\" href=\"https:\/\/www.bse.u-bordeaux.fr\/en\/research\/project-europe-undeterred\/\">El t\u00e9rmino \u00abbse.u-bordeaux\u00bb parece referirse a una URL o un identificador espec\u00edfico relacionado con la Universidad de Burdeos, en Francia. Si deseas que te ayude a traducir informaci\u00f3n del sitio web relacionado o contenidos espec\u00edficos, por favor proporciona m\u00e1s contexto o detalla el texto que necesitas traducir.<\/a><\/p>\n\n\n\n<ul class=\"wp-block-list\">\n<li>\ud83c\udfe0 \u2192 Casa<strong>Vivienda<\/strong>\u2014 Garant\u00edas imposibles de ofrecer, criterios de selecci\u00f3n impl\u00edcitos, acceso a la vivienda social denegado en la pr\u00e1ctica.<\/li>\n\n\n\n<li>It appears you&#8217;ve sent an emoji of a briefcase. How can I assist you with this? Are you looking for a translation or do you have any specific text or question in mind?<strong>Empleo<\/strong>\u2014 Procesos de contrataci\u00f3n que filtran de manera silenciosa por nombre, origen o direcci\u00f3n.<\/li>\n\n\n\n<li>Hospital<strong>Salud<\/strong>\u2014 Barreras ling\u00fc\u00edsticas y administrativas que hacen que el acceso a la atenci\u00f3n sea desigual<\/li>\n\n\n\n<li>\ud83c\udf93 se traduce como \u00abbirrete\u00bb en espa\u00f1ol, un s\u00edmbolo com\u00fanmente asociado con la graduaci\u00f3n y la educaci\u00f3n.<strong>Educaci\u00f3n<\/strong>\u2014 Obst\u00e1culos institucionales que limitan las oportunidades acad\u00e9micas para estudiantes de minor\u00edas y migrantes.<\/li>\n<\/ul>\n\n\n\n<hr class=\"wp-block-separator has-alpha-channel-opacity\"\/>\n\n\n\n<h2 class=\"wp-block-heading\" id=\"who-is-most-affected\">\u00bfQui\u00e9n es el m\u00e1s afectado?<\/h2>\n\n\n\n<p>UNDETERRED se enfoca en<strong>j\u00f3venes adultos entre 18 y 35 a\u00f1os de edad<\/strong>\u2014 un per\u00edodo decisivo en la vida durante el cual el acceso a la vivienda, el trabajo, la atenci\u00f3n m\u00e9dica y la educaci\u00f3n moldea las trayectorias a largo plazo.<br><br>El proyecto se enfoca espec\u00edficamente en&nbsp;<strong>j\u00f3venes de or\u00edgenes inmigrantes y poblaciones de minor\u00edas nacionales<\/strong>en cuatro ciudades europeas: Burdeos, Barcelona, Bucarest y Lausana. Estas son personas que navegan por instituciones que no fueron dise\u00f1adas pensando en ellos, y que soportan el costo de esa omisi\u00f3n todos los d\u00edas.<\/p>\n\n\n\n<hr class=\"wp-block-separator has-alpha-channel-opacity\"\/>\n\n\n\n<h2 class=\"wp-block-heading\" id=\"why-this-matters-now\">Por qu\u00e9 esto importa ahora<\/h2>\n\n\n\n<p>Dotarnos de los medios para combatir la discriminaci\u00f3n implica elegir no construir muros \u2014 en un contexto a medio y largo plazo en el que las din\u00e1micas de migraci\u00f3n no cambiar\u00e1n. Si queremos preservar sociedades abiertas, necesitamos asumir el desaf\u00edo de actualizar los sistemas que moldean la vida cotidiana de las personas.<br><br>INQUEBRANTABLE fue construido sobre la convicci\u00f3n de que<strong>lo que es invisible puede hacerse visible<\/strong>\u2014 y que lo visible puede cambiarse.<\/p>\n\n\n\n<hr class=\"wp-block-separator has-alpha-channel-opacity\"\/>\n\n\n\n<div class=\"wp-block-columns alignwide tw-cols-stack-md-2 is-layout-flex wp-container-core-columns-is-layout-c5b92faa wp-block-columns-is-layout-flex\" style=\"margin-top:var(--wp--preset--spacing--60);margin-bottom:var(--wp--preset--spacing--60)\">\n<div class=\"wp-block-column has-border-color has-ti-bg-background-color has-background is-layout-flow wp-container-core-column-is-layout-dd24f509 wp-block-column-is-layout-flow\" style=\"border-color:rgba(13, 33, 64, 0.08);border-width:1px;border-top-left-radius:30px;border-top-right-radius:30px;border-bottom-left-radius:30px;border-bottom-right-radius:30px;padding-top:var(--wp--preset--spacing--50);padding-right:var(--wp--preset--spacing--50);padding-bottom:var(--wp--preset--spacing--50);padding-left:var(--wp--preset--spacing--50)\">\n<div class=\"wp-block-group is-content-justification-space-between is-nowrap is-layout-flex wp-container-core-group-is-layout-ed947458 wp-block-group-is-layout-flex\" style=\"margin-top:0;margin-bottom:0;padding-top:0;padding-right:0;padding-bottom:0;padding-left:0\">\n<span class=\"gsbp-6bfe325\">&#127968;<\/span>\n\n\n\n<p class=\"has-muted-25-opacity-color has-text-color has-playfair-display-font-family has-huge-font-size\" style=\"margin-top:0;margin-bottom:0;padding-top:0;padding-bottom:0;font-style:normal;font-weight:900;line-height:1\">01<\/p>\n<\/div>\n\n\n\n<h4 class=\"wp-block-heading\" id=\"first-item-8\"><a href=\"https:\/\/undeterred.eu\/the-challenge\/the-four-cities\/\" data-type=\"page\" data-id=\"1318\" target=\"_blank\" rel=\"noreferrer noopener\">Las cuatro ciudades<\/a><\/h4>\n\n\n\n<p>Burdeos, Barcelona, Bucarest, Lausana \u2014 cuatro ciudades, cuatro realidades, un desaf\u00edo compartido.<\/p>\n\n\n\n<p class=\"tw-link-no-underline has-link-color has-x-small-font-size wp-elements-7817acd9ac920dff39a7298e0735ec64\" style=\"font-style:normal;font-weight:600;letter-spacing:0.1em;text-decoration:none\"><a href=\"https:\/\/undeterred.eu\/the-challenge\/the-four-cities\/\" data-type=\"page\" data-id=\"1318\">Explorar \u2192<\/a><a href=\"#\"><\/a><\/p>\n<\/div>\n\n\n\n<div class=\"wp-block-column has-border-color has-ti-bg-background-color has-background is-layout-flow wp-container-core-column-is-layout-dd24f509 wp-block-column-is-layout-flow\" style=\"border-color:rgba(13, 33, 64, 0.08);border-width:1px;border-top-left-radius:30px;border-top-right-radius:30px;border-bottom-left-radius:30px;border-bottom-right-radius:30px;padding-top:var(--wp--preset--spacing--50);padding-right:var(--wp--preset--spacing--50);padding-bottom:var(--wp--preset--spacing--50);padding-left:var(--wp--preset--spacing--50)\">\n<div class=\"wp-block-group is-content-justification-space-between is-nowrap is-layout-flex wp-container-core-group-is-layout-ed947458 wp-block-group-is-layout-flex\" style=\"margin-top:0;margin-bottom:0;padding-top:0;padding-right:0;padding-bottom:0;padding-left:0\">\n<span class=\"gsbp-08069ee\">&#127973;<\/span>\n\n\n\n<p class=\"has-muted-25-opacity-color has-text-color has-playfair-display-font-family has-huge-font-size\" style=\"margin-top:0;margin-bottom:0;padding-top:0;padding-bottom:0;font-style:normal;font-weight:900;line-height:1\">02<\/p>\n<\/div>\n\n\n\n<h4 class=\"wp-block-heading\" id=\"first-item-8\"><a href=\"https:\/\/undeterred.eu\/the-challenge\/four-key-fields\/\" data-type=\"page\" data-id=\"1314\" target=\"_blank\" rel=\"noreferrer noopener\">Cuatro campos clave<\/a><\/h4>\n\n\n\n<p>Vivienda, empleo, salud, educaci\u00f3n \u2014 descubre d\u00f3nde golpean m\u00e1s fuerte las barreras invisibles.<\/p>\n\n\n\n<p class=\"tw-link-no-underline has-link-color has-x-small-font-size wp-elements-7b6bb4a8a59312f0a8debaa065246b52\" style=\"font-style:normal;font-weight:600;letter-spacing:0.1em;text-decoration:none\"><a href=\"https:\/\/undeterred.eu\/the-challenge\/four-key-fields\/\" data-type=\"page\" data-id=\"1314\">Explorar<\/a><a href=\"#\"><\/a><\/p>\n<\/div>\n\n\n\n<div class=\"wp-block-column has-border-color has-ti-bg-background-color has-background is-layout-flow wp-container-core-column-is-layout-dd24f509 wp-block-column-is-layout-flow\" style=\"border-color:rgba(13, 33, 64, 0.08);border-width:1px;border-top-left-radius:30px;border-top-right-radius:30px;border-bottom-left-radius:30px;border-bottom-right-radius:30px;padding-top:var(--wp--preset--spacing--50);padding-right:var(--wp--preset--spacing--50);padding-bottom:var(--wp--preset--spacing--50);padding-left:var(--wp--preset--spacing--50)\">\n<div class=\"wp-block-group is-content-justification-space-between is-nowrap is-layout-flex wp-container-core-group-is-layout-ed947458 wp-block-group-is-layout-flex\" style=\"margin-top:0;margin-bottom:0;padding-top:0;padding-right:0;padding-bottom:0;padding-left:0\">\n<span class=\"gsbp-2697016\">&#128188;<\/span>\n\n\n\n<p class=\"has-muted-25-opacity-color has-text-color has-playfair-display-font-family has-huge-font-size\" style=\"margin-top:0;margin-bottom:0;padding-top:0;padding-bottom:0;font-style:normal;font-weight:900;line-height:1\">03<\/p>\n<\/div>\n\n\n\n<h4 class=\"wp-block-heading\" id=\"first-item-8\"><a href=\"https:\/\/undeterred.eu\/the-challenge\/young-adults-18-35\/\" data-type=\"page\" data-id=\"1316\" target=\"_blank\" rel=\"noreferrer noopener\">Adultos j\u00f3venes de 18 a 35 a\u00f1os<\/a><\/h4>\n\n\n\n<p>Conoce a las personas en el centro de nuestra investigaci\u00f3n \u2014 y comprende por qu\u00e9 esta d\u00e9cada de vida lo cambia todo.<\/p>\n\n\n\n<p class=\"tw-link-no-underline has-link-color has-x-small-font-size wp-elements-f3447074c5e13aa938b176c229f19df3\" style=\"font-style:normal;font-weight:600;letter-spacing:0.1em;text-decoration:none\"><a href=\"https:\/\/undeterred.eu\/the-challenge\/young-adults-18-35\/\" data-type=\"page\" data-id=\"1316\">Explorar \u2192<\/a><a href=\"#\"><\/a><\/p>\n<\/div>\n<\/div>\n","protected":false},"excerpt":{"rendered":"<p>Todos los d\u00edas, en ciudades de toda Europa, los j\u00f3venes se enfrentan a barreras que ellos no crearon y que nadie, oficialmente, pretend\u00eda construir. Estas no son las paredes de la hostilidad abierta. Son las paredes de los procedimientos, los h\u00e1bitos, las reglas incuestionables. Son las paredes de la discriminaci\u00f3n sist\u00e9mica, aunque no intencionada. \u00abUnintentional [&hellip;]<\/p>\n","protected":false},"author":1,"featured_media":0,"parent":0,"menu_order":0,"comment_status":"closed","ping_status":"closed","template":"","meta":{"_acf_changed":false,"_gspb_post_css":"","footnotes":""},"class_list":["post-1312","page","type-page","status-publish","hentry"],"acf":[],"mb":[],"mfb_rest_fields":["title"],"_links":{"self":[{"href":"https:\/\/undeterred.eu\/es\/wp-json\/wp\/v2\/pages\/1312","targetHints":{"allow":["GET"]}}],"collection":[{"href":"https:\/\/undeterred.eu\/es\/wp-json\/wp\/v2\/pages"}],"about":[{"href":"https:\/\/undeterred.eu\/es\/wp-json\/wp\/v2\/types\/page"}],"author":[{"embeddable":true,"href":"https:\/\/undeterred.eu\/es\/wp-json\/wp\/v2\/users\/1"}],"replies":[{"embeddable":true,"href":"https:\/\/undeterred.eu\/es\/wp-json\/wp\/v2\/comments?post=1312"}],"version-history":[{"count":37,"href":"https:\/\/undeterred.eu\/es\/wp-json\/wp\/v2\/pages\/1312\/revisions"}],"predecessor-version":[{"id":2372,"href":"https:\/\/undeterred.eu\/es\/wp-json\/wp\/v2\/pages\/1312\/revisions\/2372"}],"wp:attachment":[{"href":"https:\/\/undeterred.eu\/es\/wp-json\/wp\/v2\/media?parent=1312"}],"curies":[{"name":"wp","href":"https:\/\/api.w.org\/{rel}","templated":true}]}}