{"id":1314,"date":"2026-03-31T10:42:58","date_gmt":"2026-03-31T10:42:58","guid":{"rendered":"https:\/\/undeterred.eu\/?page_id=1314"},"modified":"2026-04-08T20:17:29","modified_gmt":"2026-04-08T20:17:29","slug":"four-key-fields","status":"publish","type":"page","link":"https:\/\/undeterred.eu\/es\/the-challenge\/four-key-fields\/","title":{"rendered":"Cuatro Campos Clave"},"content":{"rendered":"\n<p>La discriminaci\u00f3n no opera en un solo lugar. Recorrer los sistemas que organizan la vida diaria \u2014 las instituciones y procesos que se supone que deben ayudar a todos, pero no alcanzan a todos por igual.<br><br>UNDETERRED investiga cuatro sectores clave donde la discriminaci\u00f3n no intencional moldea las oportunidades \u2014 y limita los futuros \u2014 de j\u00f3venes adultos de origen inmigrante y minor\u00edas nacionales<\/p>\n\n\n\n<div class=\"wp-block-group alignfull has-ti-bg-background-color has-background is-layout-constrained wp-container-core-group-is-layout-b91ec625 wp-block-group-is-layout-constrained\" style=\"padding-top:var(--wp--preset--spacing--50);padding-right:var(--wp--preset--spacing--60);padding-bottom:var(--wp--preset--spacing--50);padding-left:var(--wp--preset--spacing--60)\">\n<div class=\"wp-block-columns alignwide tw-cols-stack-md is-layout-flex wp-container-core-columns-is-layout-d3092bbb wp-block-columns-is-layout-flex\" style=\"margin-top:0;margin-bottom:0;padding-top:0;padding-right:0;padding-bottom:0;padding-left:0\">\n<div class=\"wp-block-column is-vertically-aligned-top is-layout-flow wp-block-column-is-layout-flow\">\n<h2 class=\"wp-block-heading\" id=\"housing\">Vivienda<\/h2>\n\n\n\n<p>Un hogar no es solo un techo. Es la base para todo lo dem\u00e1s. Sin embargo, para muchos j\u00f3venes adultos, el camino hacia una vivienda estable est\u00e1 bloqueado mucho antes de que comience.<br><br>Las reglas rara vez son abiertamente discriminatorias. Pero los requisitos de aval, los criterios de selecci\u00f3n, las expectativas impl\u00edcitas incrustadas en los procesos de solicitud \u2014 estos crean filtros invisibles. Los j\u00f3venes de or\u00edgenes inmigrantes est\u00e1n desproporcionadamente excluidos, no por quienes son oficialmente, sino porque el sistema no fue dise\u00f1ado pensando en ellos.<br><br>UNDETERRED examina estos mecanismos institucionales en los servicios de vivienda social y el mercado de alquiler privado en las cuatro ciudades, para comprender&nbsp;<strong>d\u00f3nde las reglas crean barreras \u2014 y c\u00f3mo se pueden redise\u00f1ar esas barreras<\/strong>.<\/p>\n<\/div>\n\n\n\n<div class=\"wp-block-column is-layout-flow wp-block-column-is-layout-flow\" style=\"flex-basis:350px\">\n<figure class=\"wp-block-image size-large is-resized is-style-default\" style=\"margin-top:0;margin-bottom:0\"><img loading=\"lazy\" decoding=\"async\" width=\"679\" height=\"1024\" src=\"https:\/\/undeterred.eu\/wp-content\/uploads\/2026\/04\/w32nc3iov4q-679x1024.jpg\" alt=\"low angle photo of high-rise building\" class=\"wp-image-1590\" style=\"aspect-ratio:1;object-fit:cover;width:350px\" srcset=\"https:\/\/undeterred.eu\/wp-content\/uploads\/2026\/04\/w32nc3iov4q-679x1024.jpg 679w, https:\/\/undeterred.eu\/wp-content\/uploads\/2026\/04\/w32nc3iov4q-199x300.jpg 199w, https:\/\/undeterred.eu\/wp-content\/uploads\/2026\/04\/w32nc3iov4q-768x1158.jpg 768w, https:\/\/undeterred.eu\/wp-content\/uploads\/2026\/04\/w32nc3iov4q.jpg 796w\" sizes=\"auto, (max-width: 679px) 100vw, 679px\" \/><\/figure>\n<\/div>\n<\/div>\n<\/div>\n\n\n\n<hr class=\"wp-block-separator has-alpha-channel-opacity\"\/>\n\n\n\n<div class=\"wp-block-group alignfull is-layout-constrained wp-block-group-is-layout-constrained\">\n<div class=\"wp-block-columns alignwide tw-cols-stack-md is-layout-flex wp-container-core-columns-is-layout-d3092bbb wp-block-columns-is-layout-flex\" style=\"margin-top:0;margin-bottom:0;padding-top:0;padding-right:0;padding-bottom:0;padding-left:0\">\n<div class=\"wp-block-column is-layout-flow wp-block-column-is-layout-flow\" style=\"flex-basis:350px\">\n<figure class=\"wp-block-image size-large is-resized is-style-default\" style=\"margin-top:0;margin-bottom:0\"><img loading=\"lazy\" decoding=\"async\" width=\"619\" height=\"1024\" src=\"https:\/\/undeterred.eu\/wp-content\/uploads\/2026\/04\/wpvemgfv4w0-619x1024.jpg\" alt=\"man grinding metal tool in industrial machinery\" class=\"wp-image-1596\" style=\"aspect-ratio:1;object-fit:cover;width:350px\" srcset=\"https:\/\/undeterred.eu\/wp-content\/uploads\/2026\/04\/wpvemgfv4w0-619x1024.jpg 619w, https:\/\/undeterred.eu\/wp-content\/uploads\/2026\/04\/wpvemgfv4w0-181x300.jpg 181w, https:\/\/undeterred.eu\/wp-content\/uploads\/2026\/04\/wpvemgfv4w0.jpg 725w\" sizes=\"auto, (max-width: 619px) 100vw, 619px\" \/><\/figure>\n<\/div>\n\n\n\n<div class=\"wp-block-column is-vertically-aligned-top is-layout-flow wp-block-column-is-layout-flow\">\n<h2 class=\"wp-block-heading\" id=\"employment\">Empleo<\/h2>\n\n\n\n<p>Un t\u00edtulo. Un curr\u00edculum. Una carta de presentaci\u00f3n. Y a\u00fan as\u00ed, una puerta que no se abre.<br><br>En el mercado laboral, la discriminaci\u00f3n no intencional a menudo se esconde a plena vista: en el proceso de contrataci\u00f3n \u00abest\u00e1ndar\u00bb, en los criterios para el ascenso, en las expectativas no escritas de la cultura del lugar de trabajo. Los nombres, c\u00f3digos postales y antecedentes se convierten en proxies \u2014 nunca declarados, raramente reconocidos.<br><br>UNDETERRED trabaja directamente con empresas y gerentes de recursos humanos para&nbsp;<strong>detectar, nombrar y desmantelar las pr\u00e1cticas que silenciosamente descartan el talento<\/strong>&nbsp;\u2014 no por malicia, sino por h\u00e1bito.<\/p>\n<\/div>\n<\/div>\n<\/div>\n\n\n\n<hr class=\"wp-block-separator has-alpha-channel-opacity\"\/>\n\n\n\n<div class=\"wp-block-group alignfull has-ti-bg-background-color has-background is-layout-constrained wp-container-core-group-is-layout-b91ec625 wp-block-group-is-layout-constrained\" style=\"padding-top:var(--wp--preset--spacing--50);padding-right:var(--wp--preset--spacing--60);padding-bottom:var(--wp--preset--spacing--50);padding-left:var(--wp--preset--spacing--60)\">\n<div class=\"wp-block-columns alignwide tw-cols-stack-md is-layout-flex wp-container-core-columns-is-layout-d3092bbb wp-block-columns-is-layout-flex\" style=\"margin-top:0;margin-bottom:0;padding-top:0;padding-right:0;padding-bottom:0;padding-left:0\">\n<div class=\"wp-block-column is-vertically-aligned-top is-layout-flow wp-block-column-is-layout-flow\">\n<h2 class=\"wp-block-heading\" id=\"health\">Salud<\/h2>\n\n\n\n<p>La atenci\u00f3n m\u00e9dica deber\u00eda ser universal. En la pr\u00e1ctica, el acceso es desigual.<br><br>Las barreras del idioma, el desconocimiento de los procedimientos administrativos, la falta de informaci\u00f3n sobre los derechos \u2014 no son fallos individuales. Son brechas sist\u00e9micas que se acumulan en patrones de exclusi\u00f3n. Para los j\u00f3venes que navegan un sistema de salud no dise\u00f1ado para ellos, las consecuencias pueden ser graves.<br><br>UNDETERRED mapea estas disparidades en las cuatro ciudades, bas\u00e1ndose en las experiencias de pacientes, trabajadores de la salud y actores institucionales, para entender&nbsp;<strong>d\u00f3nde falla el sistema \u2014 y c\u00f3mo ser\u00eda un dise\u00f1o m\u00e1s equitativo<\/strong>.<\/p>\n<\/div>\n\n\n\n<div class=\"wp-block-column is-layout-flow wp-block-column-is-layout-flow\" style=\"flex-basis:350px\">\n<figure class=\"wp-block-image size-large is-resized is-style-default\" style=\"margin-top:0;margin-bottom:0\"><img loading=\"lazy\" decoding=\"async\" width=\"1024\" height=\"1024\" src=\"https:\/\/undeterred.eu\/wp-content\/uploads\/2026\/04\/4gcqrf3-f2i-1024x1024.jpg\" alt=\"woman wearing black sports bra\" class=\"wp-image-1599\" style=\"aspect-ratio:1;object-fit:cover;width:350px\" srcset=\"https:\/\/undeterred.eu\/wp-content\/uploads\/2026\/04\/4gcqrf3-f2i-1024x1024.jpg 1024w, https:\/\/undeterred.eu\/wp-content\/uploads\/2026\/04\/4gcqrf3-f2i-300x300.jpg 300w, https:\/\/undeterred.eu\/wp-content\/uploads\/2026\/04\/4gcqrf3-f2i-150x150.jpg 150w, https:\/\/undeterred.eu\/wp-content\/uploads\/2026\/04\/4gcqrf3-f2i-768x768.jpg 768w, https:\/\/undeterred.eu\/wp-content\/uploads\/2026\/04\/4gcqrf3-f2i-120x120.jpg 120w, https:\/\/undeterred.eu\/wp-content\/uploads\/2026\/04\/4gcqrf3-f2i.jpg 1200w\" sizes=\"auto, (max-width: 1024px) 100vw, 1024px\" \/><\/figure>\n<\/div>\n<\/div>\n<\/div>\n\n\n\n<hr class=\"wp-block-separator has-alpha-channel-opacity\"\/>\n\n\n\n<div class=\"wp-block-group alignfull is-layout-constrained wp-block-group-is-layout-constrained\">\n<div class=\"wp-block-columns alignwide tw-cols-stack-md is-layout-flex wp-container-core-columns-is-layout-d3092bbb wp-block-columns-is-layout-flex\" style=\"margin-top:0;margin-bottom:0;padding-top:0;padding-right:0;padding-bottom:0;padding-left:0\">\n<div class=\"wp-block-column is-layout-flow wp-block-column-is-layout-flow\" style=\"flex-basis:350px\">\n<figure class=\"wp-block-image size-large is-resized is-style-default\" style=\"margin-top:0;margin-bottom:0\"><img loading=\"lazy\" decoding=\"async\" width=\"1024\" height=\"683\" src=\"https:\/\/undeterred.eu\/wp-content\/uploads\/2026\/04\/o5emzfdxedg-1024x683.jpg\" alt=\"boy writing on printer paper near girl\" class=\"wp-image-1610\" style=\"aspect-ratio:1;object-fit:cover;width:350px\" srcset=\"https:\/\/undeterred.eu\/wp-content\/uploads\/2026\/04\/o5emzfdxedg-1024x683.jpg 1024w, https:\/\/undeterred.eu\/wp-content\/uploads\/2026\/04\/o5emzfdxedg-300x200.jpg 300w, https:\/\/undeterred.eu\/wp-content\/uploads\/2026\/04\/o5emzfdxedg-768x512.jpg 768w, https:\/\/undeterred.eu\/wp-content\/uploads\/2026\/04\/o5emzfdxedg-1536x1024.jpg 1536w, https:\/\/undeterred.eu\/wp-content\/uploads\/2026\/04\/o5emzfdxedg.jpg 1600w\" sizes=\"auto, (max-width: 1024px) 100vw, 1024px\" \/><\/figure>\n<\/div>\n\n\n\n<div class=\"wp-block-column is-vertically-aligned-top is-layout-flow wp-block-column-is-layout-flow\">\n<h2 class=\"wp-block-heading\" id=\"education\">Educaci\u00f3n<\/h2>\n\n\n\n<p>La educaci\u00f3n se presenta como el gran igualador. Pero el acceso a ese igualador es en s\u00ed desigual.<br><br>Desde los procesos de admisi\u00f3n en la universidad hasta la vida en el campus, los j\u00f3venes de minor\u00edas o con or\u00edgenes inmigrantes enfrentan obst\u00e1culos que sus compa\u00f1eros rara vez notan: obst\u00e1culos administrativos, normas culturales impl\u00edcitas, lagunas en el apoyo institucional. No siempre son visibles \u2014 pero sus efectos se acumulan con el tiempo.<br><br>UNDETERRED investiga estas din\u00e1micas en universidades de Burdeos, Barcelona, Bucarest y Lausana \u2014 porque&nbsp;<strong>entender c\u00f3mo se reproduce la desigualdad en la educaci\u00f3n superior es una condici\u00f3n previa para transformarla<\/strong>.<\/p>\n<\/div>\n<\/div>\n<\/div>\n\n\n\n<hr class=\"wp-block-separator has-alpha-channel-opacity\"\/>\n\n\n\n<h2 class=\"wp-block-heading\" id=\"the-cumulative-effect\">El efecto acumulativo<\/h2>\n\n\n\n<p>Estos cuatro sectores no est\u00e1n aislados. Est\u00e1n profundamente interconectados.<br><br>Las dificultades para acceder a la educaci\u00f3n conducen a dificultades para acceder al empleo. La precariedad laboral hace m\u00e1s dif\u00edcil encontrar una vivienda estable. La inestabilidad de la vivienda tiene consecuencias directas sobre la salud. Y la mala salud cierra puertas en la educaci\u00f3n y en el trabajo.<br><br>UNDETERRED toma esta&nbsp;<strong>dimensi\u00f3n acumulativa<\/strong>&#038;nbsp>en serio \u2014 porque la discriminaci\u00f3n sist\u00e9mica no es una serie de incidentes individuales, sino una cadena que debe entenderse en su conjunto para poder romperse.<\/p>\n","protected":false},"excerpt":{"rendered":"<p>La discriminaci\u00f3n no opera en un solo lugar. Recorrer los sistemas que organizan la vida diaria \u2014 las instituciones y procesos que se supone que deben ayudar a todos, pero no alcanzan a todos por igual. UNDETERRED investiga cuatro sectores clave donde la discriminaci\u00f3n no intencional moldea las oportunidades \u2014 y limita los futuros \u2014 [&hellip;]<\/p>\n","protected":false},"author":1,"featured_media":0,"parent":1312,"menu_order":0,"comment_status":"closed","ping_status":"closed","template":"","meta":{"_acf_changed":false,"_gspb_post_css":"","footnotes":""},"class_list":["post-1314","page","type-page","status-publish","hentry"],"acf":[],"mb":[],"mfb_rest_fields":["title"],"_links":{"self":[{"href":"https:\/\/undeterred.eu\/es\/wp-json\/wp\/v2\/pages\/1314","targetHints":{"allow":["GET"]}}],"collection":[{"href":"https:\/\/undeterred.eu\/es\/wp-json\/wp\/v2\/pages"}],"about":[{"href":"https:\/\/undeterred.eu\/es\/wp-json\/wp\/v2\/types\/page"}],"author":[{"embeddable":true,"href":"https:\/\/undeterred.eu\/es\/wp-json\/wp\/v2\/users\/1"}],"replies":[{"embeddable":true,"href":"https:\/\/undeterred.eu\/es\/wp-json\/wp\/v2\/comments?post=1314"}],"version-history":[{"count":30,"href":"https:\/\/undeterred.eu\/es\/wp-json\/wp\/v2\/pages\/1314\/revisions"}],"predecessor-version":[{"id":2101,"href":"https:\/\/undeterred.eu\/es\/wp-json\/wp\/v2\/pages\/1314\/revisions\/2101"}],"up":[{"embeddable":true,"href":"https:\/\/undeterred.eu\/es\/wp-json\/wp\/v2\/pages\/1312"}],"wp:attachment":[{"href":"https:\/\/undeterred.eu\/es\/wp-json\/wp\/v2\/media?parent=1314"}],"curies":[{"name":"wp","href":"https:\/\/api.w.org\/{rel}","templated":true}]}}