{"id":1316,"date":"2026-03-31T10:43:13","date_gmt":"2026-03-31T10:43:13","guid":{"rendered":"https:\/\/undeterred.eu\/?page_id=1316"},"modified":"2026-04-08T20:19:36","modified_gmt":"2026-04-08T20:19:36","slug":"young-adults-18-35","status":"publish","type":"page","link":"https:\/\/undeterred.eu\/es\/the-challenge\/young-adults-18-35\/","title":{"rendered":"J\u00f3venes Adultos 18\u201335"},"content":{"rendered":"\n<p>Entre 18 y 35 a\u00f1os, todo se est\u00e1 construyendo: d\u00f3nde vives, c\u00f3mo trabajas, si puedes acceder a la atenci\u00f3n m\u00e9dica, hasta d\u00f3nde llegas en tus estudios. Estos son los a\u00f1os en los que se establece la trayectoria de una vida. Tambi\u00e9n son los a\u00f1os en los que la discriminaci\u00f3n sist\u00e9mica golpea con m\u00e1s fuerza \u2014 y deja sus marcas m\u00e1s profundas.<\/p>\n\n\n\n<hr class=\"wp-block-separator has-alpha-channel-opacity\"\/>\n\n\n\n<h2 class=\"wp-block-heading\" id=\"why-1835\">\u00bfPor qu\u00e9 18\u201335?<\/h2>\n\n\n\n<p>Este rango de edad no es arbitrario. Corresponde a un per\u00edodo de m\u00faltiples transiciones simult\u00e1neas: salir del hogar familiar, ingresar al mercado laboral, acceder de manera independiente a la atenci\u00f3n m\u00e9dica, construir una vida social y un futuro.<br><br>Estas transiciones requieren navegar por instituciones \u2014 servicios de vivienda, empleadores, universidades, sistemas de salud \u2014 a menudo por primera vez, y frecuentemente sin las redes o recursos que facilitan esa navegaci\u00f3n para otros.<br><br>Para los j\u00f3venes de or\u00edgenes inmigrantes o poblaciones minoritarias nacionales, estas transiciones ocurren en sistemas que no fueron dise\u00f1ados pensando en ellos. La brecha entre lo que el sistema promete y lo que entrega nunca es m\u00e1s visible \u2014 ni m\u00e1s consecuente.<\/p>\n\n\n\n<hr class=\"wp-block-separator has-alpha-channel-opacity\"\/>\n\n\n\n<h2 class=\"wp-block-heading\" id=\"who-is-at-the-centre-of-undeterreds-research\">\u00bfQui\u00e9n est\u00e1 en el centro de la investigaci\u00f3n de UNDETERRED?<\/h2>\n\n\n\n<p>UNDETERRED se enfoca en dos grupos distintos pero que se superponen, ambos enfrentando formas de discriminaci\u00f3n sist\u00e9mica que rara vez se reconocen como tales:<\/p>\n\n\n\n<p><strong>J\u00f3venes de or\u00edgenes inmigrantes<\/strong><br>Ya sea que hayan llegado recientemente o hayan crecido en el pa\u00eds, los j\u00f3venes de or\u00edgenes inmigrantes enfrentan barreras basadas en normas y procedimientos que asumen un tipo particular de perfil \u2014 uno que no siempre coincide con su realidad. El idioma, historial administrativo, redes sociales, referencias culturales: estos se convierten en criterios silenciosos de selecci\u00f3n en vivienda, empleo, salud y educaci\u00f3n.<\/p>\n\n\n\n<p><strong>J\u00f3venes de poblaciones minoritarias nacionales<\/strong><br>La discriminaci\u00f3n contra minor\u00edas nacionales suele ser a\u00fan menos visible, porque son personas que pueden haber formado parte de una sociedad por generaciones \u2014 pero que contin\u00faan enfrentando desigualdades que se acumulan a trav\u00e9s de sectores y con el tiempo.<\/p>\n\n\n\n<hr class=\"wp-block-separator has-alpha-channel-opacity\"\/>\n\n\n\n<h2 class=\"wp-block-heading\" id=\"a-decisive-period--a-compounding-effect\">Un per\u00edodo decisivo \u2014 un efecto acumulativo<\/h2>\n\n\n\n<p>Lo que hace que la ventana de 18\u201335 a\u00f1os sea particularmente cr\u00edtica es que las dificultades no permanecen aisladas. Se acumulan.<br><br>La dificultad para encontrar una vivienda estable crea inestabilidad que dificulta mantener un empleo. El empleo precario limita el acceso a la atenci\u00f3n m\u00e9dica. Una trayectoria educativa interrumpida cierra puertas profesionales. Cada obst\u00e1culo refuerza al siguiente \u2014 y la suma es mayor que sus partes.<br><br>Por eso UNDETERRED adopta un enfoque multisectorial: porque para entender la discriminaci\u00f3n tal como se experimenta realmente, hay que seguirla a lo largo de toda la vida de un joven.<\/p>\n\n\n\n<hr class=\"wp-block-separator has-alpha-channel-opacity\"\/>\n\n\n\n<h2 class=\"wp-block-heading\" id=\"not-statistics-people\">No son estad\u00edsticas. Son personas.<\/h2>\n\n\n\n<p>Detr\u00e1s de los datos hay trayectorias reales \u2014 j\u00f3venes adultos que navegan sistemas que se supon\u00eda que funcionar\u00edan para ellos, encontrando muros inesperados, adapt\u00e1ndose, resistiendo, persistiendo.<\/p>\n\n\n\n<p>La investigaci\u00f3n de UNDETERRED se basa en escuchar estas experiencias directamente: a trav\u00e9s de entrevistas cualitativas, encuestas y una estrecha colaboraci\u00f3n con las organizaciones que trabajan con estos j\u00f3venes cada d\u00eda. Sus voces no son material ilustrativo. Son la base de la investigaci\u00f3n.<\/p>\n","protected":false},"excerpt":{"rendered":"<p>Entre 18 y 35 a\u00f1os, todo se est\u00e1 construyendo: d\u00f3nde vives, c\u00f3mo trabajas, si puedes acceder a la atenci\u00f3n m\u00e9dica, hasta d\u00f3nde llegas en tus estudios. Estos son los a\u00f1os en los que se establece la trayectoria de una vida. Tambi\u00e9n son los a\u00f1os en los que la discriminaci\u00f3n sist\u00e9mica golpea con m\u00e1s fuerza \u2014 [&hellip;]<\/p>\n","protected":false},"author":1,"featured_media":0,"parent":1312,"menu_order":0,"comment_status":"closed","ping_status":"closed","template":"","meta":{"_acf_changed":false,"_gspb_post_css":"","footnotes":""},"class_list":["post-1316","page","type-page","status-publish","hentry"],"acf":[],"mb":[],"mfb_rest_fields":["title"],"_links":{"self":[{"href":"https:\/\/undeterred.eu\/es\/wp-json\/wp\/v2\/pages\/1316","targetHints":{"allow":["GET"]}}],"collection":[{"href":"https:\/\/undeterred.eu\/es\/wp-json\/wp\/v2\/pages"}],"about":[{"href":"https:\/\/undeterred.eu\/es\/wp-json\/wp\/v2\/types\/page"}],"author":[{"embeddable":true,"href":"https:\/\/undeterred.eu\/es\/wp-json\/wp\/v2\/users\/1"}],"replies":[{"embeddable":true,"href":"https:\/\/undeterred.eu\/es\/wp-json\/wp\/v2\/comments?post=1316"}],"version-history":[{"count":8,"href":"https:\/\/undeterred.eu\/es\/wp-json\/wp\/v2\/pages\/1316\/revisions"}],"predecessor-version":[{"id":2104,"href":"https:\/\/undeterred.eu\/es\/wp-json\/wp\/v2\/pages\/1316\/revisions\/2104"}],"up":[{"embeddable":true,"href":"https:\/\/undeterred.eu\/es\/wp-json\/wp\/v2\/pages\/1312"}],"wp:attachment":[{"href":"https:\/\/undeterred.eu\/es\/wp-json\/wp\/v2\/media?parent=1316"}],"curies":[{"name":"wp","href":"https:\/\/api.w.org\/{rel}","templated":true}]}}