{"id":1318,"date":"2026-03-31T10:43:31","date_gmt":"2026-03-31T10:43:31","guid":{"rendered":"https:\/\/undeterred.eu\/?page_id=1318"},"modified":"2026-04-08T20:22:19","modified_gmt":"2026-04-08T20:22:19","slug":"the-four-cities","status":"publish","type":"page","link":"https:\/\/undeterred.eu\/es\/the-challenge\/the-four-cities\/","title":{"rendered":"Las Cuatro Ciudades"},"content":{"rendered":"\n<p>La discriminaci\u00f3n sist\u00e9mica no es igual en todas partes. Est\u00e1 moldeada por historias locales, geograf\u00edas urbanas, patrones migratorios y culturas institucionales. Por eso UNDETERRED eligi\u00f3 no centrarse en una sola ciudad, sino construir conocimiento en cuatro de ellas simult\u00e1neamente, usando los mismos m\u00e9todos y las mismas preguntas.<br><br><strong>Burdeos \u00b7 Barcelona \u00b7 Bucarest \u00b7 Lausana<\/strong> \u2014 cuatro ciudades europeas, cada una con un perfil distinto, cada una ofreciendo un \u00e1ngulo diferente sobre el mismo desaf\u00edo: \u00bfc\u00f3mo producen las instituciones desigualdad sin pretenderlo?<a href=\"https:\/\/www.bse.u-bordeaux.fr\/en\/research\/project-europe-undeterred\/\" target=\"_blank\" rel=\"noreferrer noopener\">bse.u-bordeaux<\/a><\/p>\n\n\n\n<hr class=\"wp-block-separator has-alpha-channel-opacity\"\/>\n\n\n\n<h2 class=\"wp-block-heading\" id=\"bordeaux\">Burdeos<\/h2>\n\n\n\n<p>Una metr\u00f3poli francesa de tama\u00f1o medio que est\u00e1 experimentando una r\u00e1pida transformaci\u00f3n, Burdeos es tanto una ciudad de riqueza creciente como de profundas desigualdades espaciales. Sus barrios obreros \u2014 muchos de ellos con grandes poblaciones de origen inmigrante \u2014 han estado en el centro de debates sobre la segregaci\u00f3n urbana, la discriminaci\u00f3n en la vivienda y el empleo, y el acceso desigual a los servicios p\u00fablicos.<br><br>Burdeos tambi\u00e9n es la ciudad coordinadora del proyecto UNDETERRED, hogar de la\u00a0<a href=\"https:\/\/laces.u-bordeaux.fr\/undeterred\/\" target=\"_blank\" rel=\"noreferrer noopener\">unidad de investigaci\u00f3n LACES<\/a>\u00a0de la Universidad de Burdeos, dirigida por el coordinador cient\u00edfico Fabien Sabatier. La M\u00e9tropole de Burdeos es un socio no acad\u00e9mico directo del proyecto.<\/p>\n\n\n\n<p><em>Socio local clave: M\u00e9tropole de Burdeos \u00b7 URHAJ Nouvelle-Aquitaine<\/em><\/p>\n\n\n\n<hr class=\"wp-block-separator has-alpha-channel-opacity\"\/>\n\n\n\n<h2 class=\"wp-block-heading\" id=\"barcelona\">Barcelona<\/h2>\n\n\n\n<p>Una de las ciudades m\u00e1s diversas y din\u00e1micas de Europa, Barcelona tiene una larga historia de migraci\u00f3n \u2014 desde la migraci\u00f3n interna espa\u00f1ola en el siglo XX hasta nuevas olas de llegada desde Am\u00e9rica Latina, \u00c1frica del Norte y \u00c1frica Subsahariana. Tambi\u00e9n es una ciudad donde las cuestiones de discriminaci\u00f3n se entrecruzan con cuestiones de identidad y nacionalidad de maneras particularmente complejas.<br><br>El equipo de investigaci\u00f3n de Barcelona est\u00e1 basado en la\u00a0<strong>Universitat Aut\u00f2noma de Barcelona<\/strong>, dirigido por la Dra. S\u00f2nia Parella, y se centra en las experiencias de los j\u00f3venes en barrios urbanos espec\u00edficos y entornos universitarios.<\/p>\n\n\n\n<p><em>Socio local clave: Universitat Aut\u00f2noma de Barcelona (UAB)<\/em><\/p>\n\n\n\n<hr class=\"wp-block-separator has-alpha-channel-opacity\"\/>\n\n\n\n<h2 class=\"wp-block-heading\" id=\"bucharest\">Bucarest<\/h2>\n\n\n\n<p>Bucarest representa una perspectiva distinta y crucial dentro del consorcio: la de un pa\u00eds de destino emergente. Rumania ya no es solo un pa\u00eds de emigraci\u00f3n \u2014 se ha convertido en un lugar donde llegan migrantes, donde las minor\u00edas nacionales tienen historias largas, y donde las respuestas institucionales a la diversidad a\u00fan se est\u00e1n desarrollando.<br><br>El equipo de Bucarest, basado en la\u00a0<strong>Universidad de Bucarest<\/strong>, aporta experiencia en inclusi\u00f3n de la poblaci\u00f3n roman\u00ed, acceso a la atenci\u00f3n sanitaria, gesti\u00f3n migratoria y discriminaci\u00f3n universitaria. Su trabajo produjo uno de los primeros resultados concretos del proyecto: la gu\u00eda pr\u00e1ctica <em>\u00abCombatir la Discriminaci\u00f3n en las Universidades\u00bb<\/em>, publicada en el D\u00eda Internacional de los Derechos Humanos, 10 de diciembre de 2025.<\/p>\n\n\n\n<p><em>Socio local clave: Universidad de Bucarest \u2014 Centro de Investigaci\u00f3n FME \u00b7 Centro FILIA \u00b7 CPES<\/em><\/p>\n\n\n\n<hr class=\"wp-block-separator has-alpha-channel-opacity\"\/>\n\n\n\n<h2 class=\"wp-block-heading\" id=\"lausanne\">Lausana<\/h2>\n\n\n\n<p>Lausana ofrece otra perspectiva m\u00e1s: la de una ciudad suiza peque\u00f1a y altamente internacional, donde una parte significativa de la poblaci\u00f3n ha nacido en el extranjero y donde la tensi\u00f3n entre las protecciones legales formales y la experiencia cotidiana es particularmente visible.<br><br>El contexto pol\u00edtico y legal espec\u00edfico de Suiza \u2014 con su estructura federal, su democracia directa y sus estados de residencia estratificados \u2014 crea formas distintivas de discriminaci\u00f3n institucional que complementan y contrastan con las observadas en las otras tres ciudades.<\/p>\n\n\n\n<p><em>Socio local clave: Universidad de Lausana<\/em><\/p>\n\n\n\n<hr class=\"wp-block-separator has-alpha-channel-opacity\"\/>\n\n\n\n<h2 class=\"wp-block-heading\" id=\"what-makes-this-comparison-powerful\">Lo que hace poderosa esta comparaci\u00f3n<\/h2>\n\n\n\n<p>Las cuatro ciudades no fueron elegidas al azar. Juntas representan una variedad de marcos legales nacionales, escalas urbanas, historias migratorias y culturas institucionales.<br><br>Realizar las mismas encuestas, las mismas entrevistas y los mismos an\u00e1lisis institucionales en las cuatro ciudades permite a UNDETERRED distinguir lo que es\u00a0<strong>espec\u00edfico del contexto<\/strong>\u00a0de lo que es\u00a0<strong>sist\u00e9mico<\/strong>, lo que es una peculiaridad local de lo que es un patr\u00f3n europeo.<\/p>\n\n\n\n<p>Esta dimensi\u00f3n comparativa est\u00e1 en el coraz\u00f3n de la contribuci\u00f3n cient\u00edfica del proyecto:\u00a0<strong>mostrar que la discriminaci\u00f3n invisible no es una excepci\u00f3n, sino una regla \u2014 a trav\u00e9s de fronteras, sectores y ciudades.<\/strong><\/p>\n","protected":false},"excerpt":{"rendered":"<p>La discriminaci\u00f3n sist\u00e9mica no es igual en todas partes. Est\u00e1 moldeada por historias locales, geograf\u00edas urbanas, patrones migratorios y culturas institucionales. Por eso UNDETERRED eligi\u00f3 no centrarse en una sola ciudad, sino construir conocimiento en cuatro de ellas simult\u00e1neamente, usando los mismos m\u00e9todos y las mismas preguntas. Burdeos \u00b7 Barcelona \u00b7 Bucarest \u00b7 Lausana \u2014 [&hellip;]<\/p>\n","protected":false},"author":1,"featured_media":0,"parent":1312,"menu_order":0,"comment_status":"closed","ping_status":"closed","template":"","meta":{"_acf_changed":false,"_gspb_post_css":"","footnotes":""},"class_list":["post-1318","page","type-page","status-publish","hentry"],"acf":[],"mb":[],"mfb_rest_fields":["title"],"_links":{"self":[{"href":"https:\/\/undeterred.eu\/es\/wp-json\/wp\/v2\/pages\/1318","targetHints":{"allow":["GET"]}}],"collection":[{"href":"https:\/\/undeterred.eu\/es\/wp-json\/wp\/v2\/pages"}],"about":[{"href":"https:\/\/undeterred.eu\/es\/wp-json\/wp\/v2\/types\/page"}],"author":[{"embeddable":true,"href":"https:\/\/undeterred.eu\/es\/wp-json\/wp\/v2\/users\/1"}],"replies":[{"embeddable":true,"href":"https:\/\/undeterred.eu\/es\/wp-json\/wp\/v2\/comments?post=1318"}],"version-history":[{"count":8,"href":"https:\/\/undeterred.eu\/es\/wp-json\/wp\/v2\/pages\/1318\/revisions"}],"predecessor-version":[{"id":2108,"href":"https:\/\/undeterred.eu\/es\/wp-json\/wp\/v2\/pages\/1318\/revisions\/2108"}],"up":[{"embeddable":true,"href":"https:\/\/undeterred.eu\/es\/wp-json\/wp\/v2\/pages\/1312"}],"wp:attachment":[{"href":"https:\/\/undeterred.eu\/es\/wp-json\/wp\/v2\/media?parent=1318"}],"curies":[{"name":"wp","href":"https:\/\/api.w.org\/{rel}","templated":true}]}}