{"id":1336,"date":"2026-03-31T13:45:13","date_gmt":"2026-03-31T13:45:13","guid":{"rendered":"https:\/\/undeterred.eu\/legal-notices\/"},"modified":"2026-04-08T20:22:43","modified_gmt":"2026-04-08T20:22:43","slug":"legal-notices","status":"publish","type":"page","link":"https:\/\/undeterred.eu\/es\/legal-notices\/","title":{"rendered":"Aviso legal"},"content":{"rendered":"\n<div class=\"wp-block-group is-layout-constrained wp-container-core-group-is-layout-8ffb9a3e wp-block-group-is-layout-constrained\" style=\"padding-top:var(--wp--preset--spacing--50);padding-right:0;padding-bottom:var(--wp--preset--spacing--50);padding-left:0\">\n<h2 class=\"wp-block-heading\" id=\"website-publisher\">Editor del sitio web<\/h2>\n\n\n\n<p>Este sitio web es publicado por la\u00a0<strong>Universidad de Burdeos<\/strong>, instituci\u00f3n coordinadora del proyecto UNDETERRED.<br><br><strong>Universidad de Burdeos<\/strong><br>6 Av. L\u00e9on Duguit,<br>33600 Pessac, Francia<\/p>\n\n\n\n<hr class=\"wp-block-separator has-alpha-channel-opacity\"\/>\n\n\n\n<h2 class=\"wp-block-heading\" id=\"project-coordinator\">Coordinador del proyecto<\/h2>\n\n\n\n<p><strong>Fabien Sabatier<\/strong><br>Coordinador cient\u00edfico \u2014 UNDETERRED<br>LACES UR 7437 \u2014 Laboratorio Culturas, Educaci\u00f3n, Sociedades<br>Universidad de Burdeos<\/p>\n\n\n\n<hr class=\"wp-block-separator has-alpha-channel-opacity\"\/>\n\n\n\n<h2 class=\"wp-block-heading\" id=\"hosting\">Alojamiento<\/h2>\n\n\n\n<p>Este sitio web est\u00e1 alojado por Infomaniak Network SA, Rue Eug\u00e8ne Marziano 25 &#8211; 1227 Les Acacias (GE)<\/p>\n\n\n\n<hr class=\"wp-block-separator has-alpha-channel-opacity\"\/>\n\n\n\n<h2 class=\"wp-block-heading\" id=\"funding\">Financiaci\u00f3n<\/h2>\n\n\n\n<p>Este proyecto ha recibido financiaci\u00f3n del programa de investigaci\u00f3n e innovaci\u00f3n Horizonte Europa de la Uni\u00f3n Europea bajo el acuerdo de subvenci\u00f3n N\u00b0 101095020.<br>Las opiniones expresadas son solo las de los autores y no reflejan necesariamente las de la Uni\u00f3n Europea ni la Agencia Ejecutiva de Investigaci\u00f3n Europea (REA). Ni la Uni\u00f3n Europea ni la autoridad financiadora pueden ser responsabilizadas por ellas.<\/p>\n\n\n\n<hr class=\"wp-block-separator has-alpha-channel-opacity\"\/>\n\n\n\n<h2 class=\"wp-block-heading\" id=\"intellectual-property\">Propiedad intelectual<\/h2>\n\n\n\n<p>Todo el contenido de este sitio web \u2014 textos, im\u00e1genes, gr\u00e1ficos y documentos \u2014 es propiedad del consorcio UNDETERRED salvo que se indique lo contrario. Se permite la reproducci\u00f3n con fines no comerciales, siempre que se cite claramente la fuente.<br>Las publicaciones cient\u00edficas y entregables pueden estar sujetas a sus propios t\u00e9rminos de licencia, indicados en las p\u00e1ginas correspondientes.<\/p>\n\n\n\n<hr class=\"wp-block-separator has-alpha-channel-opacity\"\/>\n\n\n\n<h2 class=\"wp-block-heading\" id=\"privacy--data-protection\">Privacidad y protecci\u00f3n de datos<\/h2>\n\n\n\n<p>Para informaci\u00f3n sobre c\u00f3mo manejamos los datos personales, consulta nuestra\u00a0<strong><a href=\"https:\/\/undeterred.eu\/privacy-policy\/\" data-type=\"page\" data-id=\"3\" target=\"_blank\" rel=\"noreferrer noopener\">Pol\u00edtica de privacidad<\/a><\/strong>.<\/p>\n<\/div>\n","protected":false},"excerpt":{"rendered":"<p>Editor del sitio web Este sitio web es publicado por la\u00a0Universidad de Burdeos, instituci\u00f3n coordinadora del proyecto UNDETERRED. Universidad de Burdeos6 Av. L\u00e9on Duguit,33600 Pessac, Francia Coordinador del proyecto Fabien SabatierCoordinador cient\u00edfico \u2014 UNDETERREDLACES UR 7437 \u2014 Laboratorio Culturas, Educaci\u00f3n, SociedadesUniversidad de Burdeos Alojamiento Este sitio web est\u00e1 alojado por Infomaniak Network SA, Rue Eug\u00e8ne [&hellip;]<\/p>\n","protected":false},"author":1,"featured_media":0,"parent":0,"menu_order":0,"comment_status":"closed","ping_status":"closed","template":"","meta":{"_acf_changed":false,"_gspb_post_css":"","footnotes":""},"class_list":["post-1336","page","type-page","status-publish","hentry"],"acf":[],"mb":[],"mfb_rest_fields":["title"],"_links":{"self":[{"href":"https:\/\/undeterred.eu\/es\/wp-json\/wp\/v2\/pages\/1336","targetHints":{"allow":["GET"]}}],"collection":[{"href":"https:\/\/undeterred.eu\/es\/wp-json\/wp\/v2\/pages"}],"about":[{"href":"https:\/\/undeterred.eu\/es\/wp-json\/wp\/v2\/types\/page"}],"author":[{"embeddable":true,"href":"https:\/\/undeterred.eu\/es\/wp-json\/wp\/v2\/users\/1"}],"replies":[{"embeddable":true,"href":"https:\/\/undeterred.eu\/es\/wp-json\/wp\/v2\/comments?post=1336"}],"version-history":[{"count":7,"href":"https:\/\/undeterred.eu\/es\/wp-json\/wp\/v2\/pages\/1336\/revisions"}],"predecessor-version":[{"id":2109,"href":"https:\/\/undeterred.eu\/es\/wp-json\/wp\/v2\/pages\/1336\/revisions\/2109"}],"wp:attachment":[{"href":"https:\/\/undeterred.eu\/es\/wp-json\/wp\/v2\/media?parent=1336"}],"curies":[{"name":"wp","href":"https:\/\/api.w.org\/{rel}","templated":true}]}}