{"id":3,"date":"2026-02-24T16:28:48","date_gmt":"2026-02-24T16:28:48","guid":{"rendered":"https:\/\/undeterred.eu\/?page_id=3"},"modified":"2026-04-08T19:46:50","modified_gmt":"2026-04-08T19:46:50","slug":"privacy-policy","status":"publish","type":"page","link":"https:\/\/undeterred.eu\/es\/privacy-policy\/","title":{"rendered":"Pol\u00edtica de Privacidad"},"content":{"rendered":"\n<h2 class=\"wp-block-heading\" id=\"who-we-are\">Qui\u00e9nes somos<\/h2>\n\n\n\n<p>Este sitio web es operado por el equipo del proyecto UNDETERRED, coordinado por la&nbsp;<strong>Universidad de Burdeos<\/strong>. La direcci\u00f3n de nuestro sitio web es: <strong>https:\/\/undeterred.eu<\/strong> <br>UNDETERRED es un programa de investigaci\u00f3n-acci\u00f3n financiado por la Uni\u00f3n Europea en el marco de Horizonte Europa (Subvenci\u00f3n N\u00b0 101095020).<br>Para cualquier consulta relacionada con la privacidad, por favor <a href=\"https:\/\/undeterred.eu\/contact\/\" data-type=\"page\" data-id=\"466\">cont\u00e1ctenos<\/a>&nbsp;<\/p>\n\n\n\n<h2 class=\"wp-block-heading\" id=\"data-we-collect\">Datos que recopilamos<\/h2>\n\n\n\n<div class=\"wp-block-group is-layout-constrained wp-container-core-group-is-layout-11c1ca01 wp-block-group-is-layout-constrained\" style=\"padding-right:var(--wp--preset--spacing--50);padding-left:var(--wp--preset--spacing--50)\">\n<h3 class=\"wp-block-heading\" id=\"contact-form\">Formulario de contacto<\/h3>\n\n\n\n<p>Cuando utiliza nuestro formulario de contacto, recopilamos su nombre, direcci\u00f3n de correo electr\u00f3nico y el contenido de su mensaje. Estos datos se utilizan \u00fanicamente para responder a su consulta y no se comparten con terceros.<\/p>\n\n\n\n<h3 class=\"wp-block-heading\" id=\"comments\">Comentarios<\/h3>\n\n\n\n<p>Si el sitio incluye una funci\u00f3n de comentarios, cuando los visitantes dejan comentarios recopilamos los datos que se muestran en el formulario de comentarios, junto con la direcci\u00f3n IP del visitante y la cadena del agente de usuario del navegador para fines de detecci\u00f3n de spam.<\/p>\n\n\n\n<h3 class=\"wp-block-heading\" id=\"media\">Medios<\/h3>\n\n\n\n<p>Si sube im\u00e1genes al sitio web, evite subir im\u00e1genes con datos de ubicaci\u00f3n incrustados (EXIF GPS). Los visitantes del sitio web pueden descargar y extraer cualquier dato de ubicaci\u00f3n de las im\u00e1genes en el sitio web.<\/p>\n<\/div>\n\n\n\n<h2 class=\"wp-block-heading\" id=\"cookies\">Cookies<\/h2>\n\n\n\n<p>Este sitio puede utilizar cookies para los siguientes prop\u00f3sitos:<\/p>\n\n\n\n<ul class=\"wp-block-list\">\n<li><strong>Cookies funcionales<\/strong>&nbsp;\u2014 para recordar sus preferencias y opciones de visualizaci\u00f3n<\/li>\n\n\n\n<li><strong>Cookies de sesi\u00f3n<\/strong>&nbsp;\u2014 cookies temporales que se eliminan cuando cierra su navegador, utilizadas para verificar la compatibilidad b\u00e1sica del navegador<\/li>\n<\/ul>\n\n\n\n<p>No utilizamos cookies publicitarias ni de seguimiento conductual.<\/p>\n\n\n\n<h2 class=\"wp-block-heading\" id=\"embedded-content\">Contenido integrado<\/h2>\n\n\n\n<p>Las p\u00e1ginas de este sitio pueden incluir contenido integrado (videos, mapas, documentos, etc.). El contenido integrado de otros sitios web se comporta como si el visitante hubiera visitado directamente esos sitios web. Estos sitios pueden recopilar datos sobre usted, usar cookies y monitorear su interacci\u00f3n con ese contenido.<\/p>\n\n\n\n<hr class=\"wp-block-separator has-alpha-channel-opacity\"\/>\n\n\n\n<h2 class=\"wp-block-heading\" id=\"research-data\">Datos de investigaci\u00f3n<\/h2>\n\n\n\n<p>Los datos de investigaci\u00f3n de UNDETERRED (entrevistas, encuestas, grupos focales) se recopilan y procesan por separado de este sitio web, bajo estrictos protocolos \u00e9ticos y cumplimiento total del RGPD. Todos los datos de investigaci\u00f3n se anonimizan y almacenan de forma segura en la infraestructura acad\u00e9mica&nbsp;<strong>Huma-Num<\/strong>.<\/p>\n\n\n\n<p>\u2192 Vea nuestra&nbsp;<strong><a href=\"https:\/\/undeterred.eu\/our-approach\/ethics-data-protection\/\" data-type=\"page\" data-id=\"1271\" target=\"_blank\" rel=\"noreferrer noopener\">p\u00e1gina de \u00c9tica y Protecci\u00f3n de Datos<\/a><\/strong>&nbsp;para m\u00e1s detalles.<\/p>\n\n\n\n<hr class=\"wp-block-separator has-alpha-channel-opacity\"\/>\n\n\n\n<h2 class=\"wp-block-heading\" id=\"how-long-we-retain-your-data\">Cu\u00e1nto tiempo retenemos sus datos<\/h2>\n\n\n\n<p>Las presentaciones del formulario de contacto se conservan solo mientras sea necesario para responder a su consulta. No se mantienen m\u00e1s all\u00e1 de ese per\u00edodo a menos que sea requerido por motivos legales o administrativos.<\/p>\n\n\n\n<hr class=\"wp-block-separator has-alpha-channel-opacity\"\/>\n\n\n\n<h2 class=\"wp-block-heading\" id=\"your-rights\">Sus derechos<\/h2>\n\n\n\n<p>Bajo el RGPD, usted tiene derecho a acceder, corregir o solicitar la eliminaci\u00f3n de cualquier dato personal que tengamos sobre usted. Para ejercer estos derechos, cont\u00e1ctenos a trav\u00e9s de nuestro&nbsp;<strong><a href=\"https:\/\/undeterred.eu\/contact\/\" data-type=\"page\" data-id=\"466\" target=\"_blank\" rel=\"noreferrer noopener\">formulario de contacto<\/a><\/strong>.<\/p>\n\n\n\n<hr class=\"wp-block-separator has-alpha-channel-opacity\"\/>\n\n\n\n<h2 class=\"wp-block-heading\" id=\"where-your-data-is-sent\">D\u00f3nde se env\u00edan sus datos<\/h2>\n\n\n\n<p>Los datos del formulario de contacto son procesados exclusivamente por el equipo del proyecto UNDETERRED. No se vende ni transfiere ning\u00fan dato personal a terceros.<\/p>\n","protected":false},"excerpt":{"rendered":"<p>Qui\u00e9nes somos Este sitio web es operado por el equipo del proyecto UNDETERRED, coordinado por la&nbsp;Universidad de Burdeos. La direcci\u00f3n de nuestro sitio web es: https:\/\/undeterred.eu UNDETERRED es un programa de investigaci\u00f3n-acci\u00f3n financiado por la Uni\u00f3n Europea en el marco de Horizonte Europa (Subvenci\u00f3n N\u00b0 101095020).Para cualquier consulta relacionada con la privacidad, por favor cont\u00e1ctenos&nbsp; [&hellip;]<\/p>\n","protected":false},"author":1,"featured_media":0,"parent":0,"menu_order":0,"comment_status":"closed","ping_status":"closed","template":"","meta":{"_acf_changed":false,"_gspb_post_css":"","footnotes":""},"class_list":["post-3","page","type-page","status-publish","hentry"],"acf":[],"mb":[],"mfb_rest_fields":["title"],"_links":{"self":[{"href":"https:\/\/undeterred.eu\/es\/wp-json\/wp\/v2\/pages\/3","targetHints":{"allow":["GET"]}}],"collection":[{"href":"https:\/\/undeterred.eu\/es\/wp-json\/wp\/v2\/pages"}],"about":[{"href":"https:\/\/undeterred.eu\/es\/wp-json\/wp\/v2\/types\/page"}],"author":[{"embeddable":true,"href":"https:\/\/undeterred.eu\/es\/wp-json\/wp\/v2\/users\/1"}],"replies":[{"embeddable":true,"href":"https:\/\/undeterred.eu\/es\/wp-json\/wp\/v2\/comments?post=3"}],"version-history":[{"count":11,"href":"https:\/\/undeterred.eu\/es\/wp-json\/wp\/v2\/pages\/3\/revisions"}],"predecessor-version":[{"id":2058,"href":"https:\/\/undeterred.eu\/es\/wp-json\/wp\/v2\/pages\/3\/revisions\/2058"}],"wp:attachment":[{"href":"https:\/\/undeterred.eu\/es\/wp-json\/wp\/v2\/media?parent=3"}],"curies":[{"name":"wp","href":"https:\/\/api.w.org\/{rel}","templated":true}]}}