{"id":441,"date":"2026-03-02T11:45:10","date_gmt":"2026-03-02T11:45:10","guid":{"rendered":"https:\/\/undeterred.eu\/?page_id=441"},"modified":"2026-04-08T19:49:01","modified_gmt":"2026-04-08T19:49:01","slug":"our-research","status":"publish","type":"page","link":"https:\/\/undeterred.eu\/es\/our-research\/","title":{"rendered":"Nuestra Investigaci\u00f3n"},"content":{"rendered":"\n<p style=\"margin-top:var(--wp--preset--spacing--50);margin-right:var(--wp--preset--spacing--50);margin-bottom:var(--wp--preset--spacing--50);margin-left:var(--wp--preset--spacing--50)\">La investigaci\u00f3n de UNDETERRED est\u00e1 estructurada en torno a <strong>6 Paquetes de Trabajo<\/strong>, cada uno abordando una fase distinta del proyecto, desde la recopilaci\u00f3n de datos hasta la difusi\u00f3n. Juntos, forman una cadena continua desde la evidencia hasta la acci\u00f3n.<\/p>\n\n\n\n<div class=\"wp-block-group has-ti-bg-alt-background-color has-background is-content-justification-left is-layout-constrained wp-container-core-group-is-layout-d0c82cf6 wp-block-group-is-layout-constrained\" style=\"padding-top:var(--wp--preset--spacing--40);padding-right:var(--wp--preset--spacing--60);padding-bottom:var(--wp--preset--spacing--40);padding-left:var(--wp--preset--spacing--60)\">\n<div class=\"wp-block-group is-nowrap is-layout-flex wp-container-core-group-is-layout-6c531013 wp-block-group-is-layout-flex\">\n<div class=\"wp-block-group is-layout-constrained wp-block-group-is-layout-constrained\" style=\"padding-top:0;padding-bottom:0\">\n<h6 class=\"wp-block-heading has-ti-bg-color has-ti-accent-background-color has-text-color has-background has-playfair-display-font-family has-small-font-size\" id=\"1\" style=\"border-top-left-radius:100%;border-top-right-radius:100%;border-bottom-left-radius:100%;border-bottom-right-radius:100%;padding-top:var(--wp--preset--spacing--50);padding-right:var(--wp--preset--spacing--50);padding-bottom:var(--wp--preset--spacing--50);padding-left:var(--wp--preset--spacing--50);font-style:normal;font-weight:700;line-height:0.5\">1<\/h6>\n<\/div>\n\n\n\n<div class=\"wp-block-group is-vertical is-layout-flex wp-container-core-group-is-layout-2d78de46 wp-block-group-is-layout-flex\" style=\"margin-top:var(--wp--preset--spacing--30);margin-bottom:var(--wp--preset--spacing--30);padding-top:0;padding-bottom:0\">\n<h4 class=\"wp-block-heading\" id=\"map-collect-wp1\">Mapear &#038; Recopilar (WP1)<\/h4>\n\n\n\n<p class=\"has-ti-accent-mid-color has-text-color has-small-font-size\">Recopilaci\u00f3n de datos socioecon\u00f3micos en las ciudades asociadas para comprender los contextos locales de discriminaci\u00f3n.<\/p>\n<\/div>\n<\/div>\n\n\n\n<div class=\"wp-block-group is-nowrap is-layout-flex wp-container-core-group-is-layout-1f4dc4e1 wp-block-group-is-layout-flex\" style=\"min-height:0px;margin-top:0;margin-bottom:0;padding-top:0;padding-right:var(--wp--preset--spacing--50);padding-bottom:0;padding-left:var(--wp--preset--spacing--50)\">\n<hr class=\"wp-block-separator has-alpha-channel-opacity is-style-default is-vertical\" style=\"width: 1px; max-width: 100%;height: 2em;margin-top:var(--wp--preset--spacing--20);margin-bottom:var(--wp--preset--spacing--20)\"\/>\n<\/div>\n\n\n\n<div class=\"wp-block-group is-nowrap is-layout-flex wp-container-core-group-is-layout-6c531013 wp-block-group-is-layout-flex\">\n<div class=\"wp-block-group is-layout-constrained wp-block-group-is-layout-constrained\" style=\"padding-top:0;padding-bottom:0\">\n<h6 class=\"wp-block-heading has-ti-bg-color has-ti-accent-background-color has-text-color has-background has-playfair-display-font-family has-small-font-size\" id=\"1\" style=\"border-top-left-radius:100%;border-top-right-radius:100%;border-bottom-left-radius:100%;border-bottom-right-radius:100%;padding-top:var(--wp--preset--spacing--50);padding-right:var(--wp--preset--spacing--50);padding-bottom:var(--wp--preset--spacing--50);padding-left:var(--wp--preset--spacing--50);font-style:normal;font-weight:700;line-height:0.5\">2<\/h6>\n<\/div>\n\n\n\n<div class=\"wp-block-group is-vertical is-layout-flex wp-container-core-group-is-layout-2d78de46 wp-block-group-is-layout-flex\" style=\"margin-top:var(--wp--preset--spacing--30);margin-bottom:var(--wp--preset--spacing--30);padding-top:0;padding-bottom:0\">\n<h4 class=\"wp-block-heading\" id=\"map-collect-wp1\">Analizar &#038; Comprender (WP2)<\/h4>\n\n\n\n<p class=\"has-ti-accent-mid-color has-text-color has-small-font-size\">Construcci\u00f3n de conocimiento emp\u00edrico sobre mecanismos de discriminaci\u00f3n sist\u00e9mica y no intencional.<\/p>\n<\/div>\n<\/div>\n\n\n\n<div class=\"wp-block-group is-nowrap is-layout-flex wp-container-core-group-is-layout-1f4dc4e1 wp-block-group-is-layout-flex\" style=\"min-height:0px;margin-top:0;margin-bottom:0;padding-top:0;padding-right:var(--wp--preset--spacing--50);padding-bottom:0;padding-left:var(--wp--preset--spacing--50)\">\n<hr class=\"wp-block-separator has-alpha-channel-opacity is-style-default is-vertical\" style=\"width: 1px; max-width: 100%;height: 2em;margin-top:var(--wp--preset--spacing--20);margin-bottom:var(--wp--preset--spacing--20)\"\/>\n<\/div>\n\n\n\n<div class=\"wp-block-group is-nowrap is-layout-flex wp-container-core-group-is-layout-6c531013 wp-block-group-is-layout-flex\">\n<div class=\"wp-block-group is-layout-constrained wp-block-group-is-layout-constrained\" style=\"padding-top:0;padding-bottom:0\">\n<h6 class=\"wp-block-heading has-ti-bg-color has-ti-accent-background-color has-text-color has-background has-playfair-display-font-family has-small-font-size\" id=\"1\" style=\"border-top-left-radius:100%;border-top-right-radius:100%;border-bottom-left-radius:100%;border-bottom-right-radius:100%;padding-top:var(--wp--preset--spacing--50);padding-right:var(--wp--preset--spacing--50);padding-bottom:var(--wp--preset--spacing--50);padding-left:var(--wp--preset--spacing--50);font-style:normal;font-weight:700;line-height:0.5\">3<\/h6>\n<\/div>\n\n\n\n<div class=\"wp-block-group is-vertical is-layout-flex wp-container-core-group-is-layout-2d78de46 wp-block-group-is-layout-flex\" style=\"margin-top:var(--wp--preset--spacing--30);margin-bottom:var(--wp--preset--spacing--30);padding-top:0;padding-bottom:0\">\n<h4 class=\"wp-block-heading\" id=\"map-collect-wp1\">Experimentar &#038; Probar (WP3)<\/h4>\n\n\n\n<p class=\"has-ti-accent-mid-color has-text-color has-small-font-size\">Co-dise\u00f1o y prueba de soluciones en campo con socios institucionales y j\u00f3venes.<\/p>\n<\/div>\n<\/div>\n\n\n\n<div class=\"wp-block-group is-nowrap is-layout-flex wp-container-core-group-is-layout-1f4dc4e1 wp-block-group-is-layout-flex\" style=\"min-height:0px;margin-top:0;margin-bottom:0;padding-top:0;padding-right:var(--wp--preset--spacing--50);padding-bottom:0;padding-left:var(--wp--preset--spacing--50)\">\n<hr class=\"wp-block-separator has-alpha-channel-opacity is-style-default is-vertical\" style=\"width: 1px; max-width: 100%;height: 2em;margin-top:var(--wp--preset--spacing--20);margin-bottom:var(--wp--preset--spacing--20)\"\/>\n<\/div>\n\n\n\n<div class=\"wp-block-group is-nowrap is-layout-flex wp-container-core-group-is-layout-6c531013 wp-block-group-is-layout-flex\">\n<div class=\"wp-block-group is-layout-constrained wp-block-group-is-layout-constrained\" style=\"padding-top:0;padding-bottom:0\">\n<h6 class=\"wp-block-heading has-ti-bg-color has-ti-accent-background-color has-text-color has-background has-playfair-display-font-family has-small-font-size\" id=\"1\" style=\"border-top-left-radius:100%;border-top-right-radius:100%;border-bottom-left-radius:100%;border-bottom-right-radius:100%;padding-top:var(--wp--preset--spacing--50);padding-right:var(--wp--preset--spacing--50);padding-bottom:var(--wp--preset--spacing--50);padding-left:var(--wp--preset--spacing--50);font-style:normal;font-weight:700;line-height:0.5\">4<\/h6>\n<\/div>\n\n\n\n<div class=\"wp-block-group is-vertical is-layout-flex wp-container-core-group-is-layout-2d78de46 wp-block-group-is-layout-flex\" style=\"margin-top:var(--wp--preset--spacing--30);margin-bottom:var(--wp--preset--spacing--30);padding-top:0;padding-bottom:0\">\n<h4 class=\"wp-block-heading\" id=\"map-collect-wp1\">Difundir &#038; Impactar (WP4)<\/h4>\n\n\n\n<p class=\"has-ti-accent-mid-color has-text-color has-small-font-size\">Compartir resultados ampliamente para influir en pol\u00edticas y pr\u00e1cticas en toda Europa.<\/p>\n<\/div>\n<\/div>\n\n\n\n<div class=\"wp-block-group is-nowrap is-layout-flex wp-container-core-group-is-layout-1f4dc4e1 wp-block-group-is-layout-flex\" style=\"min-height:0px;margin-top:0;margin-bottom:0;padding-top:0;padding-right:var(--wp--preset--spacing--50);padding-bottom:0;padding-left:var(--wp--preset--spacing--50)\">\n<hr class=\"wp-block-separator has-alpha-channel-opacity is-style-default is-vertical\" style=\"width: 1px; max-width: 100%;height: 2em;margin-top:var(--wp--preset--spacing--20);margin-bottom:var(--wp--preset--spacing--20)\"\/>\n<\/div>\n\n\n\n<div class=\"wp-block-group is-nowrap is-layout-flex wp-container-core-group-is-layout-6c531013 wp-block-group-is-layout-flex\">\n<div class=\"wp-block-group is-layout-constrained wp-block-group-is-layout-constrained\" style=\"padding-top:0;padding-bottom:0\">\n<h6 class=\"wp-block-heading has-ti-bg-color has-ti-accent-background-color has-text-color has-background has-playfair-display-font-family has-small-font-size\" id=\"1\" style=\"border-top-left-radius:100%;border-top-right-radius:100%;border-bottom-left-radius:100%;border-bottom-right-radius:100%;padding-top:var(--wp--preset--spacing--50);padding-right:var(--wp--preset--spacing--50);padding-bottom:var(--wp--preset--spacing--50);padding-left:var(--wp--preset--spacing--50);font-style:normal;font-weight:700;line-height:0.5\">5<\/h6>\n<\/div>\n\n\n\n<div class=\"wp-block-group is-vertical is-layout-flex wp-container-core-group-is-layout-2d78de46 wp-block-group-is-layout-flex\" style=\"margin-top:var(--wp--preset--spacing--30);margin-bottom:var(--wp--preset--spacing--30);padding-top:0;padding-bottom:0\">\n<h4 class=\"wp-block-heading\" id=\"map-collect-wp1\">Gesti\u00f3n del proyecto y datos (WP5)<\/h4>\n\n\n\n<p class=\"has-ti-accent-mid-color has-text-color has-small-font-size\">Gestionar los datos cuantitativos del proyecto<\/p>\n<\/div>\n<\/div>\n\n\n\n<div class=\"wp-block-group is-nowrap is-layout-flex wp-container-core-group-is-layout-1f4dc4e1 wp-block-group-is-layout-flex\" style=\"min-height:0px;margin-top:0;margin-bottom:0;padding-top:0;padding-right:var(--wp--preset--spacing--50);padding-bottom:0;padding-left:var(--wp--preset--spacing--50)\">\n<hr class=\"wp-block-separator has-alpha-channel-opacity is-style-default is-vertical\" style=\"width: 1px; max-width: 100%;height: 2em;margin-top:var(--wp--preset--spacing--20);margin-bottom:var(--wp--preset--spacing--20)\"\/>\n<\/div>\n\n\n\n<div class=\"wp-block-group is-nowrap is-layout-flex wp-container-core-group-is-layout-6c531013 wp-block-group-is-layout-flex\">\n<div class=\"wp-block-group is-layout-constrained wp-block-group-is-layout-constrained\" style=\"padding-top:0;padding-bottom:0\">\n<h6 class=\"wp-block-heading has-ti-bg-color has-ti-accent-background-color has-text-color has-background has-playfair-display-font-family has-small-font-size\" id=\"1\" style=\"border-top-left-radius:100%;border-top-right-radius:100%;border-bottom-left-radius:100%;border-bottom-right-radius:100%;padding-top:var(--wp--preset--spacing--50);padding-right:var(--wp--preset--spacing--50);padding-bottom:var(--wp--preset--spacing--50);padding-left:var(--wp--preset--spacing--50);font-style:normal;font-weight:700;line-height:0.5\">6<\/h6>\n<\/div>\n\n\n\n<div class=\"wp-block-group is-vertical is-layout-flex wp-container-core-group-is-layout-2d78de46 wp-block-group-is-layout-flex\" style=\"margin-top:var(--wp--preset--spacing--30);margin-bottom:var(--wp--preset--spacing--30);padding-top:0;padding-bottom:0\">\n<h4 class=\"wp-block-heading\" id=\"map-collect-wp1\">Requisitos \u00e9ticos para la investigaci\u00f3n (WP6)<\/h4>\n\n\n\n<p class=\"has-ti-accent-mid-color has-text-color has-small-font-size\">El objetivo es garantizar que se cumplan los requisitos \u00e9ticos de la investigaci\u00f3n.<\/p>\n<\/div>\n<\/div>\n<\/div>\n\n\n\n<h2 class=\"wp-block-heading\" id=\"explore-the-research-outputs\">Explora los resultados de la investigaci\u00f3n<\/h2>\n\n\n\n<p><strong><a href=\"https:\/\/undeterred.eu\/our-research\/deliverables\/\" data-type=\"page\" data-id=\"1277\">Entregables \u2192<\/a><\/strong><\/p>\n\n\n\n<p><strong><a href=\"https:\/\/undeterred.eu\/category\/publication\/\" data-type=\"category\" data-id=\"30\">Publicaciones \u2192<\/a><\/strong><\/p>\n\n\n\n<p><strong><a href=\"https:\/\/undeterred.eu\/our-research\/key-findings\/\" data-type=\"page\" data-id=\"1279\">Hallazgos Clave \u2192<\/a><\/strong><\/p>\n\n\n\n<p><strong><a href=\"https:\/\/undeterred.eu\/our-research\/connected-projects\/\" data-type=\"page\" data-id=\"1281\">Proyectos Conectados \u2192<\/a><\/strong><\/p>\n","protected":false},"excerpt":{"rendered":"<p>La investigaci\u00f3n de UNDETERRED est\u00e1 estructurada en torno a 6 Paquetes de Trabajo, cada uno abordando una fase distinta del proyecto, desde la recopilaci\u00f3n de datos hasta la difusi\u00f3n. Juntos, forman una cadena continua desde la evidencia hasta la acci\u00f3n. 1 Mapear &#038; Recopilar (WP1) Recopilaci\u00f3n de datos socioecon\u00f3micos en las ciudades asociadas para comprender [&hellip;]<\/p>\n","protected":false},"author":1,"featured_media":0,"parent":0,"menu_order":0,"comment_status":"closed","ping_status":"closed","template":"","meta":{"_acf_changed":false,"_gspb_post_css":"","footnotes":""},"class_list":["post-441","page","type-page","status-publish","hentry"],"acf":[],"mb":[],"mfb_rest_fields":["title"],"_links":{"self":[{"href":"https:\/\/undeterred.eu\/es\/wp-json\/wp\/v2\/pages\/441","targetHints":{"allow":["GET"]}}],"collection":[{"href":"https:\/\/undeterred.eu\/es\/wp-json\/wp\/v2\/pages"}],"about":[{"href":"https:\/\/undeterred.eu\/es\/wp-json\/wp\/v2\/types\/page"}],"author":[{"embeddable":true,"href":"https:\/\/undeterred.eu\/es\/wp-json\/wp\/v2\/users\/1"}],"replies":[{"embeddable":true,"href":"https:\/\/undeterred.eu\/es\/wp-json\/wp\/v2\/comments?post=441"}],"version-history":[{"count":24,"href":"https:\/\/undeterred.eu\/es\/wp-json\/wp\/v2\/pages\/441\/revisions"}],"predecessor-version":[{"id":2061,"href":"https:\/\/undeterred.eu\/es\/wp-json\/wp\/v2\/pages\/441\/revisions\/2061"}],"wp:attachment":[{"href":"https:\/\/undeterred.eu\/es\/wp-json\/wp\/v2\/media?parent=441"}],"curies":[{"name":"wp","href":"https:\/\/api.w.org\/{rel}","templated":true}]}}