{"id":443,"date":"2026-03-02T11:45:21","date_gmt":"2026-03-02T11:45:21","guid":{"rendered":"https:\/\/undeterred.eu\/?page_id=443"},"modified":"2026-04-08T19:50:29","modified_gmt":"2026-04-08T19:50:29","slug":"impact-policy","status":"publish","type":"page","link":"https:\/\/undeterred.eu\/es\/impact-policy\/","title":{"rendered":"Impacto y pol\u00edtica"},"content":{"rendered":"\n<h2 class=\"wp-block-heading\" id=\"from-evidence-to-action\">De la evidencia a la acci\u00f3n.<\/h2>\n\n\n\n<p>Comprender la discriminaci\u00f3n sist\u00e9mica no es suficiente. UNDETERRED est\u00e1 dise\u00f1ado para generar cambios \u2014 en las instituciones, en las pol\u00edticas, en las pr\u00e1cticas.<\/p>\n\n\n\n<hr class=\"wp-block-separator has-alpha-channel-opacity is-style-default\"\/>\n\n\n\n<h2 class=\"wp-block-heading\" id=\"three-pillars-of-impact\">Tres pilares del impacto<\/h2>\n\n\n\n<div class=\"wp-block-columns alignwide tw-cols-stack-md-2 is-layout-flex wp-container-core-columns-is-layout-c5b92faa wp-block-columns-is-layout-flex\" style=\"margin-top:var(--wp--preset--spacing--60);margin-bottom:var(--wp--preset--spacing--60)\">\n<div class=\"wp-block-column has-border-color has-ti-bg-color has-muted-25-opacity-background-color has-text-color has-background is-layout-flow wp-container-core-column-is-layout-dd24f509 wp-block-column-is-layout-flow\" style=\"border-color:rgba(13, 33, 64, 0.08);border-width:1px;border-top-left-radius:30px;border-top-right-radius:30px;border-bottom-left-radius:30px;border-bottom-right-radius:30px;padding-top:var(--wp--preset--spacing--50);padding-right:var(--wp--preset--spacing--50);padding-bottom:var(--wp--preset--spacing--50);padding-left:var(--wp--preset--spacing--50)\">\n<div class=\"wp-block-group is-content-justification-space-between is-nowrap is-layout-flex wp-container-core-group-is-layout-ed947458 wp-block-group-is-layout-flex\" style=\"margin-top:0;margin-bottom:0;padding-top:0;padding-right:0;padding-bottom:0;padding-left:0\">\n<div class=\"wp-block-group has-border-navy-background-color has-background has-large-font-size is-layout-flow wp-block-group-is-layout-flow\" style=\"border-top-left-radius:10px;border-top-right-radius:10px;border-bottom-left-radius:10px;border-bottom-right-radius:10px;min-height:2.5em;padding-top:0;padding-right:0;padding-bottom:0;padding-left:0\">\n<p class=\"has-text-align-center has-x-large-font-size\">\ud83c\udfdb\ufe0f<\/p>\n<\/div>\n<\/div>\n\n\n\n<h3 class=\"wp-block-heading\" id=\"first-item-8\">Herramientas de pol\u00edtica<\/h3>\n\n\n\n<p class=\"has-muted-color has-text-color has-x-small-font-size\">Recomendaciones co-construidas y gu\u00edas pr\u00e1cticas para instituciones y responsables de la toma de decisiones \u2014 dise\u00f1adas para usarse directamente, no para archivarse.<\/p>\n\n\n\n<p class=\"tw-link-no-underline has-link-color has-x-small-font-size wp-elements-6c2ed6e9950b76371d6fff405f25175b\" style=\"font-style:normal;font-weight:600;letter-spacing:0.1em;text-decoration:none\"><a href=\"https:\/\/undeterred.eu\/impact-policy\/policy-tools-recommendations\/\" data-type=\"page\" data-id=\"1285\">Ver recursos \u2192<\/a><a href=\"#\"><\/a><\/p>\n<\/div>\n\n\n\n<div class=\"wp-block-column has-border-color has-ti-bg-color has-muted-25-opacity-background-color has-text-color has-background is-layout-flow wp-container-core-column-is-layout-dd24f509 wp-block-column-is-layout-flow\" style=\"border-color:rgba(13, 33, 64, 0.08);border-width:1px;border-top-left-radius:30px;border-top-right-radius:30px;border-bottom-left-radius:30px;border-bottom-right-radius:30px;padding-top:var(--wp--preset--spacing--50);padding-right:var(--wp--preset--spacing--50);padding-bottom:var(--wp--preset--spacing--50);padding-left:var(--wp--preset--spacing--50)\">\n<div class=\"wp-block-group is-content-justification-space-between is-nowrap is-layout-flex wp-container-core-group-is-layout-ed947458 wp-block-group-is-layout-flex\" style=\"margin-top:0;margin-bottom:0;padding-top:0;padding-right:0;padding-bottom:0;padding-left:0\">\n<div class=\"wp-block-group has-border-navy-background-color has-background has-large-font-size is-layout-flow wp-block-group-is-layout-flow\" style=\"border-top-left-radius:10px;border-top-right-radius:10px;border-bottom-left-radius:10px;border-bottom-right-radius:10px;min-height:2.5em;padding-top:0;padding-right:0;padding-bottom:0;padding-left:0\">\n<p class=\"has-text-align-center has-x-large-font-size\"><strong>\ud83d\udd2c<\/strong><\/p>\n<\/div>\n<\/div>\n\n\n\n<h3 class=\"wp-block-heading\" id=\"first-item-8\">Experimentos de campo<\/h3>\n\n\n\n<p class=\"has-muted-color has-text-color has-x-small-font-size\">Pilotos en el mundo real probados dentro de organizaciones socias en las cuatro ciudades \u2014 nuevos procedimientos, nuevas pr\u00e1cticas, evaluados y refinados en contexto.<\/p>\n\n\n\n<p class=\"tw-link-no-underline has-link-color has-x-small-font-size wp-elements-80d7a743517a9ea617e34e1a191ec012\" style=\"font-style:normal;font-weight:600;letter-spacing:0.1em;text-decoration:none\"><a href=\"https:\/\/undeterred.eu\/impact-policy\/field-experiments\/\" data-type=\"page\" data-id=\"1289\">Ver experimentos \u2192<\/a><a href=\"#\"><\/a><\/p>\n<\/div>\n\n\n\n<div class=\"wp-block-column has-border-color has-ti-bg-color has-muted-25-opacity-background-color has-text-color has-background is-layout-flow wp-container-core-column-is-layout-dd24f509 wp-block-column-is-layout-flow\" style=\"border-color:rgba(13, 33, 64, 0.08);border-width:1px;border-top-left-radius:30px;border-top-right-radius:30px;border-bottom-left-radius:30px;border-bottom-right-radius:30px;padding-top:var(--wp--preset--spacing--50);padding-right:var(--wp--preset--spacing--50);padding-bottom:var(--wp--preset--spacing--50);padding-left:var(--wp--preset--spacing--50)\">\n<div class=\"wp-block-group is-content-justification-space-between is-nowrap is-layout-flex wp-container-core-group-is-layout-ed947458 wp-block-group-is-layout-flex\" style=\"margin-top:0;margin-bottom:0;padding-top:0;padding-right:0;padding-bottom:0;padding-left:0\">\n<div class=\"wp-block-group has-border-navy-background-color has-background has-large-font-size is-layout-flow wp-block-group-is-layout-flow\" style=\"border-top-left-radius:10px;border-top-right-radius:10px;border-bottom-left-radius:10px;border-bottom-right-radius:10px;min-height:2.5em;padding-top:0;padding-right:0;padding-bottom:0;padding-left:0\">\n<p class=\"has-text-align-center has-x-large-font-size\"><strong><strong>\ud83d\udcda<\/strong><\/strong><\/p>\n<\/div>\n<\/div>\n\n\n\n<h3 class=\"wp-block-heading\" id=\"first-item-8\">Formaci\u00f3n y recursos<\/h3>\n\n\n\n<p class=\"has-muted-color has-text-color has-x-small-font-size\">Materiales pr\u00e1cticos para profesionales y trabajadores sobre el terreno que trabajan con las poblaciones m\u00e1s afectadas por la discriminaci\u00f3n sist\u00e9mica.<\/p>\n\n\n\n<p class=\"tw-link-no-underline has-link-color has-x-small-font-size wp-elements-8fb9eb4631136c83ee512fd1506b123d\" style=\"font-style:normal;font-weight:600;letter-spacing:0.1em;text-decoration:none\"><a href=\"https:\/\/undeterred.eu\/the-challenge\/the-four-cities\/\" data-type=\"page\" data-id=\"1318\">Descubrir ciudades \u2192<\/a><a href=\"#\"><\/a><\/p>\n<\/div>\n<\/div>\n\n\n\n<hr class=\"wp-block-separator has-alpha-channel-opacity is-style-default\"\/>\n\n\n\n<h2 class=\"wp-block-heading\" id=\"already-in-action\">Ya en acci\u00f3n<\/h2>\n\n\n\n<p><strong>diciembre de 2025 \u2014 Bucarest<\/strong><br>Lanzamiento de&nbsp;<em>\u00abCombatiendo la discriminaci\u00f3n en las universidades\u00bb<\/em>&nbsp;\u2014 la primera gu\u00eda pr\u00e1ctica de su tipo para estudiantes en Rumania, disponible en rumano, ingl\u00e9s y franc\u00e9s. Publicada en el D\u00eda Internacional de los Derechos Humanos por la Universidad de Bucarest, en conexi\u00f3n directa con la investigaci\u00f3n de UNDETERRED.<\/p>\n\n\n\n<p><strong>Enero de 2026 \u2014 Burdeos<\/strong><br>Un taller de UNDETERRED en el&nbsp;<strong>WOTO European Bootcamp<\/strong>&nbsp;(<em>Trabajando juntos contra el racismo y el sexismo<\/em>) reuni\u00f3 a j\u00f3venes y trabajadores juveniles de Francia, B\u00e9lgica, Espa\u00f1a e Italia para explorar la discriminaci\u00f3n sist\u00e9mica mediante m\u00e9todos participativos.<\/p>\n","protected":false},"excerpt":{"rendered":"<p>De la evidencia a la acci\u00f3n. Comprender la discriminaci\u00f3n sist\u00e9mica no es suficiente. UNDETERRED est\u00e1 dise\u00f1ado para generar cambios \u2014 en las instituciones, en las pol\u00edticas, en las pr\u00e1cticas. Tres pilares del impacto \ud83c\udfdb\ufe0f Herramientas de pol\u00edtica Recomendaciones co-construidas y gu\u00edas pr\u00e1cticas para instituciones y responsables de la toma de decisiones \u2014 dise\u00f1adas para usarse [&hellip;]<\/p>\n","protected":false},"author":1,"featured_media":0,"parent":0,"menu_order":0,"comment_status":"closed","ping_status":"closed","template":"","meta":{"_acf_changed":false,"_gspb_post_css":"","footnotes":""},"class_list":["post-443","page","type-page","status-publish","hentry"],"acf":[],"mb":[],"mfb_rest_fields":["title"],"_links":{"self":[{"href":"https:\/\/undeterred.eu\/es\/wp-json\/wp\/v2\/pages\/443","targetHints":{"allow":["GET"]}}],"collection":[{"href":"https:\/\/undeterred.eu\/es\/wp-json\/wp\/v2\/pages"}],"about":[{"href":"https:\/\/undeterred.eu\/es\/wp-json\/wp\/v2\/types\/page"}],"author":[{"embeddable":true,"href":"https:\/\/undeterred.eu\/es\/wp-json\/wp\/v2\/users\/1"}],"replies":[{"embeddable":true,"href":"https:\/\/undeterred.eu\/es\/wp-json\/wp\/v2\/comments?post=443"}],"version-history":[{"count":9,"href":"https:\/\/undeterred.eu\/es\/wp-json\/wp\/v2\/pages\/443\/revisions"}],"predecessor-version":[{"id":2064,"href":"https:\/\/undeterred.eu\/es\/wp-json\/wp\/v2\/pages\/443\/revisions\/2064"}],"wp:attachment":[{"href":"https:\/\/undeterred.eu\/es\/wp-json\/wp\/v2\/media?parent=443"}],"curies":[{"name":"wp","href":"https:\/\/api.w.org\/{rel}","templated":true}]}}