{"id":1277,"date":"2026-03-31T10:26:19","date_gmt":"2026-03-31T10:26:19","guid":{"rendered":"https:\/\/undeterred.eu\/?page_id=1277"},"modified":"2026-04-08T19:56:34","modified_gmt":"2026-04-08T19:56:34","slug":"deliverables","status":"publish","type":"page","link":"https:\/\/undeterred.eu\/fr\/our-research\/deliverables\/","title":{"rendered":"Livrables"},"content":{"rendered":"\n<p>Lors de la pr\u00e9paration d&rsquo;UNDETERRED, le consortium a identifi\u00e9 quels livrables permettraient de mieux rendre compte du processus des activit\u00e9s du projet. Ces livrables peuvent \u00eatre publics ou confidentiels et devront \u00eatre valid\u00e9s par la Commission europ\u00e9enne pour \u00eatre consid\u00e9r\u00e9s comme valides.<br><br>Dans le cadre de l&rsquo;id\u00e9e de diffusion, nous mettrons \u00e0 disposition les r\u00e9sum\u00e9s ex\u00e9cutifs des livrables qui ont \u00e9t\u00e9 approuv\u00e9s par la Commission europ\u00e9enne. <strong>Les premiers livrables seront accessibles apr\u00e8s le premier rapport p\u00e9riodique, pas avant juin 2024.<\/strong><br><br>D\u00e9couvrez plus en d\u00e9tail le travail effectu\u00e9 dans les diff\u00e9rents lots de travail d&rsquo;UNDETERRED et les livrables produits jusqu&rsquo;\u00e0 pr\u00e9sent. Il sera \u00e9galement possible de t\u00e9l\u00e9charger le texte complet des livrables publics.<\/p>\n\n\n\n<hr class=\"wp-block-separator has-text-color has-alpha-channel-opacity has-background\" style=\"width: 50%; max-width: 100%;background-color:#f0f0f0;color:#f0f0f0\"\/>\n\n\n\n<h2 class=\"wp-block-heading has-text-color\" id=\"work-package-1-map-and-data-collect\" style=\"color:#004494\">Lot de travail 1 : Cartographie et collecte de donn\u00e9es<\/h2>\n\n\n\n<div class=\"wp-block-group is-layout-constrained wp-container-core-group-is-layout-5170895d wp-block-group-is-layout-constrained\" style=\"margin-top:var(--wp--preset--spacing--40);margin-bottom:var(--wp--preset--spacing--40);padding-right:var(--wp--preset--spacing--50);padding-left:var(--wp--preset--spacing--50)\">\n<p class=\"has-ti-accent-mid-color has-text-color has-small-font-size\"><em>Dirig\u00e9 par l&rsquo;Universit\u00e9 d&rsquo;Amsterdam<\/em><\/p>\n\n\n\n<p>Collecter des donn\u00e9es sur les contextes socio-\u00e9conomiques des villes.<\/p>\n<\/div>\n\n\n\n<ul style=\"margin-top:var(--wp--preset--spacing--40);margin-right:0;margin-bottom:var(--wp--preset--spacing--40);margin-left:0;padding-top:0;padding-right:0;padding-bottom:0;padding-left:0\" class=\"wp-block-list is-style-tw-arrow\">\n<li><a>D1.1 Base de donn\u00e9es brute des enqu\u00eates (non disponible pour diffusion publique)<\/a><\/li>\n\n\n\n<li><a href=\"https:\/\/ec.europa.eu\/research\/participants\/documents\/downloadPublic?documentIds=080166e508254c7a&#038;appId=PPGMS\">D1.2 <strong>Rapport sur les contextes socio-\u00e9conomiques des villes<\/strong><\/a><\/li>\n\n\n\n<li><a>D1.3 Rapport comparatif entre les villes<\/a><\/li>\n\n\n\n<li><a>D1.4 Actes du colloque<\/a><\/li>\n<\/ul>\n\n\n\n<hr class=\"wp-block-separator has-text-color has-alpha-channel-opacity has-background\" style=\"width: 50%; max-width: 100%;background-color:#f0f0f0;color:#f0f0f0\"\/>\n\n\n\n<h2 class=\"wp-block-heading has-text-color\" id=\"work-package-2-enhance-knowledge-on-systemic-discrimination\" style=\"color:#004494\">Lot de travail 2 : Approfondir les connaissances sur la discrimination syst\u00e9mique<\/h2>\n\n\n\n<div class=\"wp-block-group is-layout-constrained wp-container-core-group-is-layout-04798fec wp-block-group-is-layout-constrained\" style=\"margin-top:var(--wp--preset--spacing--40);margin-bottom:var(--wp--preset--spacing--40);padding-right:var(--wp--preset--spacing--50);padding-left:var(--wp--preset--spacing--50)\">\n<p class=\"has-ti-accent-mid-color has-text-color has-small-font-size\"><em>Dirig\u00e9 par l&rsquo;Universit\u00e9 de Lausanne<\/em><\/p>\n\n\n\n<p>D\u00e9velopper une connaissance fond\u00e9e sur des m\u00e9canismes involontaires.<\/p>\n<\/div>\n\n\n\n<ul style=\"margin-top:var(--wp--preset--spacing--40);margin-right:0;margin-bottom:var(--wp--preset--spacing--40);margin-left:0;padding-top:0;padding-right:0;padding-bottom:0;padding-left:0\" class=\"wp-block-list is-style-tw-arrow\">\n<li><a>D2.1 Actes du deuxi\u00e8me colloque<\/a><\/li>\n<\/ul>\n\n\n\n<hr class=\"wp-block-separator has-text-color has-alpha-channel-opacity has-background\" style=\"width: 50%; max-width: 100%;background-color:#f0f0f0;color:#f0f0f0\"\/>\n\n\n\n<h2 class=\"wp-block-heading has-text-color\" id=\"work-package-3-experiment-validating-and-testing\" style=\"color:#004494\">Lot de travail 3 : Exp\u00e9rimenter, valider et tester<\/h2>\n\n\n\n<div class=\"wp-block-group is-layout-constrained wp-container-core-group-is-layout-5170895d wp-block-group-is-layout-constrained\" style=\"margin-top:var(--wp--preset--spacing--40);margin-bottom:var(--wp--preset--spacing--40);padding-right:var(--wp--preset--spacing--50);padding-left:var(--wp--preset--spacing--50)\">\n<p class=\"has-ti-accent-mid-color has-text-color has-small-font-size\"><em>Dirig\u00e9 par l&rsquo;Universit\u00e9 autonome de Barcelone<\/em><\/p>\n\n\n\n<p>Tester et \u00e9valuer la typologie<\/p>\n<\/div>\n\n\n\n<ul style=\"margin-top:var(--wp--preset--spacing--40);margin-right:0;margin-bottom:var(--wp--preset--spacing--40);margin-left:0;padding-top:0;padding-right:0;padding-bottom:0;padding-left:0\" class=\"wp-block-list is-style-tw-arrow\">\n<li><a>D3.3 Mod\u00e8le et d\u00e9finition (Validation)<\/a><\/li>\n\n\n\n<li><a>D3.5 Le nouveau design co-construit<\/a><\/li>\n\n\n\n<li><a>D3.6 Guide des bonnes pratiques pour lutter contre les discriminations syst\u00e9miques<\/a><\/li>\n\n\n\n<li><a>D3.8 Rapport pr\u00e9liminaire sur la validation du mod\u00e8le et de la d\u00e9finition<\/a><\/li>\n<\/ul>\n\n\n\n<hr class=\"wp-block-separator has-text-color has-alpha-channel-opacity has-background\" style=\"width: 50%; max-width: 100%;background-color:#f0f0f0;color:#f0f0f0\"\/>\n\n\n\n<h2 class=\"wp-block-heading has-text-color\" id=\"work-package-4-disseminate-and-promote-the-results\" style=\"color:#004494\">Lot de travail 4 : Diffuser et promouvoir les r\u00e9sultats<\/h2>\n\n\n\n<div class=\"wp-block-group is-layout-constrained wp-container-core-group-is-layout-5170895d wp-block-group-is-layout-constrained\" style=\"margin-top:var(--wp--preset--spacing--40);margin-bottom:var(--wp--preset--spacing--40);padding-right:var(--wp--preset--spacing--50);padding-left:var(--wp--preset--spacing--50)\">\n<p class=\"has-ti-accent-mid-color has-text-color has-small-font-size\"><em>Dirig\u00e9 par l&rsquo;Universit\u00e9 de Bucarest<\/em><\/p>\n\n\n\n<p>Diffuser les r\u00e9sultats de la recherche<\/p>\n<\/div>\n\n\n\n<ul style=\"margin-top:var(--wp--preset--spacing--40);margin-right:0;margin-bottom:var(--wp--preset--spacing--40);margin-left:0;padding-top:0;padding-right:0;padding-bottom:0;padding-left:0\" class=\"wp-block-list is-style-tw-arrow\">\n<li><a>D4.1 Premier film documentaire &#8211; Expressions culturelles roms \u00e0 Barcelone<\/a><\/li>\n\n\n\n<li><a>D4.2 Exposition itin\u00e9rante<\/a><\/li>\n\n\n\n<li><a>D4.3 Responsabilit\u00e9 Soci\u00e9tale des Entreprises + guide<\/a><\/li>\n\n\n\n<li><a>D4.7 Cadre pour l&rsquo;exposition itin\u00e9rante<\/a><\/li>\n\n\n\n<li><a>D4.6 Second film documentaire &#8211; Les r\u00e9sultats du projet \u00ab\u00a0undeterred\u00a0\u00bb en vid\u00e9o<\/a><\/li>\n<\/ul>\n\n\n\n<hr class=\"wp-block-separator has-text-color has-alpha-channel-opacity has-background\" style=\"width: 50%; max-width: 100%;background-color:#f0f0f0;color:#f0f0f0\"\/>\n\n\n\n<h2 class=\"wp-block-heading has-text-color\" id=\"work-package-5-project-and-data-management\" style=\"color:#004494\">Lot de travail 5 : Gestion du projet et des donn\u00e9es<\/h2>\n\n\n\n<div class=\"wp-block-group is-layout-constrained wp-container-core-group-is-layout-17ebec01 wp-block-group-is-layout-constrained\" style=\"margin-top:var(--wp--preset--spacing--40);margin-bottom:var(--wp--preset--spacing--40);padding-right:var(--wp--preset--spacing--50);padding-left:var(--wp--preset--spacing--50)\">\n<p class=\"has-ti-accent-mid-color has-text-color has-small-font-size\"><em>Dirig\u00e9 par l&rsquo;Universit\u00e9 de Bordeaux<\/em><\/p>\n\n\n\n<p>G\u00e9rer les donn\u00e9es quantitatives du projet<\/p>\n<\/div>\n\n\n\n<ul style=\"margin-top:var(--wp--preset--spacing--40);margin-right:0;margin-bottom:var(--wp--preset--spacing--40);margin-left:0;padding-top:0;padding-right:0;padding-bottom:0;padding-left:0\" class=\"wp-block-list is-style-tw-arrow\">\n<li><a>D.5.2 Rapport sur les r\u00e9sultats statistiques des enqu\u00eates<\/a><\/li>\n\n\n\n<li><a>D.5.3 Rapport sur les r\u00e9sultats statistiques des enqu\u00eates et sur les profils de vuln\u00e9rabilit\u00e9<\/a><\/li>\n\n\n\n<li><a>D.5.4 R\u00e9sultats de l&rsquo;indice de discrimination syst\u00e9mique<\/a><\/li>\n\n\n\n<li><a>D.5.5 \u00c9tudes \u00e9conom\u00e9triques sur les entreprises<\/a><\/li>\n\n\n\n<li><a>D.5.6 Recommandations de politique publique<\/a><\/li>\n\n\n\n<li><a>D.5.7 Rapport d&rsquo;avancement sur la m\u00e9thode de calcul et les premiers r\u00e9sultats<\/a><\/li>\n<\/ul>\n\n\n\n<hr class=\"wp-block-separator has-text-color has-alpha-channel-opacity has-background\" style=\"width: 50%; max-width: 100%;background-color:#f0f0f0;color:#f0f0f0\"\/>\n\n\n\n<h2 class=\"wp-block-heading has-text-color\" id=\"work-package-6-ethical-requirements-for-research\" style=\"color:#004494\">Lot de travail 6 : Exigences \u00e9thiques pour la recherche<\/h2>\n\n\n\n<div class=\"wp-block-group is-layout-constrained wp-container-core-group-is-layout-04798fec wp-block-group-is-layout-constrained\" style=\"margin-top:var(--wp--preset--spacing--40);margin-bottom:var(--wp--preset--spacing--40);padding-right:var(--wp--preset--spacing--50);padding-left:var(--wp--preset--spacing--50)\">\n<p class=\"has-ti-accent-mid-color has-text-color has-small-font-size\" style=\"margin-top:0;margin-bottom:0;padding-top:0;padding-bottom:0\"><em>Dirig\u00e9 par l&rsquo;Universit\u00e9 de Bordeaux<\/em><\/p>\n\n\n\n<p>L&rsquo;objectif est de s&rsquo;assurer que les exigences \u00e9thiques de la recherche sont respect\u00e9es.<\/p>\n<\/div>\n","protected":false},"excerpt":{"rendered":"<p>Lors de la pr\u00e9paration d&rsquo;UNDETERRED, le consortium a identifi\u00e9 quels livrables permettraient de mieux rendre compte du processus des activit\u00e9s du projet. Ces livrables peuvent \u00eatre publics ou confidentiels et devront \u00eatre valid\u00e9s par la Commission europ\u00e9enne pour \u00eatre consid\u00e9r\u00e9s comme valides. Dans le cadre de l&rsquo;id\u00e9e de diffusion, nous mettrons \u00e0 disposition les r\u00e9sum\u00e9s [&hellip;]<\/p>\n","protected":false},"author":1,"featured_media":0,"parent":441,"menu_order":0,"comment_status":"closed","ping_status":"closed","template":"","meta":{"_acf_changed":false,"_gspb_post_css":"","footnotes":""},"class_list":["post-1277","page","type-page","status-publish","hentry"],"acf":[],"mb":[],"mfb_rest_fields":["title"],"_links":{"self":[{"href":"https:\/\/undeterred.eu\/fr\/wp-json\/wp\/v2\/pages\/1277","targetHints":{"allow":["GET"]}}],"collection":[{"href":"https:\/\/undeterred.eu\/fr\/wp-json\/wp\/v2\/pages"}],"about":[{"href":"https:\/\/undeterred.eu\/fr\/wp-json\/wp\/v2\/types\/page"}],"author":[{"embeddable":true,"href":"https:\/\/undeterred.eu\/fr\/wp-json\/wp\/v2\/users\/1"}],"replies":[{"embeddable":true,"href":"https:\/\/undeterred.eu\/fr\/wp-json\/wp\/v2\/comments?post=1277"}],"version-history":[{"count":11,"href":"https:\/\/undeterred.eu\/fr\/wp-json\/wp\/v2\/pages\/1277\/revisions"}],"predecessor-version":[{"id":2072,"href":"https:\/\/undeterred.eu\/fr\/wp-json\/wp\/v2\/pages\/1277\/revisions\/2072"}],"up":[{"embeddable":true,"href":"https:\/\/undeterred.eu\/fr\/wp-json\/wp\/v2\/pages\/441"}],"wp:attachment":[{"href":"https:\/\/undeterred.eu\/fr\/wp-json\/wp\/v2\/media?parent=1277"}],"curies":[{"name":"wp","href":"https:\/\/api.w.org\/{rel}","templated":true}]}}