{"id":1279,"date":"2026-03-31T10:26:51","date_gmt":"2026-03-31T10:26:51","guid":{"rendered":"https:\/\/undeterred.eu\/?page_id=1279"},"modified":"2026-04-08T19:58:38","modified_gmt":"2026-04-08T19:58:38","slug":"key-findings","status":"publish","type":"page","link":"https:\/\/undeterred.eu\/fr\/our-research\/key-findings\/","title":{"rendered":"Principaux r\u00e9sultats"},"content":{"rendered":"\n<h2 class=\"wp-block-heading\" id=\"preliminary-findings-presented-at-imiscoe-2025-par\" style=\"margin-top:var(--wp--preset--spacing--50);margin-bottom:var(--wp--preset--spacing--50)\">R\u00e9sultats pr\u00e9liminaires&nbsp;<em>(pr\u00e9sent\u00e9s \u00e0 IMISCOE 2025, Paris \u2014 juillet 2025)<\/em><\/h2>\n\n\n\n<p>Des chercheurs des \u00e9quipes d\u2019Amsterdam, Bucarest et Bordeaux ont pr\u00e9sent\u00e9 les premiers r\u00e9sultats lors de la conf\u00e9rence annuelle IMISCOE \u00e0 Paris (1\u20134 juillet 2025), dans le cadre de l\u2019atelier&nbsp;<em>\u00ab&nbsp;Rechercher et combattre la discrimination syst\u00e9mique au niveau local&nbsp;\u00bb<\/em>.<\/p>\n\n\n\n<div class=\"wp-block-group is-layout-constrained wp-container-core-group-is-layout-11c1ca01 wp-block-group-is-layout-constrained\" style=\"padding-right:var(--wp--preset--spacing--50);padding-left:var(--wp--preset--spacing--50)\">\n<p>Th\u00e8mes cl\u00e9s pr\u00e9sent\u00e9s\u00a0:<\/p>\n\n\n\n<ul class=\"wp-block-list is-style-default\">\n<li><strong>Acc\u00e8s aux soins \u00e0 Bucarest<\/strong>\u00a0\u2014 Filtres invisibles structurant l\u2019acc\u00e8s aux soins, examin\u00e9s \u00e0 travers une lecture crois\u00e9e des perceptions institutionnelles et des in\u00e9galit\u00e9s v\u00e9cues\u00a0<em>(Simona Necula, Ovidiu Oltean, Marian Ursan)<\/em><\/li>\n\n\n\n<li><strong>Discrimination envers les populations musulmanes \u00e0 Amsterdam<\/strong>\u00a0\u2014 Formes de discrimination ciblant les personnes musulmanes, y compris des m\u00e9canismes involontaires dans les contextes institutionnels\u00a0<em>(Marcel Maussen, Yamina Meziani)<\/em><\/li>\n\n\n\n<li><strong>R\u00e9sultats de l\u2019enqu\u00eate sur les exp\u00e9riences v\u00e9cues de discrimination syst\u00e9mique<\/strong>\u00a0\u2014 Premiers r\u00e9sultats quantitatifs selon les cat\u00e9gories de r\u00e9pondants\u00a0<em>(Anatolie Co\u0219ciug)<\/em><\/li>\n\n\n\n<li><strong>Barri\u00e8res aux soins pour les jeunes issus de minorit\u00e9s ethniques et de milieux migratoires<\/strong>\u00a0<em>(Simona Necula, Ovidiu Oltean)<\/em><\/li>\n\n\n\n<li><strong>Dynamiques de confiance dans les relations chercheur-r\u00e9pondant<\/strong>\u00a0lors de l\u2019\u00e9tude de la discrimination\u00a0<em>(Corina Tulbure, Anatolie Co\u0219ciug)<\/em><\/li>\n<\/ul>\n<\/div>\n\n\n\n<hr class=\"wp-block-separator has-alpha-channel-opacity\"\/>\n\n\n\n<h2 class=\"wp-block-heading\" id=\"findings-in-higher-education-bucharest-2024\" style=\"margin-top:var(--wp--preset--spacing--50);margin-bottom:var(--wp--preset--spacing--50)\">Constatations dans l\u2019enseignement sup\u00e9rieur&nbsp;<em>(Bucarest, 2024)<\/em><\/h2>\n\n\n\n<p>La recherche men\u00e9e \u00e0 l\u2019universit\u00e9 de Bucarest a document\u00e9&nbsp;<strong>la discrimination involontaire subie par les \u00e9tudiants issus de milieux migrants et non migrants<\/strong>, mettant en lumi\u00e8re des questions d\u2019identit\u00e9 et d\u2019inclusivit\u00e9 dans les environnements acad\u00e9miques. Ce travail a contribu\u00e9 directement au guide pratique&nbsp;<em>\u00ab&nbsp;Combattre la discrimination dans les universit\u00e9s&nbsp;\u00bb<\/em>, publi\u00e9 le 10 d\u00e9cembre 2025.<\/p>\n","protected":false},"excerpt":{"rendered":"<p>R\u00e9sultats pr\u00e9liminaires&nbsp;(pr\u00e9sent\u00e9s \u00e0 IMISCOE 2025, Paris \u2014 juillet 2025) Des chercheurs des \u00e9quipes d\u2019Amsterdam, Bucarest et Bordeaux ont pr\u00e9sent\u00e9 les premiers r\u00e9sultats lors de la conf\u00e9rence annuelle IMISCOE \u00e0 Paris (1\u20134 juillet 2025), dans le cadre de l\u2019atelier&nbsp;\u00ab&nbsp;Rechercher et combattre la discrimination syst\u00e9mique au niveau local&nbsp;\u00bb. Th\u00e8mes cl\u00e9s pr\u00e9sent\u00e9s\u00a0: Constatations dans l\u2019enseignement sup\u00e9rieur&nbsp;(Bucarest, 2024) La [&hellip;]<\/p>\n","protected":false},"author":1,"featured_media":0,"parent":441,"menu_order":0,"comment_status":"closed","ping_status":"closed","template":"","meta":{"_acf_changed":false,"_gspb_post_css":"","footnotes":""},"class_list":["post-1279","page","type-page","status-publish","hentry"],"acf":[],"mb":[],"mfb_rest_fields":["title"],"_links":{"self":[{"href":"https:\/\/undeterred.eu\/fr\/wp-json\/wp\/v2\/pages\/1279","targetHints":{"allow":["GET"]}}],"collection":[{"href":"https:\/\/undeterred.eu\/fr\/wp-json\/wp\/v2\/pages"}],"about":[{"href":"https:\/\/undeterred.eu\/fr\/wp-json\/wp\/v2\/types\/page"}],"author":[{"embeddable":true,"href":"https:\/\/undeterred.eu\/fr\/wp-json\/wp\/v2\/users\/1"}],"replies":[{"embeddable":true,"href":"https:\/\/undeterred.eu\/fr\/wp-json\/wp\/v2\/comments?post=1279"}],"version-history":[{"count":8,"href":"https:\/\/undeterred.eu\/fr\/wp-json\/wp\/v2\/pages\/1279\/revisions"}],"predecessor-version":[{"id":2073,"href":"https:\/\/undeterred.eu\/fr\/wp-json\/wp\/v2\/pages\/1279\/revisions\/2073"}],"up":[{"embeddable":true,"href":"https:\/\/undeterred.eu\/fr\/wp-json\/wp\/v2\/pages\/441"}],"wp:attachment":[{"href":"https:\/\/undeterred.eu\/fr\/wp-json\/wp\/v2\/media?parent=1279"}],"curies":[{"name":"wp","href":"https:\/\/api.w.org\/{rel}","templated":true}]}}