{"id":1281,"date":"2026-03-31T10:27:09","date_gmt":"2026-03-31T10:27:09","guid":{"rendered":"https:\/\/undeterred.eu\/?page_id=1281"},"modified":"2026-04-08T20:00:04","modified_gmt":"2026-04-08T20:00:04","slug":"connected-projects","status":"publish","type":"page","link":"https:\/\/undeterred.eu\/fr\/our-research\/connected-projects\/","title":{"rendered":"Projets Connect\u00e9s"},"content":{"rendered":"\n<p><strong>Organisme de financement :<\/strong>&nbsp;Unit\u00e9 Ex\u00e9cutive pour le Financement de l&rsquo;Enseignement Sup\u00e9rieur, de la Recherche, du D\u00e9veloppement et de l&rsquo;Innovation \u2013 UEFISCDI (Minist\u00e8re roumain de la Recherche)<\/p>\n\n\n\n<div class=\"wp-block-group is-layout-constrained wp-container-core-group-is-layout-378b07c0 wp-block-group-is-layout-constrained\" style=\"margin-top:var(--wp--preset--spacing--50);margin-bottom:var(--wp--preset--spacing--50);padding-top:0;padding-right:var(--wp--preset--spacing--50);padding-bottom:0;padding-left:var(--wp--preset--spacing--50)\">\n<p><strong>Financement :&nbsp;<\/strong>244 598,00 RON \/ \u2243 50 000 \u20ac<\/p>\n\n\n\n<p><strong>Dur\u00e9e :<\/strong> novembre 2023 &#8211; d\u00e9cembre 2025<\/p>\n\n\n\n<p>Les recherches du projet Undeterred sur les in\u00e9galit\u00e9s rencontr\u00e9es par les \u00e9tudiants dans l\u2019\u00e9ducation, l\u2019emploi, la sant\u00e9 et le logement ont attir\u00e9 notre attention sur le fait qu\u2019il y avait peu d\u2019informations disponibles \u00e0 ce sujet \u00e0 l\u2019Universit\u00e9 de Bucarest. Pour contrer les effets de la discrimination syst\u00e9mique, les \u00e9tudiants doivent d\u2019abord comprendre pleinement le sens, l\u2019\u00e9tendue et les implications de ce ph\u00e9nom\u00e8ne gr\u00e2ce \u00e0 une information pr\u00e9cise et compl\u00e8te. \u00c0 travers ce projet, nous visons \u00e0 :<\/p>\n\n\n\n<ol class=\"wp-block-list\">\n<li>R\u00e9aliser des recherches pour documenter et diagnostiquer le ph\u00e9nom\u00e8ne de discrimination dans l\u2019environnement universitaire et, par cons\u00e9quent, d\u00e9velopper des strat\u00e9gies et m\u00e9thodologies appropri\u00e9es et pertinentes afin de d\u00e9velopper les politiques universitaires sur la diversit\u00e9 et l\u2019\u00e9galit\u00e9 des chances ;<\/li>\n\n\n\n<li>Cr\u00e9er un outil institutionnel utile pour les \u00e9tudiants de l\u2019Universit\u00e9 de Bucarest, un guide en ligne convivial qui contiendra des informations essentielles pour identifier, comprendre et agir contre la discrimination. Le guide en ligne sera disponible en roumain, en anglais et en fran\u00e7ais et sera constamment mis \u00e0 jour et accessible via un code QR. Il pourra \u00e9galement \u00eatre reproduit et adapt\u00e9 aux besoins d\u2019autres universit\u00e9s en Roumanie.<\/li>\n<\/ol>\n\n\n\n<p>-> <a href=\"http:\/\/www.nodiscriminationub.org\/\" target=\"_blank\" rel=\"noreferrer noopener\">Site du projet<\/a><\/p>\n<\/div>\n","protected":false},"excerpt":{"rendered":"<p>Organisme de financement :&nbsp;Unit\u00e9 Ex\u00e9cutive pour le Financement de l&rsquo;Enseignement Sup\u00e9rieur, de la Recherche, du D\u00e9veloppement et de l&rsquo;Innovation \u2013 UEFISCDI (Minist\u00e8re roumain de la Recherche) Financement :&nbsp;244 598,00 RON \/ \u2243 50 000 \u20ac Dur\u00e9e : novembre 2023 &#8211; d\u00e9cembre 2025 Les recherches du projet Undeterred sur les in\u00e9galit\u00e9s rencontr\u00e9es par les \u00e9tudiants dans [&hellip;]<\/p>\n","protected":false},"author":1,"featured_media":0,"parent":441,"menu_order":0,"comment_status":"closed","ping_status":"closed","template":"","meta":{"_acf_changed":false,"_gspb_post_css":"","footnotes":""},"class_list":["post-1281","page","type-page","status-publish","hentry"],"acf":[],"mb":[],"mfb_rest_fields":["title"],"_links":{"self":[{"href":"https:\/\/undeterred.eu\/fr\/wp-json\/wp\/v2\/pages\/1281","targetHints":{"allow":["GET"]}}],"collection":[{"href":"https:\/\/undeterred.eu\/fr\/wp-json\/wp\/v2\/pages"}],"about":[{"href":"https:\/\/undeterred.eu\/fr\/wp-json\/wp\/v2\/types\/page"}],"author":[{"embeddable":true,"href":"https:\/\/undeterred.eu\/fr\/wp-json\/wp\/v2\/users\/1"}],"replies":[{"embeddable":true,"href":"https:\/\/undeterred.eu\/fr\/wp-json\/wp\/v2\/comments?post=1281"}],"version-history":[{"count":7,"href":"https:\/\/undeterred.eu\/fr\/wp-json\/wp\/v2\/pages\/1281\/revisions"}],"predecessor-version":[{"id":2075,"href":"https:\/\/undeterred.eu\/fr\/wp-json\/wp\/v2\/pages\/1281\/revisions\/2075"}],"up":[{"embeddable":true,"href":"https:\/\/undeterred.eu\/fr\/wp-json\/wp\/v2\/pages\/441"}],"wp:attachment":[{"href":"https:\/\/undeterred.eu\/fr\/wp-json\/wp\/v2\/media?parent=1281"}],"curies":[{"name":"wp","href":"https:\/\/api.w.org\/{rel}","templated":true}]}}