{"id":1285,"date":"2026-03-31T10:29:42","date_gmt":"2026-03-31T10:29:42","guid":{"rendered":"https:\/\/undeterred.eu\/?page_id=1285"},"modified":"2026-04-08T20:01:32","modified_gmt":"2026-04-08T20:01:32","slug":"policy-tools-recommendations","status":"publish","type":"page","link":"https:\/\/undeterred.eu\/fr\/impact-policy\/policy-tools-recommendations\/","title":{"rendered":"Outils et recommandations politiques"},"content":{"rendered":"\n<p>Les outils politiques d&rsquo;UNDETERRED sont co-construits avec les institutions qui les utiliseront \u2014 ils ne sont pas con\u00e7us en vase clos puis remis. Chaque r\u00e9sultat r\u00e9pond \u00e0 un besoin r\u00e9el identifi\u00e9 gr\u00e2ce au processus de recherche.<\/p>\n\n\n\n<hr class=\"wp-block-separator has-alpha-channel-opacity\"\/>\n\n\n\n<h2 class=\"wp-block-heading\" id=\"published-tools\">Outils publi\u00e9s<\/h2>\n\n\n\n<h3 class=\"wp-block-heading\" id=\"combating-discrimination-in-universities--buchares\"><em>Lutte contre la discrimination dans les universit\u00e9s<\/em>&nbsp;\u2014 Bucarest, d\u00e9cembre 2025<\/h3>\n\n\n\n<p>Lanc\u00e9 le&nbsp;<strong>10 d\u00e9cembre 2025<\/strong>&nbsp;\u2014 Journ\u00e9e internationale des droits de l&rsquo;homme \u2014 ce guide pratique a \u00e9t\u00e9 produit par le Centre de Recherche&nbsp;<em>\u00ab Fondamentaux de la Modernit\u00e9 Europ\u00e9enne \u00bb<\/em>&nbsp;(FME), le Centre des Politiques d&rsquo;\u00c9galit\u00e9 des Chances (CPES), le Centre FILIA, et le Centre d&rsquo;\u00c9tudes Comparatives sur la Migration de l&rsquo;Universit\u00e9 de Bucarest.<br><br>Le guide s&rsquo;adresse \u00e0 la communaut\u00e9 \u00e9tudiante et fournit des orientations claires et accessibles pour identifier, comprendre et contester la discrimination dans les environnements universitaires. Il est disponible en&nbsp;<strong>roumain, anglais et fran\u00e7ais<\/strong>.<br><br>L&rsquo;Universit\u00e9 de Bucarest est devenue la premi\u00e8re universit\u00e9 roumaine \u00e0 fournir aux \u00e9tudiants un tel outil.<\/p>\n\n\n\n<div class=\"wp-block-group is-layout-constrained wp-block-group-is-layout-constrained\">\n<p>\u2192&nbsp;<a rel=\"noreferrer noopener\" target=\"_blank\" href=\"https:\/\/nodiscriminationub.org\/ghid\/\">Acc\u00e9der au guide<\/a><\/p>\n<\/div>\n\n\n\n<h2 class=\"wp-block-heading\" id=\"in-development\">En cours de d\u00e9veloppement<\/h2>\n\n\n\n<p>Les outils politiques co-con\u00e7us avec les partenaires non acad\u00e9miques d&rsquo;UNDETERRED sont actuellement en cours de d\u00e9veloppement dans le cadre du&nbsp;<strong>WP3<\/strong>, y compris des recommandations pour :<\/p>\n\n\n\n<ul class=\"wp-block-list\">\n<li><strong>Logement<\/strong>&nbsp;\u2014 en collaboration avec URHAJ Nouvelle-Aquitaine et Bordeaux M\u00e9tropole<\/li>\n\n\n\n<li><strong>Emploi<\/strong>&nbsp;\u2014 en collaboration avec CCI Bordeaux Gironde<\/li>\n\n\n\n<li><strong>Sant\u00e9 et \u00c9ducation<\/strong>\u00a0\u2014 avec les quatre partenaires urbains<\/li>\n<\/ul>\n","protected":false},"excerpt":{"rendered":"<p>Les outils politiques d&rsquo;UNDETERRED sont co-construits avec les institutions qui les utiliseront \u2014 ils ne sont pas con\u00e7us en vase clos puis remis. Chaque r\u00e9sultat r\u00e9pond \u00e0 un besoin r\u00e9el identifi\u00e9 gr\u00e2ce au processus de recherche. Outils publi\u00e9s Lutte contre la discrimination dans les universit\u00e9s&nbsp;\u2014 Bucarest, d\u00e9cembre 2025 Lanc\u00e9 le&nbsp;10 d\u00e9cembre 2025&nbsp;\u2014 Journ\u00e9e internationale des [&hellip;]<\/p>\n","protected":false},"author":1,"featured_media":0,"parent":443,"menu_order":0,"comment_status":"closed","ping_status":"closed","template":"","meta":{"_acf_changed":false,"_gspb_post_css":"","footnotes":""},"class_list":["post-1285","page","type-page","status-publish","hentry"],"acf":[],"mb":[],"mfb_rest_fields":["title"],"_links":{"self":[{"href":"https:\/\/undeterred.eu\/fr\/wp-json\/wp\/v2\/pages\/1285","targetHints":{"allow":["GET"]}}],"collection":[{"href":"https:\/\/undeterred.eu\/fr\/wp-json\/wp\/v2\/pages"}],"about":[{"href":"https:\/\/undeterred.eu\/fr\/wp-json\/wp\/v2\/types\/page"}],"author":[{"embeddable":true,"href":"https:\/\/undeterred.eu\/fr\/wp-json\/wp\/v2\/users\/1"}],"replies":[{"embeddable":true,"href":"https:\/\/undeterred.eu\/fr\/wp-json\/wp\/v2\/comments?post=1285"}],"version-history":[{"count":10,"href":"https:\/\/undeterred.eu\/fr\/wp-json\/wp\/v2\/pages\/1285\/revisions"}],"predecessor-version":[{"id":2077,"href":"https:\/\/undeterred.eu\/fr\/wp-json\/wp\/v2\/pages\/1285\/revisions\/2077"}],"up":[{"embeddable":true,"href":"https:\/\/undeterred.eu\/fr\/wp-json\/wp\/v2\/pages\/443"}],"wp:attachment":[{"href":"https:\/\/undeterred.eu\/fr\/wp-json\/wp\/v2\/media?parent=1285"}],"curies":[{"name":"wp","href":"https:\/\/api.w.org\/{rel}","templated":true}]}}