{"id":1291,"date":"2026-03-31T10:31:23","date_gmt":"2026-03-31T10:31:23","guid":{"rendered":"https:\/\/undeterred.eu\/?page_id=1291"},"modified":"2026-04-08T20:04:48","modified_gmt":"2026-04-08T20:04:48","slug":"training-resources","status":"publish","type":"page","link":"https:\/\/undeterred.eu\/fr\/impact-policy\/training-resources\/","title":{"rendered":"Formation &#038; Ressources"},"content":{"rendered":"\n<p>UNDETERRED produit des supports pratiques pour les professionnels et praticiens travaillant quotidiennement avec les populations les plus affect\u00e9es par la discrimination syst\u00e9mique \u2014 travailleurs de jeunesse, responsables RH, professionnels de sant\u00e9, personnels universitaires.<\/p>\n\n\n\n<hr class=\"wp-block-separator has-alpha-channel-opacity\"\/>\n\n\n\n<h2 class=\"wp-block-heading\" id=\"available-resources\">Ressources disponibles<\/h2>\n\n\n\n<h3 class=\"wp-block-heading\" id=\"combating-discrimination-in-universities--buchares\">Lutte contre la discrimination dans les universit\u00e9s \u2014 Bucarest, d\u00e9cembre 2025<\/h3>\n\n\n\n<p>Un guide pratique pour les \u00e9tudiants et le personnel universitaire sur l&rsquo;identification et la contestation de la discrimination dans les environnements acad\u00e9miques. Disponible en roumain, anglais et fran\u00e7ais.<\/p>\n\n\n\n<div class=\"wp-block-group is-layout-constrained wp-block-group-is-layout-constrained\">\n<p><strong>\u2192\u00a0<a href=\"https:\/\/nodiscriminationub.org\/ghid\/\" target=\"_blank\" rel=\"noreferrer noopener\">Acc\u00e9der au guide<\/a><\/strong><\/p>\n<\/div>\n\n\n\n<h2 class=\"wp-block-heading\" id=\"woto-bootcamp-workshop--bordeaux-january-2026\">Atelier Bootcamp WOTO \u2014 Bordeaux, janvier 2026<\/h2>\n\n\n\n<p>Un atelier participatif sur la discrimination syst\u00e9mique pr\u00e9sent\u00e9 lors du <em>Bootcamp europ\u00e9en Travailler ensemble contre le racisme et le sexisme<\/em>, anim\u00e9 par <strong>Lydia Boudlal<\/strong> (URHAJ Nouvelle-Aquitaine) et <strong>Hachem Benissa<\/strong> (Universit\u00e9 de Bordeaux).<br><br>La session a r\u00e9uni des jeunes et des travailleurs de jeunesse de France, Belgique, Espagne et Italie, explorant comment la discrimination \u00e9merge dans les contextes institutionnels quotidiens et comment elle affecte les trajectoires de vie des jeunes.<\/p>\n\n\n\n<h2 class=\"wp-block-heading\" id=\"summer-school--neptun-romania-july-2024\">\u00c9cole d&rsquo;\u00e9t\u00e9 \u2014 Neptun, Roumanie, juillet 2024<\/h2>\n\n\n\n<p>Les membres de l&rsquo;\u00e9quipe UNDETERRED ont contribu\u00e9 \u00e0 l&rsquo;\u00e9cole d&rsquo;\u00e9t\u00e9 <em>\u00ab\u00a0Groupes \u00e0 risque et services de soutien social\u00a0\u00bb<\/em>, organis\u00e9e par l&rsquo;Association Carusel et l&rsquo;Universit\u00e9 de Bucarest. Les sessions ont abord\u00e9 la discrimination syst\u00e9mique, les politiques antidiscriminatoires, les droits des minorit\u00e9s et l&rsquo;\u00e9galit\u00e9 des genres.<\/p>\n\n\n\n<hr class=\"wp-block-separator has-alpha-channel-opacity\"\/>\n\n\n\n<blockquote class=\"wp-block-quote is-layout-flow wp-block-quote-is-layout-flow\">\n<p><em>De nouvelles ressources de formation seront publi\u00e9es ici au fur et \u00e0 mesure de leur d\u00e9veloppement via WP3 et WP4.<\/em><\/p>\n<\/blockquote>\n","protected":false},"excerpt":{"rendered":"<p>UNDETERRED produit des supports pratiques pour les professionnels et praticiens travaillant quotidiennement avec les populations les plus affect\u00e9es par la discrimination syst\u00e9mique \u2014 travailleurs de jeunesse, responsables RH, professionnels de sant\u00e9, personnels universitaires. Ressources disponibles Lutte contre la discrimination dans les universit\u00e9s \u2014 Bucarest, d\u00e9cembre 2025 Un guide pratique pour les \u00e9tudiants et le personnel [&hellip;]<\/p>\n","protected":false},"author":1,"featured_media":0,"parent":443,"menu_order":0,"comment_status":"closed","ping_status":"closed","template":"","meta":{"_acf_changed":false,"_gspb_post_css":"","footnotes":""},"class_list":["post-1291","page","type-page","status-publish","hentry"],"acf":[],"mb":[],"mfb_rest_fields":["title"],"_links":{"self":[{"href":"https:\/\/undeterred.eu\/fr\/wp-json\/wp\/v2\/pages\/1291","targetHints":{"allow":["GET"]}}],"collection":[{"href":"https:\/\/undeterred.eu\/fr\/wp-json\/wp\/v2\/pages"}],"about":[{"href":"https:\/\/undeterred.eu\/fr\/wp-json\/wp\/v2\/types\/page"}],"author":[{"embeddable":true,"href":"https:\/\/undeterred.eu\/fr\/wp-json\/wp\/v2\/users\/1"}],"replies":[{"embeddable":true,"href":"https:\/\/undeterred.eu\/fr\/wp-json\/wp\/v2\/comments?post=1291"}],"version-history":[{"count":8,"href":"https:\/\/undeterred.eu\/fr\/wp-json\/wp\/v2\/pages\/1291\/revisions"}],"predecessor-version":[{"id":2082,"href":"https:\/\/undeterred.eu\/fr\/wp-json\/wp\/v2\/pages\/1291\/revisions\/2082"}],"up":[{"embeddable":true,"href":"https:\/\/undeterred.eu\/fr\/wp-json\/wp\/v2\/pages\/443"}],"wp:attachment":[{"href":"https:\/\/undeterred.eu\/fr\/wp-json\/wp\/v2\/media?parent=1291"}],"curies":[{"name":"wp","href":"https:\/\/api.w.org\/{rel}","templated":true}]}}