{"id":1293,"date":"2026-03-31T10:33:10","date_gmt":"2026-03-31T10:33:10","guid":{"rendered":"https:\/\/undeterred.eu\/?page_id=1293"},"modified":"2026-04-08T20:06:58","modified_gmt":"2026-04-08T20:06:58","slug":"our-ecosystem","status":"publish","type":"page","link":"https:\/\/undeterred.eu\/fr\/our-ecosystem\/","title":{"rendered":"Notre \u00c9cosyst\u00e8me"},"content":{"rendered":"\n<p>UNDETERRED r\u00e9unit <strong>douze organisations partenaires<\/strong> \u2014 huit institutions acad\u00e9miques et quatre partenaires non acad\u00e9miques \u2014 unis par un engagement commun : rendre visible la discrimination syst\u00e9mique, et la d\u00e9sactiver.<\/p>\n\n\n\n<h2 class=\"wp-block-heading\" id=\"academic-partners\">Partenaires acad\u00e9miques<\/h2>\n\n\n\n<p>\u00c9quipes de recherche de sept universit\u00e9s dans six pays :<\/p>\n\n\n\n<figure class=\"wp-block-table\"><table class=\"has-fixed-layout\"><thead><tr><th class=\"has-text-align-left\" data-align=\"left\">Institution<\/th><th class=\"has-text-align-left\" data-align=\"left\">Pays<\/th><th class=\"has-text-align-left\" data-align=\"left\">R\u00f4le<\/th><\/tr><\/thead><tbody><tr><td><strong>University of Amsterdam<\/strong><\/td><td>\ud83c\uddf3\ud83c\uddf1 Netherlands<\/td><td>Responsable WP1 \u2014 Cartographie &#038; Collecte de donn\u00e9es<\/td><\/tr><tr><td><strong>University of Utrecht<\/strong><\/td><td>\ud83c\uddf3\ud83c\uddf1 Netherlands<\/td><td>Partenaire de recherche<\/td><\/tr><tr><td><strong>Universitat Pompeu Fabra, Barcelona<\/strong><\/td><td>\ud83c\uddea\ud83c\uddf8 Spain<\/td><td>Responsable WP3 \u2014 Exp\u00e9riences sur le terrain<\/td><\/tr><tr><td><strong>University of Bordeaux<\/strong>&nbsp;(LACES + BSE)<\/td><td>\ud83c\uddeb\ud83c\uddf7 France<\/td><td>Coordinateur de projet \u2014 WP5 &#038; WP6<\/td><\/tr><tr><td><strong>University of Bucharest<\/strong><\/td><td>\ud83c\uddf7\ud83c\uddf4 Romania<\/td><td>Responsable WP4 \u2014 Diffusion<\/td><\/tr><tr><td><strong>University of Lausanne<\/strong><\/td><td>\ud83c\udde8\ud83c\udded Switzerland<\/td><td>Responsable WP2 \u2014 Connaissances<\/td><\/tr><tr><td><strong>Universit\u00e9 Laval<\/strong><\/td><td>\ud83c\udde8\ud83c\udde6 Qu\u00e9bec<\/td><td>Partenaire de recherche<\/td><\/tr><\/tbody><\/table><\/figure>\n\n\n\n<div class=\"wp-block-buttons is-layout-flex wp-block-buttons-is-layout-flex\">\n<div class=\"wp-block-button is-style-fill is-style-fill--1\"><a class=\"wp-block-button__link wp-element-button\" href=\"https:\/\/undeterred.eu\/our-ecosystem\/academic-partners\/\">Partenaires Acad\u00e9miques\u2192<\/a><\/div>\n<\/div>\n\n\n\n<h2 class=\"wp-block-heading\" id=\"non-academic-partners\">Partenaires non acad\u00e9miques<\/h2>\n\n\n\n<p>Bas\u00e9es \u00e0 Bordeaux, ces organisations sont int\u00e9gr\u00e9es dans le processus de recherche en tant que co-conceptrices \u2014 et non b\u00e9n\u00e9ficiaires :<\/p>\n\n\n\n<figure class=\"wp-block-table\"><table class=\"has-fixed-layout\"><thead><tr><th class=\"has-text-align-left\" data-align=\"left\">Organisation<\/th><th class=\"has-text-align-left\" data-align=\"left\">Domaine<\/th><\/tr><\/thead><tbody><tr><td><strong>Bordeaux M\u00e9tropole<\/strong>&nbsp;\u2014 Dept. Urban Solidarity<\/td><td>Politique urbaine et sociale<\/td><\/tr><tr><td><strong>CCI Bordeaux Gironde<\/strong><\/td><td>Emploi &#038; entreprise<\/td><\/tr><tr><td><strong>URHAJ Nouvelle-Aquitaine<\/strong><\/td><td>Logement et soutien pour la jeunesse<\/td><\/tr><\/tbody><\/table><\/figure>\n\n\n\n<div class=\"wp-block-buttons is-layout-flex wp-block-buttons-is-layout-flex\">\n<div class=\"wp-block-button is-style-fill is-style-fill--2\"><a class=\"wp-block-button__link wp-element-button\" href=\"https:\/\/undeterred.eu\/our-ecosystem\/non-academic-partners\/\">Partenaires Non Acad\u00e9miques \u2192<\/a><\/div>\n<\/div>\n\n\n\n<h2 class=\"wp-block-heading\" id=\"the-people-behind-the-research\">Les personnes derri\u00e8re la recherche<\/h2>\n\n\n\n<p><a href=\"https:\/\/undeterred.eu\/our-ecosystem\/the-team\/\" data-type=\"page\" data-id=\"1299\">\u2192\u00a0<strong>L&rsquo;\u00c9quipe<\/strong><\/a><br><a href=\"https:\/\/undeterred.eu\/our-ecosystem\/advisory-board\/\" data-type=\"page\" data-id=\"1301\">\u2192\u00a0<strong>Conseil Consultatif<\/strong><\/a><\/p>\n","protected":false},"excerpt":{"rendered":"<p>UNDETERRED r\u00e9unit douze organisations partenaires \u2014 huit institutions acad\u00e9miques et quatre partenaires non acad\u00e9miques \u2014 unis par un engagement commun : rendre visible la discrimination syst\u00e9mique, et la d\u00e9sactiver. Partenaires acad\u00e9miques \u00c9quipes de recherche de sept universit\u00e9s dans six pays : Institution Pays R\u00f4le University of Amsterdam \ud83c\uddf3\ud83c\uddf1 Netherlands Responsable WP1 \u2014 Cartographie &#038; Collecte [&hellip;]<\/p>\n","protected":false},"author":1,"featured_media":0,"parent":0,"menu_order":0,"comment_status":"closed","ping_status":"closed","template":"","meta":{"_acf_changed":false,"_gspb_post_css":"","footnotes":""},"class_list":["post-1293","page","type-page","status-publish","hentry"],"acf":[],"mb":[],"mfb_rest_fields":["title"],"_links":{"self":[{"href":"https:\/\/undeterred.eu\/fr\/wp-json\/wp\/v2\/pages\/1293","targetHints":{"allow":["GET"]}}],"collection":[{"href":"https:\/\/undeterred.eu\/fr\/wp-json\/wp\/v2\/pages"}],"about":[{"href":"https:\/\/undeterred.eu\/fr\/wp-json\/wp\/v2\/types\/page"}],"author":[{"embeddable":true,"href":"https:\/\/undeterred.eu\/fr\/wp-json\/wp\/v2\/users\/1"}],"replies":[{"embeddable":true,"href":"https:\/\/undeterred.eu\/fr\/wp-json\/wp\/v2\/comments?post=1293"}],"version-history":[{"count":7,"href":"https:\/\/undeterred.eu\/fr\/wp-json\/wp\/v2\/pages\/1293\/revisions"}],"predecessor-version":[{"id":2084,"href":"https:\/\/undeterred.eu\/fr\/wp-json\/wp\/v2\/pages\/1293\/revisions\/2084"}],"wp:attachment":[{"href":"https:\/\/undeterred.eu\/fr\/wp-json\/wp\/v2\/media?parent=1293"}],"curies":[{"name":"wp","href":"https:\/\/api.w.org\/{rel}","templated":true}]}}