{"id":1301,"date":"2026-03-31T10:34:46","date_gmt":"2026-03-31T10:34:46","guid":{"rendered":"https:\/\/undeterred.eu\/?page_id=1301"},"modified":"2026-04-08T20:10:08","modified_gmt":"2026-04-08T20:10:08","slug":"advisory-board","status":"publish","type":"page","link":"https:\/\/undeterred.eu\/fr\/our-ecosystem\/advisory-board\/","title":{"rendered":"Comit\u00e9 Consultatif"},"content":{"rendered":"\n<p style=\"margin-top:var(--wp--preset--spacing--50);margin-right:var(--wp--preset--spacing--60);margin-bottom:var(--wp--preset--spacing--50);margin-left:var(--wp--preset--spacing--60)\">UNDETERRED compte un certain nombre de partenaires et de prestataires de services pour r\u00e9aliser la recherche et produire les r\u00e9sultats.<\/p>\n\n\n\n<div class=\"wp-block-group alignfull is-layout-constrained wp-block-group-is-layout-constrained\" style=\"margin-top:var(--wp--preset--spacing--50);margin-bottom:var(--wp--preset--spacing--50);padding-top:var(--wp--preset--spacing--40);padding-bottom:var(--wp--preset--spacing--40)\">\n<h2 class=\"wp-block-heading has-text-align-center\" id=\"our-team-3\">\u00c9thique<\/h2>\n\n\n\n<div class=\"wp-block-columns alignwide tw-cols-stack-md-2 is-layout-flex wp-container-core-columns-is-layout-7018ba02 wp-block-columns-is-layout-flex\" style=\"margin-top:var(--wp--preset--spacing--50);margin-bottom:var(--wp--preset--spacing--50)\">\n<div class=\"wp-block-column is-layout-flow wp-block-column-is-layout-flow\">\n<figure class=\"wp-block-image aligncenter size-full is-resized has-custom-border\"><img loading=\"lazy\" decoding=\"async\" width=\"160\" height=\"160\" src=\"https:\/\/undeterred.eu\/wp-content\/uploads\/2026\/04\/Evelyne-RIBERT.png\" alt=\"\" class=\"wp-image-1503\" style=\"border-radius:100%;object-fit:cover;width:160px;height:160px\" srcset=\"https:\/\/undeterred.eu\/wp-content\/uploads\/2026\/04\/Evelyne-RIBERT.png 160w, https:\/\/undeterred.eu\/wp-content\/uploads\/2026\/04\/Evelyne-RIBERT-150x150.png 150w, https:\/\/undeterred.eu\/wp-content\/uploads\/2026\/04\/Evelyne-RIBERT-120x120.png 120w\" sizes=\"auto, (max-width: 160px) 100vw, 160px\" \/><\/figure>\n\n\n\n<h3 class=\"wp-block-heading has-text-align-center has-large-font-size\" id=\"julie-miller-3\">Evelyne RIBERT<\/h3>\n\n\n\n<p class=\"has-text-align-center\" id=\"julie-miller-3\">Centre national de la recherche scientifique (CNRS)<\/p>\n\n\n\n<p class=\"has-text-align-center\" id=\"julie-miller-3\"><\/p>\n\n\n\n<ul class=\"wp-block-social-links has-small-icon-size has-icon-color is-style-logos-only tw-hover-opacity-down is-content-justification-center is-layout-flex wp-container-core-social-links-is-layout-a89b3969 wp-block-social-links-is-layout-flex\"><li style=\"color:var(u002du002dwpu002du002dpresetu002du002dcoloru002du002dcontrast);\" class=\"wp-social-link wp-social-link-mail has-contrast-color wp-block-social-link\"><a href=\"mailto:&#101;&#118;&#101;&#108;yn&#101;&#046;&#114;ib&#101;rt&#064;&#101;&#104;&#101;&#115;s.f&#114;\" class=\"wp-block-social-link-anchor\"><svg width=\"24\" height=\"24\" viewBox=\"0 0 24 24\" version=\"1.1\" xmlns=\"http:\/\/www.w3.org\/2000\/svg\" aria-hidden=\"true\" focusable=\"false\"><path d=\"M19,5H5c-1.1,0-2,.9-2,2v10c0,1.1.9,2,2,2h14c1.1,0,2-.9,2-2V7c0-1.1-.9-2-2-2zm.5,12c0,.3-.2.5-.5.5H5c-.3,0-.5-.2-.5-.5V9.8l7.5,5.6,7.5-5.6V17zm0-9.1L12,13.6,4.5,7.9V7c0-.3.2-.5.5-.5h14c.3,0,.5.2.5.5v.9z\"><\/path><\/svg><span class=\"wp-block-social-link-label screen-reader-text\">E-mail<\/span><\/a><\/li>\n\n<li style=\"color:var(u002du002dwpu002du002dpresetu002du002dcoloru002du002dcontrast);\" class=\"wp-social-link wp-social-link-chain has-contrast-color wp-block-social-link\"><a href=\"https:\/\/undeterred.hypotheses.org\/our-expert-advice\" class=\"wp-block-social-link-anchor\"><svg width=\"24\" height=\"24\" viewBox=\"0 0 24 24\" version=\"1.1\" xmlns=\"http:\/\/www.w3.org\/2000\/svg\" aria-hidden=\"true\" focusable=\"false\"><path d=\"M15.6,7.2H14v1.5h1.6c2,0,3.7,1.7,3.7,3.7s-1.7,3.7-3.7,3.7H14v1.5h1.6c2.8,0,5.2-2.3,5.2-5.2,0-2.9-2.3-5.2-5.2-5.2zM4.7,12.4c0-2,1.7-3.7,3.7-3.7H10V7.2H8.4c-2.9,0-5.2,2.3-5.2,5.2,0,2.9,2.3,5.2,5.2,5.2H10v-1.5H8.4c-2,0-3.7-1.7-3.7-3.7zm4.6.9h5.3v-1.5H9.3v1.5z\"><\/path><\/svg><span class=\"wp-block-social-link-label screen-reader-text\">Lien<\/span><\/a><\/li><\/ul>\n<\/div>\n<\/div>\n<\/div>\n\n\n\n<div class=\"wp-block-group alignfull has-ti-bg-background-color has-background is-layout-constrained wp-container-core-group-is-layout-4f179e5d wp-block-group-is-layout-constrained\" style=\"margin-top:var(--wp--preset--spacing--50);margin-bottom:var(--wp--preset--spacing--50);padding-top:var(--wp--preset--spacing--40);padding-right:0;padding-bottom:var(--wp--preset--spacing--40);padding-left:0\">\n<h2 class=\"wp-block-heading has-text-align-center\" id=\"our-team-3\">Documentaire<\/h2>\n\n\n\n<div class=\"wp-block-columns alignwide tw-cols-stack-md-2 is-layout-flex wp-container-core-columns-is-layout-7018ba02 wp-block-columns-is-layout-flex\" style=\"margin-top:var(--wp--preset--spacing--50);margin-bottom:var(--wp--preset--spacing--50)\">\n<div class=\"wp-block-column is-layout-flow wp-block-column-is-layout-flow\">\n<figure class=\"wp-block-image aligncenter size-full is-resized has-custom-border\"><img loading=\"lazy\" decoding=\"async\" width=\"359\" height=\"351\" src=\"https:\/\/undeterred.eu\/wp-content\/uploads\/2026\/04\/Laura-Taubman.webp\" alt=\"\" class=\"wp-image-1517\" style=\"border-radius:100%;object-fit:cover;width:160px;height:160px\" srcset=\"https:\/\/undeterred.eu\/wp-content\/uploads\/2026\/04\/Laura-Taubman.webp 359w, https:\/\/undeterred.eu\/wp-content\/uploads\/2026\/04\/Laura-Taubman-300x293.webp 300w\" sizes=\"auto, (max-width: 359px) 100vw, 359px\" \/><\/figure>\n\n\n\n<h3 class=\"wp-block-heading has-text-align-center has-large-font-size\" id=\"julie-miller-3\">Laura TAUBMAN<\/h3>\n\n\n\n<p class=\"has-text-align-center\" id=\"julie-miller-3\"><\/p>\n\n\n\n<p class=\"has-text-align-center\" id=\"julie-miller-3\">Association Midi Cosmique<\/p>\n\n\n\n<p class=\"has-text-align-center\" id=\"julie-miller-3\"><\/p>\n\n\n\n<ul class=\"wp-block-social-links has-small-icon-size has-icon-color is-style-logos-only tw-hover-opacity-down is-content-justification-center is-layout-flex wp-container-core-social-links-is-layout-a89b3969 wp-block-social-links-is-layout-flex\"><li style=\"color:var(u002du002dwpu002du002dpresetu002du002dcoloru002du002dcontrast);\" class=\"wp-social-link wp-social-link-mail has-contrast-color wp-block-social-link\"><a href=\"mailto:&#108;au&#114;&#097;.&#116;&#097;&#117;&#098;m&#097;&#110;&#064;l&#105;v&#101;.f&#114;\" class=\"wp-block-social-link-anchor\"><svg width=\"24\" height=\"24\" viewBox=\"0 0 24 24\" version=\"1.1\" xmlns=\"http:\/\/www.w3.org\/2000\/svg\" aria-hidden=\"true\" focusable=\"false\"><path d=\"M19,5H5c-1.1,0-2,.9-2,2v10c0,1.1.9,2,2,2h14c1.1,0,2-.9,2-2V7c0-1.1-.9-2-2-2zm.5,12c0,.3-.2.5-.5.5H5c-.3,0-.5-.2-.5-.5V9.8l7.5,5.6,7.5-5.6V17zm0-9.1L12,13.6,4.5,7.9V7c0-.3.2-.5.5-.5h14c.3,0,.5.2.5.5v.9z\"><\/path><\/svg><span class=\"wp-block-social-link-label screen-reader-text\">E-mail<\/span><\/a><\/li>\n\n<li style=\"color:var(u002du002dwpu002du002dpresetu002du002dcoloru002du002dcontrast);\" class=\"wp-social-link wp-social-link-chain has-contrast-color wp-block-social-link\"><a href=\"https:\/\/laurataubman.com\/\" class=\"wp-block-social-link-anchor\"><svg width=\"24\" height=\"24\" viewBox=\"0 0 24 24\" version=\"1.1\" xmlns=\"http:\/\/www.w3.org\/2000\/svg\" aria-hidden=\"true\" focusable=\"false\"><path d=\"M15.6,7.2H14v1.5h1.6c2,0,3.7,1.7,3.7,3.7s-1.7,3.7-3.7,3.7H14v1.5h1.6c2.8,0,5.2-2.3,5.2-5.2,0-2.9-2.3-5.2-5.2-5.2zM4.7,12.4c0-2,1.7-3.7,3.7-3.7H10V7.2H8.4c-2.9,0-5.2,2.3-5.2,5.2,0,2.9,2.3,5.2,5.2,5.2H10v-1.5H8.4c-2,0-3.7-1.7-3.7-3.7zm4.6.9h5.3v-1.5H9.3v1.5z\"><\/path><\/svg><span class=\"wp-block-social-link-label screen-reader-text\">Lien<\/span><\/a><\/li><\/ul>\n<\/div>\n<\/div>\n<\/div>\n\n\n\n<div class=\"wp-block-group alignfull is-layout-constrained wp-block-group-is-layout-constrained\" style=\"margin-top:var(--wp--preset--spacing--50);margin-bottom:var(--wp--preset--spacing--50);padding-top:var(--wp--preset--spacing--40);padding-bottom:var(--wp--preset--spacing--40)\">\n<h2 class=\"wp-block-heading has-text-align-center\" id=\"our-team-3\">Exposition<\/h2>\n\n\n\n<div class=\"wp-block-columns alignwide tw-cols-stack-md-2 is-layout-flex wp-container-core-columns-is-layout-7018ba02 wp-block-columns-is-layout-flex\" style=\"margin-top:var(--wp--preset--spacing--50);margin-bottom:var(--wp--preset--spacing--50)\">\n<div class=\"wp-block-column is-layout-flow wp-block-column-is-layout-flow\">\n<figure class=\"wp-block-image aligncenter size-full is-resized has-custom-border\"><img loading=\"lazy\" decoding=\"async\" width=\"308\" height=\"308\" src=\"https:\/\/undeterred.eu\/wp-content\/uploads\/2026\/04\/Photo-ITW-OK-2-1-edited.png\" alt=\"\" class=\"wp-image-1524\" style=\"border-radius:100%;object-fit:cover;width:160px;height:160px\" srcset=\"https:\/\/undeterred.eu\/wp-content\/uploads\/2026\/04\/Photo-ITW-OK-2-1-edited.png 308w, https:\/\/undeterred.eu\/wp-content\/uploads\/2026\/04\/Photo-ITW-OK-2-1-edited-300x300.png 300w, https:\/\/undeterred.eu\/wp-content\/uploads\/2026\/04\/Photo-ITW-OK-2-1-edited-150x150.png 150w, https:\/\/undeterred.eu\/wp-content\/uploads\/2026\/04\/Photo-ITW-OK-2-1-edited-120x120.png 120w\" sizes=\"auto, (max-width: 308px) 100vw, 308px\" \/><\/figure>\n\n\n\n<h3 class=\"wp-block-heading has-text-align-center has-large-font-size\" id=\"julie-miller-3\">Nicolas BANCEL<\/h3>\n\n\n\n<p class=\"has-text-align-center\" id=\"julie-miller-3\">Universit\u00e9 de Lausanne<\/p>\n\n\n\n<p class=\"has-text-align-center\" id=\"julie-miller-3\"><\/p>\n\n\n\n<ul class=\"wp-block-social-links has-small-icon-size has-icon-color is-style-logos-only tw-hover-opacity-down is-content-justification-center is-layout-flex wp-container-core-social-links-is-layout-a89b3969 wp-block-social-links-is-layout-flex\"><li style=\"color:var(u002du002dwpu002du002dpresetu002du002dcoloru002du002dcontrast);\" class=\"wp-social-link wp-social-link-mail has-contrast-color wp-block-social-link\"><a href=\"mailto:N&#105;colas&#046;Ban&#099;el&#064;unil&#046;&#099;&#104;\" class=\"wp-block-social-link-anchor\"><svg width=\"24\" height=\"24\" viewBox=\"0 0 24 24\" version=\"1.1\" xmlns=\"http:\/\/www.w3.org\/2000\/svg\" aria-hidden=\"true\" focusable=\"false\"><path d=\"M19,5H5c-1.1,0-2,.9-2,2v10c0,1.1.9,2,2,2h14c1.1,0,2-.9,2-2V7c0-1.1-.9-2-2-2zm.5,12c0,.3-.2.5-.5.5H5c-.3,0-.5-.2-.5-.5V9.8l7.5,5.6,7.5-5.6V17zm0-9.1L12,13.6,4.5,7.9V7c0-.3.2-.5.5-.5h14c.3,0,.5.2.5.5v.9z\"><\/path><\/svg><span class=\"wp-block-social-link-label screen-reader-text\">E-mail<\/span><\/a><\/li>\n\n<li style=\"color:var(u002du002dwpu002du002dpresetu002du002dcoloru002du002dcontrast);\" class=\"wp-social-link wp-social-link-chain has-contrast-color wp-block-social-link\"><a href=\"https:\/\/applicationspub.unil.ch\/interpub\/noauth\/php\/Un\/UnPers.php?PerNum=1052172u0026LanCode=37\" class=\"wp-block-social-link-anchor\"><svg width=\"24\" height=\"24\" viewBox=\"0 0 24 24\" version=\"1.1\" xmlns=\"http:\/\/www.w3.org\/2000\/svg\" aria-hidden=\"true\" focusable=\"false\"><path d=\"M15.6,7.2H14v1.5h1.6c2,0,3.7,1.7,3.7,3.7s-1.7,3.7-3.7,3.7H14v1.5h1.6c2.8,0,5.2-2.3,5.2-5.2,0-2.9-2.3-5.2-5.2-5.2zM4.7,12.4c0-2,1.7-3.7,3.7-3.7H10V7.2H8.4c-2.9,0-5.2,2.3-5.2,5.2,0,2.9,2.3,5.2,5.2,5.2H10v-1.5H8.4c-2,0-3.7-1.7-3.7-3.7zm4.6.9h5.3v-1.5H9.3v1.5z\"><\/path><\/svg><span class=\"wp-block-social-link-label screen-reader-text\">Lien<\/span><\/a><\/li><\/ul>\n<\/div>\n\n\n\n<div class=\"wp-block-column is-layout-flow wp-block-column-is-layout-flow\">\n<figure class=\"wp-block-image aligncenter size-full is-resized has-custom-border\"><img loading=\"lazy\" decoding=\"async\" width=\"1024\" height=\"1024\" src=\"https:\/\/undeterred.eu\/wp-content\/uploads\/2026\/04\/vecteezy_man-empty-avatar-vector-photo-placeholder-for-social_36594092.png\" alt=\"\" class=\"wp-image-1570\" style=\"border-radius:100%;object-fit:cover;width:160px;height:160px\" srcset=\"https:\/\/undeterred.eu\/wp-content\/uploads\/2026\/04\/vecteezy_man-empty-avatar-vector-photo-placeholder-for-social_36594092.png 1024w, https:\/\/undeterred.eu\/wp-content\/uploads\/2026\/04\/vecteezy_man-empty-avatar-vector-photo-placeholder-for-social_36594092-300x300.png 300w, https:\/\/undeterred.eu\/wp-content\/uploads\/2026\/04\/vecteezy_man-empty-avatar-vector-photo-placeholder-for-social_36594092-150x150.png 150w, https:\/\/undeterred.eu\/wp-content\/uploads\/2026\/04\/vecteezy_man-empty-avatar-vector-photo-placeholder-for-social_36594092-768x768.png 768w, https:\/\/undeterred.eu\/wp-content\/uploads\/2026\/04\/vecteezy_man-empty-avatar-vector-photo-placeholder-for-social_36594092-120x120.png 120w\" sizes=\"auto, (max-width: 1024px) 100vw, 1024px\" \/><\/figure>\n\n\n\n<h3 class=\"wp-block-heading has-text-align-center has-large-font-size\" id=\"julie-miller-3\">Jacques TOUBON<\/h3>\n<\/div>\n\n\n\n<div class=\"wp-block-column is-layout-flow wp-block-column-is-layout-flow\">\n<figure class=\"wp-block-image aligncenter size-full is-resized has-custom-border\"><img loading=\"lazy\" decoding=\"async\" width=\"1024\" height=\"1024\" src=\"https:\/\/undeterred.eu\/wp-content\/uploads\/2026\/04\/vecteezy_man-empty-avatar-vector-photo-placeholder-for-social_36594092.png\" alt=\"\" class=\"wp-image-1570\" style=\"border-radius:100%;object-fit:cover;width:160px;height:160px\" srcset=\"https:\/\/undeterred.eu\/wp-content\/uploads\/2026\/04\/vecteezy_man-empty-avatar-vector-photo-placeholder-for-social_36594092.png 1024w, https:\/\/undeterred.eu\/wp-content\/uploads\/2026\/04\/vecteezy_man-empty-avatar-vector-photo-placeholder-for-social_36594092-300x300.png 300w, https:\/\/undeterred.eu\/wp-content\/uploads\/2026\/04\/vecteezy_man-empty-avatar-vector-photo-placeholder-for-social_36594092-150x150.png 150w, https:\/\/undeterred.eu\/wp-content\/uploads\/2026\/04\/vecteezy_man-empty-avatar-vector-photo-placeholder-for-social_36594092-768x768.png 768w, https:\/\/undeterred.eu\/wp-content\/uploads\/2026\/04\/vecteezy_man-empty-avatar-vector-photo-placeholder-for-social_36594092-120x120.png 120w\" sizes=\"auto, (max-width: 1024px) 100vw, 1024px\" \/><\/figure>\n\n\n\n<h3 class=\"wp-block-heading has-text-align-center has-large-font-size\" id=\"julie-miller-3\">Patrick SIMON<\/h3>\n<\/div>\n\n\n\n<div class=\"wp-block-column is-layout-flow wp-block-column-is-layout-flow\">\n<figure class=\"wp-block-image aligncenter size-full is-resized has-custom-border\"><img loading=\"lazy\" decoding=\"async\" width=\"1024\" height=\"1024\" src=\"https:\/\/undeterred.eu\/wp-content\/uploads\/2026\/04\/vecteezy_person-photo-placeholder-woman-default-avatar-profile-icon_.png\" alt=\"\" class=\"wp-image-1569\" style=\"border-radius:100%;object-fit:cover;width:160px;height:160px\" srcset=\"https:\/\/undeterred.eu\/wp-content\/uploads\/2026\/04\/vecteezy_person-photo-placeholder-woman-default-avatar-profile-icon_.png 1024w, https:\/\/undeterred.eu\/wp-content\/uploads\/2026\/04\/vecteezy_person-photo-placeholder-woman-default-avatar-profile-icon_-300x300.png 300w, https:\/\/undeterred.eu\/wp-content\/uploads\/2026\/04\/vecteezy_person-photo-placeholder-woman-default-avatar-profile-icon_-150x150.png 150w, https:\/\/undeterred.eu\/wp-content\/uploads\/2026\/04\/vecteezy_person-photo-placeholder-woman-default-avatar-profile-icon_-768x768.png 768w, https:\/\/undeterred.eu\/wp-content\/uploads\/2026\/04\/vecteezy_person-photo-placeholder-woman-default-avatar-profile-icon_-120x120.png 120w\" sizes=\"auto, (max-width: 1024px) 100vw, 1024px\" \/><\/figure>\n\n\n\n<h3 class=\"wp-block-heading has-text-align-center has-large-font-size\" id=\"julie-miller-3\">Farah Cl\u00e9mentine DRAMANI ISSIFOU<\/h3>\n<\/div>\n<\/div>\n<\/div>\n\n\n\n<p style=\"margin-top:var(--wp--preset--spacing--50);margin-right:var(--wp--preset--spacing--50);margin-bottom:var(--wp--preset--spacing--50);margin-left:var(--wp--preset--spacing--50)\">L&rsquo;\u00e9quipe du projet UNDETERRED comprenait initialement des experts qui ont depuis quitt\u00e9 le projet. Nous les remercions pour leur collaboration et pour les id\u00e9es qui ont aid\u00e9 \u00e0 faire progresser le projet.<br>Exposition : Ahmed Boubeker<br>Donn\u00e9es : Karine Onfroy<\/p>\n","protected":false},"excerpt":{"rendered":"<p>UNDETERRED compte un certain nombre de partenaires et de prestataires de services pour r\u00e9aliser la recherche et produire les r\u00e9sultats. \u00c9thique Evelyne RIBERT Centre national de la recherche scientifique (CNRS) Documentaire Laura TAUBMAN Association Midi Cosmique Exposition Nicolas BANCEL Universit\u00e9 de Lausanne Jacques TOUBON Patrick SIMON Farah Cl\u00e9mentine DRAMANI ISSIFOU L&rsquo;\u00e9quipe du projet UNDETERRED comprenait [&hellip;]<\/p>\n","protected":false},"author":1,"featured_media":0,"parent":1293,"menu_order":0,"comment_status":"closed","ping_status":"closed","template":"","meta":{"_acf_changed":false,"_gspb_post_css":"","footnotes":""},"class_list":["post-1301","page","type-page","status-publish","hentry"],"acf":[],"mb":[],"mfb_rest_fields":["title"],"_links":{"self":[{"href":"https:\/\/undeterred.eu\/fr\/wp-json\/wp\/v2\/pages\/1301","targetHints":{"allow":["GET"]}}],"collection":[{"href":"https:\/\/undeterred.eu\/fr\/wp-json\/wp\/v2\/pages"}],"about":[{"href":"https:\/\/undeterred.eu\/fr\/wp-json\/wp\/v2\/types\/page"}],"author":[{"embeddable":true,"href":"https:\/\/undeterred.eu\/fr\/wp-json\/wp\/v2\/users\/1"}],"replies":[{"embeddable":true,"href":"https:\/\/undeterred.eu\/fr\/wp-json\/wp\/v2\/comments?post=1301"}],"version-history":[{"count":6,"href":"https:\/\/undeterred.eu\/fr\/wp-json\/wp\/v2\/pages\/1301\/revisions"}],"predecessor-version":[{"id":2091,"href":"https:\/\/undeterred.eu\/fr\/wp-json\/wp\/v2\/pages\/1301\/revisions\/2091"}],"up":[{"embeddable":true,"href":"https:\/\/undeterred.eu\/fr\/wp-json\/wp\/v2\/pages\/1293"}],"wp:attachment":[{"href":"https:\/\/undeterred.eu\/fr\/wp-json\/wp\/v2\/media?parent=1301"}],"curies":[{"name":"wp","href":"https:\/\/api.w.org\/{rel}","templated":true}]}}