{"id":1305,"date":"2026-03-31T10:35:36","date_gmt":"2026-03-31T10:35:36","guid":{"rendered":"https:\/\/undeterred.eu\/?page_id=1305"},"modified":"2026-04-08T20:10:40","modified_gmt":"2026-04-08T20:10:40","slug":"field-reports","status":"publish","type":"page","link":"https:\/\/undeterred.eu\/fr\/stories-events\/field-reports\/","title":{"rendered":"Rapports de terrain"},"content":{"rendered":"\n<p>Les rapports de terrain sont des r\u00e9cits de terrain \u2014 \u00e9crits par des chercheurs et des partenaires qui sont directement immerg\u00e9s dans les quartiers, institutions et communaut\u00e9s au c\u0153ur de l&rsquo;enqu\u00eate d&rsquo;UNDETERRED.<br><br>Ce ne sont pas des articles acad\u00e9miques. Ce sont des r\u00e9cits honn\u00eates \u00e0 la premi\u00e8re personne de ce \u00e0 quoi ressemble le travail de terrain : les rencontres, les surprises, la complexit\u00e9 d&rsquo;\u00e9tudier la discrimination de l&rsquo;int\u00e9rieur.<\/p>\n\n\n\n<hr class=\"wp-block-separator has-alpha-channel-opacity\"\/>\n\n\n\n<h2 class=\"wp-block-heading\" id=\"what-youll-find-here\">Ce que vous trouverez ici<\/h2>\n\n\n\n<ul class=\"wp-block-list\">\n<li>Bulletins des quatre villes de recherche \u2014 Bordeaux, Barcelone, Bucarest, Lausanne<\/li>\n\n\n\n<li>Portraits des quartiers et institutions o\u00f9 la recherche a lieu<\/li>\n\n\n\n<li>R\u00e9flexions sur la m\u00e9thode \u2014 ce que signifie \u00e9tudier la discrimination, comment la confiance est \u00e9tablie avec les participants<\/li>\n\n\n\n<li>R\u00e9cits anonymis\u00e9s des exp\u00e9riences v\u00e9cues recueillies lors d&rsquo;entretiens et de groupes de discussion<\/li>\n<\/ul>\n\n\n\n<hr class=\"wp-block-separator has-alpha-channel-opacity\"\/>\n\n\n\n<p><a href=\"https:\/\/undeterred.eu\/category\/news\/\" data-type=\"category\" data-id=\"21\">\u2192\u00a0<strong>Suivez nos derni\u00e8res actualit\u00e9s<\/strong><\/a><br><a href=\"\/event\">\u2192\u00a0<strong>Voir tous les \u00e9v\u00e9nements \u00e0 venir<\/strong><\/a><\/p>\n","protected":false},"excerpt":{"rendered":"<p>Les rapports de terrain sont des r\u00e9cits de terrain \u2014 \u00e9crits par des chercheurs et des partenaires qui sont directement immerg\u00e9s dans les quartiers, institutions et communaut\u00e9s au c\u0153ur de l&rsquo;enqu\u00eate d&rsquo;UNDETERRED. Ce ne sont pas des articles acad\u00e9miques. Ce sont des r\u00e9cits honn\u00eates \u00e0 la premi\u00e8re personne de ce \u00e0 quoi ressemble le travail [&hellip;]<\/p>\n","protected":false},"author":1,"featured_media":0,"parent":1303,"menu_order":0,"comment_status":"closed","ping_status":"closed","template":"","meta":{"_acf_changed":false,"_gspb_post_css":"","footnotes":""},"class_list":["post-1305","page","type-page","status-publish","hentry"],"acf":[],"mb":[],"mfb_rest_fields":["title"],"_links":{"self":[{"href":"https:\/\/undeterred.eu\/fr\/wp-json\/wp\/v2\/pages\/1305","targetHints":{"allow":["GET"]}}],"collection":[{"href":"https:\/\/undeterred.eu\/fr\/wp-json\/wp\/v2\/pages"}],"about":[{"href":"https:\/\/undeterred.eu\/fr\/wp-json\/wp\/v2\/types\/page"}],"author":[{"embeddable":true,"href":"https:\/\/undeterred.eu\/fr\/wp-json\/wp\/v2\/users\/1"}],"replies":[{"embeddable":true,"href":"https:\/\/undeterred.eu\/fr\/wp-json\/wp\/v2\/comments?post=1305"}],"version-history":[{"count":6,"href":"https:\/\/undeterred.eu\/fr\/wp-json\/wp\/v2\/pages\/1305\/revisions"}],"predecessor-version":[{"id":2093,"href":"https:\/\/undeterred.eu\/fr\/wp-json\/wp\/v2\/pages\/1305\/revisions\/2093"}],"up":[{"embeddable":true,"href":"https:\/\/undeterred.eu\/fr\/wp-json\/wp\/v2\/pages\/1303"}],"wp:attachment":[{"href":"https:\/\/undeterred.eu\/fr\/wp-json\/wp\/v2\/media?parent=1305"}],"curies":[{"name":"wp","href":"https:\/\/api.w.org\/{rel}","templated":true}]}}