{"id":1309,"date":"2026-03-31T10:36:16","date_gmt":"2026-03-31T10:36:16","guid":{"rendered":"https:\/\/undeterred.eu\/?page_id=1309"},"modified":"2026-04-08T20:14:15","modified_gmt":"2026-04-08T20:14:15","slug":"funding-horizon-europe","status":"publish","type":"page","link":"https:\/\/undeterred.eu\/fr\/about\/funding-horizon-europe\/","title":{"rendered":"Financement &#038; Horizon Europe"},"content":{"rendered":"\n<h2 class=\"wp-block-heading\" id=\"horizon-europe\">Horizon Europe<\/h2>\n\n\n\n<p>Horizon Europe est le programme cl\u00e9 de financement de l&rsquo;Union europ\u00e9enne pour la recherche et l&rsquo;innovation, couvrant la p\u00e9riode 2021 \u00e0 2027 avec un budget de 95,5 milliards d&rsquo;euros. Il soutient des projets qui r\u00e9pondent aux grands d\u00e9fis soci\u00e9taux et renforcent la base scientifique et technologique de l&rsquo;UE.<br><br>UNDETERRED est financ\u00e9 dans le cadre du <strong>Cluster 2 d&rsquo;Horizon Europe \u2014 Culture, Cr\u00e9ativit\u00e9 et Soci\u00e9t\u00e9 inclusive<\/strong>, qui soutient la recherche sur la d\u00e9mocratie, le patrimoine culturel, les in\u00e9galit\u00e9s sociales et l&rsquo;inclusion.<\/p>\n\n\n\n<hr class=\"wp-block-separator has-alpha-channel-opacity\"\/>\n\n\n\n<h2 class=\"wp-block-heading\" id=\"grant-details\">D\u00e9tails de la subvention<\/h2>\n\n\n\n<figure class=\"wp-block-table is-style-tw-border-h-inner\"><table class=\"has-fixed-layout\"><tbody><tr><td><strong>Programme<\/strong><\/td><td>Horizon Europe<\/td><\/tr><tr><td><strong>Convention de subvention<\/strong><\/td><td>N\u00b0 101095020<\/td><\/tr><tr><td><strong>Sigle du projet<\/strong><\/td><td>UNDETERRED<\/td><\/tr><tr><td><strong>Dur\u00e9e<\/strong><\/td><td>2023 \u2013 2027<\/td><\/tr><tr><td><strong>Institution coordinatrice<\/strong><\/td><td>University of Bordeaux<\/td><\/tr><\/tbody><\/table><\/figure>\n\n\n\n<hr class=\"wp-block-separator has-alpha-channel-opacity\"\/>\n\n\n\n<h2 class=\"wp-block-heading\" id=\"legal-mention\">Mention l\u00e9gale<\/h2>\n\n\n\n<blockquote class=\"wp-block-quote is-layout-flow wp-block-quote-is-layout-flow\" style=\"padding-top:var(--wp--preset--spacing--50);padding-right:var(--wp--preset--spacing--50);padding-bottom:var(--wp--preset--spacing--50);padding-left:var(--wp--preset--spacing--50)\">\n<p><em>Ce projet a re\u00e7u un financement dans le cadre du programme de recherche et d&rsquo;innovation Horizon Europe de l&rsquo;Union europ\u00e9enne, selon la convention de subvention N\u00b0 101095020.<\/em><br><em>Les vues et opinions exprim\u00e9es sont cependant celles de l&rsquo;auteur ou des auteurs uniquement et ne refl\u00e8tent pas n\u00e9cessairement celles de l&rsquo;Union europ\u00e9enne ni de l\u2019Agence ex\u00e9cutive de la recherche (REA). Ni l\u2019Union europ\u00e9enne ni l\u2019autorit\u00e9 de financement ne peuvent \u00eatre tenues responsables.<\/em><\/p>\n<\/blockquote>\n","protected":false},"excerpt":{"rendered":"<p>Horizon Europe Horizon Europe est le programme cl\u00e9 de financement de l&rsquo;Union europ\u00e9enne pour la recherche et l&rsquo;innovation, couvrant la p\u00e9riode 2021 \u00e0 2027 avec un budget de 95,5 milliards d&rsquo;euros. Il soutient des projets qui r\u00e9pondent aux grands d\u00e9fis soci\u00e9taux et renforcent la base scientifique et technologique de l&rsquo;UE. UNDETERRED est financ\u00e9 dans le [&hellip;]<\/p>\n","protected":false},"author":1,"featured_media":0,"parent":1307,"menu_order":0,"comment_status":"closed","ping_status":"closed","template":"","meta":{"_acf_changed":false,"_gspb_post_css":"","footnotes":""},"class_list":["post-1309","page","type-page","status-publish","hentry"],"acf":[],"mb":[],"mfb_rest_fields":["title"],"_links":{"self":[{"href":"https:\/\/undeterred.eu\/fr\/wp-json\/wp\/v2\/pages\/1309","targetHints":{"allow":["GET"]}}],"collection":[{"href":"https:\/\/undeterred.eu\/fr\/wp-json\/wp\/v2\/pages"}],"about":[{"href":"https:\/\/undeterred.eu\/fr\/wp-json\/wp\/v2\/types\/page"}],"author":[{"embeddable":true,"href":"https:\/\/undeterred.eu\/fr\/wp-json\/wp\/v2\/users\/1"}],"replies":[{"embeddable":true,"href":"https:\/\/undeterred.eu\/fr\/wp-json\/wp\/v2\/comments?post=1309"}],"version-history":[{"count":7,"href":"https:\/\/undeterred.eu\/fr\/wp-json\/wp\/v2\/pages\/1309\/revisions"}],"predecessor-version":[{"id":2098,"href":"https:\/\/undeterred.eu\/fr\/wp-json\/wp\/v2\/pages\/1309\/revisions\/2098"}],"up":[{"embeddable":true,"href":"https:\/\/undeterred.eu\/fr\/wp-json\/wp\/v2\/pages\/1307"}],"wp:attachment":[{"href":"https:\/\/undeterred.eu\/fr\/wp-json\/wp\/v2\/media?parent=1309"}],"curies":[{"name":"wp","href":"https:\/\/api.w.org\/{rel}","templated":true}]}}