{"id":1314,"date":"2026-03-31T10:42:58","date_gmt":"2026-03-31T10:42:58","guid":{"rendered":"https:\/\/undeterred.eu\/?page_id=1314"},"modified":"2026-04-08T20:17:29","modified_gmt":"2026-04-08T20:17:29","slug":"four-key-fields","status":"publish","type":"page","link":"https:\/\/undeterred.eu\/fr\/the-challenge\/four-key-fields\/","title":{"rendered":"Quatre domaines cl\u00e9s"},"content":{"rendered":"\n<p>La discrimination ne se manifeste pas dans un seul endroit. Elle traverse les syst\u00e8mes qui organisent la vie quotidienne \u2014 les institutions et processus cens\u00e9s aider tout le monde, mais qui ne touchent pas tout le monde de mani\u00e8re \u00e9gale.<br><br>UNDETERRED \u00e9tudie quatre secteurs cl\u00e9s o\u00f9 la discrimination involontaire fa\u00e7onne les opportunit\u00e9s \u2014 et limite les futurs \u2014 des jeunes adultes issus de l&rsquo;immigration et des minorit\u00e9s nationales<\/p>\n\n\n\n<div class=\"wp-block-group alignfull has-ti-bg-background-color has-background is-layout-constrained wp-container-core-group-is-layout-b91ec625 wp-block-group-is-layout-constrained\" style=\"padding-top:var(--wp--preset--spacing--50);padding-right:var(--wp--preset--spacing--60);padding-bottom:var(--wp--preset--spacing--50);padding-left:var(--wp--preset--spacing--60)\">\n<div class=\"wp-block-columns alignwide tw-cols-stack-md is-layout-flex wp-container-core-columns-is-layout-d3092bbb wp-block-columns-is-layout-flex\" style=\"margin-top:0;margin-bottom:0;padding-top:0;padding-right:0;padding-bottom:0;padding-left:0\">\n<div class=\"wp-block-column is-vertically-aligned-top is-layout-flow wp-block-column-is-layout-flow\">\n<h2 class=\"wp-block-heading\" id=\"housing\">Logement<\/h2>\n\n\n\n<p>Un logement n&rsquo;est pas qu&rsquo;un toit. C&rsquo;est une base pour tout le reste. Pourtant, pour de nombreux jeunes adultes, le chemin vers un logement stable est barr\u00e9 bien avant de commencer.<br><br>Les r\u00e8gles sont rarement ouvertement discriminatoires. Mais les exigences de garant, les crit\u00e8res de s\u00e9lection, les attentes implicites int\u00e9gr\u00e9es dans les processus de candidature \u2014 tout cela cr\u00e9e des filtres invisibles. Les jeunes issus de l&rsquo;immigration sont disproportionnellement exclus, non pas \u00e0 cause de qui ils sont officiellement, mais parce que le syst\u00e8me n&rsquo;a pas \u00e9t\u00e9 con\u00e7u pour eux.<br><br>UNDETERRED examine ces m\u00e9canismes institutionnels dans les services de logement social et le march\u00e9 locatif priv\u00e9 dans les quatre villes, pour comprendre&nbsp;<strong>o\u00f9 les r\u00e8gles cr\u00e9ent des barri\u00e8res \u2014 et comment ces barri\u00e8res peuvent \u00eatre repens\u00e9es<\/strong>.<\/p>\n<\/div>\n\n\n\n<div class=\"wp-block-column is-layout-flow wp-block-column-is-layout-flow\" style=\"flex-basis:350px\">\n<figure class=\"wp-block-image size-large is-resized is-style-default\" style=\"margin-top:0;margin-bottom:0\"><img loading=\"lazy\" decoding=\"async\" width=\"679\" height=\"1024\" src=\"https:\/\/undeterred.eu\/wp-content\/uploads\/2026\/04\/w32nc3iov4q-679x1024.jpg\" alt=\"low angle photo of high-rise building\" class=\"wp-image-1590\" style=\"aspect-ratio:1;object-fit:cover;width:350px\" srcset=\"https:\/\/undeterred.eu\/wp-content\/uploads\/2026\/04\/w32nc3iov4q-679x1024.jpg 679w, https:\/\/undeterred.eu\/wp-content\/uploads\/2026\/04\/w32nc3iov4q-199x300.jpg 199w, https:\/\/undeterred.eu\/wp-content\/uploads\/2026\/04\/w32nc3iov4q-768x1158.jpg 768w, https:\/\/undeterred.eu\/wp-content\/uploads\/2026\/04\/w32nc3iov4q.jpg 796w\" sizes=\"auto, (max-width: 679px) 100vw, 679px\" \/><\/figure>\n<\/div>\n<\/div>\n<\/div>\n\n\n\n<hr class=\"wp-block-separator has-alpha-channel-opacity\"\/>\n\n\n\n<div class=\"wp-block-group alignfull is-layout-constrained wp-block-group-is-layout-constrained\">\n<div class=\"wp-block-columns alignwide tw-cols-stack-md is-layout-flex wp-container-core-columns-is-layout-d3092bbb wp-block-columns-is-layout-flex\" style=\"margin-top:0;margin-bottom:0;padding-top:0;padding-right:0;padding-bottom:0;padding-left:0\">\n<div class=\"wp-block-column is-layout-flow wp-block-column-is-layout-flow\" style=\"flex-basis:350px\">\n<figure class=\"wp-block-image size-large is-resized is-style-default\" style=\"margin-top:0;margin-bottom:0\"><img loading=\"lazy\" decoding=\"async\" width=\"619\" height=\"1024\" src=\"https:\/\/undeterred.eu\/wp-content\/uploads\/2026\/04\/wpvemgfv4w0-619x1024.jpg\" alt=\"man grinding metal tool in industrial machinery\" class=\"wp-image-1596\" style=\"aspect-ratio:1;object-fit:cover;width:350px\" srcset=\"https:\/\/undeterred.eu\/wp-content\/uploads\/2026\/04\/wpvemgfv4w0-619x1024.jpg 619w, https:\/\/undeterred.eu\/wp-content\/uploads\/2026\/04\/wpvemgfv4w0-181x300.jpg 181w, https:\/\/undeterred.eu\/wp-content\/uploads\/2026\/04\/wpvemgfv4w0.jpg 725w\" sizes=\"auto, (max-width: 619px) 100vw, 619px\" \/><\/figure>\n<\/div>\n\n\n\n<div class=\"wp-block-column is-vertically-aligned-top is-layout-flow wp-block-column-is-layout-flow\">\n<h2 class=\"wp-block-heading\" id=\"employment\">Emploi<\/h2>\n\n\n\n<p>Un dipl\u00f4me. Un CV. Une lettre de motivation. Et pourtant, une porte qui ne s&rsquo;ouvre pas.<br><br>Sur le march\u00e9 du travail, la discrimination involontaire se cache souvent \u00e0 la vue de tous : dans le processus de recrutement \u00ab classique \u00bb, dans les crit\u00e8res d\u2019avancement, dans les attentes non \u00e9crites de la culture d\u2019entreprise. Noms, codes postaux et origines deviennent des proxy \u2014 jamais explicit\u00e9s, rarement reconnus.<br><br>UNDETERRED travaille directement avec les entreprises et les responsables RH pour&nbsp;<strong>d\u00e9tecter, nommer et d\u00e9manteler les pratiques qui filtrent silencieusement les talents<\/strong>&nbsp;\u2014 non par malveillance, mais par habitude.<\/p>\n<\/div>\n<\/div>\n<\/div>\n\n\n\n<hr class=\"wp-block-separator has-alpha-channel-opacity\"\/>\n\n\n\n<div class=\"wp-block-group alignfull has-ti-bg-background-color has-background is-layout-constrained wp-container-core-group-is-layout-b91ec625 wp-block-group-is-layout-constrained\" style=\"padding-top:var(--wp--preset--spacing--50);padding-right:var(--wp--preset--spacing--60);padding-bottom:var(--wp--preset--spacing--50);padding-left:var(--wp--preset--spacing--60)\">\n<div class=\"wp-block-columns alignwide tw-cols-stack-md is-layout-flex wp-container-core-columns-is-layout-d3092bbb wp-block-columns-is-layout-flex\" style=\"margin-top:0;margin-bottom:0;padding-top:0;padding-right:0;padding-bottom:0;padding-left:0\">\n<div class=\"wp-block-column is-vertically-aligned-top is-layout-flow wp-block-column-is-layout-flow\">\n<h2 class=\"wp-block-heading\" id=\"health\">Sant\u00e9<\/h2>\n\n\n\n<p>Les soins de sant\u00e9 devraient \u00eatre universels. En pratique, l&rsquo;acc\u00e8s est in\u00e9gal.<br><br>Les barri\u00e8res linguistiques, la m\u00e9connaissance des proc\u00e9dures administratives, le manque d&rsquo;information sur les droits \u2014 ce ne sont pas des \u00e9checs individuels. Ce sont des lacunes syst\u00e9miques qui s&rsquo;accumulent en sch\u00e9mas d&rsquo;exclusion. Pour les jeunes qui naviguent dans un syst\u00e8me de sant\u00e9 qui n&rsquo;a pas \u00e9t\u00e9 con\u00e7u pour eux, les cons\u00e9quences peuvent \u00eatre graves.<br><br>UNDETERRED cartographie ces disparit\u00e9s dans les quatre villes, s&rsquo;appuyant sur les exp\u00e9riences des patients, des professionnels de sant\u00e9 et des acteurs institutionnels, pour comprendre&nbsp;<strong>o\u00f9 le syst\u00e8me \u00e9choue \u2014 et quel serait un mod\u00e8le plus \u00e9quitable<\/strong>.<\/p>\n<\/div>\n\n\n\n<div class=\"wp-block-column is-layout-flow wp-block-column-is-layout-flow\" style=\"flex-basis:350px\">\n<figure class=\"wp-block-image size-large is-resized is-style-default\" style=\"margin-top:0;margin-bottom:0\"><img loading=\"lazy\" decoding=\"async\" width=\"1024\" height=\"1024\" src=\"https:\/\/undeterred.eu\/wp-content\/uploads\/2026\/04\/4gcqrf3-f2i-1024x1024.jpg\" alt=\"woman wearing black sports bra\" class=\"wp-image-1599\" style=\"aspect-ratio:1;object-fit:cover;width:350px\" srcset=\"https:\/\/undeterred.eu\/wp-content\/uploads\/2026\/04\/4gcqrf3-f2i-1024x1024.jpg 1024w, https:\/\/undeterred.eu\/wp-content\/uploads\/2026\/04\/4gcqrf3-f2i-300x300.jpg 300w, https:\/\/undeterred.eu\/wp-content\/uploads\/2026\/04\/4gcqrf3-f2i-150x150.jpg 150w, https:\/\/undeterred.eu\/wp-content\/uploads\/2026\/04\/4gcqrf3-f2i-768x768.jpg 768w, https:\/\/undeterred.eu\/wp-content\/uploads\/2026\/04\/4gcqrf3-f2i-120x120.jpg 120w, https:\/\/undeterred.eu\/wp-content\/uploads\/2026\/04\/4gcqrf3-f2i.jpg 1200w\" sizes=\"auto, (max-width: 1024px) 100vw, 1024px\" \/><\/figure>\n<\/div>\n<\/div>\n<\/div>\n\n\n\n<hr class=\"wp-block-separator has-alpha-channel-opacity\"\/>\n\n\n\n<div class=\"wp-block-group alignfull is-layout-constrained wp-block-group-is-layout-constrained\">\n<div class=\"wp-block-columns alignwide tw-cols-stack-md is-layout-flex wp-container-core-columns-is-layout-d3092bbb wp-block-columns-is-layout-flex\" style=\"margin-top:0;margin-bottom:0;padding-top:0;padding-right:0;padding-bottom:0;padding-left:0\">\n<div class=\"wp-block-column is-layout-flow wp-block-column-is-layout-flow\" style=\"flex-basis:350px\">\n<figure class=\"wp-block-image size-large is-resized is-style-default\" style=\"margin-top:0;margin-bottom:0\"><img loading=\"lazy\" decoding=\"async\" width=\"1024\" height=\"683\" src=\"https:\/\/undeterred.eu\/wp-content\/uploads\/2026\/04\/o5emzfdxedg-1024x683.jpg\" alt=\"boy writing on printer paper near girl\" class=\"wp-image-1610\" style=\"aspect-ratio:1;object-fit:cover;width:350px\" srcset=\"https:\/\/undeterred.eu\/wp-content\/uploads\/2026\/04\/o5emzfdxedg-1024x683.jpg 1024w, https:\/\/undeterred.eu\/wp-content\/uploads\/2026\/04\/o5emzfdxedg-300x200.jpg 300w, https:\/\/undeterred.eu\/wp-content\/uploads\/2026\/04\/o5emzfdxedg-768x512.jpg 768w, https:\/\/undeterred.eu\/wp-content\/uploads\/2026\/04\/o5emzfdxedg-1536x1024.jpg 1536w, https:\/\/undeterred.eu\/wp-content\/uploads\/2026\/04\/o5emzfdxedg.jpg 1600w\" sizes=\"auto, (max-width: 1024px) 100vw, 1024px\" \/><\/figure>\n<\/div>\n\n\n\n<div class=\"wp-block-column is-vertically-aligned-top is-layout-flow wp-block-column-is-layout-flow\">\n<h2 class=\"wp-block-heading\" id=\"education\">\u00c9ducation<\/h2>\n\n\n\n<p>L&rsquo;\u00e9ducation est pr\u00e9sent\u00e9e comme le grand \u00e9galisateur. Mais l&rsquo;acc\u00e8s \u00e0 cet \u00e9galisateur est lui-m\u00eame in\u00e9gal.<br><br>Des processus d&rsquo;admission \u00e0 l&rsquo;universit\u00e9 \u00e0 la vie sur le campus, les jeunes issus de minorit\u00e9s ou de l&rsquo;immigration rencontrent des obstacles que leurs pairs remarquent rarement : difficult\u00e9s administratives, normes culturelles implicites, manque de soutien institutionnel. Ceux-ci ne sont pas toujours visibles \u2014 mais leurs effets s&rsquo;accumulent dans le temps.<br><br>UNDETERRED \u00e9tudie ces dynamiques dans les universit\u00e9s de Bordeaux, Barcelone, Bucarest et Lausanne \u2014 car&nbsp;<strong>comprendre comment l&rsquo;in\u00e9galit\u00e9 se reproduit dans l&rsquo;enseignement sup\u00e9rieur est une condition pr\u00e9alable pour le transformer<\/strong>.<\/p>\n<\/div>\n<\/div>\n<\/div>\n\n\n\n<hr class=\"wp-block-separator has-alpha-channel-opacity\"\/>\n\n\n\n<h2 class=\"wp-block-heading\" id=\"the-cumulative-effect\">L&rsquo;effet cumulatif<\/h2>\n\n\n\n<p>Ces quatre secteurs ne sont pas isol\u00e9s. Ils sont profond\u00e9ment interconnect\u00e9s.<br><br>Les difficult\u00e9s d&rsquo;acc\u00e8s \u00e0 l&rsquo;\u00e9ducation entra\u00eenent des difficult\u00e9s d&rsquo;acc\u00e8s \u00e0 l&#8217;emploi. La pr\u00e9carit\u00e9 de l&#8217;emploi rend plus difficile de trouver un logement stable. L&rsquo;instabilit\u00e9 du logement a des cons\u00e9quences directes sur la sant\u00e9. Et une mauvaise sant\u00e9 ferme des portes dans l&rsquo;\u00e9ducation et au travail.<br><br>UNDETERRED prend cette&nbsp;<strong>dimension cumulative<\/strong>&nbsp;au s\u00e9rieux \u2014 car la discrimination syst\u00e9mique n&rsquo;est pas une s\u00e9rie d&rsquo;incidents isol\u00e9s, mais une cha\u00eene qu&rsquo;il faut comprendre dans son ensemble pour la briser.<\/p>\n","protected":false},"excerpt":{"rendered":"<p>La discrimination ne se manifeste pas dans un seul endroit. Elle traverse les syst\u00e8mes qui organisent la vie quotidienne \u2014 les institutions et processus cens\u00e9s aider tout le monde, mais qui ne touchent pas tout le monde de mani\u00e8re \u00e9gale. UNDETERRED \u00e9tudie quatre secteurs cl\u00e9s o\u00f9 la discrimination involontaire fa\u00e7onne les opportunit\u00e9s \u2014 et limite [&hellip;]<\/p>\n","protected":false},"author":1,"featured_media":0,"parent":1312,"menu_order":0,"comment_status":"closed","ping_status":"closed","template":"","meta":{"_acf_changed":false,"_gspb_post_css":"","footnotes":""},"class_list":["post-1314","page","type-page","status-publish","hentry"],"acf":[],"mb":[],"mfb_rest_fields":["title"],"_links":{"self":[{"href":"https:\/\/undeterred.eu\/fr\/wp-json\/wp\/v2\/pages\/1314","targetHints":{"allow":["GET"]}}],"collection":[{"href":"https:\/\/undeterred.eu\/fr\/wp-json\/wp\/v2\/pages"}],"about":[{"href":"https:\/\/undeterred.eu\/fr\/wp-json\/wp\/v2\/types\/page"}],"author":[{"embeddable":true,"href":"https:\/\/undeterred.eu\/fr\/wp-json\/wp\/v2\/users\/1"}],"replies":[{"embeddable":true,"href":"https:\/\/undeterred.eu\/fr\/wp-json\/wp\/v2\/comments?post=1314"}],"version-history":[{"count":30,"href":"https:\/\/undeterred.eu\/fr\/wp-json\/wp\/v2\/pages\/1314\/revisions"}],"predecessor-version":[{"id":2101,"href":"https:\/\/undeterred.eu\/fr\/wp-json\/wp\/v2\/pages\/1314\/revisions\/2101"}],"up":[{"embeddable":true,"href":"https:\/\/undeterred.eu\/fr\/wp-json\/wp\/v2\/pages\/1312"}],"wp:attachment":[{"href":"https:\/\/undeterred.eu\/fr\/wp-json\/wp\/v2\/media?parent=1314"}],"curies":[{"name":"wp","href":"https:\/\/api.w.org\/{rel}","templated":true}]}}