{"id":1316,"date":"2026-03-31T10:43:13","date_gmt":"2026-03-31T10:43:13","guid":{"rendered":"https:\/\/undeterred.eu\/?page_id=1316"},"modified":"2026-04-08T20:19:36","modified_gmt":"2026-04-08T20:19:36","slug":"young-adults-18-35","status":"publish","type":"page","link":"https:\/\/undeterred.eu\/fr\/the-challenge\/young-adults-18-35\/","title":{"rendered":"Jeunes adultes 18\u201335 ans"},"content":{"rendered":"\n<p>Entre 18 et 35 ans, tout se construit : o\u00f9 vous vivez, comment vous travaillez, si vous pouvez acc\u00e9der aux soins de sant\u00e9, jusqu\u2019o\u00f9 vous allez dans vos \u00e9tudes. Ce sont les ann\u00e9es o\u00f9 se trace la trajectoire d&rsquo;une vie. Ce sont aussi les ann\u00e9es o\u00f9 la discrimination syst\u00e9mique frappe le plus fort \u2014 et laisse ses marques les plus profondes.<\/p>\n\n\n\n<hr class=\"wp-block-separator has-alpha-channel-opacity\"\/>\n\n\n\n<h2 class=\"wp-block-heading\" id=\"why-1835\">Pourquoi 18\u201335 ans ?<\/h2>\n\n\n\n<p>Cette tranche d&rsquo;\u00e2ge n&rsquo;est pas arbitraire. Elle correspond \u00e0 une p\u00e9riode de transitions multiples et simultan\u00e9es : quitter le domicile familial, entrer sur le march\u00e9 du travail, acc\u00e9der aux soins de sant\u00e9 de mani\u00e8re autonome, construire une vie sociale et un avenir.<br><br>Ces transitions n\u00e9cessitent de naviguer dans les institutions \u2014 services de logement, employeurs, universit\u00e9s, syst\u00e8mes de sant\u00e9 \u2014 souvent pour la premi\u00e8re fois, et souvent sans les r\u00e9seaux ou ressources qui facilitent cette navigation pour d&rsquo;autres.<br><br>Pour les jeunes issus de l&rsquo;immigration ou des populations nationales minoritaires, ces transitions s&rsquo;effectuent dans des syst\u00e8mes qui n&rsquo;ont pas \u00e9t\u00e9 con\u00e7us pour eux. L\u2019\u00e9cart entre ce que le syst\u00e8me promet et ce qu&rsquo;il offre est alors plus visible \u2014 et plus lourd de cons\u00e9quences.<\/p>\n\n\n\n<hr class=\"wp-block-separator has-alpha-channel-opacity\"\/>\n\n\n\n<h2 class=\"wp-block-heading\" id=\"who-is-at-the-centre-of-undeterreds-research\">Qui est au centre des recherches d&rsquo;UNDETERRED ?<\/h2>\n\n\n\n<p>UNDETERRED se concentre sur deux groupes distincts mais qui se chevauchent, tous deux confront\u00e9s \u00e0 des formes de discrimination syst\u00e9mique rarement reconnues en tant que telles :<\/p>\n\n\n\n<p><strong>Jeunes issus de l&rsquo;immigration<\/strong><br>Qu&rsquo;ils soient arriv\u00e9s r\u00e9cemment ou qu&rsquo;ils aient grandi dans le pays, les jeunes issus de l&rsquo;immigration rencontrent des obstacles enracin\u00e9s dans des normes et proc\u00e9dures qui supposent un profil particulier \u2014 qui ne correspond pas toujours \u00e0 leur r\u00e9alit\u00e9. La langue, l&rsquo;historique administratif, les r\u00e9seaux sociaux, les r\u00e9f\u00e9rences culturelles : autant de crit\u00e8res silencieux de s\u00e9lection dans le logement, l&#8217;emploi, la sant\u00e9 et l&rsquo;\u00e9ducation.<\/p>\n\n\n\n<p><strong>Jeunes des populations nationales minoritaires<\/strong><br>La discrimination envers les minorit\u00e9s nationales est souvent encore moins visible, car il s&rsquo;agit de personnes qui peuvent \u00eatre pr\u00e9sentes dans une soci\u00e9t\u00e9 depuis des g\u00e9n\u00e9rations \u2014 mais qui continuent \u00e0 faire face \u00e0 des in\u00e9galit\u00e9s qui s&rsquo;accumulent dans plusieurs secteurs et au fil du temps.<\/p>\n\n\n\n<hr class=\"wp-block-separator has-alpha-channel-opacity\"\/>\n\n\n\n<h2 class=\"wp-block-heading\" id=\"a-decisive-period--a-compounding-effect\">Une p\u00e9riode d\u00e9cisive \u2014 un effet cumulatif<\/h2>\n\n\n\n<p>Ce qui rend la tranche d&rsquo;\u00e2ge 18\u201335 particuli\u00e8rement critique est que les difficult\u00e9s ne restent pas isol\u00e9es. Elles se cumulent.<br><br>La difficult\u00e9 \u00e0 trouver un logement stable cr\u00e9e une instabilit\u00e9 qui rend plus difficile le maintien d&rsquo;un emploi. Un emploi pr\u00e9caire limite l&rsquo;acc\u00e8s aux soins de sant\u00e9. Une trajectoire scolaire perturb\u00e9e ferme des portes professionnelles. Chaque obstacle renforce le suivant \u2014 et la somme est plus grande que ses parties.<br><br>C\u2019est pourquoi UNDETERRED adopte une approche multisectorielle : pour comprendre la discrimination telle qu&rsquo;elle est r\u00e9ellement v\u00e9cue, il faut la suivre tout au long de la vie d&rsquo;un jeune.<\/p>\n\n\n\n<hr class=\"wp-block-separator has-alpha-channel-opacity\"\/>\n\n\n\n<h2 class=\"wp-block-heading\" id=\"not-statistics-people\">Pas des statistiques. Des personnes.<\/h2>\n\n\n\n<p>Derri\u00e8re les donn\u00e9es, il y a de vraies trajectoires \u2014 des jeunes adultes qui naviguent dans des syst\u00e8mes cens\u00e9s fonctionner pour eux, rencontrent des murs inattendus, s\u2019adaptent, r\u00e9sistent, persistent.<\/p>\n\n\n\n<p>Les recherches d&rsquo;UNDETERRED reposent sur l\u2019\u00e9coute directe de ces exp\u00e9riences : \u00e0 travers des entretiens qualitatifs, des enqu\u00eates, et une collaboration \u00e9troite avec les organisations qui travaillent aux c\u00f4t\u00e9s de ces jeunes au quotidien. Leurs voix ne sont pas du mat\u00e9riel illustratif. Elles sont le fondement de la recherche.<\/p>\n","protected":false},"excerpt":{"rendered":"<p>Entre 18 et 35 ans, tout se construit : o\u00f9 vous vivez, comment vous travaillez, si vous pouvez acc\u00e9der aux soins de sant\u00e9, jusqu\u2019o\u00f9 vous allez dans vos \u00e9tudes. Ce sont les ann\u00e9es o\u00f9 se trace la trajectoire d&rsquo;une vie. Ce sont aussi les ann\u00e9es o\u00f9 la discrimination syst\u00e9mique frappe le plus fort \u2014 et [&hellip;]<\/p>\n","protected":false},"author":1,"featured_media":0,"parent":1312,"menu_order":0,"comment_status":"closed","ping_status":"closed","template":"","meta":{"_acf_changed":false,"_gspb_post_css":"","footnotes":""},"class_list":["post-1316","page","type-page","status-publish","hentry"],"acf":[],"mb":[],"mfb_rest_fields":["title"],"_links":{"self":[{"href":"https:\/\/undeterred.eu\/fr\/wp-json\/wp\/v2\/pages\/1316","targetHints":{"allow":["GET"]}}],"collection":[{"href":"https:\/\/undeterred.eu\/fr\/wp-json\/wp\/v2\/pages"}],"about":[{"href":"https:\/\/undeterred.eu\/fr\/wp-json\/wp\/v2\/types\/page"}],"author":[{"embeddable":true,"href":"https:\/\/undeterred.eu\/fr\/wp-json\/wp\/v2\/users\/1"}],"replies":[{"embeddable":true,"href":"https:\/\/undeterred.eu\/fr\/wp-json\/wp\/v2\/comments?post=1316"}],"version-history":[{"count":8,"href":"https:\/\/undeterred.eu\/fr\/wp-json\/wp\/v2\/pages\/1316\/revisions"}],"predecessor-version":[{"id":2104,"href":"https:\/\/undeterred.eu\/fr\/wp-json\/wp\/v2\/pages\/1316\/revisions\/2104"}],"up":[{"embeddable":true,"href":"https:\/\/undeterred.eu\/fr\/wp-json\/wp\/v2\/pages\/1312"}],"wp:attachment":[{"href":"https:\/\/undeterred.eu\/fr\/wp-json\/wp\/v2\/media?parent=1316"}],"curies":[{"name":"wp","href":"https:\/\/api.w.org\/{rel}","templated":true}]}}