{"id":1318,"date":"2026-03-31T10:43:31","date_gmt":"2026-03-31T10:43:31","guid":{"rendered":"https:\/\/undeterred.eu\/?page_id=1318"},"modified":"2026-04-08T20:22:19","modified_gmt":"2026-04-08T20:22:19","slug":"the-four-cities","status":"publish","type":"page","link":"https:\/\/undeterred.eu\/fr\/the-challenge\/the-four-cities\/","title":{"rendered":"Les Quatre Villes"},"content":{"rendered":"\n<p>La discrimination syst\u00e9mique ne se manifeste pas de la m\u00eame mani\u00e8re partout. Elle est fa\u00e7onn\u00e9e par les histoires locales, les g\u00e9ographies urbaines, les flux migratoires et les cultures institutionnelles. C&rsquo;est pourquoi UNDETERRED a choisi de ne pas se concentrer sur une seule ville \u2014 mais de construire un savoir \u00e0 travers quatre d\u2019entre elles, simultan\u00e9ment, en utilisant les m\u00eames m\u00e9thodes et les m\u00eames questions.<br><br><strong>Bordeaux \u00b7 Barcelone \u00b7 Bucarest \u00b7 Lausanne<\/strong> \u2014 quatre villes europ\u00e9ennes, chacune avec un profil distinct, chacune offrant un angle diff\u00e9rent sur le m\u00eame d\u00e9fi : comment les institutions produisent-elles des in\u00e9galit\u00e9s sans le vouloir ?<a href=\"https:\/\/www.bse.u-bordeaux.fr\/en\/research\/project-europe-undeterred\/\" target=\"_blank\" rel=\"noreferrer noopener\">bse.u-bordeaux<\/a><\/p>\n\n\n\n<hr class=\"wp-block-separator has-alpha-channel-opacity\"\/>\n\n\n\n<h2 class=\"wp-block-heading\" id=\"bordeaux\">Bordeaux<\/h2>\n\n\n\n<p>Une m\u00e9tropole fran\u00e7aise de taille moyenne en pleine transformation rapide, Bordeaux est \u00e0 la fois une ville de richesse croissante et d\u2019in\u00e9galit\u00e9s spatiales qui se creusent. Ses quartiers populaires \u2014 nombreux sont habit\u00e9s par d\u2019importantes populations d\u2019origine immigr\u00e9e \u2014 ont \u00e9t\u00e9 au centre des d\u00e9bats sur la s\u00e9gr\u00e9gation urbaine, la discrimination dans le logement et l\u2019emploi, et l\u2019acc\u00e8s in\u00e9gal aux services publics.<br><br>Bordeaux est \u00e9galement la ville coordinatrice du projet UNDETERRED, abritant l\u2019<a href=\"https:\/\/laces.u-bordeaux.fr\/undeterred\/\" target=\"_blank\" rel=\"noreferrer noopener\">unit\u00e9 de recherche LACES<\/a> \u00e0 l\u2019Universit\u00e9 de Bordeaux, dirig\u00e9e par le coordinateur scientifique Fabien Sabatier. Bordeaux M\u00e9tropole est un partenaire non acad\u00e9mique direct du projet.<\/p>\n\n\n\n<p><em>Partenaire local cl\u00e9 : Bordeaux M\u00e9tropole \u00b7 URHAJ Nouvelle-Aquitaine<\/em><\/p>\n\n\n\n<hr class=\"wp-block-separator has-alpha-channel-opacity\"\/>\n\n\n\n<h2 class=\"wp-block-heading\" id=\"barcelona\">Barcelone<\/h2>\n\n\n\n<p>Une des villes les plus diverses et dynamiques d&rsquo;Europe, Barcelone a une longue histoire migratoire \u2014 depuis les migrations internes espagnoles au 20\u00e8me si\u00e8cle jusqu&rsquo;aux nouvelles vagues venues d&rsquo;Am\u00e9rique latine, d&rsquo;Afrique du Nord et d&rsquo;Afrique subsaharienne. C\u2019est aussi une ville o\u00f9 les questions de discrimination croisent les questions d&rsquo;identit\u00e9 et de nationalit\u00e9 de mani\u00e8re particuli\u00e8rement complexe.<br><br>L\u2019\u00e9quipe de recherche de Barcelone est bas\u00e9e \u00e0 la <strong>Universitat Aut\u00f2noma de Barcelona<\/strong>, dirig\u00e9e par le Dr S\u00f2nia Parella, et se concentre sur les exp\u00e9riences des jeunes dans des quartiers urbains sp\u00e9cifiques et dans les milieux universitaires.<\/p>\n\n\n\n<p><em>Partenaire local cl\u00e9 : Universitat Aut\u00f2noma de Barcelona (UAB)<\/em><\/p>\n\n\n\n<hr class=\"wp-block-separator has-alpha-channel-opacity\"\/>\n\n\n\n<h2 class=\"wp-block-heading\" id=\"bucharest\">Bucarest<\/h2>\n\n\n\n<p>Bucarest repr\u00e9sente une perspective distincte et cruciale au sein du consortium : celle d\u2019un pays de destination \u00e9mergent. La Roumanie n\u2019est plus seulement un pays d\u2019\u00e9migration \u2014 elle est devenue un lieu d\u2019arriv\u00e9e pour les migrants, o\u00f9 les minorit\u00e9s nationales ont des histoires anciennes, et o\u00f9 les r\u00e9ponses institutionnelles \u00e0 la diversit\u00e9 sont encore en d\u00e9veloppement.<br><br>L\u2019\u00e9quipe de Bucarest, bas\u00e9e \u00e0 la <strong>Universit\u00e9 de Bucarest<\/strong>, apporte son expertise en inclusion des Roms, acc\u00e8s aux soins, gestion des migrations et discrimination universitaire. Leur travail a produit l&rsquo;un des premiers r\u00e9sultats concrets du projet : le guide pratique <em>\u00ab Lutter contre la discrimination dans les universit\u00e9s \u00bb<\/em>, publi\u00e9 \u00e0 l\u2019occasion de la Journ\u00e9e internationale des droits de l\u2019homme, le 10 d\u00e9cembre 2025.<\/p>\n\n\n\n<p><em>Partenaire local cl\u00e9 : Universit\u00e9 de Bucarest \u2014 Centre de recherche FME \u00b7 Centre FILIA \u00b7 CPES<\/em><\/p>\n\n\n\n<hr class=\"wp-block-separator has-alpha-channel-opacity\"\/>\n\n\n\n<h2 class=\"wp-block-heading\" id=\"lausanne\">Lausanne<\/h2>\n\n\n\n<p>Lausanne offre une autre perspective : celle d\u2019une petite ville suisse hautement internationale, o\u00f9 une part significative de la population est n\u00e9e \u00e0 l\u2019\u00e9tranger et o\u00f9 la tension entre protections l\u00e9gales formelles et exp\u00e9rience v\u00e9cue au quotidien est particuli\u00e8rement visible.<br><br>Le contexte politique et juridique sp\u00e9cifique de la Suisse \u2014 avec sa structure f\u00e9d\u00e9rale, sa d\u00e9mocratie directe, et ses statuts de r\u00e9sidence multiples \u2014 cr\u00e9e des formes distinctes de discrimination institutionnelle qui compl\u00e8tent et contrastent avec celles observ\u00e9es dans les trois autres villes.<\/p>\n\n\n\n<p><em>Partenaire local cl\u00e9 : Universit\u00e9 de Lausanne<\/em><\/p>\n\n\n\n<hr class=\"wp-block-separator has-alpha-channel-opacity\"\/>\n\n\n\n<h2 class=\"wp-block-heading\" id=\"what-makes-this-comparison-powerful\">Ce qui rend cette comparaison pertinente<\/h2>\n\n\n\n<p>Les quatre villes n\u2019ont pas \u00e9t\u00e9 choisies au hasard. Ensemble, elles repr\u00e9sentent une vari\u00e9t\u00e9 de cadres juridiques nationaux, d\u2019\u00e9chelles urbaines, d\u2019histoires migratoires et de cultures institutionnelles.<br><br>R\u00e9aliser les m\u00eames enqu\u00eates, les m\u00eames entretiens et les m\u00eames analyses institutionnelles dans les quatre villes permet \u00e0 UNDETERRED de distinguer ce qui est <strong>sp\u00e9cifique au contexte<\/strong> de ce qui est <strong>syst\u00e9mique<\/strong> \u2014 ce qui est une particularit\u00e9 locale de ce qui est un sch\u00e9ma europ\u00e9en.<\/p>\n\n\n\n<p>Cette dimension comparative est au c\u0153ur de la contribution scientifique du projet : <strong>montrer que la discrimination invisible n\u2019est pas une exception, mais une r\u00e8gle \u2014 au-del\u00e0 des fronti\u00e8res, des secteurs, des villes.<\/strong><\/p>\n","protected":false},"excerpt":{"rendered":"<p>La discrimination syst\u00e9mique ne se manifeste pas de la m\u00eame mani\u00e8re partout. Elle est fa\u00e7onn\u00e9e par les histoires locales, les g\u00e9ographies urbaines, les flux migratoires et les cultures institutionnelles. C&rsquo;est pourquoi UNDETERRED a choisi de ne pas se concentrer sur une seule ville \u2014 mais de construire un savoir \u00e0 travers quatre d\u2019entre elles, simultan\u00e9ment, [&hellip;]<\/p>\n","protected":false},"author":1,"featured_media":0,"parent":1312,"menu_order":0,"comment_status":"closed","ping_status":"closed","template":"","meta":{"_acf_changed":false,"_gspb_post_css":"","footnotes":""},"class_list":["post-1318","page","type-page","status-publish","hentry"],"acf":[],"mb":[],"mfb_rest_fields":["title"],"_links":{"self":[{"href":"https:\/\/undeterred.eu\/fr\/wp-json\/wp\/v2\/pages\/1318","targetHints":{"allow":["GET"]}}],"collection":[{"href":"https:\/\/undeterred.eu\/fr\/wp-json\/wp\/v2\/pages"}],"about":[{"href":"https:\/\/undeterred.eu\/fr\/wp-json\/wp\/v2\/types\/page"}],"author":[{"embeddable":true,"href":"https:\/\/undeterred.eu\/fr\/wp-json\/wp\/v2\/users\/1"}],"replies":[{"embeddable":true,"href":"https:\/\/undeterred.eu\/fr\/wp-json\/wp\/v2\/comments?post=1318"}],"version-history":[{"count":8,"href":"https:\/\/undeterred.eu\/fr\/wp-json\/wp\/v2\/pages\/1318\/revisions"}],"predecessor-version":[{"id":2108,"href":"https:\/\/undeterred.eu\/fr\/wp-json\/wp\/v2\/pages\/1318\/revisions\/2108"}],"up":[{"embeddable":true,"href":"https:\/\/undeterred.eu\/fr\/wp-json\/wp\/v2\/pages\/1312"}],"wp:attachment":[{"href":"https:\/\/undeterred.eu\/fr\/wp-json\/wp\/v2\/media?parent=1318"}],"curies":[{"name":"wp","href":"https:\/\/api.w.org\/{rel}","templated":true}]}}