{"id":1336,"date":"2026-03-31T13:45:13","date_gmt":"2026-03-31T13:45:13","guid":{"rendered":"https:\/\/undeterred.eu\/legal-notices\/"},"modified":"2026-04-08T20:22:43","modified_gmt":"2026-04-08T20:22:43","slug":"legal-notices","status":"publish","type":"page","link":"https:\/\/undeterred.eu\/fr\/legal-notices\/","title":{"rendered":"Mentions l\u00e9gales"},"content":{"rendered":"\n<div class=\"wp-block-group is-layout-constrained wp-container-core-group-is-layout-8ffb9a3e wp-block-group-is-layout-constrained\" style=\"padding-top:var(--wp--preset--spacing--50);padding-right:0;padding-bottom:var(--wp--preset--spacing--50);padding-left:0\">\n<h2 class=\"wp-block-heading\" id=\"website-publisher\">\u00c9diteur du site<\/h2>\n\n\n\n<p>Ce site est publi\u00e9 par la\u00a0<strong>Universit\u00e9 de Bordeaux<\/strong>, institution coordinatrice du projet UNDETERRED.<br><br><strong>Universit\u00e9 de Bordeaux<\/strong><br>6 Av. L\u00e9on Duguit,<br>33600 Pessac, France<\/p>\n\n\n\n<hr class=\"wp-block-separator has-alpha-channel-opacity\"\/>\n\n\n\n<h2 class=\"wp-block-heading\" id=\"project-coordinator\">Coordinateur de projet<\/h2>\n\n\n\n<p><strong>Fabien Sabatier<\/strong><br>Coordinateur scientifique \u2014 UNDETERRED<br>LACES UR 7437 \u2014 Laboratoire Cultures, \u00c9ducation, Soci\u00e9t\u00e9s<br>Universit\u00e9 de Bordeaux<\/p>\n\n\n\n<hr class=\"wp-block-separator has-alpha-channel-opacity\"\/>\n\n\n\n<h2 class=\"wp-block-heading\" id=\"hosting\">H\u00e9bergement<\/h2>\n\n\n\n<p>Ce site est h\u00e9berg\u00e9 par\u00a0Infomaniak Network SA, Rue Eug\u00e8ne Marziano 25 &#8211; 1227 Les Acacias (GE)<\/p>\n\n\n\n<hr class=\"wp-block-separator has-alpha-channel-opacity\"\/>\n\n\n\n<h2 class=\"wp-block-heading\" id=\"funding\">Financement<\/h2>\n\n\n\n<p>Ce projet a re\u00e7u un financement du programme de recherche et d&rsquo;innovation Horizon Europe de l&rsquo;Union europ\u00e9enne dans le cadre de la convention de subvention n\u00b0 101095020.<br>Les points de vue et opinions exprim\u00e9s sont uniquement ceux de l\u2019auteur(s) et ne refl\u00e8tent pas n\u00e9cessairement ceux de l\u2019Union europ\u00e9enne ni de l\u2019Agence ex\u00e9cutive pour la recherche europ\u00e9enne (REA). Ni l\u2019Union europ\u00e9enne ni l\u2019autorit\u00e9 de financement ne peuvent \u00eatre tenues responsables \u00e0 cet \u00e9gard.<\/p>\n\n\n\n<hr class=\"wp-block-separator has-alpha-channel-opacity\"\/>\n\n\n\n<h2 class=\"wp-block-heading\" id=\"intellectual-property\">Propri\u00e9t\u00e9 intellectuelle<\/h2>\n\n\n\n<p>Tous les contenus de ce site \u2014 textes, images, graphiques et documents \u2014 sont la propri\u00e9t\u00e9 du consortium UNDETERRED sauf indication contraire. La reproduction est autoris\u00e9e \u00e0 des fins non commerciales, \u00e0 condition que la source soit clairement mentionn\u00e9e.<br>Les publications scientifiques et les livrables peuvent \u00eatre soumis \u00e0 leurs propres conditions de licence, indiqu\u00e9es sur les pages concern\u00e9es.<\/p>\n\n\n\n<hr class=\"wp-block-separator has-alpha-channel-opacity\"\/>\n\n\n\n<h2 class=\"wp-block-heading\" id=\"privacy--data-protection\">Confidentialit\u00e9 et protection des donn\u00e9es<\/h2>\n\n\n\n<p>Pour des informations sur la mani\u00e8re dont nous g\u00e9rons les donn\u00e9es personnelles, voir notre\u00a0<strong><a href=\"https:\/\/undeterred.eu\/privacy-policy\/\" data-type=\"page\" data-id=\"3\" target=\"_blank\" rel=\"noreferrer noopener\">Politique de confidentialit\u00e9<\/a><\/strong>.<\/p>\n<\/div>\n","protected":false},"excerpt":{"rendered":"<p>\u00c9diteur du site Ce site est publi\u00e9 par la\u00a0Universit\u00e9 de Bordeaux, institution coordinatrice du projet UNDETERRED. Universit\u00e9 de Bordeaux6 Av. L\u00e9on Duguit,33600 Pessac, France Coordinateur de projet Fabien SabatierCoordinateur scientifique \u2014 UNDETERREDLACES UR 7437 \u2014 Laboratoire Cultures, \u00c9ducation, Soci\u00e9t\u00e9sUniversit\u00e9 de Bordeaux H\u00e9bergement Ce site est h\u00e9berg\u00e9 par\u00a0Infomaniak Network SA, Rue Eug\u00e8ne Marziano 25 &#8211; 1227 [&hellip;]<\/p>\n","protected":false},"author":1,"featured_media":0,"parent":0,"menu_order":0,"comment_status":"closed","ping_status":"closed","template":"","meta":{"_acf_changed":false,"_gspb_post_css":"","footnotes":""},"class_list":["post-1336","page","type-page","status-publish","hentry"],"acf":[],"mb":[],"mfb_rest_fields":["title"],"_links":{"self":[{"href":"https:\/\/undeterred.eu\/fr\/wp-json\/wp\/v2\/pages\/1336","targetHints":{"allow":["GET"]}}],"collection":[{"href":"https:\/\/undeterred.eu\/fr\/wp-json\/wp\/v2\/pages"}],"about":[{"href":"https:\/\/undeterred.eu\/fr\/wp-json\/wp\/v2\/types\/page"}],"author":[{"embeddable":true,"href":"https:\/\/undeterred.eu\/fr\/wp-json\/wp\/v2\/users\/1"}],"replies":[{"embeddable":true,"href":"https:\/\/undeterred.eu\/fr\/wp-json\/wp\/v2\/comments?post=1336"}],"version-history":[{"count":7,"href":"https:\/\/undeterred.eu\/fr\/wp-json\/wp\/v2\/pages\/1336\/revisions"}],"predecessor-version":[{"id":2109,"href":"https:\/\/undeterred.eu\/fr\/wp-json\/wp\/v2\/pages\/1336\/revisions\/2109"}],"wp:attachment":[{"href":"https:\/\/undeterred.eu\/fr\/wp-json\/wp\/v2\/media?parent=1336"}],"curies":[{"name":"wp","href":"https:\/\/api.w.org\/{rel}","templated":true}]}}