{"id":441,"date":"2026-03-02T11:45:10","date_gmt":"2026-03-02T11:45:10","guid":{"rendered":"https:\/\/undeterred.eu\/?page_id=441"},"modified":"2026-04-08T19:49:01","modified_gmt":"2026-04-08T19:49:01","slug":"our-research","status":"publish","type":"page","link":"https:\/\/undeterred.eu\/fr\/our-research\/","title":{"rendered":"Notre Recherche"},"content":{"rendered":"\n<p style=\"margin-top:var(--wp--preset--spacing--50);margin-right:var(--wp--preset--spacing--50);margin-bottom:var(--wp--preset--spacing--50);margin-left:var(--wp--preset--spacing--50)\">La recherche d&rsquo;UNDETERRED est structur\u00e9e autour de <strong>6 lots de travail<\/strong> \u2014 chacun abordant une phase distincte du projet, de la collecte des donn\u00e9es \u00e0 la diffusion. Ensemble, ils forment une cha\u00eene continue de la preuve \u00e0 l&rsquo;action.<\/p>\n\n\n\n<div class=\"wp-block-group has-ti-bg-alt-background-color has-background is-content-justification-left is-layout-constrained wp-container-core-group-is-layout-d0c82cf6 wp-block-group-is-layout-constrained\" style=\"padding-top:var(--wp--preset--spacing--40);padding-right:var(--wp--preset--spacing--60);padding-bottom:var(--wp--preset--spacing--40);padding-left:var(--wp--preset--spacing--60)\">\n<div class=\"wp-block-group is-nowrap is-layout-flex wp-container-core-group-is-layout-6c531013 wp-block-group-is-layout-flex\">\n<div class=\"wp-block-group is-layout-constrained wp-block-group-is-layout-constrained\" style=\"padding-top:0;padding-bottom:0\">\n<h6 class=\"wp-block-heading has-ti-bg-color has-ti-accent-background-color has-text-color has-background has-playfair-display-font-family has-small-font-size\" id=\"1\" style=\"border-top-left-radius:100%;border-top-right-radius:100%;border-bottom-left-radius:100%;border-bottom-right-radius:100%;padding-top:var(--wp--preset--spacing--50);padding-right:var(--wp--preset--spacing--50);padding-bottom:var(--wp--preset--spacing--50);padding-left:var(--wp--preset--spacing--50);font-style:normal;font-weight:700;line-height:0.5\">1<\/h6>\n<\/div>\n\n\n\n<div class=\"wp-block-group is-vertical is-layout-flex wp-container-core-group-is-layout-2d78de46 wp-block-group-is-layout-flex\" style=\"margin-top:var(--wp--preset--spacing--30);margin-bottom:var(--wp--preset--spacing--30);padding-top:0;padding-bottom:0\">\n<h4 class=\"wp-block-heading\" id=\"map-collect-wp1\">Cartographier &#038; Collecter (WP1)<\/h4>\n\n\n\n<p class=\"has-ti-accent-mid-color has-text-color has-small-font-size\">Collecte de donn\u00e9es socio-\u00e9conomiques dans les villes partenaires pour comprendre les contextes locaux de discrimination.<\/p>\n<\/div>\n<\/div>\n\n\n\n<div class=\"wp-block-group is-nowrap is-layout-flex wp-container-core-group-is-layout-1f4dc4e1 wp-block-group-is-layout-flex\" style=\"min-height:0px;margin-top:0;margin-bottom:0;padding-top:0;padding-right:var(--wp--preset--spacing--50);padding-bottom:0;padding-left:var(--wp--preset--spacing--50)\">\n<hr class=\"wp-block-separator has-alpha-channel-opacity is-style-default is-vertical\" style=\"width: 1px; max-width: 100%;height: 2em;margin-top:var(--wp--preset--spacing--20);margin-bottom:var(--wp--preset--spacing--20)\"\/>\n<\/div>\n\n\n\n<div class=\"wp-block-group is-nowrap is-layout-flex wp-container-core-group-is-layout-6c531013 wp-block-group-is-layout-flex\">\n<div class=\"wp-block-group is-layout-constrained wp-block-group-is-layout-constrained\" style=\"padding-top:0;padding-bottom:0\">\n<h6 class=\"wp-block-heading has-ti-bg-color has-ti-accent-background-color has-text-color has-background has-playfair-display-font-family has-small-font-size\" id=\"1\" style=\"border-top-left-radius:100%;border-top-right-radius:100%;border-bottom-left-radius:100%;border-bottom-right-radius:100%;padding-top:var(--wp--preset--spacing--50);padding-right:var(--wp--preset--spacing--50);padding-bottom:var(--wp--preset--spacing--50);padding-left:var(--wp--preset--spacing--50);font-style:normal;font-weight:700;line-height:0.5\">2<\/h6>\n<\/div>\n\n\n\n<div class=\"wp-block-group is-vertical is-layout-flex wp-container-core-group-is-layout-2d78de46 wp-block-group-is-layout-flex\" style=\"margin-top:var(--wp--preset--spacing--30);margin-bottom:var(--wp--preset--spacing--30);padding-top:0;padding-bottom:0\">\n<h4 class=\"wp-block-heading\" id=\"map-collect-wp1\">Analyser &#038; Comprendre (WP2)<\/h4>\n\n\n\n<p class=\"has-ti-accent-mid-color has-text-color has-small-font-size\">Construire des connaissances empiriques sur les m\u00e9canismes de discrimination syst\u00e9miques et non intentionnels.<\/p>\n<\/div>\n<\/div>\n\n\n\n<div class=\"wp-block-group is-nowrap is-layout-flex wp-container-core-group-is-layout-1f4dc4e1 wp-block-group-is-layout-flex\" style=\"min-height:0px;margin-top:0;margin-bottom:0;padding-top:0;padding-right:var(--wp--preset--spacing--50);padding-bottom:0;padding-left:var(--wp--preset--spacing--50)\">\n<hr class=\"wp-block-separator has-alpha-channel-opacity is-style-default is-vertical\" style=\"width: 1px; max-width: 100%;height: 2em;margin-top:var(--wp--preset--spacing--20);margin-bottom:var(--wp--preset--spacing--20)\"\/>\n<\/div>\n\n\n\n<div class=\"wp-block-group is-nowrap is-layout-flex wp-container-core-group-is-layout-6c531013 wp-block-group-is-layout-flex\">\n<div class=\"wp-block-group is-layout-constrained wp-block-group-is-layout-constrained\" style=\"padding-top:0;padding-bottom:0\">\n<h6 class=\"wp-block-heading has-ti-bg-color has-ti-accent-background-color has-text-color has-background has-playfair-display-font-family has-small-font-size\" id=\"1\" style=\"border-top-left-radius:100%;border-top-right-radius:100%;border-bottom-left-radius:100%;border-bottom-right-radius:100%;padding-top:var(--wp--preset--spacing--50);padding-right:var(--wp--preset--spacing--50);padding-bottom:var(--wp--preset--spacing--50);padding-left:var(--wp--preset--spacing--50);font-style:normal;font-weight:700;line-height:0.5\">3<\/h6>\n<\/div>\n\n\n\n<div class=\"wp-block-group is-vertical is-layout-flex wp-container-core-group-is-layout-2d78de46 wp-block-group-is-layout-flex\" style=\"margin-top:var(--wp--preset--spacing--30);margin-bottom:var(--wp--preset--spacing--30);padding-top:0;padding-bottom:0\">\n<h4 class=\"wp-block-heading\" id=\"map-collect-wp1\">Exp\u00e9rimenter &#038; Tester (WP3)<\/h4>\n\n\n\n<p class=\"has-ti-accent-mid-color has-text-color has-small-font-size\">Co-conception et test sur le terrain des solutions avec les partenaires institutionnels et les jeunes.<\/p>\n<\/div>\n<\/div>\n\n\n\n<div class=\"wp-block-group is-nowrap is-layout-flex wp-container-core-group-is-layout-1f4dc4e1 wp-block-group-is-layout-flex\" style=\"min-height:0px;margin-top:0;margin-bottom:0;padding-top:0;padding-right:var(--wp--preset--spacing--50);padding-bottom:0;padding-left:var(--wp--preset--spacing--50)\">\n<hr class=\"wp-block-separator has-alpha-channel-opacity is-style-default is-vertical\" style=\"width: 1px; max-width: 100%;height: 2em;margin-top:var(--wp--preset--spacing--20);margin-bottom:var(--wp--preset--spacing--20)\"\/>\n<\/div>\n\n\n\n<div class=\"wp-block-group is-nowrap is-layout-flex wp-container-core-group-is-layout-6c531013 wp-block-group-is-layout-flex\">\n<div class=\"wp-block-group is-layout-constrained wp-block-group-is-layout-constrained\" style=\"padding-top:0;padding-bottom:0\">\n<h6 class=\"wp-block-heading has-ti-bg-color has-ti-accent-background-color has-text-color has-background has-playfair-display-font-family has-small-font-size\" id=\"1\" style=\"border-top-left-radius:100%;border-top-right-radius:100%;border-bottom-left-radius:100%;border-bottom-right-radius:100%;padding-top:var(--wp--preset--spacing--50);padding-right:var(--wp--preset--spacing--50);padding-bottom:var(--wp--preset--spacing--50);padding-left:var(--wp--preset--spacing--50);font-style:normal;font-weight:700;line-height:0.5\">4<\/h6>\n<\/div>\n\n\n\n<div class=\"wp-block-group is-vertical is-layout-flex wp-container-core-group-is-layout-2d78de46 wp-block-group-is-layout-flex\" style=\"margin-top:var(--wp--preset--spacing--30);margin-bottom:var(--wp--preset--spacing--30);padding-top:0;padding-bottom:0\">\n<h4 class=\"wp-block-heading\" id=\"map-collect-wp1\">Diffuser &#038; Impacter (WP4)<\/h4>\n\n\n\n<p class=\"has-ti-accent-mid-color has-text-color has-small-font-size\">Diffuser largement les r\u00e9sultats pour influencer les politiques et les pratiques \u00e0 travers l&rsquo;Europe.<\/p>\n<\/div>\n<\/div>\n\n\n\n<div class=\"wp-block-group is-nowrap is-layout-flex wp-container-core-group-is-layout-1f4dc4e1 wp-block-group-is-layout-flex\" style=\"min-height:0px;margin-top:0;margin-bottom:0;padding-top:0;padding-right:var(--wp--preset--spacing--50);padding-bottom:0;padding-left:var(--wp--preset--spacing--50)\">\n<hr class=\"wp-block-separator has-alpha-channel-opacity is-style-default is-vertical\" style=\"width: 1px; max-width: 100%;height: 2em;margin-top:var(--wp--preset--spacing--20);margin-bottom:var(--wp--preset--spacing--20)\"\/>\n<\/div>\n\n\n\n<div class=\"wp-block-group is-nowrap is-layout-flex wp-container-core-group-is-layout-6c531013 wp-block-group-is-layout-flex\">\n<div class=\"wp-block-group is-layout-constrained wp-block-group-is-layout-constrained\" style=\"padding-top:0;padding-bottom:0\">\n<h6 class=\"wp-block-heading has-ti-bg-color has-ti-accent-background-color has-text-color has-background has-playfair-display-font-family has-small-font-size\" id=\"1\" style=\"border-top-left-radius:100%;border-top-right-radius:100%;border-bottom-left-radius:100%;border-bottom-right-radius:100%;padding-top:var(--wp--preset--spacing--50);padding-right:var(--wp--preset--spacing--50);padding-bottom:var(--wp--preset--spacing--50);padding-left:var(--wp--preset--spacing--50);font-style:normal;font-weight:700;line-height:0.5\">5<\/h6>\n<\/div>\n\n\n\n<div class=\"wp-block-group is-vertical is-layout-flex wp-container-core-group-is-layout-2d78de46 wp-block-group-is-layout-flex\" style=\"margin-top:var(--wp--preset--spacing--30);margin-bottom:var(--wp--preset--spacing--30);padding-top:0;padding-bottom:0\">\n<h4 class=\"wp-block-heading\" id=\"map-collect-wp1\">Gestion de projet et des donn\u00e9es (WP5)<\/h4>\n\n\n\n<p class=\"has-ti-accent-mid-color has-text-color has-small-font-size\">G\u00e9rer les donn\u00e9es quantitatives du projet<\/p>\n<\/div>\n<\/div>\n\n\n\n<div class=\"wp-block-group is-nowrap is-layout-flex wp-container-core-group-is-layout-1f4dc4e1 wp-block-group-is-layout-flex\" style=\"min-height:0px;margin-top:0;margin-bottom:0;padding-top:0;padding-right:var(--wp--preset--spacing--50);padding-bottom:0;padding-left:var(--wp--preset--spacing--50)\">\n<hr class=\"wp-block-separator has-alpha-channel-opacity is-style-default is-vertical\" style=\"width: 1px; max-width: 100%;height: 2em;margin-top:var(--wp--preset--spacing--20);margin-bottom:var(--wp--preset--spacing--20)\"\/>\n<\/div>\n\n\n\n<div class=\"wp-block-group is-nowrap is-layout-flex wp-container-core-group-is-layout-6c531013 wp-block-group-is-layout-flex\">\n<div class=\"wp-block-group is-layout-constrained wp-block-group-is-layout-constrained\" style=\"padding-top:0;padding-bottom:0\">\n<h6 class=\"wp-block-heading has-ti-bg-color has-ti-accent-background-color has-text-color has-background has-playfair-display-font-family has-small-font-size\" id=\"1\" style=\"border-top-left-radius:100%;border-top-right-radius:100%;border-bottom-left-radius:100%;border-bottom-right-radius:100%;padding-top:var(--wp--preset--spacing--50);padding-right:var(--wp--preset--spacing--50);padding-bottom:var(--wp--preset--spacing--50);padding-left:var(--wp--preset--spacing--50);font-style:normal;font-weight:700;line-height:0.5\">6<\/h6>\n<\/div>\n\n\n\n<div class=\"wp-block-group is-vertical is-layout-flex wp-container-core-group-is-layout-2d78de46 wp-block-group-is-layout-flex\" style=\"margin-top:var(--wp--preset--spacing--30);margin-bottom:var(--wp--preset--spacing--30);padding-top:0;padding-bottom:0\">\n<h4 class=\"wp-block-heading\" id=\"map-collect-wp1\">Exigences \u00e9thiques pour la recherche (WP6)<\/h4>\n\n\n\n<p class=\"has-ti-accent-mid-color has-text-color has-small-font-size\">L&rsquo;objectif est de garantir que les exigences \u00e9thiques de la recherche soient respect\u00e9es.<\/p>\n<\/div>\n<\/div>\n<\/div>\n\n\n\n<h2 class=\"wp-block-heading\" id=\"explore-the-research-outputs\">Explorez les r\u00e9sultats de la recherche<\/h2>\n\n\n\n<p><strong><a href=\"https:\/\/undeterred.eu\/our-research\/deliverables\/\" data-type=\"page\" data-id=\"1277\">Livrables \u2192<\/a><\/strong><\/p>\n\n\n\n<p><strong><a href=\"https:\/\/undeterred.eu\/category\/publication\/\" data-type=\"category\" data-id=\"30\">Publications \u2192<\/a><\/strong><\/p>\n\n\n\n<p><strong><a href=\"https:\/\/undeterred.eu\/our-research\/key-findings\/\" data-type=\"page\" data-id=\"1279\">Principaux r\u00e9sultats \u2192<\/a><\/strong><\/p>\n\n\n\n<p><strong><a href=\"https:\/\/undeterred.eu\/our-research\/connected-projects\/\" data-type=\"page\" data-id=\"1281\">Projets connect\u00e9s \u2192<\/a><\/strong><\/p>\n","protected":false},"excerpt":{"rendered":"<p>La recherche d&rsquo;UNDETERRED est structur\u00e9e autour de 6 lots de travail \u2014 chacun abordant une phase distincte du projet, de la collecte des donn\u00e9es \u00e0 la diffusion. Ensemble, ils forment une cha\u00eene continue de la preuve \u00e0 l&rsquo;action. 1 Cartographier &#038; Collecter (WP1) Collecte de donn\u00e9es socio-\u00e9conomiques dans les villes partenaires pour comprendre les contextes [&hellip;]<\/p>\n","protected":false},"author":1,"featured_media":0,"parent":0,"menu_order":0,"comment_status":"closed","ping_status":"closed","template":"","meta":{"_acf_changed":false,"_gspb_post_css":"","footnotes":""},"class_list":["post-441","page","type-page","status-publish","hentry"],"acf":[],"mb":[],"mfb_rest_fields":["title"],"_links":{"self":[{"href":"https:\/\/undeterred.eu\/fr\/wp-json\/wp\/v2\/pages\/441","targetHints":{"allow":["GET"]}}],"collection":[{"href":"https:\/\/undeterred.eu\/fr\/wp-json\/wp\/v2\/pages"}],"about":[{"href":"https:\/\/undeterred.eu\/fr\/wp-json\/wp\/v2\/types\/page"}],"author":[{"embeddable":true,"href":"https:\/\/undeterred.eu\/fr\/wp-json\/wp\/v2\/users\/1"}],"replies":[{"embeddable":true,"href":"https:\/\/undeterred.eu\/fr\/wp-json\/wp\/v2\/comments?post=441"}],"version-history":[{"count":24,"href":"https:\/\/undeterred.eu\/fr\/wp-json\/wp\/v2\/pages\/441\/revisions"}],"predecessor-version":[{"id":2061,"href":"https:\/\/undeterred.eu\/fr\/wp-json\/wp\/v2\/pages\/441\/revisions\/2061"}],"wp:attachment":[{"href":"https:\/\/undeterred.eu\/fr\/wp-json\/wp\/v2\/media?parent=441"}],"curies":[{"name":"wp","href":"https:\/\/api.w.org\/{rel}","templated":true}]}}